{"id":99,"date":"2024-07-27T01:14:32","date_gmt":"2024-07-27T01:14:32","guid":{"rendered":"https:\/\/hongwiislaughter.com\/?post_type=product&#038;p=99"},"modified":"2025-04-10T01:45:21","modified_gmt":"2025-04-10T01:45:21","slug":"chamuscadora-automatica","status":"publish","type":"product","link":"https:\/\/hongwiislaughter.com\/es\/product\/chamuscadora-automatica\/","title":{"rendered":"Chamuscadora autom\u00e1tica"},"content":{"rendered":"<p>El equipo se utiliza para la eliminaci\u00f3n del vello meteor proceso de quema m\u00e1s que el pelo del cuerpo de cerdo, chamuscado las superficies de la canal, al mismo tiempo tambi\u00e9n tiene el efecto de esterilizaci\u00f3n a alta temperatura.<\/p>\n<p>El dispositivo est\u00e1 situado debajo de la cinta transportadora de depilado. Cuando los cerdos depilados entran en el horno de cr\u00eda de pelo junto con la cadena transportadora, el sensor fotoel\u00e9ctrico situado a la entrada del dispositivo detecta la se\u00f1al y activa cuatro conjuntos de boquillas para disparar la canal (los cerdos se extinguen por el fuego), eliminando as\u00ed el pelo residual de la superficie de la canal y logrando la esterilizaci\u00f3n a alta temperatura de la superficie de la canal.<\/p>","protected":false},"excerpt":{"rendered":"<p>El equipo se utiliza para la eliminaci\u00f3n del vello meteor proceso de quema m\u00e1s que el pelo del cuerpo de cerdo, chamuscado las superficies de la canal, al mismo tiempo tambi\u00e9n tiene el efecto de esterilizaci\u00f3n a alta temperatura.<\/p>\n<p>El dispositivo est\u00e1 situado debajo de la cinta transportadora de depilado. Cuando los cerdos depilados entran en el horno de cr\u00eda de pelo junto con la cadena transportadora, el sensor fotoel\u00e9ctrico situado a la entrada del dispositivo detecta la se\u00f1al y activa cuatro conjuntos de boquillas para disparar la canal (los cerdos se extinguen por el fuego), eliminando as\u00ed el pelo residual de la superficie de la canal y logrando la esterilizaci\u00f3n a alta temperatura de la superficie de la canal.<\/p>","protected":false},"featured_media":100,"template":"","meta":[],"product_brand":[],"product_cat":[16,26,17],"product_tag":[],"class_list":{"0":"post-99","1":"product","2":"type-product","3":"status-publish","4":"has-post-thumbnail","6":"product_cat-cattle-slaughterhouse","7":"product_cat-pig-dehairing-equipment","8":"product_cat-pig-slaughterhouse","10":"first","11":"instock","12":"shipping-taxable","13":"product-type-simple"},"yoast_head":"<!-- This site is optimized with the Yoast SEO plugin v24.5 - https:\/\/yoast.com\/wordpress\/plugins\/seo\/ -->\n<title>Automatic singeing machine - HongWii Machine<\/title>\n<meta name=\"robots\" content=\"index, follow, max-snippet:-1, max-image-preview:large, max-video-preview:-1\" \/>\n<link rel=\"canonical\" href=\"https:\/\/hongwiislaughter.com\/es\/product\/chamuscadora-automatica\/\" \/>\n<meta property=\"og:locale\" content=\"es_ES\" \/>\n<meta property=\"og:type\" content=\"article\" \/>\n<meta property=\"og:title\" content=\"Automatic singeing machine - HongWii Machine\" \/>\n<meta property=\"og:description\" content=\"The equipment is used for hair removal meteor burning process more than the pig body hair, singeing the carcass surfaces at the same time also has the effect of high temperature sterilization.  The device is located below the hair raising conveyor. When the depilated pigs enter the hair raising furnace along with the conveyor chain, the photoelectric sensor at the entrance of the device detects the signal and triggers four sets of nozzles to fire the carcass (the pigs are extinguished by fire), thereby removing the residual hair on the surface of the carcass and achieving high-temperature sterilization of the carcass surface.\" \/>\n<meta property=\"og:url\" content=\"https:\/\/hongwiislaughter.com\/es\/product\/chamuscadora-automatica\/\" \/>\n<meta property=\"og:site_name\" content=\"HongWii Machine\" \/>\n<meta property=\"article:modified_time\" content=\"2025-04-10T01:45:21+00:00\" \/>\n<meta property=\"og:image\" content=\"https:\/\/hongwiislaughter.com\/wp-content\/uploads\/2024\/07\/Automatic-singeing-machine.jpg\" \/>\n\t<meta property=\"og:image:width\" content=\"750\" \/>\n\t<meta property=\"og:image:height\" content=\"751\" \/>\n\t<meta property=\"og:image:type\" content=\"image\/jpeg\" \/>\n<meta name=\"twitter:card\" content=\"summary_large_image\" \/>\n<meta name=\"twitter:label1\" content=\"Tiempo de lectura\" \/>\n\t<meta name=\"twitter:data1\" content=\"1 minuto\" \/>\n<script type=\"application\/ld+json\" class=\"yoast-schema-graph\">{\"@context\":\"https:\/\/schema.org\",\"@graph\":[{\"@type\":\"WebPage\",\"@id\":\"https:\/\/hongwiislaughter.com\/product\/automatic-singeing-machine\/\",\"url\":\"https:\/\/hongwiislaughter.com\/product\/automatic-singeing-machine\/\",\"name\":\"Automatic singeing machine - HongWii Machine\",\"isPartOf\":{\"@id\":\"https:\/\/hongwiislaughter.com\/#website\"},\"primaryImageOfPage\":{\"@id\":\"https:\/\/hongwiislaughter.com\/product\/automatic-singeing-machine\/#primaryimage\"},\"image\":{\"@id\":\"https:\/\/hongwiislaughter.com\/product\/automatic-singeing-machine\/#primaryimage\"},\"thumbnailUrl\":\"https:\/\/hongwiislaughter.com\/wp-content\/uploads\/2024\/07\/Automatic-singeing-machine.jpg\",\"datePublished\":\"2024-07-27T01:14:32+00:00\",\"dateModified\":\"2025-04-10T01:45:21+00:00\",\"breadcrumb\":{\"@id\":\"https:\/\/hongwiislaughter.com\/product\/automatic-singeing-machine\/#breadcrumb\"},\"inLanguage\":\"es\",\"potentialAction\":[{\"@type\":\"ReadAction\",\"target\":[\"https:\/\/hongwiislaughter.com\/product\/automatic-singeing-machine\/\"]}]},{\"@type\":\"ImageObject\",\"inLanguage\":\"es\",\"@id\":\"https:\/\/hongwiislaughter.com\/product\/automatic-singeing-machine\/#primaryimage\",\"url\":\"https:\/\/hongwiislaughter.com\/wp-content\/uploads\/2024\/07\/Automatic-singeing-machine.jpg\",\"contentUrl\":\"https:\/\/hongwiislaughter.com\/wp-content\/uploads\/2024\/07\/Automatic-singeing-machine.jpg\",\"width\":750,\"height\":751},{\"@type\":\"BreadcrumbList\",\"@id\":\"https:\/\/hongwiislaughter.com\/product\/automatic-singeing-machine\/#breadcrumb\",\"itemListElement\":[{\"@type\":\"ListItem\",\"position\":1,\"name\":\"Home\",\"item\":\"https:\/\/hongwiislaughter.com\/home\/\"},{\"@type\":\"ListItem\",\"position\":2,\"name\":\"Products\",\"item\":\"https:\/\/hongwiislaughter.com\/products\/\"},{\"@type\":\"ListItem\",\"position\":3,\"name\":\"Automatic singeing machine\"}]},{\"@type\":\"WebSite\",\"@id\":\"https:\/\/hongwiislaughter.com\/#website\",\"url\":\"https:\/\/hongwiislaughter.com\/\",\"name\":\"HongWii Machine\",\"description\":\"\",\"potentialAction\":[{\"@type\":\"SearchAction\",\"target\":{\"@type\":\"EntryPoint\",\"urlTemplate\":\"https:\/\/hongwiislaughter.com\/?s={search_term_string}\"},\"query-input\":{\"@type\":\"PropertyValueSpecification\",\"valueRequired\":true,\"valueName\":\"search_term_string\"}}],\"inLanguage\":\"es\"}]}<\/script>\n<!-- \/ Yoast SEO plugin. -->","yoast_head_json":{"title":"M\u00e1quina chamuscadora autom\u00e1tica - HongWii Machine","robots":{"index":"index","follow":"follow","max-snippet":"max-snippet:-1","max-image-preview":"max-image-preview:large","max-video-preview":"max-video-preview:-1"},"canonical":"https:\/\/hongwiislaughter.com\/es\/product\/chamuscadora-automatica\/","og_locale":"es_ES","og_type":"article","og_title":"Automatic singeing machine - HongWii Machine","og_description":"The equipment is used for hair removal meteor burning process more than the pig body hair, singeing the carcass surfaces at the same time also has the effect of high temperature sterilization.  The device is located below the hair raising conveyor. When the depilated pigs enter the hair raising furnace along with the conveyor chain, the photoelectric sensor at the entrance of the device detects the signal and triggers four sets of nozzles to fire the carcass (the pigs are extinguished by fire), thereby removing the residual hair on the surface of the carcass and achieving high-temperature sterilization of the carcass surface.","og_url":"https:\/\/hongwiislaughter.com\/es\/product\/chamuscadora-automatica\/","og_site_name":"HongWii Machine","article_modified_time":"2025-04-10T01:45:21+00:00","og_image":[{"width":750,"height":751,"url":"https:\/\/hongwiislaughter.com\/wp-content\/uploads\/2024\/07\/Automatic-singeing-machine.jpg","type":"image\/jpeg"}],"twitter_card":"summary_large_image","twitter_misc":{"Tiempo de lectura":"1 minuto"},"schema":{"@context":"https:\/\/schema.org","@graph":[{"@type":"WebPage","@id":"https:\/\/hongwiislaughter.com\/product\/automatic-singeing-machine\/","url":"https:\/\/hongwiislaughter.com\/product\/automatic-singeing-machine\/","name":"M\u00e1quina chamuscadora autom\u00e1tica - HongWii Machine","isPartOf":{"@id":"https:\/\/hongwiislaughter.com\/#website"},"primaryImageOfPage":{"@id":"https:\/\/hongwiislaughter.com\/product\/automatic-singeing-machine\/#primaryimage"},"image":{"@id":"https:\/\/hongwiislaughter.com\/product\/automatic-singeing-machine\/#primaryimage"},"thumbnailUrl":"https:\/\/hongwiislaughter.com\/wp-content\/uploads\/2024\/07\/Automatic-singeing-machine.jpg","datePublished":"2024-07-27T01:14:32+00:00","dateModified":"2025-04-10T01:45:21+00:00","breadcrumb":{"@id":"https:\/\/hongwiislaughter.com\/product\/automatic-singeing-machine\/#breadcrumb"},"inLanguage":"es","potentialAction":[{"@type":"ReadAction","target":["https:\/\/hongwiislaughter.com\/product\/automatic-singeing-machine\/"]}]},{"@type":"ImageObject","inLanguage":"es","@id":"https:\/\/hongwiislaughter.com\/product\/automatic-singeing-machine\/#primaryimage","url":"https:\/\/hongwiislaughter.com\/wp-content\/uploads\/2024\/07\/Automatic-singeing-machine.jpg","contentUrl":"https:\/\/hongwiislaughter.com\/wp-content\/uploads\/2024\/07\/Automatic-singeing-machine.jpg","width":750,"height":751},{"@type":"BreadcrumbList","@id":"https:\/\/hongwiislaughter.com\/product\/automatic-singeing-machine\/#breadcrumb","itemListElement":[{"@type":"ListItem","position":1,"name":"Home","item":"https:\/\/hongwiislaughter.com\/home\/"},{"@type":"ListItem","position":2,"name":"Products","item":"https:\/\/hongwiislaughter.com\/products\/"},{"@type":"ListItem","position":3,"name":"Automatic singeing machine"}]},{"@type":"WebSite","@id":"https:\/\/hongwiislaughter.com\/#website","url":"https:\/\/hongwiislaughter.com\/","name":"M\u00e1quina HongWii","description":"","potentialAction":[{"@type":"SearchAction","target":{"@type":"EntryPoint","urlTemplate":"https:\/\/hongwiislaughter.com\/?s={search_term_string}"},"query-input":{"@type":"PropertyValueSpecification","valueRequired":true,"valueName":"search_term_string"}}],"inLanguage":"es"}]}},"_links":{"self":[{"href":"https:\/\/hongwiislaughter.com\/es\/wp-json\/wp\/v2\/product\/99","targetHints":{"allow":["GET"]}}],"collection":[{"href":"https:\/\/hongwiislaughter.com\/es\/wp-json\/wp\/v2\/product"}],"about":[{"href":"https:\/\/hongwiislaughter.com\/es\/wp-json\/wp\/v2\/types\/product"}],"wp:featuredmedia":[{"embeddable":true,"href":"https:\/\/hongwiislaughter.com\/es\/wp-json\/wp\/v2\/media\/100"}],"wp:attachment":[{"href":"https:\/\/hongwiislaughter.com\/es\/wp-json\/wp\/v2\/media?parent=99"}],"wp:term":[{"taxonomy":"product_brand","embeddable":true,"href":"https:\/\/hongwiislaughter.com\/es\/wp-json\/wp\/v2\/product_brand?post=99"},{"taxonomy":"product_cat","embeddable":true,"href":"https:\/\/hongwiislaughter.com\/es\/wp-json\/wp\/v2\/product_cat?post=99"},{"taxonomy":"product_tag","embeddable":true,"href":"https:\/\/hongwiislaughter.com\/es\/wp-json\/wp\/v2\/product_tag?post=99"}],"curies":[{"name":"wp","href":"https:\/\/api.w.org\/{rel}","templated":true}]}}