{"id":93,"date":"2024-07-27T01:05:13","date_gmt":"2024-07-27T01:05:13","guid":{"rendered":"https:\/\/hongwiislaughter.com\/?post_type=product&#038;p=93"},"modified":"2025-04-17T02:42:43","modified_gmt":"2025-04-17T02:42:43","slug":"aturdidor-electrico-manual-para-ovejas","status":"publish","type":"product","link":"https:\/\/hongwiislaughter.com\/es\/product\/aturdidor-electrico-manual-para-ovejas\/","title":{"rendered":"Aturdidor el\u00e9ctrico manual para ovejas"},"content":{"rendered":"<p>Este producto se divide en dos partes, <strong>el mango<\/strong> y el <strong>caja de distribuci\u00f3n<\/strong>. La caja de distribuci\u00f3n es de acero inoxidable y est\u00e1 envuelta con alambre de cobre de alta calidad en su interior. El mango est\u00e1 aislado para una alta seguridad y botones f\u00e1ciles de usar.<\/p>\n<ul>\n<li>Material: Acero inoxidable<\/li>\n<li>Tama\u00f1o: 480 * 550 * 280MM<\/li>\n<li>Tensi\u00f3n: 220V\/380V<\/li>\n<\/ul>\n<h3>Caracter\u00edsticas:<\/h3>\n<ul>\n<li>Duradero y resistente, no se oxida f\u00e1cilmente<\/li>\n<li>larga vida \u00fatil<\/li>\n<\/ul>\n<p><img loading=\"lazy\" decoding=\"async\" class=\"alignnone size-medium wp-image-658\" src=\"https:\/\/hongwiislaughter.com\/wp-content\/uploads\/2024\/07\/Stunner-machine-300x202.jpg\" alt=\"M\u00e1quina Stunner\" width=\"300\" height=\"202\" srcset=\"https:\/\/hongwiislaughter.com\/wp-content\/uploads\/2024\/07\/Stunner-machine-300x202.jpg 300w, https:\/\/hongwiislaughter.com\/wp-content\/uploads\/2024\/07\/Stunner-machine-450x304.jpg 450w, https:\/\/hongwiislaughter.com\/wp-content\/uploads\/2024\/07\/Stunner-machine-600x405.jpg 600w, https:\/\/hongwiislaughter.com\/wp-content\/uploads\/2024\/07\/Stunner-machine.jpg 701w\" sizes=\"auto, (max-width: 300px) 100vw, 300px\" \/><\/p>","protected":false},"excerpt":{"rendered":"<p>El aturdidor el\u00e9ctrico manual, como su nombre indica, es un dispositivo de descarga el\u00e9ctrica que puede manejarse sujet\u00e1ndolo con la mano. Durante el proceso de sacrificio, aplica una breve descarga el\u00e9ctrica de alto voltaje a partes espec\u00edficas del ganado (como la cabeza), provocando que el animal caiga r\u00e1pidamente en un estado de inconsciencia, facilitando as\u00ed las operaciones de sacrificio posteriores.<\/p>\n<p>El aturdidor el\u00e9ctrico manual suele constar de componentes como un transformador, un cabezal de aturdimiento con mango de pl\u00e1stico, un enchufe, una punta de aturdimiento de acero inoxidable, una caja de control el\u00e9ctrico y un mango de aturdimiento.<\/p>\n<p>Su principio de funcionamiento consiste en utilizar el efecto de la descarga el\u00e9ctrica de alto voltaje para generar una descarga el\u00e9ctrica, que luego se descarga sobre el ganado, consiguiendo el prop\u00f3sito de paralizar los nervios.<\/p>","protected":false},"featured_media":151,"template":"","meta":[],"product_brand":[],"product_cat":[18,32],"product_tag":[],"class_list":{"0":"post-93","1":"product","2":"type-product","3":"status-publish","4":"has-post-thumbnail","6":"product_cat-sheep-slaughterhouse","7":"product_cat-sheep-stunning-system","9":"first","10":"instock","11":"shipping-taxable","12":"product-type-simple"},"yoast_head":"<!-- This site is optimized with the Yoast SEO plugin v24.5 - https:\/\/yoast.com\/wordpress\/plugins\/seo\/ -->\n<title>Hand-Held Electrical Stunner for Sheep - HongWii Machine<\/title>\n<meta name=\"robots\" content=\"index, follow, max-snippet:-1, max-image-preview:large, max-video-preview:-1\" \/>\n<link rel=\"canonical\" href=\"https:\/\/hongwiislaughter.com\/es\/product\/aturdidor-electrico-manual-para-ovejas\/\" \/>\n<meta property=\"og:locale\" content=\"es_ES\" \/>\n<meta property=\"og:type\" content=\"article\" \/>\n<meta property=\"og:title\" content=\"Hand-Held Electrical Stunner for Sheep - HongWii Machine\" \/>\n<meta property=\"og:description\" content=\"The hand-held electrical stunner, as its name suggests, is an electric shock device that can be operated by holding it in hand. During the slaughtering process, it applies a brief high-voltage electric shock to specific parts of the livestock (such as the head), causing the animal to rapidly fall into a state of unconsciousness, thereby facilitating subsequent slaughtering operations.  The hand-held electrical stunner typically consists of components such as a transformer, a plastic-handled stunning head, a plug, a stainless steel stunning tip, an electric control box, and a stunning handle.  Its working principle involves utilizing the effect of high-voltage electrical discharge to generate an electric shock, which is then discharged onto the livestock, achieving the purpose of nerve paralysis.\" \/>\n<meta property=\"og:url\" content=\"https:\/\/hongwiislaughter.com\/es\/product\/aturdidor-electrico-manual-para-ovejas\/\" \/>\n<meta property=\"og:site_name\" content=\"HongWii Machine\" \/>\n<meta property=\"article:modified_time\" content=\"2025-04-17T02:42:43+00:00\" \/>\n<meta property=\"og:image\" content=\"https:\/\/hongwiislaughter.com\/wp-content\/uploads\/2024\/07\/Hand-held-electrical-stunner.jpg\" \/>\n\t<meta property=\"og:image:width\" content=\"1000\" \/>\n\t<meta property=\"og:image:height\" content=\"1000\" \/>\n\t<meta property=\"og:image:type\" content=\"image\/jpeg\" \/>\n<meta name=\"twitter:card\" content=\"summary_large_image\" \/>\n<meta name=\"twitter:label1\" content=\"Tiempo de lectura\" \/>\n\t<meta name=\"twitter:data1\" content=\"1 minuto\" \/>\n<script type=\"application\/ld+json\" class=\"yoast-schema-graph\">{\"@context\":\"https:\/\/schema.org\",\"@graph\":[{\"@type\":\"WebPage\",\"@id\":\"https:\/\/hongwiislaughter.com\/product\/hand-held-electrical-stunner-for-sheep\/\",\"url\":\"https:\/\/hongwiislaughter.com\/product\/hand-held-electrical-stunner-for-sheep\/\",\"name\":\"Hand-Held Electrical Stunner for Sheep - HongWii Machine\",\"isPartOf\":{\"@id\":\"https:\/\/hongwiislaughter.com\/#website\"},\"primaryImageOfPage\":{\"@id\":\"https:\/\/hongwiislaughter.com\/product\/hand-held-electrical-stunner-for-sheep\/#primaryimage\"},\"image\":{\"@id\":\"https:\/\/hongwiislaughter.com\/product\/hand-held-electrical-stunner-for-sheep\/#primaryimage\"},\"thumbnailUrl\":\"https:\/\/hongwiislaughter.com\/wp-content\/uploads\/2024\/07\/Hand-held-electrical-stunner.jpg\",\"datePublished\":\"2024-07-27T01:05:13+00:00\",\"dateModified\":\"2025-04-17T02:42:43+00:00\",\"breadcrumb\":{\"@id\":\"https:\/\/hongwiislaughter.com\/product\/hand-held-electrical-stunner-for-sheep\/#breadcrumb\"},\"inLanguage\":\"es\",\"potentialAction\":[{\"@type\":\"ReadAction\",\"target\":[\"https:\/\/hongwiislaughter.com\/product\/hand-held-electrical-stunner-for-sheep\/\"]}]},{\"@type\":\"ImageObject\",\"inLanguage\":\"es\",\"@id\":\"https:\/\/hongwiislaughter.com\/product\/hand-held-electrical-stunner-for-sheep\/#primaryimage\",\"url\":\"https:\/\/hongwiislaughter.com\/wp-content\/uploads\/2024\/07\/Hand-held-electrical-stunner.jpg\",\"contentUrl\":\"https:\/\/hongwiislaughter.com\/wp-content\/uploads\/2024\/07\/Hand-held-electrical-stunner.jpg\",\"width\":1000,\"height\":1000,\"caption\":\"Hand-Held Electrical Stunner\"},{\"@type\":\"BreadcrumbList\",\"@id\":\"https:\/\/hongwiislaughter.com\/product\/hand-held-electrical-stunner-for-sheep\/#breadcrumb\",\"itemListElement\":[{\"@type\":\"ListItem\",\"position\":1,\"name\":\"Home\",\"item\":\"https:\/\/hongwiislaughter.com\/home\/\"},{\"@type\":\"ListItem\",\"position\":2,\"name\":\"Products\",\"item\":\"https:\/\/hongwiislaughter.com\/products\/\"},{\"@type\":\"ListItem\",\"position\":3,\"name\":\"Hand-Held Electrical Stunner for Sheep\"}]},{\"@type\":\"WebSite\",\"@id\":\"https:\/\/hongwiislaughter.com\/#website\",\"url\":\"https:\/\/hongwiislaughter.com\/\",\"name\":\"HongWii Machine\",\"description\":\"\",\"potentialAction\":[{\"@type\":\"SearchAction\",\"target\":{\"@type\":\"EntryPoint\",\"urlTemplate\":\"https:\/\/hongwiislaughter.com\/?s={search_term_string}\"},\"query-input\":{\"@type\":\"PropertyValueSpecification\",\"valueRequired\":true,\"valueName\":\"search_term_string\"}}],\"inLanguage\":\"es\"}]}<\/script>\n<!-- \/ Yoast SEO plugin. -->","yoast_head_json":{"title":"Aturdidor el\u00e9ctrico manual para ovejas - HongWii Machine","robots":{"index":"index","follow":"follow","max-snippet":"max-snippet:-1","max-image-preview":"max-image-preview:large","max-video-preview":"max-video-preview:-1"},"canonical":"https:\/\/hongwiislaughter.com\/es\/product\/aturdidor-electrico-manual-para-ovejas\/","og_locale":"es_ES","og_type":"article","og_title":"Hand-Held Electrical Stunner for Sheep - HongWii Machine","og_description":"The hand-held electrical stunner, as its name suggests, is an electric shock device that can be operated by holding it in hand. During the slaughtering process, it applies a brief high-voltage electric shock to specific parts of the livestock (such as the head), causing the animal to rapidly fall into a state of unconsciousness, thereby facilitating subsequent slaughtering operations.  The hand-held electrical stunner typically consists of components such as a transformer, a plastic-handled stunning head, a plug, a stainless steel stunning tip, an electric control box, and a stunning handle.  Its working principle involves utilizing the effect of high-voltage electrical discharge to generate an electric shock, which is then discharged onto the livestock, achieving the purpose of nerve paralysis.","og_url":"https:\/\/hongwiislaughter.com\/es\/product\/aturdidor-electrico-manual-para-ovejas\/","og_site_name":"HongWii Machine","article_modified_time":"2025-04-17T02:42:43+00:00","og_image":[{"width":1000,"height":1000,"url":"https:\/\/hongwiislaughter.com\/wp-content\/uploads\/2024\/07\/Hand-held-electrical-stunner.jpg","type":"image\/jpeg"}],"twitter_card":"summary_large_image","twitter_misc":{"Tiempo de lectura":"1 minuto"},"schema":{"@context":"https:\/\/schema.org","@graph":[{"@type":"WebPage","@id":"https:\/\/hongwiislaughter.com\/product\/hand-held-electrical-stunner-for-sheep\/","url":"https:\/\/hongwiislaughter.com\/product\/hand-held-electrical-stunner-for-sheep\/","name":"Aturdidor el\u00e9ctrico manual para ovejas - HongWii Machine","isPartOf":{"@id":"https:\/\/hongwiislaughter.com\/#website"},"primaryImageOfPage":{"@id":"https:\/\/hongwiislaughter.com\/product\/hand-held-electrical-stunner-for-sheep\/#primaryimage"},"image":{"@id":"https:\/\/hongwiislaughter.com\/product\/hand-held-electrical-stunner-for-sheep\/#primaryimage"},"thumbnailUrl":"https:\/\/hongwiislaughter.com\/wp-content\/uploads\/2024\/07\/Hand-held-electrical-stunner.jpg","datePublished":"2024-07-27T01:05:13+00:00","dateModified":"2025-04-17T02:42:43+00:00","breadcrumb":{"@id":"https:\/\/hongwiislaughter.com\/product\/hand-held-electrical-stunner-for-sheep\/#breadcrumb"},"inLanguage":"es","potentialAction":[{"@type":"ReadAction","target":["https:\/\/hongwiislaughter.com\/product\/hand-held-electrical-stunner-for-sheep\/"]}]},{"@type":"ImageObject","inLanguage":"es","@id":"https:\/\/hongwiislaughter.com\/product\/hand-held-electrical-stunner-for-sheep\/#primaryimage","url":"https:\/\/hongwiislaughter.com\/wp-content\/uploads\/2024\/07\/Hand-held-electrical-stunner.jpg","contentUrl":"https:\/\/hongwiislaughter.com\/wp-content\/uploads\/2024\/07\/Hand-held-electrical-stunner.jpg","width":1000,"height":1000,"caption":"Hand-Held Electrical Stunner"},{"@type":"BreadcrumbList","@id":"https:\/\/hongwiislaughter.com\/product\/hand-held-electrical-stunner-for-sheep\/#breadcrumb","itemListElement":[{"@type":"ListItem","position":1,"name":"Home","item":"https:\/\/hongwiislaughter.com\/home\/"},{"@type":"ListItem","position":2,"name":"Products","item":"https:\/\/hongwiislaughter.com\/products\/"},{"@type":"ListItem","position":3,"name":"Hand-Held Electrical Stunner for Sheep"}]},{"@type":"WebSite","@id":"https:\/\/hongwiislaughter.com\/#website","url":"https:\/\/hongwiislaughter.com\/","name":"M\u00e1quina HongWii","description":"","potentialAction":[{"@type":"SearchAction","target":{"@type":"EntryPoint","urlTemplate":"https:\/\/hongwiislaughter.com\/?s={search_term_string}"},"query-input":{"@type":"PropertyValueSpecification","valueRequired":true,"valueName":"search_term_string"}}],"inLanguage":"es"}]}},"_links":{"self":[{"href":"https:\/\/hongwiislaughter.com\/es\/wp-json\/wp\/v2\/product\/93","targetHints":{"allow":["GET"]}}],"collection":[{"href":"https:\/\/hongwiislaughter.com\/es\/wp-json\/wp\/v2\/product"}],"about":[{"href":"https:\/\/hongwiislaughter.com\/es\/wp-json\/wp\/v2\/types\/product"}],"wp:featuredmedia":[{"embeddable":true,"href":"https:\/\/hongwiislaughter.com\/es\/wp-json\/wp\/v2\/media\/151"}],"wp:attachment":[{"href":"https:\/\/hongwiislaughter.com\/es\/wp-json\/wp\/v2\/media?parent=93"}],"wp:term":[{"taxonomy":"product_brand","embeddable":true,"href":"https:\/\/hongwiislaughter.com\/es\/wp-json\/wp\/v2\/product_brand?post=93"},{"taxonomy":"product_cat","embeddable":true,"href":"https:\/\/hongwiislaughter.com\/es\/wp-json\/wp\/v2\/product_cat?post=93"},{"taxonomy":"product_tag","embeddable":true,"href":"https:\/\/hongwiislaughter.com\/es\/wp-json\/wp\/v2\/product_tag?post=93"}],"curies":[{"name":"wp","href":"https:\/\/api.w.org\/{rel}","templated":true}]}}