{"id":89,"date":"2024-07-27T01:01:16","date_gmt":"2024-07-27T01:01:16","guid":{"rendered":"https:\/\/hongwiislaughter.com\/?post_type=product&#038;p=89"},"modified":"2025-04-22T07:13:53","modified_gmt":"2025-04-22T07:13:53","slug":"desolladora-de-ovejas","status":"publish","type":"product","link":"https:\/\/hongwiislaughter.com\/es\/product\/desolladora-de-ovejas\/","title":{"rendered":"Desolladora de ovejas"},"content":{"rendered":"","protected":false},"excerpt":{"rendered":"<p>La m\u00e1quina desolladora de ovejas (tambi\u00e9n conocida como m\u00e1quina peladora de ovejas) es una maquinaria especializada que se utiliza para desollar ovejas despu\u00e9s del sacrificio.<\/p>\n<p>Puede mejorar la eficacia y la calidad del desuello, reduciendo la intensidad de la mano de obra, y se ha convertido en un equipo indispensable en las industrias modernas de cr\u00eda de animales y procesamiento de carne.<\/p>\n<p><strong>Caracter\u00edsticas<\/strong><\/p>\n<p><strong>Tensi\u00f3n<\/strong>:380V\/220V<br \/>\n<strong>Potencia<\/strong>:3,3 kw<br \/>\n<strong>Dimensi\u00f3n<\/strong>(L*A*A)LScala<br \/>\n<strong>Nombre<\/strong>: desolladora de ovejas<br \/>\n<strong>Material<\/strong>Acero inoxidable 304<br \/>\n<strong>Traje para<\/strong>: arrancar la piel de oveja cabra<\/p>","protected":false},"featured_media":90,"template":"","meta":[],"product_brand":[],"product_cat":[34,18],"product_tag":[],"class_list":{"0":"post-89","1":"product","2":"type-product","3":"status-publish","4":"has-post-thumbnail","6":"product_cat-sheep-skinning-system","7":"product_cat-sheep-slaughterhouse","9":"first","10":"instock","11":"shipping-taxable","12":"product-type-simple"},"yoast_head":"<!-- This site is optimized with the Yoast SEO plugin v24.5 - https:\/\/yoast.com\/wordpress\/plugins\/seo\/ -->\n<title>Sheep Skinning Machine - HongWii Machine<\/title>\n<meta name=\"robots\" content=\"index, follow, max-snippet:-1, max-image-preview:large, max-video-preview:-1\" \/>\n<link rel=\"canonical\" href=\"https:\/\/hongwiislaughter.com\/es\/product\/desolladora-de-ovejas\/\" \/>\n<meta property=\"og:locale\" content=\"es_ES\" \/>\n<meta property=\"og:type\" content=\"article\" \/>\n<meta property=\"og:title\" content=\"Sheep Skinning Machine - HongWii Machine\" \/>\n<meta property=\"og:description\" content=\"The sheep skinning machine (also known as sheep peeling machine) is a specialized machinery used for skinning sheep after slaughter.  It can improve the efficiency and quality of skinning, reducing labor intensity and has become an indispensable equipment in modern animal husbandry and meat processing industries.  Features  Voltage:380V\/220V Power:3.3 kw Dimension(L*W*H)LScale Name: sheep skinning machine Material:Stainless Steel 304 Suit for: pulling the skin from sheep goat\" \/>\n<meta property=\"og:url\" content=\"https:\/\/hongwiislaughter.com\/es\/product\/desolladora-de-ovejas\/\" \/>\n<meta property=\"og:site_name\" content=\"HongWii Machine\" \/>\n<meta property=\"article:modified_time\" content=\"2025-04-22T07:13:53+00:00\" \/>\n<meta property=\"og:image\" content=\"https:\/\/hongwiislaughter.com\/wp-content\/uploads\/2024\/07\/Sheep-Skinning-Machine.jpg\" \/>\n\t<meta property=\"og:image:width\" content=\"800\" \/>\n\t<meta property=\"og:image:height\" content=\"800\" \/>\n\t<meta property=\"og:image:type\" content=\"image\/jpeg\" \/>\n<meta name=\"twitter:card\" content=\"summary_large_image\" \/>\n<meta name=\"twitter:label1\" content=\"Tiempo de lectura\" \/>\n\t<meta name=\"twitter:data1\" content=\"1 minuto\" \/>\n<script type=\"application\/ld+json\" class=\"yoast-schema-graph\">{\"@context\":\"https:\/\/schema.org\",\"@graph\":[{\"@type\":\"WebPage\",\"@id\":\"https:\/\/hongwiislaughter.com\/product\/sheep-skinning-machine\/\",\"url\":\"https:\/\/hongwiislaughter.com\/product\/sheep-skinning-machine\/\",\"name\":\"Sheep Skinning Machine - HongWii Machine\",\"isPartOf\":{\"@id\":\"https:\/\/hongwiislaughter.com\/#website\"},\"primaryImageOfPage\":{\"@id\":\"https:\/\/hongwiislaughter.com\/product\/sheep-skinning-machine\/#primaryimage\"},\"image\":{\"@id\":\"https:\/\/hongwiislaughter.com\/product\/sheep-skinning-machine\/#primaryimage\"},\"thumbnailUrl\":\"https:\/\/hongwiislaughter.com\/wp-content\/uploads\/2024\/07\/Sheep-Skinning-Machine.jpg\",\"datePublished\":\"2024-07-27T01:01:16+00:00\",\"dateModified\":\"2025-04-22T07:13:53+00:00\",\"breadcrumb\":{\"@id\":\"https:\/\/hongwiislaughter.com\/product\/sheep-skinning-machine\/#breadcrumb\"},\"inLanguage\":\"es\",\"potentialAction\":[{\"@type\":\"ReadAction\",\"target\":[\"https:\/\/hongwiislaughter.com\/product\/sheep-skinning-machine\/\"]}]},{\"@type\":\"ImageObject\",\"inLanguage\":\"es\",\"@id\":\"https:\/\/hongwiislaughter.com\/product\/sheep-skinning-machine\/#primaryimage\",\"url\":\"https:\/\/hongwiislaughter.com\/wp-content\/uploads\/2024\/07\/Sheep-Skinning-Machine.jpg\",\"contentUrl\":\"https:\/\/hongwiislaughter.com\/wp-content\/uploads\/2024\/07\/Sheep-Skinning-Machine.jpg\",\"width\":800,\"height\":800,\"caption\":\"Sheep Skinning Machine\"},{\"@type\":\"BreadcrumbList\",\"@id\":\"https:\/\/hongwiislaughter.com\/product\/sheep-skinning-machine\/#breadcrumb\",\"itemListElement\":[{\"@type\":\"ListItem\",\"position\":1,\"name\":\"Home\",\"item\":\"https:\/\/hongwiislaughter.com\/home\/\"},{\"@type\":\"ListItem\",\"position\":2,\"name\":\"Products\",\"item\":\"https:\/\/hongwiislaughter.com\/products\/\"},{\"@type\":\"ListItem\",\"position\":3,\"name\":\"Sheep Skinning Machine\"}]},{\"@type\":\"WebSite\",\"@id\":\"https:\/\/hongwiislaughter.com\/#website\",\"url\":\"https:\/\/hongwiislaughter.com\/\",\"name\":\"HongWii Machine\",\"description\":\"\",\"potentialAction\":[{\"@type\":\"SearchAction\",\"target\":{\"@type\":\"EntryPoint\",\"urlTemplate\":\"https:\/\/hongwiislaughter.com\/?s={search_term_string}\"},\"query-input\":{\"@type\":\"PropertyValueSpecification\",\"valueRequired\":true,\"valueName\":\"search_term_string\"}}],\"inLanguage\":\"es\"}]}<\/script>\n<!-- \/ Yoast SEO plugin. -->","yoast_head_json":{"title":"Desolladora de ovejas - HongWii Machine","robots":{"index":"index","follow":"follow","max-snippet":"max-snippet:-1","max-image-preview":"max-image-preview:large","max-video-preview":"max-video-preview:-1"},"canonical":"https:\/\/hongwiislaughter.com\/es\/product\/desolladora-de-ovejas\/","og_locale":"es_ES","og_type":"article","og_title":"Sheep Skinning Machine - HongWii Machine","og_description":"The sheep skinning machine (also known as sheep peeling machine) is a specialized machinery used for skinning sheep after slaughter.  It can improve the efficiency and quality of skinning, reducing labor intensity and has become an indispensable equipment in modern animal husbandry and meat processing industries.  Features  Voltage:380V\/220V Power:3.3 kw Dimension(L*W*H)LScale Name: sheep skinning machine Material:Stainless Steel 304 Suit for: pulling the skin from sheep goat","og_url":"https:\/\/hongwiislaughter.com\/es\/product\/desolladora-de-ovejas\/","og_site_name":"HongWii Machine","article_modified_time":"2025-04-22T07:13:53+00:00","og_image":[{"width":800,"height":800,"url":"https:\/\/hongwiislaughter.com\/wp-content\/uploads\/2024\/07\/Sheep-Skinning-Machine.jpg","type":"image\/jpeg"}],"twitter_card":"summary_large_image","twitter_misc":{"Tiempo de lectura":"1 minuto"},"schema":{"@context":"https:\/\/schema.org","@graph":[{"@type":"WebPage","@id":"https:\/\/hongwiislaughter.com\/product\/sheep-skinning-machine\/","url":"https:\/\/hongwiislaughter.com\/product\/sheep-skinning-machine\/","name":"Desolladora de ovejas - HongWii Machine","isPartOf":{"@id":"https:\/\/hongwiislaughter.com\/#website"},"primaryImageOfPage":{"@id":"https:\/\/hongwiislaughter.com\/product\/sheep-skinning-machine\/#primaryimage"},"image":{"@id":"https:\/\/hongwiislaughter.com\/product\/sheep-skinning-machine\/#primaryimage"},"thumbnailUrl":"https:\/\/hongwiislaughter.com\/wp-content\/uploads\/2024\/07\/Sheep-Skinning-Machine.jpg","datePublished":"2024-07-27T01:01:16+00:00","dateModified":"2025-04-22T07:13:53+00:00","breadcrumb":{"@id":"https:\/\/hongwiislaughter.com\/product\/sheep-skinning-machine\/#breadcrumb"},"inLanguage":"es","potentialAction":[{"@type":"ReadAction","target":["https:\/\/hongwiislaughter.com\/product\/sheep-skinning-machine\/"]}]},{"@type":"ImageObject","inLanguage":"es","@id":"https:\/\/hongwiislaughter.com\/product\/sheep-skinning-machine\/#primaryimage","url":"https:\/\/hongwiislaughter.com\/wp-content\/uploads\/2024\/07\/Sheep-Skinning-Machine.jpg","contentUrl":"https:\/\/hongwiislaughter.com\/wp-content\/uploads\/2024\/07\/Sheep-Skinning-Machine.jpg","width":800,"height":800,"caption":"Sheep Skinning Machine"},{"@type":"BreadcrumbList","@id":"https:\/\/hongwiislaughter.com\/product\/sheep-skinning-machine\/#breadcrumb","itemListElement":[{"@type":"ListItem","position":1,"name":"Home","item":"https:\/\/hongwiislaughter.com\/home\/"},{"@type":"ListItem","position":2,"name":"Products","item":"https:\/\/hongwiislaughter.com\/products\/"},{"@type":"ListItem","position":3,"name":"Sheep Skinning Machine"}]},{"@type":"WebSite","@id":"https:\/\/hongwiislaughter.com\/#website","url":"https:\/\/hongwiislaughter.com\/","name":"M\u00e1quina HongWii","description":"","potentialAction":[{"@type":"SearchAction","target":{"@type":"EntryPoint","urlTemplate":"https:\/\/hongwiislaughter.com\/?s={search_term_string}"},"query-input":{"@type":"PropertyValueSpecification","valueRequired":true,"valueName":"search_term_string"}}],"inLanguage":"es"}]}},"_links":{"self":[{"href":"https:\/\/hongwiislaughter.com\/es\/wp-json\/wp\/v2\/product\/89","targetHints":{"allow":["GET"]}}],"collection":[{"href":"https:\/\/hongwiislaughter.com\/es\/wp-json\/wp\/v2\/product"}],"about":[{"href":"https:\/\/hongwiislaughter.com\/es\/wp-json\/wp\/v2\/types\/product"}],"wp:featuredmedia":[{"embeddable":true,"href":"https:\/\/hongwiislaughter.com\/es\/wp-json\/wp\/v2\/media\/90"}],"wp:attachment":[{"href":"https:\/\/hongwiislaughter.com\/es\/wp-json\/wp\/v2\/media?parent=89"}],"wp:term":[{"taxonomy":"product_brand","embeddable":true,"href":"https:\/\/hongwiislaughter.com\/es\/wp-json\/wp\/v2\/product_brand?post=89"},{"taxonomy":"product_cat","embeddable":true,"href":"https:\/\/hongwiislaughter.com\/es\/wp-json\/wp\/v2\/product_cat?post=89"},{"taxonomy":"product_tag","embeddable":true,"href":"https:\/\/hongwiislaughter.com\/es\/wp-json\/wp\/v2\/product_tag?post=89"}],"curies":[{"name":"wp","href":"https:\/\/api.w.org\/{rel}","templated":true}]}}