{"id":87,"date":"2024-07-26T08:42:00","date_gmt":"2024-07-26T08:42:00","guid":{"rendered":"https:\/\/hongwiislaughter.com\/?post_type=product&#038;p=87"},"modified":"2025-05-08T14:19:10","modified_gmt":"2025-05-08T14:19:10","slug":"muslo-de-pollo-deshuesado-maquina","status":"publish","type":"product","link":"https:\/\/hongwiislaughter.com\/es\/product\/muslo-de-pollo-deshuesado-maquina\/","title":{"rendered":"Muslo de pollo deshuesado M\u00e1quina"},"content":{"rendered":"<p><strong>Aumentar la eficacia<\/strong><br \/>\nAsiento c\u00f3modo y pr\u00e1ctico<br \/>\nDise\u00f1o humanizado, consola central despejada<\/p>\n<p><strong>Es f\u00e1cil de usar<\/strong><br \/>\nAsiento c\u00f3modo y pr\u00e1ctico<br \/>\nDise\u00f1o humanizado, consola central despejada<\/p>\n<p><strong>Rendimiento estable<\/strong><br \/>\nEl transportador utiliza un \u00e1ngulo de inclinaci\u00f3n de 0\u00b0~15\u00b0, y el<br \/>\nEl \u00e1ngulo de inclinaci\u00f3n m\u00e1ximo puede alcanzar los 65\u00b0.<\/p>\n<p><strong>Control de velocidad<\/strong><br \/>\nBuen rendimiento de sellado, evita el polvo<br \/>\nFugas, puede adaptarse a diferentes materiales<br \/>\nRequisitos medioambientales<\/p>","protected":false},"excerpt":{"rendered":"<p>Un motor impulsa principalmente el principio de funcionamiento de la m\u00e1quina para deshuesar muslos de pollo para accionar el eje de transmisi\u00f3n, que est\u00e1 equipado con un cabezal de corte y una fijaci\u00f3n.<\/p>\n<p>Durante el funcionamiento, se coloca el muslo de pollo entre la cuchilla y el accesorio, se pulsa el interruptor y el motor acciona el eje de transmisi\u00f3n para que funcione. La cuchilla abre el muslo de pollo y el dispositivo extrae simult\u00e1neamente el hueso. Con este proceso se consiguen r\u00e1pidamente muslos de pollo deshuesados y se mejora la eficacia de la producci\u00f3n.<\/p>\n<ul>\n<li>Ahorrar espacio<\/li>\n<li>F\u00e1cil de manejar<\/li>\n<li>F\u00e1cil de limpiar y mantener<\/li>\n<li>Eliminaci\u00f3n eficaz del hueso<\/li>\n<\/ul>","protected":false},"featured_media":88,"template":"","meta":[],"product_brand":[],"product_cat":[19],"product_tag":[],"class_list":{"0":"post-87","1":"product","2":"type-product","3":"status-publish","4":"has-post-thumbnail","6":"product_cat-poultry-slaughterhouse","8":"first","9":"instock","10":"shipping-taxable","11":"product-type-simple"},"yoast_head":"<!-- This site is optimized with the Yoast SEO plugin v24.5 - https:\/\/yoast.com\/wordpress\/plugins\/seo\/ -->\n<title>Chicken Thigh Boneless Machine - HongWii Machine<\/title>\n<meta name=\"robots\" content=\"index, follow, max-snippet:-1, max-image-preview:large, max-video-preview:-1\" \/>\n<link rel=\"canonical\" href=\"https:\/\/hongwiislaughter.com\/es\/product\/muslo-de-pollo-deshuesado-maquina\/\" \/>\n<meta property=\"og:locale\" content=\"es_ES\" \/>\n<meta property=\"og:type\" content=\"article\" \/>\n<meta property=\"og:title\" content=\"Chicken Thigh Boneless Machine - HongWii Machine\" \/>\n<meta property=\"og:description\" content=\"A motor mainly drives the working principle of the chicken leg bone removal machine to drive the transmission shaft, which is equipped with a cutting head and a fixture.  When operating, place the chicken leg between the blade and the fixture, press the switch, and the motor drives the transmission shaft to run. The blade cuts open the chicken leg, and the fixture simultaneously removes the bone. This process achieves rapid boneless chicken legs and improves production efficiency.   Save space  Easy to operate  Easy to clean and maintain  Efficient bone removal\" \/>\n<meta property=\"og:url\" content=\"https:\/\/hongwiislaughter.com\/es\/product\/muslo-de-pollo-deshuesado-maquina\/\" \/>\n<meta property=\"og:site_name\" content=\"HongWii Machine\" \/>\n<meta property=\"article:modified_time\" content=\"2025-05-08T14:19:10+00:00\" \/>\n<meta property=\"og:image\" content=\"https:\/\/hongwiislaughter.com\/wp-content\/uploads\/2024\/07\/Chicken-Thigh-Boneless-Machine.jpg\" \/>\n\t<meta property=\"og:image:width\" content=\"1000\" \/>\n\t<meta property=\"og:image:height\" content=\"1000\" \/>\n\t<meta property=\"og:image:type\" content=\"image\/jpeg\" \/>\n<meta name=\"twitter:card\" content=\"summary_large_image\" \/>\n<meta name=\"twitter:label1\" content=\"Tiempo de lectura\" \/>\n\t<meta name=\"twitter:data1\" content=\"1 minuto\" \/>\n<script type=\"application\/ld+json\" class=\"yoast-schema-graph\">{\"@context\":\"https:\/\/schema.org\",\"@graph\":[{\"@type\":\"WebPage\",\"@id\":\"https:\/\/hongwiislaughter.com\/product\/chicken-thigh-boneless-machine\/\",\"url\":\"https:\/\/hongwiislaughter.com\/product\/chicken-thigh-boneless-machine\/\",\"name\":\"Chicken Thigh Boneless Machine - HongWii Machine\",\"isPartOf\":{\"@id\":\"https:\/\/hongwiislaughter.com\/#website\"},\"primaryImageOfPage\":{\"@id\":\"https:\/\/hongwiislaughter.com\/product\/chicken-thigh-boneless-machine\/#primaryimage\"},\"image\":{\"@id\":\"https:\/\/hongwiislaughter.com\/product\/chicken-thigh-boneless-machine\/#primaryimage\"},\"thumbnailUrl\":\"https:\/\/hongwiislaughter.com\/wp-content\/uploads\/2024\/07\/Chicken-Thigh-Boneless-Machine.jpg\",\"datePublished\":\"2024-07-26T08:42:00+00:00\",\"dateModified\":\"2025-05-08T14:19:10+00:00\",\"breadcrumb\":{\"@id\":\"https:\/\/hongwiislaughter.com\/product\/chicken-thigh-boneless-machine\/#breadcrumb\"},\"inLanguage\":\"es\",\"potentialAction\":[{\"@type\":\"ReadAction\",\"target\":[\"https:\/\/hongwiislaughter.com\/product\/chicken-thigh-boneless-machine\/\"]}]},{\"@type\":\"ImageObject\",\"inLanguage\":\"es\",\"@id\":\"https:\/\/hongwiislaughter.com\/product\/chicken-thigh-boneless-machine\/#primaryimage\",\"url\":\"https:\/\/hongwiislaughter.com\/wp-content\/uploads\/2024\/07\/Chicken-Thigh-Boneless-Machine.jpg\",\"contentUrl\":\"https:\/\/hongwiislaughter.com\/wp-content\/uploads\/2024\/07\/Chicken-Thigh-Boneless-Machine.jpg\",\"width\":1000,\"height\":1000},{\"@type\":\"BreadcrumbList\",\"@id\":\"https:\/\/hongwiislaughter.com\/product\/chicken-thigh-boneless-machine\/#breadcrumb\",\"itemListElement\":[{\"@type\":\"ListItem\",\"position\":1,\"name\":\"Home\",\"item\":\"https:\/\/hongwiislaughter.com\/home\/\"},{\"@type\":\"ListItem\",\"position\":2,\"name\":\"Products\",\"item\":\"https:\/\/hongwiislaughter.com\/products\/\"},{\"@type\":\"ListItem\",\"position\":3,\"name\":\"Chicken Thigh Boneless Machine\"}]},{\"@type\":\"WebSite\",\"@id\":\"https:\/\/hongwiislaughter.com\/#website\",\"url\":\"https:\/\/hongwiislaughter.com\/\",\"name\":\"HongWii Machine\",\"description\":\"\",\"potentialAction\":[{\"@type\":\"SearchAction\",\"target\":{\"@type\":\"EntryPoint\",\"urlTemplate\":\"https:\/\/hongwiislaughter.com\/?s={search_term_string}\"},\"query-input\":{\"@type\":\"PropertyValueSpecification\",\"valueRequired\":true,\"valueName\":\"search_term_string\"}}],\"inLanguage\":\"es\"}]}<\/script>\n<!-- \/ Yoast SEO plugin. -->","yoast_head_json":{"title":"M\u00e1quina para deshuesar muslos de pollo - M\u00e1quina HongWii","robots":{"index":"index","follow":"follow","max-snippet":"max-snippet:-1","max-image-preview":"max-image-preview:large","max-video-preview":"max-video-preview:-1"},"canonical":"https:\/\/hongwiislaughter.com\/es\/product\/muslo-de-pollo-deshuesado-maquina\/","og_locale":"es_ES","og_type":"article","og_title":"Chicken Thigh Boneless Machine - HongWii Machine","og_description":"A motor mainly drives the working principle of the chicken leg bone removal machine to drive the transmission shaft, which is equipped with a cutting head and a fixture.  When operating, place the chicken leg between the blade and the fixture, press the switch, and the motor drives the transmission shaft to run. The blade cuts open the chicken leg, and the fixture simultaneously removes the bone. This process achieves rapid boneless chicken legs and improves production efficiency.   Save space  Easy to operate  Easy to clean and maintain  Efficient bone removal","og_url":"https:\/\/hongwiislaughter.com\/es\/product\/muslo-de-pollo-deshuesado-maquina\/","og_site_name":"HongWii Machine","article_modified_time":"2025-05-08T14:19:10+00:00","og_image":[{"width":1000,"height":1000,"url":"https:\/\/hongwiislaughter.com\/wp-content\/uploads\/2024\/07\/Chicken-Thigh-Boneless-Machine.jpg","type":"image\/jpeg"}],"twitter_card":"summary_large_image","twitter_misc":{"Tiempo de lectura":"1 minuto"},"schema":{"@context":"https:\/\/schema.org","@graph":[{"@type":"WebPage","@id":"https:\/\/hongwiislaughter.com\/product\/chicken-thigh-boneless-machine\/","url":"https:\/\/hongwiislaughter.com\/product\/chicken-thigh-boneless-machine\/","name":"M\u00e1quina para deshuesar muslos de pollo - M\u00e1quina HongWii","isPartOf":{"@id":"https:\/\/hongwiislaughter.com\/#website"},"primaryImageOfPage":{"@id":"https:\/\/hongwiislaughter.com\/product\/chicken-thigh-boneless-machine\/#primaryimage"},"image":{"@id":"https:\/\/hongwiislaughter.com\/product\/chicken-thigh-boneless-machine\/#primaryimage"},"thumbnailUrl":"https:\/\/hongwiislaughter.com\/wp-content\/uploads\/2024\/07\/Chicken-Thigh-Boneless-Machine.jpg","datePublished":"2024-07-26T08:42:00+00:00","dateModified":"2025-05-08T14:19:10+00:00","breadcrumb":{"@id":"https:\/\/hongwiislaughter.com\/product\/chicken-thigh-boneless-machine\/#breadcrumb"},"inLanguage":"es","potentialAction":[{"@type":"ReadAction","target":["https:\/\/hongwiislaughter.com\/product\/chicken-thigh-boneless-machine\/"]}]},{"@type":"ImageObject","inLanguage":"es","@id":"https:\/\/hongwiislaughter.com\/product\/chicken-thigh-boneless-machine\/#primaryimage","url":"https:\/\/hongwiislaughter.com\/wp-content\/uploads\/2024\/07\/Chicken-Thigh-Boneless-Machine.jpg","contentUrl":"https:\/\/hongwiislaughter.com\/wp-content\/uploads\/2024\/07\/Chicken-Thigh-Boneless-Machine.jpg","width":1000,"height":1000},{"@type":"BreadcrumbList","@id":"https:\/\/hongwiislaughter.com\/product\/chicken-thigh-boneless-machine\/#breadcrumb","itemListElement":[{"@type":"ListItem","position":1,"name":"Home","item":"https:\/\/hongwiislaughter.com\/home\/"},{"@type":"ListItem","position":2,"name":"Products","item":"https:\/\/hongwiislaughter.com\/products\/"},{"@type":"ListItem","position":3,"name":"Chicken Thigh Boneless Machine"}]},{"@type":"WebSite","@id":"https:\/\/hongwiislaughter.com\/#website","url":"https:\/\/hongwiislaughter.com\/","name":"M\u00e1quina HongWii","description":"","potentialAction":[{"@type":"SearchAction","target":{"@type":"EntryPoint","urlTemplate":"https:\/\/hongwiislaughter.com\/?s={search_term_string}"},"query-input":{"@type":"PropertyValueSpecification","valueRequired":true,"valueName":"search_term_string"}}],"inLanguage":"es"}]}},"_links":{"self":[{"href":"https:\/\/hongwiislaughter.com\/es\/wp-json\/wp\/v2\/product\/87","targetHints":{"allow":["GET"]}}],"collection":[{"href":"https:\/\/hongwiislaughter.com\/es\/wp-json\/wp\/v2\/product"}],"about":[{"href":"https:\/\/hongwiislaughter.com\/es\/wp-json\/wp\/v2\/types\/product"}],"wp:featuredmedia":[{"embeddable":true,"href":"https:\/\/hongwiislaughter.com\/es\/wp-json\/wp\/v2\/media\/88"}],"wp:attachment":[{"href":"https:\/\/hongwiislaughter.com\/es\/wp-json\/wp\/v2\/media?parent=87"}],"wp:term":[{"taxonomy":"product_brand","embeddable":true,"href":"https:\/\/hongwiislaughter.com\/es\/wp-json\/wp\/v2\/product_brand?post=87"},{"taxonomy":"product_cat","embeddable":true,"href":"https:\/\/hongwiislaughter.com\/es\/wp-json\/wp\/v2\/product_cat?post=87"},{"taxonomy":"product_tag","embeddable":true,"href":"https:\/\/hongwiislaughter.com\/es\/wp-json\/wp\/v2\/product_tag?post=87"}],"curies":[{"name":"wp","href":"https:\/\/api.w.org\/{rel}","templated":true}]}}