{"id":84,"date":"2024-07-25T15:10:24","date_gmt":"2024-07-25T15:10:24","guid":{"rendered":"https:\/\/hongwiislaughter.com\/?post_type=product&#038;p=84"},"modified":"2024-07-26T08:42:53","modified_gmt":"2024-07-26T08:42:53","slug":"desplumadora-de-aves-de-corral","status":"publish","type":"product","link":"https:\/\/hongwiislaughter.com\/es\/product\/desplumadora-de-aves-de-corral\/","title":{"rendered":"M\u00e1quina desplumadora de aves de corral A Shape"},"content":{"rendered":"<p>Este equipo consigue el efecto de desplumar el pollo mediante la fricci\u00f3n de rodillos y otros m\u00e9todos. Despu\u00e9s de aflojar las plumas con esta m\u00e1quina, la superficie del pollo queda intacta y lisa, con resultados de desplumado uniformes y eficaces.<\/p>\n<ul>\n<li>El armaz\u00f3n est\u00e1 fabricado \u00edntegramente en acero inoxidable, que es resistente a la corrosi\u00f3n, a prueba de \u00f3xido, duradero y visualmente atractivo.<\/li>\n<li>El funcionamiento es fluido y la distancia de desempolvado puede ajustarse de forma flexible y c\u00f3moda.<\/li>\n<li>La estructura de elevaci\u00f3n tambi\u00e9n es f\u00e1cil de ajustar, con un posicionamiento autobloqueante fiable.<\/li>\n<li>El mecanismo de apertura y cierre de la caja es ligero y flexible, con centrado autom\u00e1tico al reajustarse, lo que facilita el mantenimiento y la limpieza.<\/li>\n<\/ul>","protected":false},"excerpt":{"rendered":"<p>This equipment achieves the effect of removing chicken feathers through roller friction and other methods. After loosening the feathers with this machine, the chicken surface is left intact and smooth, with even and effective defeathering results. The frame is entirely made of stainless steel, which is corrosion-resistant, rust-proof, durable, and visually appealing. The operation runs [&hellip;]<\/p>","protected":false},"featured_media":85,"template":"","meta":[],"product_brand":[],"product_cat":[19],"product_tag":[],"class_list":{"0":"post-84","1":"product","2":"type-product","3":"status-publish","4":"has-post-thumbnail","6":"product_cat-poultry-slaughterhouse","8":"first","9":"instock","10":"shipping-taxable","11":"product-type-simple"},"yoast_head":"<!-- This site is optimized with the Yoast SEO plugin v24.5 - https:\/\/yoast.com\/wordpress\/plugins\/seo\/ -->\n<title>A Shape Poultry Defeathering Machine - HongWii Machine<\/title>\n<meta name=\"robots\" content=\"index, follow, max-snippet:-1, max-image-preview:large, max-video-preview:-1\" \/>\n<link rel=\"canonical\" href=\"https:\/\/hongwiislaughter.com\/es\/product\/desplumadora-de-aves-de-corral\/\" \/>\n<meta property=\"og:locale\" content=\"es_ES\" \/>\n<meta property=\"og:type\" content=\"article\" \/>\n<meta property=\"og:title\" content=\"A Shape Poultry Defeathering Machine - HongWii Machine\" \/>\n<meta property=\"og:description\" content=\"This equipment achieves the effect of removing chicken feathers through roller friction and other methods. After loosening the feathers with this machine, the chicken surface is left intact and smooth, with even and effective defeathering results. The frame is entirely made of stainless steel, which is corrosion-resistant, rust-proof, durable, and visually appealing. The operation runs [&hellip;]\" \/>\n<meta property=\"og:url\" content=\"https:\/\/hongwiislaughter.com\/es\/product\/desplumadora-de-aves-de-corral\/\" \/>\n<meta property=\"og:site_name\" content=\"HongWii Machine\" \/>\n<meta property=\"article:modified_time\" content=\"2024-07-26T08:42:53+00:00\" \/>\n<meta property=\"og:image\" content=\"https:\/\/hongwiislaughter.com\/wp-content\/uploads\/2024\/07\/A-Shape-Poultry-Defeathering-Machine.jpg\" \/>\n\t<meta property=\"og:image:width\" content=\"800\" \/>\n\t<meta property=\"og:image:height\" content=\"800\" \/>\n\t<meta property=\"og:image:type\" content=\"image\/jpeg\" \/>\n<meta name=\"twitter:card\" content=\"summary_large_image\" \/>\n<meta name=\"twitter:label1\" content=\"Tiempo de lectura\" \/>\n\t<meta name=\"twitter:data1\" content=\"1 minuto\" \/>\n<script type=\"application\/ld+json\" class=\"yoast-schema-graph\">{\"@context\":\"https:\/\/schema.org\",\"@graph\":[{\"@type\":\"WebPage\",\"@id\":\"https:\/\/hongwiislaughter.com\/product\/a-shape-poultry-defeathering-machine\/\",\"url\":\"https:\/\/hongwiislaughter.com\/product\/a-shape-poultry-defeathering-machine\/\",\"name\":\"A Shape Poultry Defeathering Machine - HongWii Machine\",\"isPartOf\":{\"@id\":\"https:\/\/hongwiislaughter.com\/#website\"},\"primaryImageOfPage\":{\"@id\":\"https:\/\/hongwiislaughter.com\/product\/a-shape-poultry-defeathering-machine\/#primaryimage\"},\"image\":{\"@id\":\"https:\/\/hongwiislaughter.com\/product\/a-shape-poultry-defeathering-machine\/#primaryimage\"},\"thumbnailUrl\":\"https:\/\/hongwiislaughter.com\/wp-content\/uploads\/2024\/07\/A-Shape-Poultry-Defeathering-Machine.jpg\",\"datePublished\":\"2024-07-25T15:10:24+00:00\",\"dateModified\":\"2024-07-26T08:42:53+00:00\",\"breadcrumb\":{\"@id\":\"https:\/\/hongwiislaughter.com\/product\/a-shape-poultry-defeathering-machine\/#breadcrumb\"},\"inLanguage\":\"es\",\"potentialAction\":[{\"@type\":\"ReadAction\",\"target\":[\"https:\/\/hongwiislaughter.com\/product\/a-shape-poultry-defeathering-machine\/\"]}]},{\"@type\":\"ImageObject\",\"inLanguage\":\"es\",\"@id\":\"https:\/\/hongwiislaughter.com\/product\/a-shape-poultry-defeathering-machine\/#primaryimage\",\"url\":\"https:\/\/hongwiislaughter.com\/wp-content\/uploads\/2024\/07\/A-Shape-Poultry-Defeathering-Machine.jpg\",\"contentUrl\":\"https:\/\/hongwiislaughter.com\/wp-content\/uploads\/2024\/07\/A-Shape-Poultry-Defeathering-Machine.jpg\",\"width\":800,\"height\":800},{\"@type\":\"BreadcrumbList\",\"@id\":\"https:\/\/hongwiislaughter.com\/product\/a-shape-poultry-defeathering-machine\/#breadcrumb\",\"itemListElement\":[{\"@type\":\"ListItem\",\"position\":1,\"name\":\"Home\",\"item\":\"https:\/\/hongwiislaughter.com\/home\/\"},{\"@type\":\"ListItem\",\"position\":2,\"name\":\"Products\",\"item\":\"https:\/\/hongwiislaughter.com\/products\/\"},{\"@type\":\"ListItem\",\"position\":3,\"name\":\"A Shape Poultry Defeathering Machine\"}]},{\"@type\":\"WebSite\",\"@id\":\"https:\/\/hongwiislaughter.com\/#website\",\"url\":\"https:\/\/hongwiislaughter.com\/\",\"name\":\"HongWii Machine\",\"description\":\"\",\"potentialAction\":[{\"@type\":\"SearchAction\",\"target\":{\"@type\":\"EntryPoint\",\"urlTemplate\":\"https:\/\/hongwiislaughter.com\/?s={search_term_string}\"},\"query-input\":{\"@type\":\"PropertyValueSpecification\",\"valueRequired\":true,\"valueName\":\"search_term_string\"}}],\"inLanguage\":\"es\"}]}<\/script>\n<!-- \/ Yoast SEO plugin. -->","yoast_head_json":{"title":"Una forma de aves de corral Defeathering m\u00e1quina - HongWii m\u00e1quina","robots":{"index":"index","follow":"follow","max-snippet":"max-snippet:-1","max-image-preview":"max-image-preview:large","max-video-preview":"max-video-preview:-1"},"canonical":"https:\/\/hongwiislaughter.com\/es\/product\/desplumadora-de-aves-de-corral\/","og_locale":"es_ES","og_type":"article","og_title":"A Shape Poultry Defeathering Machine - HongWii Machine","og_description":"This equipment achieves the effect of removing chicken feathers through roller friction and other methods. After loosening the feathers with this machine, the chicken surface is left intact and smooth, with even and effective defeathering results. The frame is entirely made of stainless steel, which is corrosion-resistant, rust-proof, durable, and visually appealing. The operation runs [&hellip;]","og_url":"https:\/\/hongwiislaughter.com\/es\/product\/desplumadora-de-aves-de-corral\/","og_site_name":"HongWii Machine","article_modified_time":"2024-07-26T08:42:53+00:00","og_image":[{"width":800,"height":800,"url":"https:\/\/hongwiislaughter.com\/wp-content\/uploads\/2024\/07\/A-Shape-Poultry-Defeathering-Machine.jpg","type":"image\/jpeg"}],"twitter_card":"summary_large_image","twitter_misc":{"Tiempo de lectura":"1 minuto"},"schema":{"@context":"https:\/\/schema.org","@graph":[{"@type":"WebPage","@id":"https:\/\/hongwiislaughter.com\/product\/a-shape-poultry-defeathering-machine\/","url":"https:\/\/hongwiislaughter.com\/product\/a-shape-poultry-defeathering-machine\/","name":"Una forma de aves de corral Defeathering m\u00e1quina - HongWii m\u00e1quina","isPartOf":{"@id":"https:\/\/hongwiislaughter.com\/#website"},"primaryImageOfPage":{"@id":"https:\/\/hongwiislaughter.com\/product\/a-shape-poultry-defeathering-machine\/#primaryimage"},"image":{"@id":"https:\/\/hongwiislaughter.com\/product\/a-shape-poultry-defeathering-machine\/#primaryimage"},"thumbnailUrl":"https:\/\/hongwiislaughter.com\/wp-content\/uploads\/2024\/07\/A-Shape-Poultry-Defeathering-Machine.jpg","datePublished":"2024-07-25T15:10:24+00:00","dateModified":"2024-07-26T08:42:53+00:00","breadcrumb":{"@id":"https:\/\/hongwiislaughter.com\/product\/a-shape-poultry-defeathering-machine\/#breadcrumb"},"inLanguage":"es","potentialAction":[{"@type":"ReadAction","target":["https:\/\/hongwiislaughter.com\/product\/a-shape-poultry-defeathering-machine\/"]}]},{"@type":"ImageObject","inLanguage":"es","@id":"https:\/\/hongwiislaughter.com\/product\/a-shape-poultry-defeathering-machine\/#primaryimage","url":"https:\/\/hongwiislaughter.com\/wp-content\/uploads\/2024\/07\/A-Shape-Poultry-Defeathering-Machine.jpg","contentUrl":"https:\/\/hongwiislaughter.com\/wp-content\/uploads\/2024\/07\/A-Shape-Poultry-Defeathering-Machine.jpg","width":800,"height":800},{"@type":"BreadcrumbList","@id":"https:\/\/hongwiislaughter.com\/product\/a-shape-poultry-defeathering-machine\/#breadcrumb","itemListElement":[{"@type":"ListItem","position":1,"name":"Home","item":"https:\/\/hongwiislaughter.com\/home\/"},{"@type":"ListItem","position":2,"name":"Products","item":"https:\/\/hongwiislaughter.com\/products\/"},{"@type":"ListItem","position":3,"name":"A Shape Poultry Defeathering Machine"}]},{"@type":"WebSite","@id":"https:\/\/hongwiislaughter.com\/#website","url":"https:\/\/hongwiislaughter.com\/","name":"M\u00e1quina HongWii","description":"","potentialAction":[{"@type":"SearchAction","target":{"@type":"EntryPoint","urlTemplate":"https:\/\/hongwiislaughter.com\/?s={search_term_string}"},"query-input":{"@type":"PropertyValueSpecification","valueRequired":true,"valueName":"search_term_string"}}],"inLanguage":"es"}]}},"_links":{"self":[{"href":"https:\/\/hongwiislaughter.com\/es\/wp-json\/wp\/v2\/product\/84","targetHints":{"allow":["GET"]}}],"collection":[{"href":"https:\/\/hongwiislaughter.com\/es\/wp-json\/wp\/v2\/product"}],"about":[{"href":"https:\/\/hongwiislaughter.com\/es\/wp-json\/wp\/v2\/types\/product"}],"wp:featuredmedia":[{"embeddable":true,"href":"https:\/\/hongwiislaughter.com\/es\/wp-json\/wp\/v2\/media\/85"}],"wp:attachment":[{"href":"https:\/\/hongwiislaughter.com\/es\/wp-json\/wp\/v2\/media?parent=84"}],"wp:term":[{"taxonomy":"product_brand","embeddable":true,"href":"https:\/\/hongwiislaughter.com\/es\/wp-json\/wp\/v2\/product_brand?post=84"},{"taxonomy":"product_cat","embeddable":true,"href":"https:\/\/hongwiislaughter.com\/es\/wp-json\/wp\/v2\/product_cat?post=84"},{"taxonomy":"product_tag","embeddable":true,"href":"https:\/\/hongwiislaughter.com\/es\/wp-json\/wp\/v2\/product_tag?post=84"}],"curies":[{"name":"wp","href":"https:\/\/api.w.org\/{rel}","templated":true}]}}