{"id":82,"date":"2024-07-25T15:01:20","date_gmt":"2024-07-25T15:01:20","guid":{"rendered":"https:\/\/hongwiislaughter.com\/?post_type=product&#038;p=82"},"modified":"2024-07-25T15:02:00","modified_gmt":"2024-07-25T15:02:00","slug":"preenfriador-espiral-de-3-cv","status":"publish","type":"product","link":"https:\/\/hongwiislaughter.com\/es\/product\/preenfriador-espiral-de-3-cv\/","title":{"rendered":"Preenfriador espiral de 3 CV"},"content":{"rendered":"<p>La aplicaci\u00f3n del preenfriador en espiral en el sacrificio de aves de corral se centra principalmente en los aspectos de enfriamiento, desacidificaci\u00f3n, desintoxicaci\u00f3n y limpieza de las canales de aves de corral faenadas.<\/p>\n<p>El preenfriador en espiral emplea una estructura especial de palas en espiral que puede impulsar uniformemente las canales de ave hacia delante en el tanque de preenfriamiento, garantizando al mismo tiempo un enfriamiento eficaz.<\/p>\n<p>El equipo est\u00e1 construido principalmente con materiales de acero inoxidable, que cumplen las normas de higiene alimentaria. Es resistente a la corrosi\u00f3n, f\u00e1cil de limpiar y capaz de garantizar la calidad higi\u00e9nica de los productos.<\/p>\n<h5>Caracter\u00edstica:<\/h5>\n<p>Tensi\u00f3n: 380V\/220V<br \/>\nDimensiones (largo*ancho*alto): personalizables<br \/>\nNombre: preenfriador espiral para matadero de pollos<br \/>\nMaterial:Acero inoxidable 304<\/p>","protected":false},"excerpt":{"rendered":"<p>The application of spiral pre-cooler in poultry slaughter mainly lies in the aspects of cooling, deacidification, detoxification, and cleaning of dressed poultry carcasses. The spiral pre-cooler employs a special spiral blade structure that can uniformly propel the poultry carcasses forward in the pre-cooling tank while ensuring efficient cooling. The equipment is primarily constructed with stainless [&hellip;]<\/p>","protected":false},"featured_media":83,"template":"","meta":[],"product_brand":[],"product_cat":[19],"product_tag":[],"class_list":{"0":"post-82","1":"product","2":"type-product","3":"status-publish","4":"has-post-thumbnail","6":"product_cat-poultry-slaughterhouse","8":"first","9":"instock","10":"shipping-taxable","11":"product-type-simple"},"yoast_head":"<!-- This site is optimized with the Yoast SEO plugin v24.5 - https:\/\/yoast.com\/wordpress\/plugins\/seo\/ -->\n<title>3hp Spiral Pre-Cooler - HongWii Machine<\/title>\n<meta name=\"robots\" content=\"index, follow, max-snippet:-1, max-image-preview:large, max-video-preview:-1\" \/>\n<link rel=\"canonical\" href=\"https:\/\/hongwiislaughter.com\/es\/product\/preenfriador-espiral-de-3-cv\/\" \/>\n<meta property=\"og:locale\" content=\"es_ES\" \/>\n<meta property=\"og:type\" content=\"article\" \/>\n<meta property=\"og:title\" content=\"3hp Spiral Pre-Cooler - HongWii Machine\" \/>\n<meta property=\"og:description\" content=\"The application of spiral pre-cooler in poultry slaughter mainly lies in the aspects of cooling, deacidification, detoxification, and cleaning of dressed poultry carcasses. The spiral pre-cooler employs a special spiral blade structure that can uniformly propel the poultry carcasses forward in the pre-cooling tank while ensuring efficient cooling. The equipment is primarily constructed with stainless [&hellip;]\" \/>\n<meta property=\"og:url\" content=\"https:\/\/hongwiislaughter.com\/es\/product\/preenfriador-espiral-de-3-cv\/\" \/>\n<meta property=\"og:site_name\" content=\"HongWii Machine\" \/>\n<meta property=\"article:modified_time\" content=\"2024-07-25T15:02:00+00:00\" \/>\n<meta property=\"og:image\" content=\"https:\/\/hongwiislaughter.com\/wp-content\/uploads\/2024\/07\/spiral-pre-cooler.jpg\" \/>\n\t<meta property=\"og:image:width\" content=\"800\" \/>\n\t<meta property=\"og:image:height\" content=\"800\" \/>\n\t<meta property=\"og:image:type\" content=\"image\/jpeg\" \/>\n<meta name=\"twitter:card\" content=\"summary_large_image\" \/>\n<meta name=\"twitter:label1\" content=\"Tiempo de lectura\" \/>\n\t<meta name=\"twitter:data1\" content=\"1 minuto\" \/>\n<script type=\"application\/ld+json\" class=\"yoast-schema-graph\">{\"@context\":\"https:\/\/schema.org\",\"@graph\":[{\"@type\":\"WebPage\",\"@id\":\"https:\/\/hongwiislaughter.com\/product\/3hp-spiral-pre-cooler\/\",\"url\":\"https:\/\/hongwiislaughter.com\/product\/3hp-spiral-pre-cooler\/\",\"name\":\"3hp Spiral Pre-Cooler - HongWii Machine\",\"isPartOf\":{\"@id\":\"https:\/\/hongwiislaughter.com\/#website\"},\"primaryImageOfPage\":{\"@id\":\"https:\/\/hongwiislaughter.com\/product\/3hp-spiral-pre-cooler\/#primaryimage\"},\"image\":{\"@id\":\"https:\/\/hongwiislaughter.com\/product\/3hp-spiral-pre-cooler\/#primaryimage\"},\"thumbnailUrl\":\"https:\/\/hongwiislaughter.com\/wp-content\/uploads\/2024\/07\/spiral-pre-cooler.jpg\",\"datePublished\":\"2024-07-25T15:01:20+00:00\",\"dateModified\":\"2024-07-25T15:02:00+00:00\",\"breadcrumb\":{\"@id\":\"https:\/\/hongwiislaughter.com\/product\/3hp-spiral-pre-cooler\/#breadcrumb\"},\"inLanguage\":\"es\",\"potentialAction\":[{\"@type\":\"ReadAction\",\"target\":[\"https:\/\/hongwiislaughter.com\/product\/3hp-spiral-pre-cooler\/\"]}]},{\"@type\":\"ImageObject\",\"inLanguage\":\"es\",\"@id\":\"https:\/\/hongwiislaughter.com\/product\/3hp-spiral-pre-cooler\/#primaryimage\",\"url\":\"https:\/\/hongwiislaughter.com\/wp-content\/uploads\/2024\/07\/spiral-pre-cooler.jpg\",\"contentUrl\":\"https:\/\/hongwiislaughter.com\/wp-content\/uploads\/2024\/07\/spiral-pre-cooler.jpg\",\"width\":800,\"height\":800,\"caption\":\"3hp Spiral Pre-Cooler\"},{\"@type\":\"BreadcrumbList\",\"@id\":\"https:\/\/hongwiislaughter.com\/product\/3hp-spiral-pre-cooler\/#breadcrumb\",\"itemListElement\":[{\"@type\":\"ListItem\",\"position\":1,\"name\":\"Home\",\"item\":\"https:\/\/hongwiislaughter.com\/home\/\"},{\"@type\":\"ListItem\",\"position\":2,\"name\":\"Products\",\"item\":\"https:\/\/hongwiislaughter.com\/products\/\"},{\"@type\":\"ListItem\",\"position\":3,\"name\":\"3hp Spiral Pre-Cooler\"}]},{\"@type\":\"WebSite\",\"@id\":\"https:\/\/hongwiislaughter.com\/#website\",\"url\":\"https:\/\/hongwiislaughter.com\/\",\"name\":\"HongWii Machine\",\"description\":\"\",\"potentialAction\":[{\"@type\":\"SearchAction\",\"target\":{\"@type\":\"EntryPoint\",\"urlTemplate\":\"https:\/\/hongwiislaughter.com\/?s={search_term_string}\"},\"query-input\":{\"@type\":\"PropertyValueSpecification\",\"valueRequired\":true,\"valueName\":\"search_term_string\"}}],\"inLanguage\":\"es\"}]}<\/script>\n<!-- \/ Yoast SEO plugin. -->","yoast_head_json":{"title":"Pre-enfriador espiral de 3hp - HongWii Machine","robots":{"index":"index","follow":"follow","max-snippet":"max-snippet:-1","max-image-preview":"max-image-preview:large","max-video-preview":"max-video-preview:-1"},"canonical":"https:\/\/hongwiislaughter.com\/es\/product\/preenfriador-espiral-de-3-cv\/","og_locale":"es_ES","og_type":"article","og_title":"3hp Spiral Pre-Cooler - HongWii Machine","og_description":"The application of spiral pre-cooler in poultry slaughter mainly lies in the aspects of cooling, deacidification, detoxification, and cleaning of dressed poultry carcasses. The spiral pre-cooler employs a special spiral blade structure that can uniformly propel the poultry carcasses forward in the pre-cooling tank while ensuring efficient cooling. The equipment is primarily constructed with stainless [&hellip;]","og_url":"https:\/\/hongwiislaughter.com\/es\/product\/preenfriador-espiral-de-3-cv\/","og_site_name":"HongWii Machine","article_modified_time":"2024-07-25T15:02:00+00:00","og_image":[{"width":800,"height":800,"url":"https:\/\/hongwiislaughter.com\/wp-content\/uploads\/2024\/07\/spiral-pre-cooler.jpg","type":"image\/jpeg"}],"twitter_card":"summary_large_image","twitter_misc":{"Tiempo de lectura":"1 minuto"},"schema":{"@context":"https:\/\/schema.org","@graph":[{"@type":"WebPage","@id":"https:\/\/hongwiislaughter.com\/product\/3hp-spiral-pre-cooler\/","url":"https:\/\/hongwiislaughter.com\/product\/3hp-spiral-pre-cooler\/","name":"Pre-enfriador espiral de 3hp - HongWii Machine","isPartOf":{"@id":"https:\/\/hongwiislaughter.com\/#website"},"primaryImageOfPage":{"@id":"https:\/\/hongwiislaughter.com\/product\/3hp-spiral-pre-cooler\/#primaryimage"},"image":{"@id":"https:\/\/hongwiislaughter.com\/product\/3hp-spiral-pre-cooler\/#primaryimage"},"thumbnailUrl":"https:\/\/hongwiislaughter.com\/wp-content\/uploads\/2024\/07\/spiral-pre-cooler.jpg","datePublished":"2024-07-25T15:01:20+00:00","dateModified":"2024-07-25T15:02:00+00:00","breadcrumb":{"@id":"https:\/\/hongwiislaughter.com\/product\/3hp-spiral-pre-cooler\/#breadcrumb"},"inLanguage":"es","potentialAction":[{"@type":"ReadAction","target":["https:\/\/hongwiislaughter.com\/product\/3hp-spiral-pre-cooler\/"]}]},{"@type":"ImageObject","inLanguage":"es","@id":"https:\/\/hongwiislaughter.com\/product\/3hp-spiral-pre-cooler\/#primaryimage","url":"https:\/\/hongwiislaughter.com\/wp-content\/uploads\/2024\/07\/spiral-pre-cooler.jpg","contentUrl":"https:\/\/hongwiislaughter.com\/wp-content\/uploads\/2024\/07\/spiral-pre-cooler.jpg","width":800,"height":800,"caption":"3hp Spiral Pre-Cooler"},{"@type":"BreadcrumbList","@id":"https:\/\/hongwiislaughter.com\/product\/3hp-spiral-pre-cooler\/#breadcrumb","itemListElement":[{"@type":"ListItem","position":1,"name":"Home","item":"https:\/\/hongwiislaughter.com\/home\/"},{"@type":"ListItem","position":2,"name":"Products","item":"https:\/\/hongwiislaughter.com\/products\/"},{"@type":"ListItem","position":3,"name":"3hp Spiral Pre-Cooler"}]},{"@type":"WebSite","@id":"https:\/\/hongwiislaughter.com\/#website","url":"https:\/\/hongwiislaughter.com\/","name":"M\u00e1quina HongWii","description":"","potentialAction":[{"@type":"SearchAction","target":{"@type":"EntryPoint","urlTemplate":"https:\/\/hongwiislaughter.com\/?s={search_term_string}"},"query-input":{"@type":"PropertyValueSpecification","valueRequired":true,"valueName":"search_term_string"}}],"inLanguage":"es"}]}},"_links":{"self":[{"href":"https:\/\/hongwiislaughter.com\/es\/wp-json\/wp\/v2\/product\/82","targetHints":{"allow":["GET"]}}],"collection":[{"href":"https:\/\/hongwiislaughter.com\/es\/wp-json\/wp\/v2\/product"}],"about":[{"href":"https:\/\/hongwiislaughter.com\/es\/wp-json\/wp\/v2\/types\/product"}],"wp:featuredmedia":[{"embeddable":true,"href":"https:\/\/hongwiislaughter.com\/es\/wp-json\/wp\/v2\/media\/83"}],"wp:attachment":[{"href":"https:\/\/hongwiislaughter.com\/es\/wp-json\/wp\/v2\/media?parent=82"}],"wp:term":[{"taxonomy":"product_brand","embeddable":true,"href":"https:\/\/hongwiislaughter.com\/es\/wp-json\/wp\/v2\/product_brand?post=82"},{"taxonomy":"product_cat","embeddable":true,"href":"https:\/\/hongwiislaughter.com\/es\/wp-json\/wp\/v2\/product_cat?post=82"},{"taxonomy":"product_tag","embeddable":true,"href":"https:\/\/hongwiislaughter.com\/es\/wp-json\/wp\/v2\/product_tag?post=82"}],"curies":[{"name":"wp","href":"https:\/\/api.w.org\/{rel}","templated":true}]}}