{"id":729,"date":"2025-04-22T06:54:27","date_gmt":"2025-04-22T06:54:27","guid":{"rendered":"https:\/\/hongwiislaughter.com\/?post_type=product&#038;p=729"},"modified":"2025-04-22T06:54:27","modified_gmt":"2025-04-22T06:54:27","slug":"desangrado-de-cerdos-transportador-plano","status":"publish","type":"product","link":"https:\/\/hongwiislaughter.com\/es\/product\/desangrado-de-cerdos-transportador-plano\/","title":{"rendered":"Cinta transportadora plana para desangrar cerdos"},"content":{"rendered":"","protected":false},"excerpt":{"rendered":"<p>Aplicar sangr\u00edas a cerdos que han sido <a href=\"https:\/\/hongwiislaughter.com\/es\/product\/hand-held-electrical-stunner-3\/\">picado<\/a> en muy poco tiempo (el mejor momento para inducir el mareo) reduce la respuesta de estr\u00e9s provocada por la sangr\u00eda y, adem\u00e1s, est\u00e1 en consonancia con el bienestar animal.<\/p>\n<p>El tiempo de sangrado de los cerdos en el transportador es de 40-60 segundos, lo que permite liberar la mayor parte de la sangre y reducir la contaminaci\u00f3n de la sangre por los desechos corporales de los cerdos que cuelgan sangrando.<\/p>","protected":false},"featured_media":730,"template":"","meta":[],"product_brand":[],"product_cat":[25,17],"product_tag":[],"class_list":{"0":"post-729","1":"product","2":"type-product","3":"status-publish","4":"has-post-thumbnail","6":"product_cat-pig-bleeding-equipments","7":"product_cat-pig-slaughterhouse","9":"first","10":"instock","11":"shipping-taxable","12":"product-type-simple"},"yoast_head":"<!-- This site is optimized with the Yoast SEO plugin v24.5 - https:\/\/yoast.com\/wordpress\/plugins\/seo\/ -->\n<title>Pig bloodletting flat conveyor - HongWii Machine<\/title>\n<meta name=\"robots\" content=\"index, follow, max-snippet:-1, max-image-preview:large, max-video-preview:-1\" \/>\n<link rel=\"canonical\" href=\"https:\/\/hongwiislaughter.com\/es\/product\/desangrado-de-cerdos-transportador-plano\/\" \/>\n<meta property=\"og:locale\" content=\"es_ES\" \/>\n<meta property=\"og:type\" content=\"article\" \/>\n<meta property=\"og:title\" content=\"Pig bloodletting flat conveyor - HongWii Machine\" \/>\n<meta property=\"og:description\" content=\"Implementing bloodletting on pigs that have been stung in a very short period of time (the best time for inducing dizziness) reduces the stress response caused by bloodletting and is also in line with animal welfare.  The bleeding time of pigs on the conveyor is 40-60 seconds, allowing most of the blood to be released and reducing the contamination of blood by hanging bleeding pig body waste.\" \/>\n<meta property=\"og:url\" content=\"https:\/\/hongwiislaughter.com\/es\/product\/desangrado-de-cerdos-transportador-plano\/\" \/>\n<meta property=\"og:site_name\" content=\"HongWii Machine\" \/>\n<meta property=\"og:image\" content=\"https:\/\/hongwiislaughter.com\/wp-content\/uploads\/2025\/04\/Pig-bloodletting-flat-conveyor.jpg\" \/>\n\t<meta property=\"og:image:width\" content=\"504\" \/>\n\t<meta property=\"og:image:height\" content=\"404\" \/>\n\t<meta property=\"og:image:type\" content=\"image\/jpeg\" \/>\n<meta name=\"twitter:card\" content=\"summary_large_image\" \/>\n<meta name=\"twitter:label1\" content=\"Tiempo de lectura\" \/>\n\t<meta name=\"twitter:data1\" content=\"1 minuto\" \/>\n<script type=\"application\/ld+json\" class=\"yoast-schema-graph\">{\"@context\":\"https:\/\/schema.org\",\"@graph\":[{\"@type\":\"WebPage\",\"@id\":\"https:\/\/hongwiislaughter.com\/product\/pig-bloodletting-flat-conveyor\/\",\"url\":\"https:\/\/hongwiislaughter.com\/product\/pig-bloodletting-flat-conveyor\/\",\"name\":\"Pig bloodletting flat conveyor - HongWii Machine\",\"isPartOf\":{\"@id\":\"https:\/\/hongwiislaughter.com\/#website\"},\"primaryImageOfPage\":{\"@id\":\"https:\/\/hongwiislaughter.com\/product\/pig-bloodletting-flat-conveyor\/#primaryimage\"},\"image\":{\"@id\":\"https:\/\/hongwiislaughter.com\/product\/pig-bloodletting-flat-conveyor\/#primaryimage\"},\"thumbnailUrl\":\"https:\/\/hongwiislaughter.com\/wp-content\/uploads\/2025\/04\/Pig-bloodletting-flat-conveyor.jpg\",\"datePublished\":\"2025-04-22T06:54:27+00:00\",\"breadcrumb\":{\"@id\":\"https:\/\/hongwiislaughter.com\/product\/pig-bloodletting-flat-conveyor\/#breadcrumb\"},\"inLanguage\":\"es\",\"potentialAction\":[{\"@type\":\"ReadAction\",\"target\":[\"https:\/\/hongwiislaughter.com\/product\/pig-bloodletting-flat-conveyor\/\"]}]},{\"@type\":\"ImageObject\",\"inLanguage\":\"es\",\"@id\":\"https:\/\/hongwiislaughter.com\/product\/pig-bloodletting-flat-conveyor\/#primaryimage\",\"url\":\"https:\/\/hongwiislaughter.com\/wp-content\/uploads\/2025\/04\/Pig-bloodletting-flat-conveyor.jpg\",\"contentUrl\":\"https:\/\/hongwiislaughter.com\/wp-content\/uploads\/2025\/04\/Pig-bloodletting-flat-conveyor.jpg\",\"width\":504,\"height\":404},{\"@type\":\"BreadcrumbList\",\"@id\":\"https:\/\/hongwiislaughter.com\/product\/pig-bloodletting-flat-conveyor\/#breadcrumb\",\"itemListElement\":[{\"@type\":\"ListItem\",\"position\":1,\"name\":\"Home\",\"item\":\"https:\/\/hongwiislaughter.com\/home\/\"},{\"@type\":\"ListItem\",\"position\":2,\"name\":\"Products\",\"item\":\"https:\/\/hongwiislaughter.com\/products\/\"},{\"@type\":\"ListItem\",\"position\":3,\"name\":\"Pig bloodletting flat conveyor\"}]},{\"@type\":\"WebSite\",\"@id\":\"https:\/\/hongwiislaughter.com\/#website\",\"url\":\"https:\/\/hongwiislaughter.com\/\",\"name\":\"HongWii Machine\",\"description\":\"\",\"potentialAction\":[{\"@type\":\"SearchAction\",\"target\":{\"@type\":\"EntryPoint\",\"urlTemplate\":\"https:\/\/hongwiislaughter.com\/?s={search_term_string}\"},\"query-input\":{\"@type\":\"PropertyValueSpecification\",\"valueRequired\":true,\"valueName\":\"search_term_string\"}}],\"inLanguage\":\"es\"}]}<\/script>\n<!-- \/ Yoast SEO plugin. -->","yoast_head_json":{"title":"Bloodletting cerdo transportador plano - HongWii Machine","robots":{"index":"index","follow":"follow","max-snippet":"max-snippet:-1","max-image-preview":"max-image-preview:large","max-video-preview":"max-video-preview:-1"},"canonical":"https:\/\/hongwiislaughter.com\/es\/product\/desangrado-de-cerdos-transportador-plano\/","og_locale":"es_ES","og_type":"article","og_title":"Pig bloodletting flat conveyor - HongWii Machine","og_description":"Implementing bloodletting on pigs that have been stung in a very short period of time (the best time for inducing dizziness) reduces the stress response caused by bloodletting and is also in line with animal welfare.  The bleeding time of pigs on the conveyor is 40-60 seconds, allowing most of the blood to be released and reducing the contamination of blood by hanging bleeding pig body waste.","og_url":"https:\/\/hongwiislaughter.com\/es\/product\/desangrado-de-cerdos-transportador-plano\/","og_site_name":"HongWii Machine","og_image":[{"width":504,"height":404,"url":"https:\/\/hongwiislaughter.com\/wp-content\/uploads\/2025\/04\/Pig-bloodletting-flat-conveyor.jpg","type":"image\/jpeg"}],"twitter_card":"summary_large_image","twitter_misc":{"Tiempo de lectura":"1 minuto"},"schema":{"@context":"https:\/\/schema.org","@graph":[{"@type":"WebPage","@id":"https:\/\/hongwiislaughter.com\/product\/pig-bloodletting-flat-conveyor\/","url":"https:\/\/hongwiislaughter.com\/product\/pig-bloodletting-flat-conveyor\/","name":"Bloodletting cerdo transportador plano - HongWii Machine","isPartOf":{"@id":"https:\/\/hongwiislaughter.com\/#website"},"primaryImageOfPage":{"@id":"https:\/\/hongwiislaughter.com\/product\/pig-bloodletting-flat-conveyor\/#primaryimage"},"image":{"@id":"https:\/\/hongwiislaughter.com\/product\/pig-bloodletting-flat-conveyor\/#primaryimage"},"thumbnailUrl":"https:\/\/hongwiislaughter.com\/wp-content\/uploads\/2025\/04\/Pig-bloodletting-flat-conveyor.jpg","datePublished":"2025-04-22T06:54:27+00:00","breadcrumb":{"@id":"https:\/\/hongwiislaughter.com\/product\/pig-bloodletting-flat-conveyor\/#breadcrumb"},"inLanguage":"es","potentialAction":[{"@type":"ReadAction","target":["https:\/\/hongwiislaughter.com\/product\/pig-bloodletting-flat-conveyor\/"]}]},{"@type":"ImageObject","inLanguage":"es","@id":"https:\/\/hongwiislaughter.com\/product\/pig-bloodletting-flat-conveyor\/#primaryimage","url":"https:\/\/hongwiislaughter.com\/wp-content\/uploads\/2025\/04\/Pig-bloodletting-flat-conveyor.jpg","contentUrl":"https:\/\/hongwiislaughter.com\/wp-content\/uploads\/2025\/04\/Pig-bloodletting-flat-conveyor.jpg","width":504,"height":404},{"@type":"BreadcrumbList","@id":"https:\/\/hongwiislaughter.com\/product\/pig-bloodletting-flat-conveyor\/#breadcrumb","itemListElement":[{"@type":"ListItem","position":1,"name":"Home","item":"https:\/\/hongwiislaughter.com\/home\/"},{"@type":"ListItem","position":2,"name":"Products","item":"https:\/\/hongwiislaughter.com\/products\/"},{"@type":"ListItem","position":3,"name":"Pig bloodletting flat conveyor"}]},{"@type":"WebSite","@id":"https:\/\/hongwiislaughter.com\/#website","url":"https:\/\/hongwiislaughter.com\/","name":"M\u00e1quina HongWii","description":"","potentialAction":[{"@type":"SearchAction","target":{"@type":"EntryPoint","urlTemplate":"https:\/\/hongwiislaughter.com\/?s={search_term_string}"},"query-input":{"@type":"PropertyValueSpecification","valueRequired":true,"valueName":"search_term_string"}}],"inLanguage":"es"}]}},"_links":{"self":[{"href":"https:\/\/hongwiislaughter.com\/es\/wp-json\/wp\/v2\/product\/729","targetHints":{"allow":["GET"]}}],"collection":[{"href":"https:\/\/hongwiislaughter.com\/es\/wp-json\/wp\/v2\/product"}],"about":[{"href":"https:\/\/hongwiislaughter.com\/es\/wp-json\/wp\/v2\/types\/product"}],"wp:featuredmedia":[{"embeddable":true,"href":"https:\/\/hongwiislaughter.com\/es\/wp-json\/wp\/v2\/media\/730"}],"wp:attachment":[{"href":"https:\/\/hongwiislaughter.com\/es\/wp-json\/wp\/v2\/media?parent=729"}],"wp:term":[{"taxonomy":"product_brand","embeddable":true,"href":"https:\/\/hongwiislaughter.com\/es\/wp-json\/wp\/v2\/product_brand?post=729"},{"taxonomy":"product_cat","embeddable":true,"href":"https:\/\/hongwiislaughter.com\/es\/wp-json\/wp\/v2\/product_cat?post=729"},{"taxonomy":"product_tag","embeddable":true,"href":"https:\/\/hongwiislaughter.com\/es\/wp-json\/wp\/v2\/product_tag?post=729"}],"curies":[{"name":"wp","href":"https:\/\/api.w.org\/{rel}","templated":true}]}}