{"id":525,"date":"2024-12-22T10:14:54","date_gmt":"2024-12-22T10:14:54","guid":{"rendered":"https:\/\/hongwiislaughter.com\/?post_type=product&#038;p=525"},"modified":"2024-12-22T10:14:54","modified_gmt":"2024-12-22T10:14:54","slug":"small-horizontal-mixing-and-scalding-machine","status":"publish","type":"product","link":"https:\/\/hongwiislaughter.com\/es\/product\/small-horizontal-mixing-and-scalding-machine\/","title":{"rendered":"(Peque\u00f1a) Mezcladora y escaldadora horizontal"},"content":{"rendered":"","protected":false},"excerpt":{"rendered":"<p>Este equipo se utiliza en el proceso de escaldado de aves de corral como pollos, patos y gansos. Los cuerpos de las aves de corral se introducen en la piscina de escaldado manualmente en lotes, y los cuerpos de las aves de corral se escaldan en la agitaci\u00f3n continua de la varilla de goma de mezcla. Una vez escaldadas, se pescan manualmente. El m\u00e9todo de escaldado intermitente es adecuado para peque\u00f1as plantas de sacrificio y procesamiento o talleres de sacrificio manual. A menudo se utiliza junto con una (peque\u00f1a) m\u00e1quina horizontal de eliminaci\u00f3n de plumas.<br \/>\nInstrucciones:<br \/>\n1. This equipment can be divided into two types according to the pool water heating method. One is heated directly or indirectly by steam (through heat exchange), and the other is heated by electric heating pipes (heat exchange type).<br \/>\n2. The water level is adjusted manually or automatically, and the water temperature is manually controlled.<\/p>","protected":false},"featured_media":526,"template":"","meta":[],"product_brand":[],"product_cat":[19],"product_tag":[],"class_list":{"0":"post-525","1":"product","2":"type-product","3":"status-publish","4":"has-post-thumbnail","6":"product_cat-poultry-slaughterhouse","8":"first","9":"instock","10":"shipping-taxable","11":"product-type-simple"},"yoast_head":"<!-- This site is optimized with the Yoast SEO plugin v24.5 - https:\/\/yoast.com\/wordpress\/plugins\/seo\/ -->\n<title>(Small) Horizontal mixing and scalding machine - HongWii Machine<\/title>\n<meta name=\"robots\" content=\"index, follow, max-snippet:-1, max-image-preview:large, max-video-preview:-1\" \/>\n<link rel=\"canonical\" href=\"https:\/\/hongwiislaughter.com\/es\/product\/small-horizontal-mixing-and-scalding-machine\/\" \/>\n<meta property=\"og:locale\" content=\"es_ES\" \/>\n<meta property=\"og:type\" content=\"article\" \/>\n<meta property=\"og:title\" content=\"(Small) Horizontal mixing and scalding machine - HongWii Machine\" \/>\n<meta property=\"og:description\" content=\"This equipment is used in the scalding process of poultry such as chickens, ducks, and geese. The poultry bodies are put into the scalding pool manually in batches, and the poultry bodies are scalded in the continuous stirring of the mixing rubber stick. After scalding, they are fished out manually. The intermittent scalding method is suitable for small slaughtering and processing plants or manual slaughtering workshops. It is often used in conjunction with a (small) horizontal feather removal machine. Instructions: 1. This equipment can be divided into two types according to the pool water heating method. One is heated directly or indirectly by steam (through heat exchange), and the other is heated by electric heating pipes (heat exchange type). 2. The water level is adjusted manually or automatically, and the water temperature is manually controlled.\" \/>\n<meta property=\"og:url\" content=\"https:\/\/hongwiislaughter.com\/es\/product\/small-horizontal-mixing-and-scalding-machine\/\" \/>\n<meta property=\"og:site_name\" content=\"HongWii Machine\" \/>\n<meta property=\"og:image\" content=\"https:\/\/hongwiislaughter.com\/wp-content\/uploads\/2024\/12\/Small-Horizontal-mixing-and-scalding-machine.jpeg\" \/>\n\t<meta property=\"og:image:width\" content=\"2028\" \/>\n\t<meta property=\"og:image:height\" content=\"2028\" \/>\n\t<meta property=\"og:image:type\" content=\"image\/jpeg\" \/>\n<meta name=\"twitter:card\" content=\"summary_large_image\" \/>\n<meta name=\"twitter:label1\" content=\"Tiempo de lectura\" \/>\n\t<meta name=\"twitter:data1\" content=\"1 minuto\" \/>\n<script type=\"application\/ld+json\" class=\"yoast-schema-graph\">{\"@context\":\"https:\/\/schema.org\",\"@graph\":[{\"@type\":\"WebPage\",\"@id\":\"https:\/\/hongwiislaughter.com\/product\/small-horizontal-mixing-and-scalding-machine\/\",\"url\":\"https:\/\/hongwiislaughter.com\/product\/small-horizontal-mixing-and-scalding-machine\/\",\"name\":\"(Small) Horizontal mixing and scalding machine - HongWii Machine\",\"isPartOf\":{\"@id\":\"https:\/\/hongwiislaughter.com\/#website\"},\"primaryImageOfPage\":{\"@id\":\"https:\/\/hongwiislaughter.com\/product\/small-horizontal-mixing-and-scalding-machine\/#primaryimage\"},\"image\":{\"@id\":\"https:\/\/hongwiislaughter.com\/product\/small-horizontal-mixing-and-scalding-machine\/#primaryimage\"},\"thumbnailUrl\":\"https:\/\/hongwiislaughter.com\/wp-content\/uploads\/2024\/12\/Small-Horizontal-mixing-and-scalding-machine.jpeg\",\"datePublished\":\"2024-12-22T10:14:54+00:00\",\"breadcrumb\":{\"@id\":\"https:\/\/hongwiislaughter.com\/product\/small-horizontal-mixing-and-scalding-machine\/#breadcrumb\"},\"inLanguage\":\"es\",\"potentialAction\":[{\"@type\":\"ReadAction\",\"target\":[\"https:\/\/hongwiislaughter.com\/product\/small-horizontal-mixing-and-scalding-machine\/\"]}]},{\"@type\":\"ImageObject\",\"inLanguage\":\"es\",\"@id\":\"https:\/\/hongwiislaughter.com\/product\/small-horizontal-mixing-and-scalding-machine\/#primaryimage\",\"url\":\"https:\/\/hongwiislaughter.com\/wp-content\/uploads\/2024\/12\/Small-Horizontal-mixing-and-scalding-machine.jpeg\",\"contentUrl\":\"https:\/\/hongwiislaughter.com\/wp-content\/uploads\/2024\/12\/Small-Horizontal-mixing-and-scalding-machine.jpeg\",\"width\":2028,\"height\":2028,\"caption\":\"This equipment is used in the scalding process of poultry such as chickens, ducks, and geese. The poultry bodies are put into the scalding pool manually in batches, and the poultry bodies are scalded in the continuous stirring of the mixing rubber stick. After scalding, they are fished out manually. The intermittent scalding method is suitable for small slaughtering and processing plants or manual slaughtering workshops. It is often used in conjunction with a (small) horizontal feather removal machine.\"},{\"@type\":\"BreadcrumbList\",\"@id\":\"https:\/\/hongwiislaughter.com\/product\/small-horizontal-mixing-and-scalding-machine\/#breadcrumb\",\"itemListElement\":[{\"@type\":\"ListItem\",\"position\":1,\"name\":\"Home\",\"item\":\"https:\/\/hongwiislaughter.com\/home\/\"},{\"@type\":\"ListItem\",\"position\":2,\"name\":\"Products\",\"item\":\"https:\/\/hongwiislaughter.com\/products\/\"},{\"@type\":\"ListItem\",\"position\":3,\"name\":\"(Small) Horizontal mixing and scalding machine\"}]},{\"@type\":\"WebSite\",\"@id\":\"https:\/\/hongwiislaughter.com\/#website\",\"url\":\"https:\/\/hongwiislaughter.com\/\",\"name\":\"HongWii Machine\",\"description\":\"\",\"potentialAction\":[{\"@type\":\"SearchAction\",\"target\":{\"@type\":\"EntryPoint\",\"urlTemplate\":\"https:\/\/hongwiislaughter.com\/?s={search_term_string}\"},\"query-input\":{\"@type\":\"PropertyValueSpecification\",\"valueRequired\":true,\"valueName\":\"search_term_string\"}}],\"inLanguage\":\"es\"}]}<\/script>\n<!-- \/ Yoast SEO plugin. -->","yoast_head_json":{"title":"(Small) Horizontal mixing and scalding machine - HongWii Machine","robots":{"index":"index","follow":"follow","max-snippet":"max-snippet:-1","max-image-preview":"max-image-preview:large","max-video-preview":"max-video-preview:-1"},"canonical":"https:\/\/hongwiislaughter.com\/es\/product\/small-horizontal-mixing-and-scalding-machine\/","og_locale":"es_ES","og_type":"article","og_title":"(Small) Horizontal mixing and scalding machine - HongWii Machine","og_description":"This equipment is used in the scalding process of poultry such as chickens, ducks, and geese. The poultry bodies are put into the scalding pool manually in batches, and the poultry bodies are scalded in the continuous stirring of the mixing rubber stick. After scalding, they are fished out manually. The intermittent scalding method is suitable for small slaughtering and processing plants or manual slaughtering workshops. It is often used in conjunction with a (small) horizontal feather removal machine. Instructions: 1. This equipment can be divided into two types according to the pool water heating method. One is heated directly or indirectly by steam (through heat exchange), and the other is heated by electric heating pipes (heat exchange type). 2. The water level is adjusted manually or automatically, and the water temperature is manually controlled.","og_url":"https:\/\/hongwiislaughter.com\/es\/product\/small-horizontal-mixing-and-scalding-machine\/","og_site_name":"HongWii Machine","og_image":[{"width":2028,"height":2028,"url":"https:\/\/hongwiislaughter.com\/wp-content\/uploads\/2024\/12\/Small-Horizontal-mixing-and-scalding-machine.jpeg","type":"image\/jpeg"}],"twitter_card":"summary_large_image","twitter_misc":{"Tiempo de lectura":"1 minuto"},"schema":{"@context":"https:\/\/schema.org","@graph":[{"@type":"WebPage","@id":"https:\/\/hongwiislaughter.com\/product\/small-horizontal-mixing-and-scalding-machine\/","url":"https:\/\/hongwiislaughter.com\/product\/small-horizontal-mixing-and-scalding-machine\/","name":"(Small) Horizontal mixing and scalding machine - HongWii Machine","isPartOf":{"@id":"https:\/\/hongwiislaughter.com\/#website"},"primaryImageOfPage":{"@id":"https:\/\/hongwiislaughter.com\/product\/small-horizontal-mixing-and-scalding-machine\/#primaryimage"},"image":{"@id":"https:\/\/hongwiislaughter.com\/product\/small-horizontal-mixing-and-scalding-machine\/#primaryimage"},"thumbnailUrl":"https:\/\/hongwiislaughter.com\/wp-content\/uploads\/2024\/12\/Small-Horizontal-mixing-and-scalding-machine.jpeg","datePublished":"2024-12-22T10:14:54+00:00","breadcrumb":{"@id":"https:\/\/hongwiislaughter.com\/product\/small-horizontal-mixing-and-scalding-machine\/#breadcrumb"},"inLanguage":"es","potentialAction":[{"@type":"ReadAction","target":["https:\/\/hongwiislaughter.com\/product\/small-horizontal-mixing-and-scalding-machine\/"]}]},{"@type":"ImageObject","inLanguage":"es","@id":"https:\/\/hongwiislaughter.com\/product\/small-horizontal-mixing-and-scalding-machine\/#primaryimage","url":"https:\/\/hongwiislaughter.com\/wp-content\/uploads\/2024\/12\/Small-Horizontal-mixing-and-scalding-machine.jpeg","contentUrl":"https:\/\/hongwiislaughter.com\/wp-content\/uploads\/2024\/12\/Small-Horizontal-mixing-and-scalding-machine.jpeg","width":2028,"height":2028,"caption":"This equipment is used in the scalding process of poultry such as chickens, ducks, and geese. The poultry bodies are put into the scalding pool manually in batches, and the poultry bodies are scalded in the continuous stirring of the mixing rubber stick. After scalding, they are fished out manually. The intermittent scalding method is suitable for small slaughtering and processing plants or manual slaughtering workshops. It is often used in conjunction with a (small) horizontal feather removal machine."},{"@type":"BreadcrumbList","@id":"https:\/\/hongwiislaughter.com\/product\/small-horizontal-mixing-and-scalding-machine\/#breadcrumb","itemListElement":[{"@type":"ListItem","position":1,"name":"Home","item":"https:\/\/hongwiislaughter.com\/home\/"},{"@type":"ListItem","position":2,"name":"Products","item":"https:\/\/hongwiislaughter.com\/products\/"},{"@type":"ListItem","position":3,"name":"(Small) Horizontal mixing and scalding machine"}]},{"@type":"WebSite","@id":"https:\/\/hongwiislaughter.com\/#website","url":"https:\/\/hongwiislaughter.com\/","name":"M\u00e1quina HongWii","description":"","potentialAction":[{"@type":"SearchAction","target":{"@type":"EntryPoint","urlTemplate":"https:\/\/hongwiislaughter.com\/?s={search_term_string}"},"query-input":{"@type":"PropertyValueSpecification","valueRequired":true,"valueName":"search_term_string"}}],"inLanguage":"es"}]}},"_links":{"self":[{"href":"https:\/\/hongwiislaughter.com\/es\/wp-json\/wp\/v2\/product\/525","targetHints":{"allow":["GET"]}}],"collection":[{"href":"https:\/\/hongwiislaughter.com\/es\/wp-json\/wp\/v2\/product"}],"about":[{"href":"https:\/\/hongwiislaughter.com\/es\/wp-json\/wp\/v2\/types\/product"}],"wp:featuredmedia":[{"embeddable":true,"href":"https:\/\/hongwiislaughter.com\/es\/wp-json\/wp\/v2\/media\/526"}],"wp:attachment":[{"href":"https:\/\/hongwiislaughter.com\/es\/wp-json\/wp\/v2\/media?parent=525"}],"wp:term":[{"taxonomy":"product_brand","embeddable":true,"href":"https:\/\/hongwiislaughter.com\/es\/wp-json\/wp\/v2\/product_brand?post=525"},{"taxonomy":"product_cat","embeddable":true,"href":"https:\/\/hongwiislaughter.com\/es\/wp-json\/wp\/v2\/product_cat?post=525"},{"taxonomy":"product_tag","embeddable":true,"href":"https:\/\/hongwiislaughter.com\/es\/wp-json\/wp\/v2\/product_tag?post=525"}],"curies":[{"name":"wp","href":"https:\/\/api.w.org\/{rel}","templated":true}]}}