{"id":522,"date":"2024-12-22T10:07:58","date_gmt":"2024-12-22T10:07:58","guid":{"rendered":"https:\/\/hongwiislaughter.com\/?post_type=product&#038;p=522"},"modified":"2024-12-22T10:07:58","modified_gmt":"2024-12-22T10:07:58","slug":"air-blowing-and-spraying-type-scalding-machine","status":"publish","type":"product","link":"https:\/\/hongwiislaughter.com\/es\/product\/air-blowing-and-spraying-type-scalding-machine\/","title":{"rendered":"M\u00e1quina de escaldado por soplado de aire y pulverizaci\u00f3n"},"content":{"rendered":"","protected":false},"excerpt":{"rendered":"<p>Este equipo est\u00e1 conectado con la v\u00eda en forma de T del transportador colgante de matanza y se utiliza en el proceso de escaldado colgante de pollos, patos, gansos y otras aves de corral. Despu\u00e9s de que las aves de corral colgadas son arrastradas por la cadena de anclaje y sumergidas en la piscina, se soplan continuamente burbujas y se roc\u00eda agua a las aves de corral para lograr el efecto de aflojamiento completo del pelo y escaldado. Este m\u00e9todo de escaldado es coherente y eficaz, adecuado para plantas de sacrificio y procesado grandes y medianas. A menudo se utiliza junto con una m\u00e1quina vertical de eliminaci\u00f3n de plumas, y tambi\u00e9n puede utilizarse junto con una m\u00e1quina horizontal de eliminaci\u00f3n de plumas planas.<br \/>\nInstrucciones:<br \/>\n1. The equipment generates bubbles by a blower; multiple motors are set to drive the spiral blades to rotate and stir respectively to achieve the circulation and spraying of water flow and keep the water temperature uniform.<br \/>\n2. Steam is used to heat the pool water directly or indirectly (through heat exchange), the water temperature is automatically adjusted, and the water level is manually or automatically adjusted; the pool body adopts a closed structure, and curtains are set at the entrance and exit of the poultry.<br \/>\n3. The fuselage length can be customized according to the actual needs of users.<\/p>","protected":false},"featured_media":523,"template":"","meta":[],"product_brand":[],"product_cat":[19],"product_tag":[],"class_list":{"0":"post-522","1":"product","2":"type-product","3":"status-publish","4":"has-post-thumbnail","6":"product_cat-poultry-slaughterhouse","8":"first","9":"instock","10":"shipping-taxable","11":"product-type-simple"},"yoast_head":"<!-- This site is optimized with the Yoast SEO plugin v24.5 - https:\/\/yoast.com\/wordpress\/plugins\/seo\/ -->\n<title>Air-blowing and spraying type scalding machine - HongWii Machine<\/title>\n<meta name=\"robots\" content=\"index, follow, max-snippet:-1, max-image-preview:large, max-video-preview:-1\" \/>\n<link rel=\"canonical\" href=\"https:\/\/hongwiislaughter.com\/es\/product\/air-blowing-and-spraying-type-scalding-machine\/\" \/>\n<meta property=\"og:locale\" content=\"es_ES\" \/>\n<meta property=\"og:type\" content=\"article\" \/>\n<meta property=\"og:title\" content=\"Air-blowing and spraying type scalding machine - HongWii Machine\" \/>\n<meta property=\"og:description\" content=\"This equipment is connected with the T-shaped track of the slaughter hanging conveyor and is used in the hanging scalding process of chickens, ducks, geese and other poultry. After the hanging poultry is dragged by the anchor chain and immersed in the pool, bubbles are continuously blown and water is sprayed to the poultry to achieve the effect of full hair loosening and scalding. This scalding method is coherent and efficient, suitable for large and medium-sized slaughtering and processing plants. It is often used in conjunction with a vertical feather removal machine, and can also be used in conjunction with a horizontal flat feather removal machine. Instructions: 1. The equipment generates bubbles by a blower; multiple motors are set to drive the spiral blades to rotate and stir respectively to achieve the circulation and spraying of water flow and keep the water temperature uniform. 2. Steam is used to heat the pool water directly or indirectly (through heat exchange), the water temperature is automatically adjusted, and the water level is manually or automatically adjusted; the pool body adopts a closed structure, and curtains are set at the entrance and exit of the poultry. 3. The fuselage length can be customized according to the actual needs of users.\" \/>\n<meta property=\"og:url\" content=\"https:\/\/hongwiislaughter.com\/es\/product\/air-blowing-and-spraying-type-scalding-machine\/\" \/>\n<meta property=\"og:site_name\" content=\"HongWii Machine\" \/>\n<meta property=\"og:image\" content=\"https:\/\/hongwiislaughter.com\/wp-content\/uploads\/2024\/12\/Air-blowing-and-spraying-type-scalding-machine.jpeg\" \/>\n\t<meta property=\"og:image:width\" content=\"1704\" \/>\n\t<meta property=\"og:image:height\" content=\"1704\" \/>\n\t<meta property=\"og:image:type\" content=\"image\/jpeg\" \/>\n<meta name=\"twitter:card\" content=\"summary_large_image\" \/>\n<meta name=\"twitter:label1\" content=\"Tiempo de lectura\" \/>\n\t<meta name=\"twitter:data1\" content=\"1 minuto\" \/>\n<script type=\"application\/ld+json\" class=\"yoast-schema-graph\">{\"@context\":\"https:\/\/schema.org\",\"@graph\":[{\"@type\":\"WebPage\",\"@id\":\"https:\/\/hongwiislaughter.com\/product\/air-blowing-and-spraying-type-scalding-machine\/\",\"url\":\"https:\/\/hongwiislaughter.com\/product\/air-blowing-and-spraying-type-scalding-machine\/\",\"name\":\"Air-blowing and spraying type scalding machine - HongWii Machine\",\"isPartOf\":{\"@id\":\"https:\/\/hongwiislaughter.com\/#website\"},\"primaryImageOfPage\":{\"@id\":\"https:\/\/hongwiislaughter.com\/product\/air-blowing-and-spraying-type-scalding-machine\/#primaryimage\"},\"image\":{\"@id\":\"https:\/\/hongwiislaughter.com\/product\/air-blowing-and-spraying-type-scalding-machine\/#primaryimage\"},\"thumbnailUrl\":\"https:\/\/hongwiislaughter.com\/wp-content\/uploads\/2024\/12\/Air-blowing-and-spraying-type-scalding-machine.jpeg\",\"datePublished\":\"2024-12-22T10:07:58+00:00\",\"breadcrumb\":{\"@id\":\"https:\/\/hongwiislaughter.com\/product\/air-blowing-and-spraying-type-scalding-machine\/#breadcrumb\"},\"inLanguage\":\"es\",\"potentialAction\":[{\"@type\":\"ReadAction\",\"target\":[\"https:\/\/hongwiislaughter.com\/product\/air-blowing-and-spraying-type-scalding-machine\/\"]}]},{\"@type\":\"ImageObject\",\"inLanguage\":\"es\",\"@id\":\"https:\/\/hongwiislaughter.com\/product\/air-blowing-and-spraying-type-scalding-machine\/#primaryimage\",\"url\":\"https:\/\/hongwiislaughter.com\/wp-content\/uploads\/2024\/12\/Air-blowing-and-spraying-type-scalding-machine.jpeg\",\"contentUrl\":\"https:\/\/hongwiislaughter.com\/wp-content\/uploads\/2024\/12\/Air-blowing-and-spraying-type-scalding-machine.jpeg\",\"width\":1704,\"height\":1704,\"caption\":\"This equipment is connected with the T-shaped track of the slaughter hanging conveyor and is used in the hanging scalding process of chickens, ducks, geese and other poultry. After the hanging poultry is dragged by the anchor chain and immersed in the pool, bubbles are continuously blown and water is sprayed to the poultry to achieve the effect of full hair loosening and scalding. This scalding method is coherent and efficient, suitable for large and medium-sized slaughtering and processing plants. It is often used in conjunction with a vertical feather removal machine, and can also be used in conjunction with a horizontal flat feather removal machine.\"},{\"@type\":\"BreadcrumbList\",\"@id\":\"https:\/\/hongwiislaughter.com\/product\/air-blowing-and-spraying-type-scalding-machine\/#breadcrumb\",\"itemListElement\":[{\"@type\":\"ListItem\",\"position\":1,\"name\":\"Home\",\"item\":\"https:\/\/hongwiislaughter.com\/home\/\"},{\"@type\":\"ListItem\",\"position\":2,\"name\":\"Products\",\"item\":\"https:\/\/hongwiislaughter.com\/products\/\"},{\"@type\":\"ListItem\",\"position\":3,\"name\":\"Air-blowing and spraying type scalding machine\"}]},{\"@type\":\"WebSite\",\"@id\":\"https:\/\/hongwiislaughter.com\/#website\",\"url\":\"https:\/\/hongwiislaughter.com\/\",\"name\":\"HongWii Machine\",\"description\":\"\",\"potentialAction\":[{\"@type\":\"SearchAction\",\"target\":{\"@type\":\"EntryPoint\",\"urlTemplate\":\"https:\/\/hongwiislaughter.com\/?s={search_term_string}\"},\"query-input\":{\"@type\":\"PropertyValueSpecification\",\"valueRequired\":true,\"valueName\":\"search_term_string\"}}],\"inLanguage\":\"es\"}]}<\/script>\n<!-- \/ Yoast SEO plugin. -->","yoast_head_json":{"title":"Air-blowing and spraying type scalding machine - HongWii Machine","robots":{"index":"index","follow":"follow","max-snippet":"max-snippet:-1","max-image-preview":"max-image-preview:large","max-video-preview":"max-video-preview:-1"},"canonical":"https:\/\/hongwiislaughter.com\/es\/product\/air-blowing-and-spraying-type-scalding-machine\/","og_locale":"es_ES","og_type":"article","og_title":"Air-blowing and spraying type scalding machine - HongWii Machine","og_description":"This equipment is connected with the T-shaped track of the slaughter hanging conveyor and is used in the hanging scalding process of chickens, ducks, geese and other poultry. After the hanging poultry is dragged by the anchor chain and immersed in the pool, bubbles are continuously blown and water is sprayed to the poultry to achieve the effect of full hair loosening and scalding. This scalding method is coherent and efficient, suitable for large and medium-sized slaughtering and processing plants. It is often used in conjunction with a vertical feather removal machine, and can also be used in conjunction with a horizontal flat feather removal machine. Instructions: 1. The equipment generates bubbles by a blower; multiple motors are set to drive the spiral blades to rotate and stir respectively to achieve the circulation and spraying of water flow and keep the water temperature uniform. 2. Steam is used to heat the pool water directly or indirectly (through heat exchange), the water temperature is automatically adjusted, and the water level is manually or automatically adjusted; the pool body adopts a closed structure, and curtains are set at the entrance and exit of the poultry. 3. The fuselage length can be customized according to the actual needs of users.","og_url":"https:\/\/hongwiislaughter.com\/es\/product\/air-blowing-and-spraying-type-scalding-machine\/","og_site_name":"HongWii Machine","og_image":[{"width":1704,"height":1704,"url":"https:\/\/hongwiislaughter.com\/wp-content\/uploads\/2024\/12\/Air-blowing-and-spraying-type-scalding-machine.jpeg","type":"image\/jpeg"}],"twitter_card":"summary_large_image","twitter_misc":{"Tiempo de lectura":"1 minuto"},"schema":{"@context":"https:\/\/schema.org","@graph":[{"@type":"WebPage","@id":"https:\/\/hongwiislaughter.com\/product\/air-blowing-and-spraying-type-scalding-machine\/","url":"https:\/\/hongwiislaughter.com\/product\/air-blowing-and-spraying-type-scalding-machine\/","name":"Air-blowing and spraying type scalding machine - HongWii Machine","isPartOf":{"@id":"https:\/\/hongwiislaughter.com\/#website"},"primaryImageOfPage":{"@id":"https:\/\/hongwiislaughter.com\/product\/air-blowing-and-spraying-type-scalding-machine\/#primaryimage"},"image":{"@id":"https:\/\/hongwiislaughter.com\/product\/air-blowing-and-spraying-type-scalding-machine\/#primaryimage"},"thumbnailUrl":"https:\/\/hongwiislaughter.com\/wp-content\/uploads\/2024\/12\/Air-blowing-and-spraying-type-scalding-machine.jpeg","datePublished":"2024-12-22T10:07:58+00:00","breadcrumb":{"@id":"https:\/\/hongwiislaughter.com\/product\/air-blowing-and-spraying-type-scalding-machine\/#breadcrumb"},"inLanguage":"es","potentialAction":[{"@type":"ReadAction","target":["https:\/\/hongwiislaughter.com\/product\/air-blowing-and-spraying-type-scalding-machine\/"]}]},{"@type":"ImageObject","inLanguage":"es","@id":"https:\/\/hongwiislaughter.com\/product\/air-blowing-and-spraying-type-scalding-machine\/#primaryimage","url":"https:\/\/hongwiislaughter.com\/wp-content\/uploads\/2024\/12\/Air-blowing-and-spraying-type-scalding-machine.jpeg","contentUrl":"https:\/\/hongwiislaughter.com\/wp-content\/uploads\/2024\/12\/Air-blowing-and-spraying-type-scalding-machine.jpeg","width":1704,"height":1704,"caption":"This equipment is connected with the T-shaped track of the slaughter hanging conveyor and is used in the hanging scalding process of chickens, ducks, geese and other poultry. After the hanging poultry is dragged by the anchor chain and immersed in the pool, bubbles are continuously blown and water is sprayed to the poultry to achieve the effect of full hair loosening and scalding. This scalding method is coherent and efficient, suitable for large and medium-sized slaughtering and processing plants. It is often used in conjunction with a vertical feather removal machine, and can also be used in conjunction with a horizontal flat feather removal machine."},{"@type":"BreadcrumbList","@id":"https:\/\/hongwiislaughter.com\/product\/air-blowing-and-spraying-type-scalding-machine\/#breadcrumb","itemListElement":[{"@type":"ListItem","position":1,"name":"Home","item":"https:\/\/hongwiislaughter.com\/home\/"},{"@type":"ListItem","position":2,"name":"Products","item":"https:\/\/hongwiislaughter.com\/products\/"},{"@type":"ListItem","position":3,"name":"Air-blowing and spraying type scalding machine"}]},{"@type":"WebSite","@id":"https:\/\/hongwiislaughter.com\/#website","url":"https:\/\/hongwiislaughter.com\/","name":"M\u00e1quina HongWii","description":"","potentialAction":[{"@type":"SearchAction","target":{"@type":"EntryPoint","urlTemplate":"https:\/\/hongwiislaughter.com\/?s={search_term_string}"},"query-input":{"@type":"PropertyValueSpecification","valueRequired":true,"valueName":"search_term_string"}}],"inLanguage":"es"}]}},"_links":{"self":[{"href":"https:\/\/hongwiislaughter.com\/es\/wp-json\/wp\/v2\/product\/522","targetHints":{"allow":["GET"]}}],"collection":[{"href":"https:\/\/hongwiislaughter.com\/es\/wp-json\/wp\/v2\/product"}],"about":[{"href":"https:\/\/hongwiislaughter.com\/es\/wp-json\/wp\/v2\/types\/product"}],"wp:featuredmedia":[{"embeddable":true,"href":"https:\/\/hongwiislaughter.com\/es\/wp-json\/wp\/v2\/media\/523"}],"wp:attachment":[{"href":"https:\/\/hongwiislaughter.com\/es\/wp-json\/wp\/v2\/media?parent=522"}],"wp:term":[{"taxonomy":"product_brand","embeddable":true,"href":"https:\/\/hongwiislaughter.com\/es\/wp-json\/wp\/v2\/product_brand?post=522"},{"taxonomy":"product_cat","embeddable":true,"href":"https:\/\/hongwiislaughter.com\/es\/wp-json\/wp\/v2\/product_cat?post=522"},{"taxonomy":"product_tag","embeddable":true,"href":"https:\/\/hongwiislaughter.com\/es\/wp-json\/wp\/v2\/product_tag?post=522"}],"curies":[{"name":"wp","href":"https:\/\/api.w.org\/{rel}","templated":true}]}}