{"id":518,"date":"2024-12-22T08:59:53","date_gmt":"2024-12-22T08:59:53","guid":{"rendered":"https:\/\/hongwiislaughter.com\/?post_type=product&#038;p=518"},"modified":"2024-12-22T08:59:53","modified_gmt":"2024-12-22T08:59:53","slug":"powerful-spraying-and-pre-scalding-machine","status":"publish","type":"product","link":"https:\/\/hongwiislaughter.com\/es\/product\/powerful-spraying-and-pre-scalding-machine\/","title":{"rendered":"Potente pulverizadora y preescaldadora"},"content":{"rendered":"","protected":false},"excerpt":{"rendered":"<p>Este equipo est\u00e1 situado debajo del transportador colgante de sacrificio y se utiliza en el proceso de aflojamiento y preescaldado colgante de aves acu\u00e1ticas como patos y gansos (las plumas exteriores son impermeables). Pulveriza agua caliente de forma tridimensional y densa sobre el cuerpo del ave que pasa por \u00e9l, consiguiendo as\u00ed un mejor efecto de aflojamiento y preescaldado, prepar\u00e1ndolo para el escaldado posterior. Adecuado para plantas de sacrificio y procesado de tama\u00f1o grande y mediano. Se utiliza como pieza de soporte de la m\u00e1quina de escaldado por pulverizaci\u00f3n con tambor de aire.<br \/>\nInstrucciones:<br \/>\n1. The equipment is equipped with a water circulation pool, the pool water is heated by steam or electricity, and the water temperature and water level are automatically adjusted; the water flow is circulated and sprayed by a water pump; a feather and dirt rotating filter drum is set (driven by a reduction motor); an angle-adjustable nozzle is set.<br \/>\n2. The length of the fuselage can be customized according to the actual needs of the user.<\/p>","protected":false},"featured_media":520,"template":"","meta":[],"product_brand":[],"product_cat":[19],"product_tag":[],"class_list":{"0":"post-518","1":"product","2":"type-product","3":"status-publish","4":"has-post-thumbnail","6":"product_cat-poultry-slaughterhouse","8":"first","9":"instock","10":"shipping-taxable","11":"product-type-simple"},"yoast_head":"<!-- This site is optimized with the Yoast SEO plugin v24.5 - https:\/\/yoast.com\/wordpress\/plugins\/seo\/ -->\n<title>Powerful spraying and pre-scalding machine - HongWii Machine<\/title>\n<meta name=\"robots\" content=\"index, follow, max-snippet:-1, max-image-preview:large, max-video-preview:-1\" \/>\n<link rel=\"canonical\" href=\"https:\/\/hongwiislaughter.com\/es\/product\/powerful-spraying-and-pre-scalding-machine\/\" \/>\n<meta property=\"og:locale\" content=\"es_ES\" \/>\n<meta property=\"og:type\" content=\"article\" \/>\n<meta property=\"og:title\" content=\"Powerful spraying and pre-scalding machine - HongWii Machine\" \/>\n<meta property=\"og:description\" content=\"This equipment is located below the slaughter hanging conveyor and is used in the hanging loosening and pre-scalding process of waterfowl such as ducks and geese (the outer feathers are waterproof). It sprays hot water in a three-dimensional and dense manner on the bird body passing through it, thereby achieving a better loosening and pre-scalding effect, preparing for subsequent scalding. Suitable for large and medium-sized slaughtering and processing plants. It is used as a supporting part of the air-drum spray scalding machine. Instructions: 1. The equipment is equipped with a water circulation pool, the pool water is heated by steam or electricity, and the water temperature and water level are automatically adjusted; the water flow is circulated and sprayed by a water pump; a feather and dirt rotating filter drum is set (driven by a reduction motor); an angle-adjustable nozzle is set. 2. The length of the fuselage can be customized according to the actual needs of the user.\" \/>\n<meta property=\"og:url\" content=\"https:\/\/hongwiislaughter.com\/es\/product\/powerful-spraying-and-pre-scalding-machine\/\" \/>\n<meta property=\"og:site_name\" content=\"HongWii Machine\" \/>\n<meta property=\"og:image\" content=\"https:\/\/hongwiislaughter.com\/wp-content\/uploads\/2024\/12\/Powerful-spraying-and-pre-scalding-machine.jpeg\" \/>\n\t<meta property=\"og:image:width\" content=\"2032\" \/>\n\t<meta property=\"og:image:height\" content=\"2032\" \/>\n\t<meta property=\"og:image:type\" content=\"image\/jpeg\" \/>\n<meta name=\"twitter:card\" content=\"summary_large_image\" \/>\n<meta name=\"twitter:label1\" content=\"Tiempo de lectura\" \/>\n\t<meta name=\"twitter:data1\" content=\"1 minuto\" \/>\n<script type=\"application\/ld+json\" class=\"yoast-schema-graph\">{\"@context\":\"https:\/\/schema.org\",\"@graph\":[{\"@type\":\"WebPage\",\"@id\":\"https:\/\/hongwiislaughter.com\/product\/powerful-spraying-and-pre-scalding-machine\/\",\"url\":\"https:\/\/hongwiislaughter.com\/product\/powerful-spraying-and-pre-scalding-machine\/\",\"name\":\"Powerful spraying and pre-scalding machine - HongWii Machine\",\"isPartOf\":{\"@id\":\"https:\/\/hongwiislaughter.com\/#website\"},\"primaryImageOfPage\":{\"@id\":\"https:\/\/hongwiislaughter.com\/product\/powerful-spraying-and-pre-scalding-machine\/#primaryimage\"},\"image\":{\"@id\":\"https:\/\/hongwiislaughter.com\/product\/powerful-spraying-and-pre-scalding-machine\/#primaryimage\"},\"thumbnailUrl\":\"https:\/\/hongwiislaughter.com\/wp-content\/uploads\/2024\/12\/Powerful-spraying-and-pre-scalding-machine.jpeg\",\"datePublished\":\"2024-12-22T08:59:53+00:00\",\"breadcrumb\":{\"@id\":\"https:\/\/hongwiislaughter.com\/product\/powerful-spraying-and-pre-scalding-machine\/#breadcrumb\"},\"inLanguage\":\"es\",\"potentialAction\":[{\"@type\":\"ReadAction\",\"target\":[\"https:\/\/hongwiislaughter.com\/product\/powerful-spraying-and-pre-scalding-machine\/\"]}]},{\"@type\":\"ImageObject\",\"inLanguage\":\"es\",\"@id\":\"https:\/\/hongwiislaughter.com\/product\/powerful-spraying-and-pre-scalding-machine\/#primaryimage\",\"url\":\"https:\/\/hongwiislaughter.com\/wp-content\/uploads\/2024\/12\/Powerful-spraying-and-pre-scalding-machine.jpeg\",\"contentUrl\":\"https:\/\/hongwiislaughter.com\/wp-content\/uploads\/2024\/12\/Powerful-spraying-and-pre-scalding-machine.jpeg\",\"width\":2032,\"height\":2032,\"caption\":\"This equipment is located below the slaughter hanging conveyor and is used in the hanging loosening and pre-scalding process of waterfowl such as ducks and geese (the outer feathers are waterproof). It sprays hot water in a three-dimensional and dense manner on the bird body passing through it, thereby achieving a better loosening and pre-scalding effect, preparing for subsequent scalding. Suitable for large and medium-sized slaughtering and processing plants. It is used as a supporting part of the air-drum spray scalding machine.\"},{\"@type\":\"BreadcrumbList\",\"@id\":\"https:\/\/hongwiislaughter.com\/product\/powerful-spraying-and-pre-scalding-machine\/#breadcrumb\",\"itemListElement\":[{\"@type\":\"ListItem\",\"position\":1,\"name\":\"Home\",\"item\":\"https:\/\/hongwiislaughter.com\/home\/\"},{\"@type\":\"ListItem\",\"position\":2,\"name\":\"Products\",\"item\":\"https:\/\/hongwiislaughter.com\/products\/\"},{\"@type\":\"ListItem\",\"position\":3,\"name\":\"Powerful spraying and pre-scalding machine\"}]},{\"@type\":\"WebSite\",\"@id\":\"https:\/\/hongwiislaughter.com\/#website\",\"url\":\"https:\/\/hongwiislaughter.com\/\",\"name\":\"HongWii Machine\",\"description\":\"\",\"potentialAction\":[{\"@type\":\"SearchAction\",\"target\":{\"@type\":\"EntryPoint\",\"urlTemplate\":\"https:\/\/hongwiislaughter.com\/?s={search_term_string}\"},\"query-input\":{\"@type\":\"PropertyValueSpecification\",\"valueRequired\":true,\"valueName\":\"search_term_string\"}}],\"inLanguage\":\"es\"}]}<\/script>\n<!-- \/ Yoast SEO plugin. -->","yoast_head_json":{"title":"Powerful spraying and pre-scalding machine - HongWii Machine","robots":{"index":"index","follow":"follow","max-snippet":"max-snippet:-1","max-image-preview":"max-image-preview:large","max-video-preview":"max-video-preview:-1"},"canonical":"https:\/\/hongwiislaughter.com\/es\/product\/powerful-spraying-and-pre-scalding-machine\/","og_locale":"es_ES","og_type":"article","og_title":"Powerful spraying and pre-scalding machine - HongWii Machine","og_description":"This equipment is located below the slaughter hanging conveyor and is used in the hanging loosening and pre-scalding process of waterfowl such as ducks and geese (the outer feathers are waterproof). It sprays hot water in a three-dimensional and dense manner on the bird body passing through it, thereby achieving a better loosening and pre-scalding effect, preparing for subsequent scalding. Suitable for large and medium-sized slaughtering and processing plants. It is used as a supporting part of the air-drum spray scalding machine. Instructions: 1. The equipment is equipped with a water circulation pool, the pool water is heated by steam or electricity, and the water temperature and water level are automatically adjusted; the water flow is circulated and sprayed by a water pump; a feather and dirt rotating filter drum is set (driven by a reduction motor); an angle-adjustable nozzle is set. 2. The length of the fuselage can be customized according to the actual needs of the user.","og_url":"https:\/\/hongwiislaughter.com\/es\/product\/powerful-spraying-and-pre-scalding-machine\/","og_site_name":"HongWii Machine","og_image":[{"width":2032,"height":2032,"url":"https:\/\/hongwiislaughter.com\/wp-content\/uploads\/2024\/12\/Powerful-spraying-and-pre-scalding-machine.jpeg","type":"image\/jpeg"}],"twitter_card":"summary_large_image","twitter_misc":{"Tiempo de lectura":"1 minuto"},"schema":{"@context":"https:\/\/schema.org","@graph":[{"@type":"WebPage","@id":"https:\/\/hongwiislaughter.com\/product\/powerful-spraying-and-pre-scalding-machine\/","url":"https:\/\/hongwiislaughter.com\/product\/powerful-spraying-and-pre-scalding-machine\/","name":"Powerful spraying and pre-scalding machine - HongWii Machine","isPartOf":{"@id":"https:\/\/hongwiislaughter.com\/#website"},"primaryImageOfPage":{"@id":"https:\/\/hongwiislaughter.com\/product\/powerful-spraying-and-pre-scalding-machine\/#primaryimage"},"image":{"@id":"https:\/\/hongwiislaughter.com\/product\/powerful-spraying-and-pre-scalding-machine\/#primaryimage"},"thumbnailUrl":"https:\/\/hongwiislaughter.com\/wp-content\/uploads\/2024\/12\/Powerful-spraying-and-pre-scalding-machine.jpeg","datePublished":"2024-12-22T08:59:53+00:00","breadcrumb":{"@id":"https:\/\/hongwiislaughter.com\/product\/powerful-spraying-and-pre-scalding-machine\/#breadcrumb"},"inLanguage":"es","potentialAction":[{"@type":"ReadAction","target":["https:\/\/hongwiislaughter.com\/product\/powerful-spraying-and-pre-scalding-machine\/"]}]},{"@type":"ImageObject","inLanguage":"es","@id":"https:\/\/hongwiislaughter.com\/product\/powerful-spraying-and-pre-scalding-machine\/#primaryimage","url":"https:\/\/hongwiislaughter.com\/wp-content\/uploads\/2024\/12\/Powerful-spraying-and-pre-scalding-machine.jpeg","contentUrl":"https:\/\/hongwiislaughter.com\/wp-content\/uploads\/2024\/12\/Powerful-spraying-and-pre-scalding-machine.jpeg","width":2032,"height":2032,"caption":"This equipment is located below the slaughter hanging conveyor and is used in the hanging loosening and pre-scalding process of waterfowl such as ducks and geese (the outer feathers are waterproof). It sprays hot water in a three-dimensional and dense manner on the bird body passing through it, thereby achieving a better loosening and pre-scalding effect, preparing for subsequent scalding. Suitable for large and medium-sized slaughtering and processing plants. It is used as a supporting part of the air-drum spray scalding machine."},{"@type":"BreadcrumbList","@id":"https:\/\/hongwiislaughter.com\/product\/powerful-spraying-and-pre-scalding-machine\/#breadcrumb","itemListElement":[{"@type":"ListItem","position":1,"name":"Home","item":"https:\/\/hongwiislaughter.com\/home\/"},{"@type":"ListItem","position":2,"name":"Products","item":"https:\/\/hongwiislaughter.com\/products\/"},{"@type":"ListItem","position":3,"name":"Powerful spraying and pre-scalding machine"}]},{"@type":"WebSite","@id":"https:\/\/hongwiislaughter.com\/#website","url":"https:\/\/hongwiislaughter.com\/","name":"M\u00e1quina HongWii","description":"","potentialAction":[{"@type":"SearchAction","target":{"@type":"EntryPoint","urlTemplate":"https:\/\/hongwiislaughter.com\/?s={search_term_string}"},"query-input":{"@type":"PropertyValueSpecification","valueRequired":true,"valueName":"search_term_string"}}],"inLanguage":"es"}]}},"_links":{"self":[{"href":"https:\/\/hongwiislaughter.com\/es\/wp-json\/wp\/v2\/product\/518","targetHints":{"allow":["GET"]}}],"collection":[{"href":"https:\/\/hongwiislaughter.com\/es\/wp-json\/wp\/v2\/product"}],"about":[{"href":"https:\/\/hongwiislaughter.com\/es\/wp-json\/wp\/v2\/types\/product"}],"wp:featuredmedia":[{"embeddable":true,"href":"https:\/\/hongwiislaughter.com\/es\/wp-json\/wp\/v2\/media\/520"}],"wp:attachment":[{"href":"https:\/\/hongwiislaughter.com\/es\/wp-json\/wp\/v2\/media?parent=518"}],"wp:term":[{"taxonomy":"product_brand","embeddable":true,"href":"https:\/\/hongwiislaughter.com\/es\/wp-json\/wp\/v2\/product_brand?post=518"},{"taxonomy":"product_cat","embeddable":true,"href":"https:\/\/hongwiislaughter.com\/es\/wp-json\/wp\/v2\/product_cat?post=518"},{"taxonomy":"product_tag","embeddable":true,"href":"https:\/\/hongwiislaughter.com\/es\/wp-json\/wp\/v2\/product_tag?post=518"}],"curies":[{"name":"wp","href":"https:\/\/api.w.org\/{rel}","templated":true}]}}