{"id":505,"date":"2024-12-22T08:30:00","date_gmt":"2024-12-22T08:30:00","guid":{"rendered":"https:\/\/hongwiislaughter.com\/?post_type=product&#038;p=505"},"modified":"2024-12-22T08:30:00","modified_gmt":"2024-12-22T08:30:00","slug":"overhead-conveyor","status":"publish","type":"product","link":"https:\/\/hongwiislaughter.com\/es\/product\/overhead-conveyor\/","title":{"rendered":"Transportador a\u00e9reo"},"content":{"rendered":"","protected":false},"excerpt":{"rendered":"<p>Este equipo se utiliza para colgar y transportar cuerpos de aves de corral, y completar las operaciones de sacrificio, desangrado, escaldado, emplumado, encerado-encerado-desparafinado, extracci\u00f3n de \u00f3rganos internos y segmentaci\u00f3n durante el proceso de transporte. Seg\u00fan su finalidad, puede dividirse en varios tipos, como transportador colgante de sacrificio, transportador colgante de inmersi\u00f3n y desparafinado, transportador colgante de evisceraci\u00f3n, transportador colgante de preenfriamiento y transportador colgante de segmentaci\u00f3n. Es adecuado para plantas de sacrificio y procesamiento grandes, medianas y peque\u00f1as.<br \/>\nInstrucciones:<br \/>\n1. Conveyors with different functions are equipped with different hanging poultry hangers. The traction chain adopts a circular anchor chain, and the load suspension wheel frame walks on a T-shaped track.<br \/>\n2. The slaughtering, bleeding, scalding and feathering processes are all completed on the slaughtering hanging conveyor, and a bleeding tank is set under the slaughtering hanging conveyor.<br \/>\n3. The dipping and dewaxing hanging conveyor is mainly used for the small hair removal process of waterfowl such as ducks and geese (some small hairs are difficult to remove with feather removal equipment).<\/p>","protected":false},"featured_media":506,"template":"","meta":[],"product_brand":[],"product_cat":[19],"product_tag":[],"class_list":{"0":"post-505","1":"product","2":"type-product","3":"status-publish","4":"has-post-thumbnail","6":"product_cat-poultry-slaughterhouse","8":"first","9":"instock","10":"shipping-taxable","11":"product-type-simple"},"yoast_head":"<!-- This site is optimized with the Yoast SEO plugin v24.5 - https:\/\/yoast.com\/wordpress\/plugins\/seo\/ -->\n<title>Overhead conveyor - HongWii Machine<\/title>\n<meta name=\"robots\" content=\"index, follow, max-snippet:-1, max-image-preview:large, max-video-preview:-1\" \/>\n<link rel=\"canonical\" href=\"https:\/\/hongwiislaughter.com\/es\/product\/overhead-conveyor\/\" \/>\n<meta property=\"og:locale\" content=\"es_ES\" \/>\n<meta property=\"og:type\" content=\"article\" \/>\n<meta property=\"og:title\" content=\"Overhead conveyor - HongWii Machine\" \/>\n<meta property=\"og:description\" content=\"This equipment is used to hang and convey poultry bodies, and complete the operations of slaughtering, bleeding, scalding, feathering, waxing-waxing-dewaxing, removing internal organs, and segmentation during the conveying process. According to the purpose, it can be divided into several types such as slaughtering hanging conveyor, dipping and dewaxing hanging conveyor, eviscerating hanging conveyor, precooling hanging conveyor, and segmentation hanging conveyor. It is suitable for large, medium and small slaughtering and processing plants. Instructions: 1. Conveyors with different functions are equipped with different hanging poultry hangers. The traction chain adopts a circular anchor chain, and the load suspension wheel frame walks on a T-shaped track. 2. The slaughtering, bleeding, scalding and feathering processes are all completed on the slaughtering hanging conveyor, and a bleeding tank is set under the slaughtering hanging conveyor. 3. The dipping and dewaxing hanging conveyor is mainly used for the small hair removal process of waterfowl such as ducks and geese (some small hairs are difficult to remove with feather removal equipment).\" \/>\n<meta property=\"og:url\" content=\"https:\/\/hongwiislaughter.com\/es\/product\/overhead-conveyor\/\" \/>\n<meta property=\"og:site_name\" content=\"HongWii Machine\" \/>\n<meta property=\"og:image\" content=\"https:\/\/hongwiislaughter.com\/wp-content\/uploads\/2024\/12\/Overhead-conveyor.jpeg\" \/>\n\t<meta property=\"og:image:width\" content=\"1428\" \/>\n\t<meta property=\"og:image:height\" content=\"1428\" \/>\n\t<meta property=\"og:image:type\" content=\"image\/jpeg\" \/>\n<meta name=\"twitter:card\" content=\"summary_large_image\" \/>\n<meta name=\"twitter:label1\" content=\"Tiempo de lectura\" \/>\n\t<meta name=\"twitter:data1\" content=\"1 minuto\" \/>\n<script type=\"application\/ld+json\" class=\"yoast-schema-graph\">{\"@context\":\"https:\/\/schema.org\",\"@graph\":[{\"@type\":\"WebPage\",\"@id\":\"https:\/\/hongwiislaughter.com\/product\/overhead-conveyor\/\",\"url\":\"https:\/\/hongwiislaughter.com\/product\/overhead-conveyor\/\",\"name\":\"Overhead conveyor - HongWii Machine\",\"isPartOf\":{\"@id\":\"https:\/\/hongwiislaughter.com\/#website\"},\"primaryImageOfPage\":{\"@id\":\"https:\/\/hongwiislaughter.com\/product\/overhead-conveyor\/#primaryimage\"},\"image\":{\"@id\":\"https:\/\/hongwiislaughter.com\/product\/overhead-conveyor\/#primaryimage\"},\"thumbnailUrl\":\"https:\/\/hongwiislaughter.com\/wp-content\/uploads\/2024\/12\/Overhead-conveyor.jpeg\",\"datePublished\":\"2024-12-22T08:30:00+00:00\",\"breadcrumb\":{\"@id\":\"https:\/\/hongwiislaughter.com\/product\/overhead-conveyor\/#breadcrumb\"},\"inLanguage\":\"es\",\"potentialAction\":[{\"@type\":\"ReadAction\",\"target\":[\"https:\/\/hongwiislaughter.com\/product\/overhead-conveyor\/\"]}]},{\"@type\":\"ImageObject\",\"inLanguage\":\"es\",\"@id\":\"https:\/\/hongwiislaughter.com\/product\/overhead-conveyor\/#primaryimage\",\"url\":\"https:\/\/hongwiislaughter.com\/wp-content\/uploads\/2024\/12\/Overhead-conveyor.jpeg\",\"contentUrl\":\"https:\/\/hongwiislaughter.com\/wp-content\/uploads\/2024\/12\/Overhead-conveyor.jpeg\",\"width\":1428,\"height\":1428,\"caption\":\"This equipment is used to hang and convey poultry bodies, and complete the operations of slaughtering, bleeding, scalding, feathering, waxing-waxing-dewaxing, removing internal organs, and segmentation during the conveying process. According to the purpose, it can be divided into several types such as slaughtering hanging conveyor, dipping and dewaxing hanging conveyor, eviscerating hanging conveyor, precooling hanging conveyor, and segmentation hanging conveyor. It is suitable for large, medium and small slaughtering and processing plants.\"},{\"@type\":\"BreadcrumbList\",\"@id\":\"https:\/\/hongwiislaughter.com\/product\/overhead-conveyor\/#breadcrumb\",\"itemListElement\":[{\"@type\":\"ListItem\",\"position\":1,\"name\":\"Home\",\"item\":\"https:\/\/hongwiislaughter.com\/home\/\"},{\"@type\":\"ListItem\",\"position\":2,\"name\":\"Products\",\"item\":\"https:\/\/hongwiislaughter.com\/products\/\"},{\"@type\":\"ListItem\",\"position\":3,\"name\":\"Overhead conveyor\"}]},{\"@type\":\"WebSite\",\"@id\":\"https:\/\/hongwiislaughter.com\/#website\",\"url\":\"https:\/\/hongwiislaughter.com\/\",\"name\":\"HongWii Machine\",\"description\":\"\",\"potentialAction\":[{\"@type\":\"SearchAction\",\"target\":{\"@type\":\"EntryPoint\",\"urlTemplate\":\"https:\/\/hongwiislaughter.com\/?s={search_term_string}\"},\"query-input\":{\"@type\":\"PropertyValueSpecification\",\"valueRequired\":true,\"valueName\":\"search_term_string\"}}],\"inLanguage\":\"es\"}]}<\/script>\n<!-- \/ Yoast SEO plugin. -->","yoast_head_json":{"title":"Overhead conveyor - HongWii Machine","robots":{"index":"index","follow":"follow","max-snippet":"max-snippet:-1","max-image-preview":"max-image-preview:large","max-video-preview":"max-video-preview:-1"},"canonical":"https:\/\/hongwiislaughter.com\/es\/product\/overhead-conveyor\/","og_locale":"es_ES","og_type":"article","og_title":"Overhead conveyor - HongWii Machine","og_description":"This equipment is used to hang and convey poultry bodies, and complete the operations of slaughtering, bleeding, scalding, feathering, waxing-waxing-dewaxing, removing internal organs, and segmentation during the conveying process. According to the purpose, it can be divided into several types such as slaughtering hanging conveyor, dipping and dewaxing hanging conveyor, eviscerating hanging conveyor, precooling hanging conveyor, and segmentation hanging conveyor. It is suitable for large, medium and small slaughtering and processing plants. Instructions: 1. Conveyors with different functions are equipped with different hanging poultry hangers. The traction chain adopts a circular anchor chain, and the load suspension wheel frame walks on a T-shaped track. 2. The slaughtering, bleeding, scalding and feathering processes are all completed on the slaughtering hanging conveyor, and a bleeding tank is set under the slaughtering hanging conveyor. 3. The dipping and dewaxing hanging conveyor is mainly used for the small hair removal process of waterfowl such as ducks and geese (some small hairs are difficult to remove with feather removal equipment).","og_url":"https:\/\/hongwiislaughter.com\/es\/product\/overhead-conveyor\/","og_site_name":"HongWii Machine","og_image":[{"width":1428,"height":1428,"url":"https:\/\/hongwiislaughter.com\/wp-content\/uploads\/2024\/12\/Overhead-conveyor.jpeg","type":"image\/jpeg"}],"twitter_card":"summary_large_image","twitter_misc":{"Tiempo de lectura":"1 minuto"},"schema":{"@context":"https:\/\/schema.org","@graph":[{"@type":"WebPage","@id":"https:\/\/hongwiislaughter.com\/product\/overhead-conveyor\/","url":"https:\/\/hongwiislaughter.com\/product\/overhead-conveyor\/","name":"Overhead conveyor - HongWii Machine","isPartOf":{"@id":"https:\/\/hongwiislaughter.com\/#website"},"primaryImageOfPage":{"@id":"https:\/\/hongwiislaughter.com\/product\/overhead-conveyor\/#primaryimage"},"image":{"@id":"https:\/\/hongwiislaughter.com\/product\/overhead-conveyor\/#primaryimage"},"thumbnailUrl":"https:\/\/hongwiislaughter.com\/wp-content\/uploads\/2024\/12\/Overhead-conveyor.jpeg","datePublished":"2024-12-22T08:30:00+00:00","breadcrumb":{"@id":"https:\/\/hongwiislaughter.com\/product\/overhead-conveyor\/#breadcrumb"},"inLanguage":"es","potentialAction":[{"@type":"ReadAction","target":["https:\/\/hongwiislaughter.com\/product\/overhead-conveyor\/"]}]},{"@type":"ImageObject","inLanguage":"es","@id":"https:\/\/hongwiislaughter.com\/product\/overhead-conveyor\/#primaryimage","url":"https:\/\/hongwiislaughter.com\/wp-content\/uploads\/2024\/12\/Overhead-conveyor.jpeg","contentUrl":"https:\/\/hongwiislaughter.com\/wp-content\/uploads\/2024\/12\/Overhead-conveyor.jpeg","width":1428,"height":1428,"caption":"This equipment is used to hang and convey poultry bodies, and complete the operations of slaughtering, bleeding, scalding, feathering, waxing-waxing-dewaxing, removing internal organs, and segmentation during the conveying process. According to the purpose, it can be divided into several types such as slaughtering hanging conveyor, dipping and dewaxing hanging conveyor, eviscerating hanging conveyor, precooling hanging conveyor, and segmentation hanging conveyor. It is suitable for large, medium and small slaughtering and processing plants."},{"@type":"BreadcrumbList","@id":"https:\/\/hongwiislaughter.com\/product\/overhead-conveyor\/#breadcrumb","itemListElement":[{"@type":"ListItem","position":1,"name":"Home","item":"https:\/\/hongwiislaughter.com\/home\/"},{"@type":"ListItem","position":2,"name":"Products","item":"https:\/\/hongwiislaughter.com\/products\/"},{"@type":"ListItem","position":3,"name":"Overhead conveyor"}]},{"@type":"WebSite","@id":"https:\/\/hongwiislaughter.com\/#website","url":"https:\/\/hongwiislaughter.com\/","name":"M\u00e1quina HongWii","description":"","potentialAction":[{"@type":"SearchAction","target":{"@type":"EntryPoint","urlTemplate":"https:\/\/hongwiislaughter.com\/?s={search_term_string}"},"query-input":{"@type":"PropertyValueSpecification","valueRequired":true,"valueName":"search_term_string"}}],"inLanguage":"es"}]}},"_links":{"self":[{"href":"https:\/\/hongwiislaughter.com\/es\/wp-json\/wp\/v2\/product\/505","targetHints":{"allow":["GET"]}}],"collection":[{"href":"https:\/\/hongwiislaughter.com\/es\/wp-json\/wp\/v2\/product"}],"about":[{"href":"https:\/\/hongwiislaughter.com\/es\/wp-json\/wp\/v2\/types\/product"}],"wp:featuredmedia":[{"embeddable":true,"href":"https:\/\/hongwiislaughter.com\/es\/wp-json\/wp\/v2\/media\/506"}],"wp:attachment":[{"href":"https:\/\/hongwiislaughter.com\/es\/wp-json\/wp\/v2\/media?parent=505"}],"wp:term":[{"taxonomy":"product_brand","embeddable":true,"href":"https:\/\/hongwiislaughter.com\/es\/wp-json\/wp\/v2\/product_brand?post=505"},{"taxonomy":"product_cat","embeddable":true,"href":"https:\/\/hongwiislaughter.com\/es\/wp-json\/wp\/v2\/product_cat?post=505"},{"taxonomy":"product_tag","embeddable":true,"href":"https:\/\/hongwiislaughter.com\/es\/wp-json\/wp\/v2\/product_tag?post=505"}],"curies":[{"name":"wp","href":"https:\/\/api.w.org\/{rel}","templated":true}]}}