{"id":501,"date":"2024-12-19T08:08:06","date_gmt":"2024-12-19T08:08:06","guid":{"rendered":"https:\/\/hongwiislaughter.com\/?post_type=product&#038;p=501"},"modified":"2024-12-19T08:08:06","modified_gmt":"2024-12-19T08:08:06","slug":"water-immersion-type-electrical-stunner","status":"publish","type":"product","link":"https:\/\/hongwiislaughter.com\/es\/product\/water-immersion-type-electrical-stunner\/","title":{"rendered":"Aturdidor el\u00e9ctrico de inmersi\u00f3n en agua"},"content":{"rendered":"","protected":false},"excerpt":{"rendered":"<p>El equipo est\u00e1 situado debajo de la cinta transportadora colgante de sacrificio y se utiliza en el proceso de aturdimiento el\u00e9ctrico de aves de corral vivas mediante agua colgante. El cuerpo suspendido de las aves de corral es arrastrado por la cadena de anclaje de tracci\u00f3n y sumergido en el agua electrificada de la piscina, y es aturdido por descarga el\u00e9ctrica durante el proceso; este m\u00e9todo de aturdimiento es coherente y eficiente, que puede reducir eficazmente la respuesta de estr\u00e9s de las aves de corral durante el sacrificio, y es adecuado para grandes, medianas y peque\u00f1as plantas de sacrificio y procesamiento.<br \/>\nDescripci\u00f3n:<br \/>\n1. The equipment consists of an electrical stunner pool and an electric control box.<br \/>\n2. The voltage and current of the electrical stunner are adjustable; the height of the pool body is adjustable, and the length of the pool body can be customized according to the actual needs of the user.<br \/>\n3. Adding an appropriate amount of salt to the pool water (to increase the conductivity of the water) can improve the effect of the electrical stunner.<\/p>","protected":false},"featured_media":502,"template":"","meta":[],"product_brand":[],"product_cat":[19],"product_tag":[],"class_list":{"0":"post-501","1":"product","2":"type-product","3":"status-publish","4":"has-post-thumbnail","6":"product_cat-poultry-slaughterhouse","8":"first","9":"instock","10":"shipping-taxable","11":"product-type-simple"},"yoast_head":"<!-- This site is optimized with the Yoast SEO plugin v24.5 - https:\/\/yoast.com\/wordpress\/plugins\/seo\/ -->\n<title>Water-immersion type electrical stunner - HongWii Machine<\/title>\n<meta name=\"robots\" content=\"index, follow, max-snippet:-1, max-image-preview:large, max-video-preview:-1\" \/>\n<link rel=\"canonical\" href=\"https:\/\/hongwiislaughter.com\/es\/product\/water-immersion-type-electrical-stunner\/\" \/>\n<meta property=\"og:locale\" content=\"es_ES\" \/>\n<meta property=\"og:type\" content=\"article\" \/>\n<meta property=\"og:title\" content=\"Water-immersion type electrical stunner - HongWii Machine\" \/>\n<meta property=\"og:description\" content=\"The equipment is located below the slaughter hanging conveyor and is used in the hanging water-based electrical stunner process of live poultry. The suspended poultry body is dragged by the traction anchor chain and immersed in the electrified pool water, and is stunned by electric shock during the process; this stunning method is coherent and efficient, which can effectively reduce the stress response of poultry during slaughter, and is suitable for large, medium and small slaughter and processing plants. Description: 1. The equipment consists of an electrical stunner pool and an electric control box. 2. The voltage and current of the electrical stunner are adjustable; the height of the pool body is adjustable, and the length of the pool body can be customized according to the actual needs of the user. 3. Adding an appropriate amount of salt to the pool water (to increase the conductivity of the water) can improve the effect of the electrical stunner.\" \/>\n<meta property=\"og:url\" content=\"https:\/\/hongwiislaughter.com\/es\/product\/water-immersion-type-electrical-stunner\/\" \/>\n<meta property=\"og:site_name\" content=\"HongWii Machine\" \/>\n<meta property=\"og:image\" content=\"https:\/\/hongwiislaughter.com\/wp-content\/uploads\/2024\/12\/Water-immersion-type-electrical-stunner.jpeg\" \/>\n\t<meta property=\"og:image:width\" content=\"1748\" \/>\n\t<meta property=\"og:image:height\" content=\"1748\" \/>\n\t<meta property=\"og:image:type\" content=\"image\/jpeg\" \/>\n<meta name=\"twitter:card\" content=\"summary_large_image\" \/>\n<script type=\"application\/ld+json\" class=\"yoast-schema-graph\">{\"@context\":\"https:\/\/schema.org\",\"@graph\":[{\"@type\":\"WebPage\",\"@id\":\"https:\/\/hongwiislaughter.com\/product\/water-immersion-type-electrical-stunner\/\",\"url\":\"https:\/\/hongwiislaughter.com\/product\/water-immersion-type-electrical-stunner\/\",\"name\":\"Water-immersion type electrical stunner - HongWii Machine\",\"isPartOf\":{\"@id\":\"https:\/\/hongwiislaughter.com\/#website\"},\"primaryImageOfPage\":{\"@id\":\"https:\/\/hongwiislaughter.com\/product\/water-immersion-type-electrical-stunner\/#primaryimage\"},\"image\":{\"@id\":\"https:\/\/hongwiislaughter.com\/product\/water-immersion-type-electrical-stunner\/#primaryimage\"},\"thumbnailUrl\":\"https:\/\/hongwiislaughter.com\/wp-content\/uploads\/2024\/12\/Water-immersion-type-electrical-stunner.jpeg\",\"datePublished\":\"2024-12-19T08:08:06+00:00\",\"breadcrumb\":{\"@id\":\"https:\/\/hongwiislaughter.com\/product\/water-immersion-type-electrical-stunner\/#breadcrumb\"},\"inLanguage\":\"es\",\"potentialAction\":[{\"@type\":\"ReadAction\",\"target\":[\"https:\/\/hongwiislaughter.com\/product\/water-immersion-type-electrical-stunner\/\"]}]},{\"@type\":\"ImageObject\",\"inLanguage\":\"es\",\"@id\":\"https:\/\/hongwiislaughter.com\/product\/water-immersion-type-electrical-stunner\/#primaryimage\",\"url\":\"https:\/\/hongwiislaughter.com\/wp-content\/uploads\/2024\/12\/Water-immersion-type-electrical-stunner.jpeg\",\"contentUrl\":\"https:\/\/hongwiislaughter.com\/wp-content\/uploads\/2024\/12\/Water-immersion-type-electrical-stunner.jpeg\",\"width\":1748,\"height\":1748,\"caption\":\"The equipment is located below the slaughter hanging conveyor and is used in the hanging water-based electrical stunner process of live poultry. The suspended poultry body is dragged by the traction anchor chain and immersed in the electrified pool water, and is stunned by electric shock during the process; this stunning method is coherent and efficient, which can effectively reduce the stress response of poultry during slaughter, and is suitable for large, medium and small slaughter and processing plants.\"},{\"@type\":\"BreadcrumbList\",\"@id\":\"https:\/\/hongwiislaughter.com\/product\/water-immersion-type-electrical-stunner\/#breadcrumb\",\"itemListElement\":[{\"@type\":\"ListItem\",\"position\":1,\"name\":\"Home\",\"item\":\"https:\/\/hongwiislaughter.com\/home\/\"},{\"@type\":\"ListItem\",\"position\":2,\"name\":\"Products\",\"item\":\"https:\/\/hongwiislaughter.com\/products\/\"},{\"@type\":\"ListItem\",\"position\":3,\"name\":\"Water-immersion type electrical stunner\"}]},{\"@type\":\"WebSite\",\"@id\":\"https:\/\/hongwiislaughter.com\/#website\",\"url\":\"https:\/\/hongwiislaughter.com\/\",\"name\":\"HongWii Machine\",\"description\":\"\",\"potentialAction\":[{\"@type\":\"SearchAction\",\"target\":{\"@type\":\"EntryPoint\",\"urlTemplate\":\"https:\/\/hongwiislaughter.com\/?s={search_term_string}\"},\"query-input\":{\"@type\":\"PropertyValueSpecification\",\"valueRequired\":true,\"valueName\":\"search_term_string\"}}],\"inLanguage\":\"es\"}]}<\/script>\n<!-- \/ Yoast SEO plugin. -->","yoast_head_json":{"title":"Water-immersion type electrical stunner - HongWii Machine","robots":{"index":"index","follow":"follow","max-snippet":"max-snippet:-1","max-image-preview":"max-image-preview:large","max-video-preview":"max-video-preview:-1"},"canonical":"https:\/\/hongwiislaughter.com\/es\/product\/water-immersion-type-electrical-stunner\/","og_locale":"es_ES","og_type":"article","og_title":"Water-immersion type electrical stunner - HongWii Machine","og_description":"The equipment is located below the slaughter hanging conveyor and is used in the hanging water-based electrical stunner process of live poultry. The suspended poultry body is dragged by the traction anchor chain and immersed in the electrified pool water, and is stunned by electric shock during the process; this stunning method is coherent and efficient, which can effectively reduce the stress response of poultry during slaughter, and is suitable for large, medium and small slaughter and processing plants. Description: 1. The equipment consists of an electrical stunner pool and an electric control box. 2. The voltage and current of the electrical stunner are adjustable; the height of the pool body is adjustable, and the length of the pool body can be customized according to the actual needs of the user. 3. Adding an appropriate amount of salt to the pool water (to increase the conductivity of the water) can improve the effect of the electrical stunner.","og_url":"https:\/\/hongwiislaughter.com\/es\/product\/water-immersion-type-electrical-stunner\/","og_site_name":"HongWii Machine","og_image":[{"width":1748,"height":1748,"url":"https:\/\/hongwiislaughter.com\/wp-content\/uploads\/2024\/12\/Water-immersion-type-electrical-stunner.jpeg","type":"image\/jpeg"}],"twitter_card":"summary_large_image","schema":{"@context":"https:\/\/schema.org","@graph":[{"@type":"WebPage","@id":"https:\/\/hongwiislaughter.com\/product\/water-immersion-type-electrical-stunner\/","url":"https:\/\/hongwiislaughter.com\/product\/water-immersion-type-electrical-stunner\/","name":"Water-immersion type electrical stunner - HongWii Machine","isPartOf":{"@id":"https:\/\/hongwiislaughter.com\/#website"},"primaryImageOfPage":{"@id":"https:\/\/hongwiislaughter.com\/product\/water-immersion-type-electrical-stunner\/#primaryimage"},"image":{"@id":"https:\/\/hongwiislaughter.com\/product\/water-immersion-type-electrical-stunner\/#primaryimage"},"thumbnailUrl":"https:\/\/hongwiislaughter.com\/wp-content\/uploads\/2024\/12\/Water-immersion-type-electrical-stunner.jpeg","datePublished":"2024-12-19T08:08:06+00:00","breadcrumb":{"@id":"https:\/\/hongwiislaughter.com\/product\/water-immersion-type-electrical-stunner\/#breadcrumb"},"inLanguage":"es","potentialAction":[{"@type":"ReadAction","target":["https:\/\/hongwiislaughter.com\/product\/water-immersion-type-electrical-stunner\/"]}]},{"@type":"ImageObject","inLanguage":"es","@id":"https:\/\/hongwiislaughter.com\/product\/water-immersion-type-electrical-stunner\/#primaryimage","url":"https:\/\/hongwiislaughter.com\/wp-content\/uploads\/2024\/12\/Water-immersion-type-electrical-stunner.jpeg","contentUrl":"https:\/\/hongwiislaughter.com\/wp-content\/uploads\/2024\/12\/Water-immersion-type-electrical-stunner.jpeg","width":1748,"height":1748,"caption":"The equipment is located below the slaughter hanging conveyor and is used in the hanging water-based electrical stunner process of live poultry. The suspended poultry body is dragged by the traction anchor chain and immersed in the electrified pool water, and is stunned by electric shock during the process; this stunning method is coherent and efficient, which can effectively reduce the stress response of poultry during slaughter, and is suitable for large, medium and small slaughter and processing plants."},{"@type":"BreadcrumbList","@id":"https:\/\/hongwiislaughter.com\/product\/water-immersion-type-electrical-stunner\/#breadcrumb","itemListElement":[{"@type":"ListItem","position":1,"name":"Home","item":"https:\/\/hongwiislaughter.com\/home\/"},{"@type":"ListItem","position":2,"name":"Products","item":"https:\/\/hongwiislaughter.com\/products\/"},{"@type":"ListItem","position":3,"name":"Water-immersion type electrical stunner"}]},{"@type":"WebSite","@id":"https:\/\/hongwiislaughter.com\/#website","url":"https:\/\/hongwiislaughter.com\/","name":"M\u00e1quina HongWii","description":"","potentialAction":[{"@type":"SearchAction","target":{"@type":"EntryPoint","urlTemplate":"https:\/\/hongwiislaughter.com\/?s={search_term_string}"},"query-input":{"@type":"PropertyValueSpecification","valueRequired":true,"valueName":"search_term_string"}}],"inLanguage":"es"}]}},"_links":{"self":[{"href":"https:\/\/hongwiislaughter.com\/es\/wp-json\/wp\/v2\/product\/501","targetHints":{"allow":["GET"]}}],"collection":[{"href":"https:\/\/hongwiislaughter.com\/es\/wp-json\/wp\/v2\/product"}],"about":[{"href":"https:\/\/hongwiislaughter.com\/es\/wp-json\/wp\/v2\/types\/product"}],"wp:featuredmedia":[{"embeddable":true,"href":"https:\/\/hongwiislaughter.com\/es\/wp-json\/wp\/v2\/media\/502"}],"wp:attachment":[{"href":"https:\/\/hongwiislaughter.com\/es\/wp-json\/wp\/v2\/media?parent=501"}],"wp:term":[{"taxonomy":"product_brand","embeddable":true,"href":"https:\/\/hongwiislaughter.com\/es\/wp-json\/wp\/v2\/product_brand?post=501"},{"taxonomy":"product_cat","embeddable":true,"href":"https:\/\/hongwiislaughter.com\/es\/wp-json\/wp\/v2\/product_cat?post=501"},{"taxonomy":"product_tag","embeddable":true,"href":"https:\/\/hongwiislaughter.com\/es\/wp-json\/wp\/v2\/product_tag?post=501"}],"curies":[{"name":"wp","href":"https:\/\/api.w.org\/{rel}","templated":true}]}}