{"id":491,"date":"2024-12-17T11:28:48","date_gmt":"2024-12-17T11:28:48","guid":{"rendered":"https:\/\/hongwiislaughter.com\/?post_type=product&#038;p=491"},"modified":"2024-12-17T11:28:48","modified_gmt":"2024-12-17T11:28:48","slug":"head-hoof-testing-overhead-conveyors","status":"publish","type":"product","link":"https:\/\/hongwiislaughter.com\/es\/product\/head-hoof-testing-overhead-conveyors\/","title":{"rendered":"Transportadores a\u00e9reos para pruebas de cabezas y pezu\u00f1as"},"content":{"rendered":"","protected":false},"excerpt":{"rendered":"<p>Este equipo se instala en paralelo con el transportador a\u00e9reo de extracci\u00f3n de pieles, y se utiliza para colgar y transportar cabezas y pezu\u00f1as de oveja, de modo que los inspectores puedan inspeccionar las cabezas y pezu\u00f1as en funcionamiento. Es adecuado para plantas de sacrificio y procesamiento grandes y medianas.<br \/>\nDescripci\u00f3n:<br \/>\n1. The conveying chain of this equipment is a universal detachable chain, which rotates in a three-dimensional cycle and the conveying speed is adjustable; the conveying chain walking track is a double-channel steel or closed track; the whole machine adopts airbag type (compressed air is also provided) tensioning.<br \/>\n2. There are permanent head hooks and double front hoof fork loads on the conveying chain.<br \/>\n3. The equipment conveying end is equipped with a head and hoof automatic removal device;<br \/>\nThe empty section is equipped with a hook and fork load disinfection and cleaning device; and the head and hoof chute is separately configured.<\/p>","protected":false},"featured_media":492,"template":"","meta":[],"product_brand":[],"product_cat":[18],"product_tag":[],"class_list":{"0":"post-491","1":"product","2":"type-product","3":"status-publish","4":"has-post-thumbnail","6":"product_cat-sheep-slaughterhouse","8":"first","9":"instock","10":"shipping-taxable","11":"product-type-simple"},"yoast_head":"<!-- This site is optimized with the Yoast SEO plugin v24.5 - https:\/\/yoast.com\/wordpress\/plugins\/seo\/ -->\n<title>Head, hoof testing overhead conveyors - HongWii Machine<\/title>\n<meta name=\"robots\" content=\"index, follow, max-snippet:-1, max-image-preview:large, max-video-preview:-1\" \/>\n<link rel=\"canonical\" href=\"https:\/\/hongwiislaughter.com\/es\/product\/head-hoof-testing-overhead-conveyors\/\" \/>\n<meta property=\"og:locale\" content=\"es_ES\" \/>\n<meta property=\"og:type\" content=\"article\" \/>\n<meta property=\"og:title\" content=\"Head, hoof testing overhead conveyors - HongWii Machine\" \/>\n<meta property=\"og:description\" content=\"This equipment is installed in parallel with the leather-pulling overhead conveyor, and is used to hang and convey sheep heads and hooves, so that inspectors can inspect the heads and hooves in operation. It is suitable for large and medium-sized slaughtering and processing plants. Description: 1. The conveying chain of this equipment is a universal detachable chain, which rotates in a three-dimensional cycle and the conveying speed is adjustable; the conveying chain walking track is a double-channel steel or closed track; the whole machine adopts airbag type (compressed air is also provided) tensioning. 2. There are permanent head hooks and double front hoof fork loads on the conveying chain. 3. The equipment conveying end is equipped with a head and hoof automatic removal device; The empty section is equipped with a hook and fork load disinfection and cleaning device; and the head and hoof chute is separately configured.\" \/>\n<meta property=\"og:url\" content=\"https:\/\/hongwiislaughter.com\/es\/product\/head-hoof-testing-overhead-conveyors\/\" \/>\n<meta property=\"og:site_name\" content=\"HongWii Machine\" \/>\n<meta property=\"og:image\" content=\"https:\/\/hongwiislaughter.com\/wp-content\/uploads\/2024\/12\/Head-hoof-testing-overhead-conveyors.jpeg\" \/>\n\t<meta property=\"og:image:width\" content=\"1808\" \/>\n\t<meta property=\"og:image:height\" content=\"1808\" \/>\n\t<meta property=\"og:image:type\" content=\"image\/jpeg\" \/>\n<meta name=\"twitter:card\" content=\"summary_large_image\" \/>\n<meta name=\"twitter:label1\" content=\"Tiempo de lectura\" \/>\n\t<meta name=\"twitter:data1\" content=\"1 minuto\" \/>\n<script type=\"application\/ld+json\" class=\"yoast-schema-graph\">{\"@context\":\"https:\/\/schema.org\",\"@graph\":[{\"@type\":\"WebPage\",\"@id\":\"https:\/\/hongwiislaughter.com\/product\/head-hoof-testing-overhead-conveyors\/\",\"url\":\"https:\/\/hongwiislaughter.com\/product\/head-hoof-testing-overhead-conveyors\/\",\"name\":\"Head, hoof testing overhead conveyors - HongWii Machine\",\"isPartOf\":{\"@id\":\"https:\/\/hongwiislaughter.com\/#website\"},\"primaryImageOfPage\":{\"@id\":\"https:\/\/hongwiislaughter.com\/product\/head-hoof-testing-overhead-conveyors\/#primaryimage\"},\"image\":{\"@id\":\"https:\/\/hongwiislaughter.com\/product\/head-hoof-testing-overhead-conveyors\/#primaryimage\"},\"thumbnailUrl\":\"https:\/\/hongwiislaughter.com\/wp-content\/uploads\/2024\/12\/Head-hoof-testing-overhead-conveyors.jpeg\",\"datePublished\":\"2024-12-17T11:28:48+00:00\",\"breadcrumb\":{\"@id\":\"https:\/\/hongwiislaughter.com\/product\/head-hoof-testing-overhead-conveyors\/#breadcrumb\"},\"inLanguage\":\"es\",\"potentialAction\":[{\"@type\":\"ReadAction\",\"target\":[\"https:\/\/hongwiislaughter.com\/product\/head-hoof-testing-overhead-conveyors\/\"]}]},{\"@type\":\"ImageObject\",\"inLanguage\":\"es\",\"@id\":\"https:\/\/hongwiislaughter.com\/product\/head-hoof-testing-overhead-conveyors\/#primaryimage\",\"url\":\"https:\/\/hongwiislaughter.com\/wp-content\/uploads\/2024\/12\/Head-hoof-testing-overhead-conveyors.jpeg\",\"contentUrl\":\"https:\/\/hongwiislaughter.com\/wp-content\/uploads\/2024\/12\/Head-hoof-testing-overhead-conveyors.jpeg\",\"width\":1808,\"height\":1808,\"caption\":\"This equipment is installed in parallel with the leather-pulling overhead conveyor, and is used to hang and convey sheep heads and hooves, so that inspectors can inspect the heads and hooves in operation. It is suitable for large and medium-sized slaughtering and processing plants.\"},{\"@type\":\"BreadcrumbList\",\"@id\":\"https:\/\/hongwiislaughter.com\/product\/head-hoof-testing-overhead-conveyors\/#breadcrumb\",\"itemListElement\":[{\"@type\":\"ListItem\",\"position\":1,\"name\":\"Home\",\"item\":\"https:\/\/hongwiislaughter.com\/home\/\"},{\"@type\":\"ListItem\",\"position\":2,\"name\":\"Products\",\"item\":\"https:\/\/hongwiislaughter.com\/products\/\"},{\"@type\":\"ListItem\",\"position\":3,\"name\":\"Head, hoof testing overhead conveyors\"}]},{\"@type\":\"WebSite\",\"@id\":\"https:\/\/hongwiislaughter.com\/#website\",\"url\":\"https:\/\/hongwiislaughter.com\/\",\"name\":\"HongWii Machine\",\"description\":\"\",\"potentialAction\":[{\"@type\":\"SearchAction\",\"target\":{\"@type\":\"EntryPoint\",\"urlTemplate\":\"https:\/\/hongwiislaughter.com\/?s={search_term_string}\"},\"query-input\":{\"@type\":\"PropertyValueSpecification\",\"valueRequired\":true,\"valueName\":\"search_term_string\"}}],\"inLanguage\":\"es\"}]}<\/script>\n<!-- \/ Yoast SEO plugin. -->","yoast_head_json":{"title":"Head, hoof testing overhead conveyors - HongWii Machine","robots":{"index":"index","follow":"follow","max-snippet":"max-snippet:-1","max-image-preview":"max-image-preview:large","max-video-preview":"max-video-preview:-1"},"canonical":"https:\/\/hongwiislaughter.com\/es\/product\/head-hoof-testing-overhead-conveyors\/","og_locale":"es_ES","og_type":"article","og_title":"Head, hoof testing overhead conveyors - HongWii Machine","og_description":"This equipment is installed in parallel with the leather-pulling overhead conveyor, and is used to hang and convey sheep heads and hooves, so that inspectors can inspect the heads and hooves in operation. It is suitable for large and medium-sized slaughtering and processing plants. Description: 1. The conveying chain of this equipment is a universal detachable chain, which rotates in a three-dimensional cycle and the conveying speed is adjustable; the conveying chain walking track is a double-channel steel or closed track; the whole machine adopts airbag type (compressed air is also provided) tensioning. 2. There are permanent head hooks and double front hoof fork loads on the conveying chain. 3. The equipment conveying end is equipped with a head and hoof automatic removal device; The empty section is equipped with a hook and fork load disinfection and cleaning device; and the head and hoof chute is separately configured.","og_url":"https:\/\/hongwiislaughter.com\/es\/product\/head-hoof-testing-overhead-conveyors\/","og_site_name":"HongWii Machine","og_image":[{"width":1808,"height":1808,"url":"https:\/\/hongwiislaughter.com\/wp-content\/uploads\/2024\/12\/Head-hoof-testing-overhead-conveyors.jpeg","type":"image\/jpeg"}],"twitter_card":"summary_large_image","twitter_misc":{"Tiempo de lectura":"1 minuto"},"schema":{"@context":"https:\/\/schema.org","@graph":[{"@type":"WebPage","@id":"https:\/\/hongwiislaughter.com\/product\/head-hoof-testing-overhead-conveyors\/","url":"https:\/\/hongwiislaughter.com\/product\/head-hoof-testing-overhead-conveyors\/","name":"Head, hoof testing overhead conveyors - HongWii Machine","isPartOf":{"@id":"https:\/\/hongwiislaughter.com\/#website"},"primaryImageOfPage":{"@id":"https:\/\/hongwiislaughter.com\/product\/head-hoof-testing-overhead-conveyors\/#primaryimage"},"image":{"@id":"https:\/\/hongwiislaughter.com\/product\/head-hoof-testing-overhead-conveyors\/#primaryimage"},"thumbnailUrl":"https:\/\/hongwiislaughter.com\/wp-content\/uploads\/2024\/12\/Head-hoof-testing-overhead-conveyors.jpeg","datePublished":"2024-12-17T11:28:48+00:00","breadcrumb":{"@id":"https:\/\/hongwiislaughter.com\/product\/head-hoof-testing-overhead-conveyors\/#breadcrumb"},"inLanguage":"es","potentialAction":[{"@type":"ReadAction","target":["https:\/\/hongwiislaughter.com\/product\/head-hoof-testing-overhead-conveyors\/"]}]},{"@type":"ImageObject","inLanguage":"es","@id":"https:\/\/hongwiislaughter.com\/product\/head-hoof-testing-overhead-conveyors\/#primaryimage","url":"https:\/\/hongwiislaughter.com\/wp-content\/uploads\/2024\/12\/Head-hoof-testing-overhead-conveyors.jpeg","contentUrl":"https:\/\/hongwiislaughter.com\/wp-content\/uploads\/2024\/12\/Head-hoof-testing-overhead-conveyors.jpeg","width":1808,"height":1808,"caption":"This equipment is installed in parallel with the leather-pulling overhead conveyor, and is used to hang and convey sheep heads and hooves, so that inspectors can inspect the heads and hooves in operation. It is suitable for large and medium-sized slaughtering and processing plants."},{"@type":"BreadcrumbList","@id":"https:\/\/hongwiislaughter.com\/product\/head-hoof-testing-overhead-conveyors\/#breadcrumb","itemListElement":[{"@type":"ListItem","position":1,"name":"Home","item":"https:\/\/hongwiislaughter.com\/home\/"},{"@type":"ListItem","position":2,"name":"Products","item":"https:\/\/hongwiislaughter.com\/products\/"},{"@type":"ListItem","position":3,"name":"Head, hoof testing overhead conveyors"}]},{"@type":"WebSite","@id":"https:\/\/hongwiislaughter.com\/#website","url":"https:\/\/hongwiislaughter.com\/","name":"M\u00e1quina HongWii","description":"","potentialAction":[{"@type":"SearchAction","target":{"@type":"EntryPoint","urlTemplate":"https:\/\/hongwiislaughter.com\/?s={search_term_string}"},"query-input":{"@type":"PropertyValueSpecification","valueRequired":true,"valueName":"search_term_string"}}],"inLanguage":"es"}]}},"_links":{"self":[{"href":"https:\/\/hongwiislaughter.com\/es\/wp-json\/wp\/v2\/product\/491","targetHints":{"allow":["GET"]}}],"collection":[{"href":"https:\/\/hongwiislaughter.com\/es\/wp-json\/wp\/v2\/product"}],"about":[{"href":"https:\/\/hongwiislaughter.com\/es\/wp-json\/wp\/v2\/types\/product"}],"wp:featuredmedia":[{"embeddable":true,"href":"https:\/\/hongwiislaughter.com\/es\/wp-json\/wp\/v2\/media\/492"}],"wp:attachment":[{"href":"https:\/\/hongwiislaughter.com\/es\/wp-json\/wp\/v2\/media?parent=491"}],"wp:term":[{"taxonomy":"product_brand","embeddable":true,"href":"https:\/\/hongwiislaughter.com\/es\/wp-json\/wp\/v2\/product_brand?post=491"},{"taxonomy":"product_cat","embeddable":true,"href":"https:\/\/hongwiislaughter.com\/es\/wp-json\/wp\/v2\/product_cat?post=491"},{"taxonomy":"product_tag","embeddable":true,"href":"https:\/\/hongwiislaughter.com\/es\/wp-json\/wp\/v2\/product_tag?post=491"}],"curies":[{"name":"wp","href":"https:\/\/api.w.org\/{rel}","templated":true}]}}