{"id":480,"date":"2024-12-17T05:24:32","date_gmt":"2024-12-17T05:24:32","guid":{"rendered":"https:\/\/hongwiislaughter.com\/?post_type=product&#038;p=480"},"modified":"2024-12-17T05:24:32","modified_gmt":"2024-12-17T05:24:32","slug":"closed-rail-type-bloodletting-overhead-conveyor","status":"publish","type":"product","link":"https:\/\/hongwiislaughter.com\/es\/product\/closed-rail-type-bloodletting-overhead-conveyor\/","title":{"rendered":"Transportador a\u00e9reo de sangr\u00eda (tipo carril cerrado)"},"content":{"rendered":"","protected":false},"excerpt":{"rendered":"<p>Este equipo se utiliza para colgar y transportar canales de oveja. En la primera mitad del transporte, se realiza la operaci\u00f3n de desangrado (colgado de las pezu\u00f1as traseras simples o dobles). En la segunda mitad (colgado de las pezu\u00f1as traseras dobles), mantiene un funcionamiento sincronizado con el transportador colgante de desollado (colgado de las pezu\u00f1as delanteras dobles) para cooperar con \u00e9l y completar la operaci\u00f3n de predesollado equilibrado de la canal. Las pezu\u00f1as traseras de la canal se cortan al final del transportador de desangrado, y las pezu\u00f1as delanteras dobles se cuelgan completamente en el transportador de desollado para entrar en el proceso de desollado. Adecuado para plantas de sacrificio y procesamiento modernas de tama\u00f1o grande y mediano.<br \/>\nInstrucciones:<br \/>\n1. The conveying chain of this equipment is a universal ring chain, which rotates in a three-dimensional cycle and the conveying speed is adjustable; the conveying chain walking track is a closed box structure; the whole machine adopts airbag type (compressed air is also provided) tensioning;<br \/>\nusually made of stainless steel.<br \/>\n2. Double fork hanging sheep are usually installed on the conveyor chain, and two single fork hanging sheep (cooperation) or buckle foot chain (hanging single hind leg balance pre-skinning) can also be installed to hang sheep.<br \/>\n*3. Subsequent supporting equipment with roughly the same structure include peeling hanging conveyor and carcass processing hanging conveyor, which are no longer listed separately in this brochure.<br \/>\nFor relevant instructions, please refer to the corresponding double-trough hanging conveyor.<\/p>","protected":false},"featured_media":481,"template":"","meta":[],"product_brand":[],"product_cat":[18],"product_tag":[],"class_list":{"0":"post-480","1":"product","2":"type-product","3":"status-publish","4":"has-post-thumbnail","6":"product_cat-sheep-slaughterhouse","8":"first","9":"instock","10":"shipping-taxable","11":"product-type-simple"},"yoast_head":"<!-- This site is optimized with the Yoast SEO plugin v24.5 - https:\/\/yoast.com\/wordpress\/plugins\/seo\/ -->\n<title>(Closed-rail type) bloodletting overhead conveyor - HongWii Machine<\/title>\n<meta name=\"robots\" content=\"index, follow, max-snippet:-1, max-image-preview:large, max-video-preview:-1\" \/>\n<link rel=\"canonical\" href=\"https:\/\/hongwiislaughter.com\/es\/product\/closed-rail-type-bloodletting-overhead-conveyor\/\" \/>\n<meta property=\"og:locale\" content=\"es_ES\" \/>\n<meta property=\"og:type\" content=\"article\" \/>\n<meta property=\"og:title\" content=\"(Closed-rail type) bloodletting overhead conveyor - HongWii Machine\" \/>\n<meta property=\"og:description\" content=\"This equipment is used to hang and convey sheep carcasses. In the first half of the conveying, the bloodletting (hanging single or double hind hooves) operation is completed. In the second half (hanging double hind hooves), it keeps synchronous operation with the skinning hanging conveyor (hanging double front hooves) to cooperate with it to complete the balanced pre-skinning operation of the carcass. The hind hooves of the carcass are cut off at the end of the bloodletting conveyor, and the double front hooves are completely hung on the skinning conveyor to enter the skinning process. Suitable for large and medium-sized modern slaughtering and processing plants. Instructions: 1. The conveying chain of this equipment is a universal ring chain, which rotates in a three-dimensional cycle and the conveying speed is adjustable; the conveying chain walking track is a closed box structure; the whole machine adopts airbag type (compressed air is also provided) tensioning; usually made of stainless steel. 2. Double fork hanging sheep are usually installed on the conveyor chain, and two single fork hanging sheep (cooperation) or buckle foot chain (hanging single hind leg balance pre-skinning) can also be installed to hang sheep. *3. Subsequent supporting equipment with roughly the same structure include peeling hanging conveyor and carcass processing hanging conveyor, which are no longer listed separately in this brochure. For relevant instructions, please refer to the corresponding double-trough hanging conveyor.\" \/>\n<meta property=\"og:url\" content=\"https:\/\/hongwiislaughter.com\/es\/product\/closed-rail-type-bloodletting-overhead-conveyor\/\" \/>\n<meta property=\"og:site_name\" content=\"HongWii Machine\" \/>\n<meta property=\"og:image\" content=\"https:\/\/hongwiislaughter.com\/wp-content\/uploads\/2024\/12\/Closed-rail-type-bloodletting-overhead-conveyor.jpg\" \/>\n\t<meta property=\"og:image:width\" content=\"1616\" \/>\n\t<meta property=\"og:image:height\" content=\"1616\" \/>\n\t<meta property=\"og:image:type\" content=\"image\/jpeg\" \/>\n<meta name=\"twitter:card\" content=\"summary_large_image\" \/>\n<meta name=\"twitter:label1\" content=\"Tiempo de lectura\" \/>\n\t<meta name=\"twitter:data1\" content=\"1 minuto\" \/>\n<script type=\"application\/ld+json\" class=\"yoast-schema-graph\">{\"@context\":\"https:\/\/schema.org\",\"@graph\":[{\"@type\":\"WebPage\",\"@id\":\"https:\/\/hongwiislaughter.com\/product\/closed-rail-type-bloodletting-overhead-conveyor\/\",\"url\":\"https:\/\/hongwiislaughter.com\/product\/closed-rail-type-bloodletting-overhead-conveyor\/\",\"name\":\"(Closed-rail type) bloodletting overhead conveyor - HongWii Machine\",\"isPartOf\":{\"@id\":\"https:\/\/hongwiislaughter.com\/#website\"},\"primaryImageOfPage\":{\"@id\":\"https:\/\/hongwiislaughter.com\/product\/closed-rail-type-bloodletting-overhead-conveyor\/#primaryimage\"},\"image\":{\"@id\":\"https:\/\/hongwiislaughter.com\/product\/closed-rail-type-bloodletting-overhead-conveyor\/#primaryimage\"},\"thumbnailUrl\":\"https:\/\/hongwiislaughter.com\/wp-content\/uploads\/2024\/12\/Closed-rail-type-bloodletting-overhead-conveyor.jpg\",\"datePublished\":\"2024-12-17T05:24:32+00:00\",\"breadcrumb\":{\"@id\":\"https:\/\/hongwiislaughter.com\/product\/closed-rail-type-bloodletting-overhead-conveyor\/#breadcrumb\"},\"inLanguage\":\"es\",\"potentialAction\":[{\"@type\":\"ReadAction\",\"target\":[\"https:\/\/hongwiislaughter.com\/product\/closed-rail-type-bloodletting-overhead-conveyor\/\"]}]},{\"@type\":\"ImageObject\",\"inLanguage\":\"es\",\"@id\":\"https:\/\/hongwiislaughter.com\/product\/closed-rail-type-bloodletting-overhead-conveyor\/#primaryimage\",\"url\":\"https:\/\/hongwiislaughter.com\/wp-content\/uploads\/2024\/12\/Closed-rail-type-bloodletting-overhead-conveyor.jpg\",\"contentUrl\":\"https:\/\/hongwiislaughter.com\/wp-content\/uploads\/2024\/12\/Closed-rail-type-bloodletting-overhead-conveyor.jpg\",\"width\":1616,\"height\":1616,\"caption\":\"This equipment is used to hang and convey sheep carcasses. In the first half of the conveying, the bloodletting (hanging single or double hind hooves) operation is completed. In the second half (hanging double hind hooves), it keeps synchronous operation with the skinning hanging conveyor (hanging double front hooves) to cooperate with it to complete the balanced pre-skinning operation of the carcass. The hind hooves of the carcass are cut off at the end of the bloodletting conveyor, and the double front hooves are completely hung on the skinning conveyor to enter the skinning process. Suitable for large and medium-sized modern slaughtering and processing plants.\"},{\"@type\":\"BreadcrumbList\",\"@id\":\"https:\/\/hongwiislaughter.com\/product\/closed-rail-type-bloodletting-overhead-conveyor\/#breadcrumb\",\"itemListElement\":[{\"@type\":\"ListItem\",\"position\":1,\"name\":\"Home\",\"item\":\"https:\/\/hongwiislaughter.com\/home\/\"},{\"@type\":\"ListItem\",\"position\":2,\"name\":\"Products\",\"item\":\"https:\/\/hongwiislaughter.com\/products\/\"},{\"@type\":\"ListItem\",\"position\":3,\"name\":\"(Closed-rail type) bloodletting overhead conveyor\"}]},{\"@type\":\"WebSite\",\"@id\":\"https:\/\/hongwiislaughter.com\/#website\",\"url\":\"https:\/\/hongwiislaughter.com\/\",\"name\":\"HongWii Machine\",\"description\":\"\",\"potentialAction\":[{\"@type\":\"SearchAction\",\"target\":{\"@type\":\"EntryPoint\",\"urlTemplate\":\"https:\/\/hongwiislaughter.com\/?s={search_term_string}\"},\"query-input\":{\"@type\":\"PropertyValueSpecification\",\"valueRequired\":true,\"valueName\":\"search_term_string\"}}],\"inLanguage\":\"es\"}]}<\/script>\n<!-- \/ Yoast SEO plugin. -->","yoast_head_json":{"title":"(Closed-rail type) bloodletting overhead conveyor - HongWii Machine","robots":{"index":"index","follow":"follow","max-snippet":"max-snippet:-1","max-image-preview":"max-image-preview:large","max-video-preview":"max-video-preview:-1"},"canonical":"https:\/\/hongwiislaughter.com\/es\/product\/closed-rail-type-bloodletting-overhead-conveyor\/","og_locale":"es_ES","og_type":"article","og_title":"(Closed-rail type) bloodletting overhead conveyor - HongWii Machine","og_description":"This equipment is used to hang and convey sheep carcasses. In the first half of the conveying, the bloodletting (hanging single or double hind hooves) operation is completed. In the second half (hanging double hind hooves), it keeps synchronous operation with the skinning hanging conveyor (hanging double front hooves) to cooperate with it to complete the balanced pre-skinning operation of the carcass. The hind hooves of the carcass are cut off at the end of the bloodletting conveyor, and the double front hooves are completely hung on the skinning conveyor to enter the skinning process. Suitable for large and medium-sized modern slaughtering and processing plants. Instructions: 1. The conveying chain of this equipment is a universal ring chain, which rotates in a three-dimensional cycle and the conveying speed is adjustable; the conveying chain walking track is a closed box structure; the whole machine adopts airbag type (compressed air is also provided) tensioning; usually made of stainless steel. 2. Double fork hanging sheep are usually installed on the conveyor chain, and two single fork hanging sheep (cooperation) or buckle foot chain (hanging single hind leg balance pre-skinning) can also be installed to hang sheep. *3. Subsequent supporting equipment with roughly the same structure include peeling hanging conveyor and carcass processing hanging conveyor, which are no longer listed separately in this brochure. For relevant instructions, please refer to the corresponding double-trough hanging conveyor.","og_url":"https:\/\/hongwiislaughter.com\/es\/product\/closed-rail-type-bloodletting-overhead-conveyor\/","og_site_name":"HongWii Machine","og_image":[{"width":1616,"height":1616,"url":"https:\/\/hongwiislaughter.com\/wp-content\/uploads\/2024\/12\/Closed-rail-type-bloodletting-overhead-conveyor.jpg","type":"image\/jpeg"}],"twitter_card":"summary_large_image","twitter_misc":{"Tiempo de lectura":"1 minuto"},"schema":{"@context":"https:\/\/schema.org","@graph":[{"@type":"WebPage","@id":"https:\/\/hongwiislaughter.com\/product\/closed-rail-type-bloodletting-overhead-conveyor\/","url":"https:\/\/hongwiislaughter.com\/product\/closed-rail-type-bloodletting-overhead-conveyor\/","name":"(Closed-rail type) bloodletting overhead conveyor - HongWii Machine","isPartOf":{"@id":"https:\/\/hongwiislaughter.com\/#website"},"primaryImageOfPage":{"@id":"https:\/\/hongwiislaughter.com\/product\/closed-rail-type-bloodletting-overhead-conveyor\/#primaryimage"},"image":{"@id":"https:\/\/hongwiislaughter.com\/product\/closed-rail-type-bloodletting-overhead-conveyor\/#primaryimage"},"thumbnailUrl":"https:\/\/hongwiislaughter.com\/wp-content\/uploads\/2024\/12\/Closed-rail-type-bloodletting-overhead-conveyor.jpg","datePublished":"2024-12-17T05:24:32+00:00","breadcrumb":{"@id":"https:\/\/hongwiislaughter.com\/product\/closed-rail-type-bloodletting-overhead-conveyor\/#breadcrumb"},"inLanguage":"es","potentialAction":[{"@type":"ReadAction","target":["https:\/\/hongwiislaughter.com\/product\/closed-rail-type-bloodletting-overhead-conveyor\/"]}]},{"@type":"ImageObject","inLanguage":"es","@id":"https:\/\/hongwiislaughter.com\/product\/closed-rail-type-bloodletting-overhead-conveyor\/#primaryimage","url":"https:\/\/hongwiislaughter.com\/wp-content\/uploads\/2024\/12\/Closed-rail-type-bloodletting-overhead-conveyor.jpg","contentUrl":"https:\/\/hongwiislaughter.com\/wp-content\/uploads\/2024\/12\/Closed-rail-type-bloodletting-overhead-conveyor.jpg","width":1616,"height":1616,"caption":"This equipment is used to hang and convey sheep carcasses. In the first half of the conveying, the bloodletting (hanging single or double hind hooves) operation is completed. In the second half (hanging double hind hooves), it keeps synchronous operation with the skinning hanging conveyor (hanging double front hooves) to cooperate with it to complete the balanced pre-skinning operation of the carcass. The hind hooves of the carcass are cut off at the end of the bloodletting conveyor, and the double front hooves are completely hung on the skinning conveyor to enter the skinning process. Suitable for large and medium-sized modern slaughtering and processing plants."},{"@type":"BreadcrumbList","@id":"https:\/\/hongwiislaughter.com\/product\/closed-rail-type-bloodletting-overhead-conveyor\/#breadcrumb","itemListElement":[{"@type":"ListItem","position":1,"name":"Home","item":"https:\/\/hongwiislaughter.com\/home\/"},{"@type":"ListItem","position":2,"name":"Products","item":"https:\/\/hongwiislaughter.com\/products\/"},{"@type":"ListItem","position":3,"name":"(Closed-rail type) bloodletting overhead conveyor"}]},{"@type":"WebSite","@id":"https:\/\/hongwiislaughter.com\/#website","url":"https:\/\/hongwiislaughter.com\/","name":"M\u00e1quina HongWii","description":"","potentialAction":[{"@type":"SearchAction","target":{"@type":"EntryPoint","urlTemplate":"https:\/\/hongwiislaughter.com\/?s={search_term_string}"},"query-input":{"@type":"PropertyValueSpecification","valueRequired":true,"valueName":"search_term_string"}}],"inLanguage":"es"}]}},"_links":{"self":[{"href":"https:\/\/hongwiislaughter.com\/es\/wp-json\/wp\/v2\/product\/480","targetHints":{"allow":["GET"]}}],"collection":[{"href":"https:\/\/hongwiislaughter.com\/es\/wp-json\/wp\/v2\/product"}],"about":[{"href":"https:\/\/hongwiislaughter.com\/es\/wp-json\/wp\/v2\/types\/product"}],"wp:featuredmedia":[{"embeddable":true,"href":"https:\/\/hongwiislaughter.com\/es\/wp-json\/wp\/v2\/media\/481"}],"wp:attachment":[{"href":"https:\/\/hongwiislaughter.com\/es\/wp-json\/wp\/v2\/media?parent=480"}],"wp:term":[{"taxonomy":"product_brand","embeddable":true,"href":"https:\/\/hongwiislaughter.com\/es\/wp-json\/wp\/v2\/product_brand?post=480"},{"taxonomy":"product_cat","embeddable":true,"href":"https:\/\/hongwiislaughter.com\/es\/wp-json\/wp\/v2\/product_cat?post=480"},{"taxonomy":"product_tag","embeddable":true,"href":"https:\/\/hongwiislaughter.com\/es\/wp-json\/wp\/v2\/product_tag?post=480"}],"curies":[{"name":"wp","href":"https:\/\/api.w.org\/{rel}","templated":true}]}}