{"id":443,"date":"2024-11-24T10:19:13","date_gmt":"2024-11-24T10:19:13","guid":{"rendered":"https:\/\/hongwiislaughter.com\/?post_type=product&#038;p=443"},"modified":"2024-11-24T10:19:14","modified_gmt":"2024-11-24T10:19:14","slug":"pigs-hair-blower-gastric-contents-blower","status":"publish","type":"product","link":"https:\/\/hongwiislaughter.com\/es\/product\/pigs-hair-blower-gastric-contents-blower\/","title":{"rendered":"Soplador de pelo de cerdo \/ Soplador de contenido g\u00e1strico"},"content":{"rendered":"","protected":false},"excerpt":{"rendered":"<p>El equipo se instala debajo de la salida del transportador de pelo de cerdo para recoger el pelo de cerdo y utilizar aire comprimido para soplar la mezcla de pelo y agua en el tanque a lo largo de la tuber\u00eda hasta la sala de pelo de cerdo peri\u00f3dicamente. Se utiliza como equipo de apoyo para la m\u00e1quina de depilaci\u00f3n en espiral. Tambi\u00e9n puede instalarse en la sala de procesamiento de \u00f3rganos blancos para el proceso de suministro de aire del contenido g\u00e1strico e intestinal.<br \/>\nDescription: The equipment is powered by compressed air, and the automatic control system controls the pneumatic gate valve to open and close the tank mouth; a water spray pipe is provided at the mouth of the hair receiving funnel.<\/p>","protected":false},"featured_media":444,"template":"","meta":[],"product_brand":[],"product_cat":[17],"product_tag":[],"class_list":{"0":"post-443","1":"product","2":"type-product","3":"status-publish","4":"has-post-thumbnail","6":"product_cat-pig-slaughterhouse","8":"first","9":"instock","10":"shipping-taxable","11":"product-type-simple"},"yoast_head":"<!-- This site is optimized with the Yoast SEO plugin v24.5 - https:\/\/yoast.com\/wordpress\/plugins\/seo\/ -->\n<title>Pig&#039;s hair blower \/ Gastric contents blower - HongWii Machine<\/title>\n<meta name=\"robots\" content=\"index, follow, max-snippet:-1, max-image-preview:large, max-video-preview:-1\" \/>\n<link rel=\"canonical\" href=\"https:\/\/hongwiislaughter.com\/es\/product\/pigs-hair-blower-gastric-contents-blower\/\" \/>\n<meta property=\"og:locale\" content=\"es_ES\" \/>\n<meta property=\"og:type\" content=\"article\" \/>\n<meta property=\"og:title\" content=\"Pig&#039;s hair blower \/ Gastric contents blower - HongWii Machine\" \/>\n<meta property=\"og:description\" content=\"The equipment is installed below the outlet of the pig hair conveyor to collect pig hair and use compressed air to blow the hair and water mixture in the tank along the pipeline to the pig hair room periodically. It is used as a supporting equipment for the spiral hair removal machine. It can also be installed in the white organ processing room for the air delivery process of gastric and intestinal contents. Description: The equipment is powered by compressed air, and the automatic control system controls the pneumatic gate valve to open and close the tank mouth; a water spray pipe is provided at the mouth of the hair receiving funnel.\" \/>\n<meta property=\"og:url\" content=\"https:\/\/hongwiislaughter.com\/es\/product\/pigs-hair-blower-gastric-contents-blower\/\" \/>\n<meta property=\"og:site_name\" content=\"HongWii Machine\" \/>\n<meta property=\"article:modified_time\" content=\"2024-11-24T10:19:14+00:00\" \/>\n<meta property=\"og:image\" content=\"https:\/\/hongwiislaughter.com\/wp-content\/uploads\/2024\/11\/Pigs-hair-blower-Gastric-contents-blower.jpeg\" \/>\n\t<meta property=\"og:image:width\" content=\"2004\" \/>\n\t<meta property=\"og:image:height\" content=\"2000\" \/>\n\t<meta property=\"og:image:type\" content=\"image\/jpeg\" \/>\n<meta name=\"twitter:card\" content=\"summary_large_image\" \/>\n<meta name=\"twitter:label1\" content=\"Tiempo de lectura\" \/>\n\t<meta name=\"twitter:data1\" content=\"1 minuto\" \/>\n<script type=\"application\/ld+json\" class=\"yoast-schema-graph\">{\"@context\":\"https:\/\/schema.org\",\"@graph\":[{\"@type\":\"WebPage\",\"@id\":\"https:\/\/hongwiislaughter.com\/product\/pigs-hair-blower-gastric-contents-blower\/\",\"url\":\"https:\/\/hongwiislaughter.com\/product\/pigs-hair-blower-gastric-contents-blower\/\",\"name\":\"Pig's hair blower \/ Gastric contents blower - HongWii Machine\",\"isPartOf\":{\"@id\":\"https:\/\/hongwiislaughter.com\/#website\"},\"primaryImageOfPage\":{\"@id\":\"https:\/\/hongwiislaughter.com\/product\/pigs-hair-blower-gastric-contents-blower\/#primaryimage\"},\"image\":{\"@id\":\"https:\/\/hongwiislaughter.com\/product\/pigs-hair-blower-gastric-contents-blower\/#primaryimage\"},\"thumbnailUrl\":\"https:\/\/hongwiislaughter.com\/wp-content\/uploads\/2024\/11\/Pigs-hair-blower-Gastric-contents-blower.jpeg\",\"datePublished\":\"2024-11-24T10:19:13+00:00\",\"dateModified\":\"2024-11-24T10:19:14+00:00\",\"breadcrumb\":{\"@id\":\"https:\/\/hongwiislaughter.com\/product\/pigs-hair-blower-gastric-contents-blower\/#breadcrumb\"},\"inLanguage\":\"es\",\"potentialAction\":[{\"@type\":\"ReadAction\",\"target\":[\"https:\/\/hongwiislaughter.com\/product\/pigs-hair-blower-gastric-contents-blower\/\"]}]},{\"@type\":\"ImageObject\",\"inLanguage\":\"es\",\"@id\":\"https:\/\/hongwiislaughter.com\/product\/pigs-hair-blower-gastric-contents-blower\/#primaryimage\",\"url\":\"https:\/\/hongwiislaughter.com\/wp-content\/uploads\/2024\/11\/Pigs-hair-blower-Gastric-contents-blower.jpeg\",\"contentUrl\":\"https:\/\/hongwiislaughter.com\/wp-content\/uploads\/2024\/11\/Pigs-hair-blower-Gastric-contents-blower.jpeg\",\"width\":2004,\"height\":2000,\"caption\":\"The equipment is installed below the outlet of the pig hair conveyor to collect pig hair and use compressed air to blow the hair and water mixture in the tank along the pipeline to the pig hair room periodically. It is used as a supporting equipment for the spiral hair removal machine. It can also be installed in the white organ processing room for the air delivery process of gastric and intestinal contents.\"},{\"@type\":\"BreadcrumbList\",\"@id\":\"https:\/\/hongwiislaughter.com\/product\/pigs-hair-blower-gastric-contents-blower\/#breadcrumb\",\"itemListElement\":[{\"@type\":\"ListItem\",\"position\":1,\"name\":\"Home\",\"item\":\"https:\/\/hongwiislaughter.com\/home\/\"},{\"@type\":\"ListItem\",\"position\":2,\"name\":\"Products\",\"item\":\"https:\/\/hongwiislaughter.com\/products\/\"},{\"@type\":\"ListItem\",\"position\":3,\"name\":\"Pig&#8217;s hair blower \/ Gastric contents blower\"}]},{\"@type\":\"WebSite\",\"@id\":\"https:\/\/hongwiislaughter.com\/#website\",\"url\":\"https:\/\/hongwiislaughter.com\/\",\"name\":\"HongWii Machine\",\"description\":\"\",\"potentialAction\":[{\"@type\":\"SearchAction\",\"target\":{\"@type\":\"EntryPoint\",\"urlTemplate\":\"https:\/\/hongwiislaughter.com\/?s={search_term_string}\"},\"query-input\":{\"@type\":\"PropertyValueSpecification\",\"valueRequired\":true,\"valueName\":\"search_term_string\"}}],\"inLanguage\":\"es\"}]}<\/script>\n<!-- \/ Yoast SEO plugin. -->","yoast_head_json":{"title":"Pig's hair blower \/ Gastric contents blower - HongWii Machine","robots":{"index":"index","follow":"follow","max-snippet":"max-snippet:-1","max-image-preview":"max-image-preview:large","max-video-preview":"max-video-preview:-1"},"canonical":"https:\/\/hongwiislaughter.com\/es\/product\/pigs-hair-blower-gastric-contents-blower\/","og_locale":"es_ES","og_type":"article","og_title":"Pig's hair blower \/ Gastric contents blower - HongWii Machine","og_description":"The equipment is installed below the outlet of the pig hair conveyor to collect pig hair and use compressed air to blow the hair and water mixture in the tank along the pipeline to the pig hair room periodically. It is used as a supporting equipment for the spiral hair removal machine. It can also be installed in the white organ processing room for the air delivery process of gastric and intestinal contents. Description: The equipment is powered by compressed air, and the automatic control system controls the pneumatic gate valve to open and close the tank mouth; a water spray pipe is provided at the mouth of the hair receiving funnel.","og_url":"https:\/\/hongwiislaughter.com\/es\/product\/pigs-hair-blower-gastric-contents-blower\/","og_site_name":"HongWii Machine","article_modified_time":"2024-11-24T10:19:14+00:00","og_image":[{"width":2004,"height":2000,"url":"https:\/\/hongwiislaughter.com\/wp-content\/uploads\/2024\/11\/Pigs-hair-blower-Gastric-contents-blower.jpeg","type":"image\/jpeg"}],"twitter_card":"summary_large_image","twitter_misc":{"Tiempo de lectura":"1 minuto"},"schema":{"@context":"https:\/\/schema.org","@graph":[{"@type":"WebPage","@id":"https:\/\/hongwiislaughter.com\/product\/pigs-hair-blower-gastric-contents-blower\/","url":"https:\/\/hongwiislaughter.com\/product\/pigs-hair-blower-gastric-contents-blower\/","name":"Pig's hair blower \/ Gastric contents blower - HongWii Machine","isPartOf":{"@id":"https:\/\/hongwiislaughter.com\/#website"},"primaryImageOfPage":{"@id":"https:\/\/hongwiislaughter.com\/product\/pigs-hair-blower-gastric-contents-blower\/#primaryimage"},"image":{"@id":"https:\/\/hongwiislaughter.com\/product\/pigs-hair-blower-gastric-contents-blower\/#primaryimage"},"thumbnailUrl":"https:\/\/hongwiislaughter.com\/wp-content\/uploads\/2024\/11\/Pigs-hair-blower-Gastric-contents-blower.jpeg","datePublished":"2024-11-24T10:19:13+00:00","dateModified":"2024-11-24T10:19:14+00:00","breadcrumb":{"@id":"https:\/\/hongwiislaughter.com\/product\/pigs-hair-blower-gastric-contents-blower\/#breadcrumb"},"inLanguage":"es","potentialAction":[{"@type":"ReadAction","target":["https:\/\/hongwiislaughter.com\/product\/pigs-hair-blower-gastric-contents-blower\/"]}]},{"@type":"ImageObject","inLanguage":"es","@id":"https:\/\/hongwiislaughter.com\/product\/pigs-hair-blower-gastric-contents-blower\/#primaryimage","url":"https:\/\/hongwiislaughter.com\/wp-content\/uploads\/2024\/11\/Pigs-hair-blower-Gastric-contents-blower.jpeg","contentUrl":"https:\/\/hongwiislaughter.com\/wp-content\/uploads\/2024\/11\/Pigs-hair-blower-Gastric-contents-blower.jpeg","width":2004,"height":2000,"caption":"The equipment is installed below the outlet of the pig hair conveyor to collect pig hair and use compressed air to blow the hair and water mixture in the tank along the pipeline to the pig hair room periodically. It is used as a supporting equipment for the spiral hair removal machine. It can also be installed in the white organ processing room for the air delivery process of gastric and intestinal contents."},{"@type":"BreadcrumbList","@id":"https:\/\/hongwiislaughter.com\/product\/pigs-hair-blower-gastric-contents-blower\/#breadcrumb","itemListElement":[{"@type":"ListItem","position":1,"name":"Home","item":"https:\/\/hongwiislaughter.com\/home\/"},{"@type":"ListItem","position":2,"name":"Products","item":"https:\/\/hongwiislaughter.com\/products\/"},{"@type":"ListItem","position":3,"name":"Pig&#8217;s hair blower \/ Gastric contents blower"}]},{"@type":"WebSite","@id":"https:\/\/hongwiislaughter.com\/#website","url":"https:\/\/hongwiislaughter.com\/","name":"M\u00e1quina HongWii","description":"","potentialAction":[{"@type":"SearchAction","target":{"@type":"EntryPoint","urlTemplate":"https:\/\/hongwiislaughter.com\/?s={search_term_string}"},"query-input":{"@type":"PropertyValueSpecification","valueRequired":true,"valueName":"search_term_string"}}],"inLanguage":"es"}]}},"_links":{"self":[{"href":"https:\/\/hongwiislaughter.com\/es\/wp-json\/wp\/v2\/product\/443","targetHints":{"allow":["GET"]}}],"collection":[{"href":"https:\/\/hongwiislaughter.com\/es\/wp-json\/wp\/v2\/product"}],"about":[{"href":"https:\/\/hongwiislaughter.com\/es\/wp-json\/wp\/v2\/types\/product"}],"wp:featuredmedia":[{"embeddable":true,"href":"https:\/\/hongwiislaughter.com\/es\/wp-json\/wp\/v2\/media\/444"}],"wp:attachment":[{"href":"https:\/\/hongwiislaughter.com\/es\/wp-json\/wp\/v2\/media?parent=443"}],"wp:term":[{"taxonomy":"product_brand","embeddable":true,"href":"https:\/\/hongwiislaughter.com\/es\/wp-json\/wp\/v2\/product_brand?post=443"},{"taxonomy":"product_cat","embeddable":true,"href":"https:\/\/hongwiislaughter.com\/es\/wp-json\/wp\/v2\/product_cat?post=443"},{"taxonomy":"product_tag","embeddable":true,"href":"https:\/\/hongwiislaughter.com\/es\/wp-json\/wp\/v2\/product_tag?post=443"}],"curies":[{"name":"wp","href":"https:\/\/api.w.org\/{rel}","templated":true}]}}