{"id":428,"date":"2024-11-17T14:14:07","date_gmt":"2024-11-17T14:14:07","guid":{"rendered":"https:\/\/hongwiislaughter.com\/?post_type=product&#038;p=428"},"modified":"2024-11-17T14:14:08","modified_gmt":"2024-11-17T14:14:08","slug":"pigs-hair-conveyor","status":"publish","type":"product","link":"https:\/\/hongwiislaughter.com\/es\/product\/pigs-hair-conveyor\/","title":{"rendered":"Transportador de pelo de cerdo"},"content":{"rendered":"","protected":false},"excerpt":{"rendered":"<p>Este equipo se instala debajo de la m\u00e1quina de afeitar de pelo en espiral para recibir el pelo de cerdo que cae de la m\u00e1quina de afeitar de pelo y transportar el pelo de cerdo al tanque de almacenamiento de la m\u00e1quina de soplado de pelo. Se utiliza como un equipo de apoyo para la m\u00e1quina de afeitado de pelo en espiral.<br \/>\nInstrucciones:<br \/>\nThere is also a spiral hair conveyor available.<\/p>","protected":false},"featured_media":429,"template":"","meta":[],"product_brand":[],"product_cat":[17],"product_tag":[],"class_list":{"0":"post-428","1":"product","2":"type-product","3":"status-publish","4":"has-post-thumbnail","6":"product_cat-pig-slaughterhouse","8":"first","9":"instock","10":"shipping-taxable","11":"product-type-simple"},"yoast_head":"<!-- This site is optimized with the Yoast SEO plugin v24.5 - https:\/\/yoast.com\/wordpress\/plugins\/seo\/ -->\n<title>Pig&#039;s hair conveyor - HongWii Machine<\/title>\n<meta name=\"robots\" content=\"index, follow, max-snippet:-1, max-image-preview:large, max-video-preview:-1\" \/>\n<link rel=\"canonical\" href=\"https:\/\/hongwiislaughter.com\/es\/product\/pigs-hair-conveyor\/\" \/>\n<meta property=\"og:locale\" content=\"es_ES\" \/>\n<meta property=\"og:type\" content=\"article\" \/>\n<meta property=\"og:title\" content=\"Pig&#039;s hair conveyor - HongWii Machine\" \/>\n<meta property=\"og:description\" content=\"This equipment is installed under the spiral hair shaving machine to receive the pig hair falling from the hair shaving machine and convey the pig hair to the storage tank of the hair blowing machine. It is used as a supporting equipment for the spiral hair shaving machine. Instructions: There is also a spiral hair conveyor available.\" \/>\n<meta property=\"og:url\" content=\"https:\/\/hongwiislaughter.com\/es\/product\/pigs-hair-conveyor\/\" \/>\n<meta property=\"og:site_name\" content=\"HongWii Machine\" \/>\n<meta property=\"article:modified_time\" content=\"2024-11-17T14:14:08+00:00\" \/>\n<meta property=\"og:image\" content=\"https:\/\/hongwiislaughter.com\/wp-content\/uploads\/2024\/11\/Spiral-debristling-machine-\u300cnew\u300d-1.jpeg\" \/>\n\t<meta property=\"og:image:width\" content=\"1432\" \/>\n\t<meta property=\"og:image:height\" content=\"1432\" \/>\n\t<meta property=\"og:image:type\" content=\"image\/jpeg\" \/>\n<meta name=\"twitter:card\" content=\"summary_large_image\" \/>\n<meta name=\"twitter:label1\" content=\"Tiempo de lectura\" \/>\n\t<meta name=\"twitter:data1\" content=\"1 minuto\" \/>\n<script type=\"application\/ld+json\" class=\"yoast-schema-graph\">{\"@context\":\"https:\/\/schema.org\",\"@graph\":[{\"@type\":\"WebPage\",\"@id\":\"https:\/\/hongwiislaughter.com\/product\/pigs-hair-conveyor\/\",\"url\":\"https:\/\/hongwiislaughter.com\/product\/pigs-hair-conveyor\/\",\"name\":\"Pig's hair conveyor - HongWii Machine\",\"isPartOf\":{\"@id\":\"https:\/\/hongwiislaughter.com\/#website\"},\"primaryImageOfPage\":{\"@id\":\"https:\/\/hongwiislaughter.com\/product\/pigs-hair-conveyor\/#primaryimage\"},\"image\":{\"@id\":\"https:\/\/hongwiislaughter.com\/product\/pigs-hair-conveyor\/#primaryimage\"},\"thumbnailUrl\":\"https:\/\/hongwiislaughter.com\/wp-content\/uploads\/2024\/11\/Spiral-debristling-machine-\u300cnew\u300d-1.jpeg\",\"datePublished\":\"2024-11-17T14:14:07+00:00\",\"dateModified\":\"2024-11-17T14:14:08+00:00\",\"breadcrumb\":{\"@id\":\"https:\/\/hongwiislaughter.com\/product\/pigs-hair-conveyor\/#breadcrumb\"},\"inLanguage\":\"es\",\"potentialAction\":[{\"@type\":\"ReadAction\",\"target\":[\"https:\/\/hongwiislaughter.com\/product\/pigs-hair-conveyor\/\"]}]},{\"@type\":\"ImageObject\",\"inLanguage\":\"es\",\"@id\":\"https:\/\/hongwiislaughter.com\/product\/pigs-hair-conveyor\/#primaryimage\",\"url\":\"https:\/\/hongwiislaughter.com\/wp-content\/uploads\/2024\/11\/Spiral-debristling-machine-\u300cnew\u300d-1.jpeg\",\"contentUrl\":\"https:\/\/hongwiislaughter.com\/wp-content\/uploads\/2024\/11\/Spiral-debristling-machine-\u300cnew\u300d-1.jpeg\",\"width\":1432,\"height\":1432,\"caption\":\"This equipment is installed under the spiral hair shaving machine to receive the pig hair falling from the hair shaving machine and convey the pig hair to the storage tank of the hair blowing machine. It is used as a supporting equipment for the spiral hair shaving machine.\"},{\"@type\":\"BreadcrumbList\",\"@id\":\"https:\/\/hongwiislaughter.com\/product\/pigs-hair-conveyor\/#breadcrumb\",\"itemListElement\":[{\"@type\":\"ListItem\",\"position\":1,\"name\":\"Home\",\"item\":\"https:\/\/hongwiislaughter.com\/home\/\"},{\"@type\":\"ListItem\",\"position\":2,\"name\":\"Products\",\"item\":\"https:\/\/hongwiislaughter.com\/products\/\"},{\"@type\":\"ListItem\",\"position\":3,\"name\":\"Pig&#8217;s hair conveyor\"}]},{\"@type\":\"WebSite\",\"@id\":\"https:\/\/hongwiislaughter.com\/#website\",\"url\":\"https:\/\/hongwiislaughter.com\/\",\"name\":\"HongWii Machine\",\"description\":\"\",\"potentialAction\":[{\"@type\":\"SearchAction\",\"target\":{\"@type\":\"EntryPoint\",\"urlTemplate\":\"https:\/\/hongwiislaughter.com\/?s={search_term_string}\"},\"query-input\":{\"@type\":\"PropertyValueSpecification\",\"valueRequired\":true,\"valueName\":\"search_term_string\"}}],\"inLanguage\":\"es\"}]}<\/script>\n<!-- \/ Yoast SEO plugin. -->","yoast_head_json":{"title":"Pig's hair conveyor - HongWii Machine","robots":{"index":"index","follow":"follow","max-snippet":"max-snippet:-1","max-image-preview":"max-image-preview:large","max-video-preview":"max-video-preview:-1"},"canonical":"https:\/\/hongwiislaughter.com\/es\/product\/pigs-hair-conveyor\/","og_locale":"es_ES","og_type":"article","og_title":"Pig's hair conveyor - HongWii Machine","og_description":"This equipment is installed under the spiral hair shaving machine to receive the pig hair falling from the hair shaving machine and convey the pig hair to the storage tank of the hair blowing machine. It is used as a supporting equipment for the spiral hair shaving machine. Instructions: There is also a spiral hair conveyor available.","og_url":"https:\/\/hongwiislaughter.com\/es\/product\/pigs-hair-conveyor\/","og_site_name":"HongWii Machine","article_modified_time":"2024-11-17T14:14:08+00:00","og_image":[{"width":1432,"height":1432,"url":"https:\/\/hongwiislaughter.com\/wp-content\/uploads\/2024\/11\/Spiral-debristling-machine-\u300cnew\u300d-1.jpeg","type":"image\/jpeg"}],"twitter_card":"summary_large_image","twitter_misc":{"Tiempo de lectura":"1 minuto"},"schema":{"@context":"https:\/\/schema.org","@graph":[{"@type":"WebPage","@id":"https:\/\/hongwiislaughter.com\/product\/pigs-hair-conveyor\/","url":"https:\/\/hongwiislaughter.com\/product\/pigs-hair-conveyor\/","name":"Pig's hair conveyor - HongWii Machine","isPartOf":{"@id":"https:\/\/hongwiislaughter.com\/#website"},"primaryImageOfPage":{"@id":"https:\/\/hongwiislaughter.com\/product\/pigs-hair-conveyor\/#primaryimage"},"image":{"@id":"https:\/\/hongwiislaughter.com\/product\/pigs-hair-conveyor\/#primaryimage"},"thumbnailUrl":"https:\/\/hongwiislaughter.com\/wp-content\/uploads\/2024\/11\/Spiral-debristling-machine-\u300cnew\u300d-1.jpeg","datePublished":"2024-11-17T14:14:07+00:00","dateModified":"2024-11-17T14:14:08+00:00","breadcrumb":{"@id":"https:\/\/hongwiislaughter.com\/product\/pigs-hair-conveyor\/#breadcrumb"},"inLanguage":"es","potentialAction":[{"@type":"ReadAction","target":["https:\/\/hongwiislaughter.com\/product\/pigs-hair-conveyor\/"]}]},{"@type":"ImageObject","inLanguage":"es","@id":"https:\/\/hongwiislaughter.com\/product\/pigs-hair-conveyor\/#primaryimage","url":"https:\/\/hongwiislaughter.com\/wp-content\/uploads\/2024\/11\/Spiral-debristling-machine-\u300cnew\u300d-1.jpeg","contentUrl":"https:\/\/hongwiislaughter.com\/wp-content\/uploads\/2024\/11\/Spiral-debristling-machine-\u300cnew\u300d-1.jpeg","width":1432,"height":1432,"caption":"This equipment is installed under the spiral hair shaving machine to receive the pig hair falling from the hair shaving machine and convey the pig hair to the storage tank of the hair blowing machine. It is used as a supporting equipment for the spiral hair shaving machine."},{"@type":"BreadcrumbList","@id":"https:\/\/hongwiislaughter.com\/product\/pigs-hair-conveyor\/#breadcrumb","itemListElement":[{"@type":"ListItem","position":1,"name":"Home","item":"https:\/\/hongwiislaughter.com\/home\/"},{"@type":"ListItem","position":2,"name":"Products","item":"https:\/\/hongwiislaughter.com\/products\/"},{"@type":"ListItem","position":3,"name":"Pig&#8217;s hair conveyor"}]},{"@type":"WebSite","@id":"https:\/\/hongwiislaughter.com\/#website","url":"https:\/\/hongwiislaughter.com\/","name":"M\u00e1quina HongWii","description":"","potentialAction":[{"@type":"SearchAction","target":{"@type":"EntryPoint","urlTemplate":"https:\/\/hongwiislaughter.com\/?s={search_term_string}"},"query-input":{"@type":"PropertyValueSpecification","valueRequired":true,"valueName":"search_term_string"}}],"inLanguage":"es"}]}},"_links":{"self":[{"href":"https:\/\/hongwiislaughter.com\/es\/wp-json\/wp\/v2\/product\/428","targetHints":{"allow":["GET"]}}],"collection":[{"href":"https:\/\/hongwiislaughter.com\/es\/wp-json\/wp\/v2\/product"}],"about":[{"href":"https:\/\/hongwiislaughter.com\/es\/wp-json\/wp\/v2\/types\/product"}],"wp:featuredmedia":[{"embeddable":true,"href":"https:\/\/hongwiislaughter.com\/es\/wp-json\/wp\/v2\/media\/429"}],"wp:attachment":[{"href":"https:\/\/hongwiislaughter.com\/es\/wp-json\/wp\/v2\/media?parent=428"}],"wp:term":[{"taxonomy":"product_brand","embeddable":true,"href":"https:\/\/hongwiislaughter.com\/es\/wp-json\/wp\/v2\/product_brand?post=428"},{"taxonomy":"product_cat","embeddable":true,"href":"https:\/\/hongwiislaughter.com\/es\/wp-json\/wp\/v2\/product_cat?post=428"},{"taxonomy":"product_tag","embeddable":true,"href":"https:\/\/hongwiislaughter.com\/es\/wp-json\/wp\/v2\/product_tag?post=428"}],"curies":[{"name":"wp","href":"https:\/\/api.w.org\/{rel}","templated":true}]}}