{"id":416,"date":"2024-11-17T12:40:43","date_gmt":"2024-11-17T12:40:43","guid":{"rendered":"https:\/\/hongwiislaughter.com\/?post_type=product&#038;p=416"},"modified":"2025-04-22T07:19:54","modified_gmt":"2025-04-22T07:19:54","slug":"desbridadora-tipo-100","status":"publish","type":"product","link":"https:\/\/hongwiislaughter.com\/es\/product\/desbridadora-tipo-100\/","title":{"rendered":"Desbridadora de tipo 100"},"content":{"rendered":"","protected":false},"excerpt":{"rendered":"<p>Este equipo se utiliza en el proceso de depilado de cerdos peque\u00f1os. Las canales de cerdo escaldadas se recogen del tanque de escaldado mediante el rastrillo de la m\u00e1quina y se introducen en la m\u00e1quina. Bajo el raspado conjunto y la fricci\u00f3n de los tres juegos de rodillos depilatorios de rotaci\u00f3n r\u00e1pida, las canales se lanzan continuamente hacia arriba y se depilan mientras dan vueltas. Este equipo adopta la depilaci\u00f3n intermitente y es adecuado para peque\u00f1as plantas tradicionales de sacrificio y procesamiento. A menudo se utiliza junto con tanques de escaldado, tanques de agua limpia o transportadores planos horizontales de raspado.<\/p>\n<p>Instrucciones:<\/p>\n<p>1. The equipment is divided into two types: mechanical and hydraulic (right picture).<\/p>\n<p>2. The equipment can depilate two small pigs at the same time.<\/p>","protected":false},"featured_media":417,"template":"","meta":[],"product_brand":[],"product_cat":[17],"product_tag":[],"class_list":{"0":"post-416","1":"product","2":"type-product","3":"status-publish","4":"has-post-thumbnail","6":"product_cat-pig-slaughterhouse","8":"first","9":"instock","10":"shipping-taxable","11":"product-type-simple"},"yoast_head":"<!-- This site is optimized with the Yoast SEO plugin v24.5 - https:\/\/yoast.com\/wordpress\/plugins\/seo\/ -->\n<title>100 Type debristling machine - HongWii Machine<\/title>\n<meta name=\"robots\" content=\"index, follow, max-snippet:-1, max-image-preview:large, max-video-preview:-1\" \/>\n<link rel=\"canonical\" href=\"https:\/\/hongwiislaughter.com\/es\/product\/desbridadora-tipo-100\/\" \/>\n<meta property=\"og:locale\" content=\"es_ES\" \/>\n<meta property=\"og:type\" content=\"article\" \/>\n<meta property=\"og:title\" content=\"100 Type debristling machine - HongWii Machine\" \/>\n<meta property=\"og:description\" content=\"This equipment is used in the depilation process of small pigs. The scalded pig carcasses are scooped from the scalding tank by the machine rake and put into the machine. Under the joint scraping and friction of the three sets of rapidly rotating depilatory rollers, the carcasses are continuously thrown up and depilated while tumbling. This equipment adopts intermittent depilation and is suitable for traditional small slaughtering and processing plants. It is often used in conjunction with scalding tanks, clean water tanks or horizontal scraping flat conveyors.  Instructions:  1. The equipment is divided into two types: mechanical and hydraulic (right picture).  2. The equipment can depilate two small pigs at the same time.\" \/>\n<meta property=\"og:url\" content=\"https:\/\/hongwiislaughter.com\/es\/product\/desbridadora-tipo-100\/\" \/>\n<meta property=\"og:site_name\" content=\"HongWii Machine\" \/>\n<meta property=\"article:modified_time\" content=\"2025-04-22T07:19:54+00:00\" \/>\n<meta property=\"og:image\" content=\"https:\/\/hongwiislaughter.com\/wp-content\/uploads\/2024\/11\/100-Type-debristling-machine-\u300ctraditional-\u300d.jpeg\" \/>\n\t<meta property=\"og:image:width\" content=\"2168\" \/>\n\t<meta property=\"og:image:height\" content=\"2168\" \/>\n\t<meta property=\"og:image:type\" content=\"image\/jpeg\" \/>\n<meta name=\"twitter:card\" content=\"summary_large_image\" \/>\n<meta name=\"twitter:label1\" content=\"Tiempo de lectura\" \/>\n\t<meta name=\"twitter:data1\" content=\"1 minuto\" \/>\n<script type=\"application\/ld+json\" class=\"yoast-schema-graph\">{\"@context\":\"https:\/\/schema.org\",\"@graph\":[{\"@type\":\"WebPage\",\"@id\":\"https:\/\/hongwiislaughter.com\/product\/100-type-debristling-machine\/\",\"url\":\"https:\/\/hongwiislaughter.com\/product\/100-type-debristling-machine\/\",\"name\":\"100 Type debristling machine - HongWii Machine\",\"isPartOf\":{\"@id\":\"https:\/\/hongwiislaughter.com\/#website\"},\"primaryImageOfPage\":{\"@id\":\"https:\/\/hongwiislaughter.com\/product\/100-type-debristling-machine\/#primaryimage\"},\"image\":{\"@id\":\"https:\/\/hongwiislaughter.com\/product\/100-type-debristling-machine\/#primaryimage\"},\"thumbnailUrl\":\"https:\/\/hongwiislaughter.com\/wp-content\/uploads\/2024\/11\/100-Type-debristling-machine-\u300ctraditional-\u300d.jpeg\",\"datePublished\":\"2024-11-17T12:40:43+00:00\",\"dateModified\":\"2025-04-22T07:19:54+00:00\",\"breadcrumb\":{\"@id\":\"https:\/\/hongwiislaughter.com\/product\/100-type-debristling-machine\/#breadcrumb\"},\"inLanguage\":\"es\",\"potentialAction\":[{\"@type\":\"ReadAction\",\"target\":[\"https:\/\/hongwiislaughter.com\/product\/100-type-debristling-machine\/\"]}]},{\"@type\":\"ImageObject\",\"inLanguage\":\"es\",\"@id\":\"https:\/\/hongwiislaughter.com\/product\/100-type-debristling-machine\/#primaryimage\",\"url\":\"https:\/\/hongwiislaughter.com\/wp-content\/uploads\/2024\/11\/100-Type-debristling-machine-\u300ctraditional-\u300d.jpeg\",\"contentUrl\":\"https:\/\/hongwiislaughter.com\/wp-content\/uploads\/2024\/11\/100-Type-debristling-machine-\u300ctraditional-\u300d.jpeg\",\"width\":2168,\"height\":2168,\"caption\":\"This equipment is used in the depilation process of small pigs. The scalded pig carcasses are scooped from the scalding tank by the machine rake and put into the machine. Under the joint scraping and friction of the three sets of rapidly rotating depilatory rollers, the carcasses are continuously thrown up and depilated while tumbling. This equipment adopts intermittent depilation and is suitable for traditional small slaughtering and processing plants. It is often used in conjunction with scalding tanks, clean water tanks or horizontal scraping flat conveyors.\"},{\"@type\":\"BreadcrumbList\",\"@id\":\"https:\/\/hongwiislaughter.com\/product\/100-type-debristling-machine\/#breadcrumb\",\"itemListElement\":[{\"@type\":\"ListItem\",\"position\":1,\"name\":\"Home\",\"item\":\"https:\/\/hongwiislaughter.com\/home\/\"},{\"@type\":\"ListItem\",\"position\":2,\"name\":\"Products\",\"item\":\"https:\/\/hongwiislaughter.com\/products\/\"},{\"@type\":\"ListItem\",\"position\":3,\"name\":\"100 Type debristling machine\"}]},{\"@type\":\"WebSite\",\"@id\":\"https:\/\/hongwiislaughter.com\/#website\",\"url\":\"https:\/\/hongwiislaughter.com\/\",\"name\":\"HongWii Machine\",\"description\":\"\",\"potentialAction\":[{\"@type\":\"SearchAction\",\"target\":{\"@type\":\"EntryPoint\",\"urlTemplate\":\"https:\/\/hongwiislaughter.com\/?s={search_term_string}\"},\"query-input\":{\"@type\":\"PropertyValueSpecification\",\"valueRequired\":true,\"valueName\":\"search_term_string\"}}],\"inLanguage\":\"es\"}]}<\/script>\n<!-- \/ Yoast SEO plugin. -->","yoast_head_json":{"title":"100 Tipo debristling m\u00e1quina - HongWii M\u00e1quina","robots":{"index":"index","follow":"follow","max-snippet":"max-snippet:-1","max-image-preview":"max-image-preview:large","max-video-preview":"max-video-preview:-1"},"canonical":"https:\/\/hongwiislaughter.com\/es\/product\/desbridadora-tipo-100\/","og_locale":"es_ES","og_type":"article","og_title":"100 Type debristling machine - HongWii Machine","og_description":"This equipment is used in the depilation process of small pigs. The scalded pig carcasses are scooped from the scalding tank by the machine rake and put into the machine. Under the joint scraping and friction of the three sets of rapidly rotating depilatory rollers, the carcasses are continuously thrown up and depilated while tumbling. This equipment adopts intermittent depilation and is suitable for traditional small slaughtering and processing plants. It is often used in conjunction with scalding tanks, clean water tanks or horizontal scraping flat conveyors.  Instructions:  1. The equipment is divided into two types: mechanical and hydraulic (right picture).  2. The equipment can depilate two small pigs at the same time.","og_url":"https:\/\/hongwiislaughter.com\/es\/product\/desbridadora-tipo-100\/","og_site_name":"HongWii Machine","article_modified_time":"2025-04-22T07:19:54+00:00","og_image":[{"width":2168,"height":2168,"url":"https:\/\/hongwiislaughter.com\/wp-content\/uploads\/2024\/11\/100-Type-debristling-machine-\u300ctraditional-\u300d.jpeg","type":"image\/jpeg"}],"twitter_card":"summary_large_image","twitter_misc":{"Tiempo de lectura":"1 minuto"},"schema":{"@context":"https:\/\/schema.org","@graph":[{"@type":"WebPage","@id":"https:\/\/hongwiislaughter.com\/product\/100-type-debristling-machine\/","url":"https:\/\/hongwiislaughter.com\/product\/100-type-debristling-machine\/","name":"100 Tipo debristling m\u00e1quina - HongWii M\u00e1quina","isPartOf":{"@id":"https:\/\/hongwiislaughter.com\/#website"},"primaryImageOfPage":{"@id":"https:\/\/hongwiislaughter.com\/product\/100-type-debristling-machine\/#primaryimage"},"image":{"@id":"https:\/\/hongwiislaughter.com\/product\/100-type-debristling-machine\/#primaryimage"},"thumbnailUrl":"https:\/\/hongwiislaughter.com\/wp-content\/uploads\/2024\/11\/100-Type-debristling-machine-\u300ctraditional-\u300d.jpeg","datePublished":"2024-11-17T12:40:43+00:00","dateModified":"2025-04-22T07:19:54+00:00","breadcrumb":{"@id":"https:\/\/hongwiislaughter.com\/product\/100-type-debristling-machine\/#breadcrumb"},"inLanguage":"es","potentialAction":[{"@type":"ReadAction","target":["https:\/\/hongwiislaughter.com\/product\/100-type-debristling-machine\/"]}]},{"@type":"ImageObject","inLanguage":"es","@id":"https:\/\/hongwiislaughter.com\/product\/100-type-debristling-machine\/#primaryimage","url":"https:\/\/hongwiislaughter.com\/wp-content\/uploads\/2024\/11\/100-Type-debristling-machine-\u300ctraditional-\u300d.jpeg","contentUrl":"https:\/\/hongwiislaughter.com\/wp-content\/uploads\/2024\/11\/100-Type-debristling-machine-\u300ctraditional-\u300d.jpeg","width":2168,"height":2168,"caption":"This equipment is used in the depilation process of small pigs. The scalded pig carcasses are scooped from the scalding tank by the machine rake and put into the machine. Under the joint scraping and friction of the three sets of rapidly rotating depilatory rollers, the carcasses are continuously thrown up and depilated while tumbling. This equipment adopts intermittent depilation and is suitable for traditional small slaughtering and processing plants. It is often used in conjunction with scalding tanks, clean water tanks or horizontal scraping flat conveyors."},{"@type":"BreadcrumbList","@id":"https:\/\/hongwiislaughter.com\/product\/100-type-debristling-machine\/#breadcrumb","itemListElement":[{"@type":"ListItem","position":1,"name":"Home","item":"https:\/\/hongwiislaughter.com\/home\/"},{"@type":"ListItem","position":2,"name":"Products","item":"https:\/\/hongwiislaughter.com\/products\/"},{"@type":"ListItem","position":3,"name":"100 Type debristling machine"}]},{"@type":"WebSite","@id":"https:\/\/hongwiislaughter.com\/#website","url":"https:\/\/hongwiislaughter.com\/","name":"M\u00e1quina HongWii","description":"","potentialAction":[{"@type":"SearchAction","target":{"@type":"EntryPoint","urlTemplate":"https:\/\/hongwiislaughter.com\/?s={search_term_string}"},"query-input":{"@type":"PropertyValueSpecification","valueRequired":true,"valueName":"search_term_string"}}],"inLanguage":"es"}]}},"_links":{"self":[{"href":"https:\/\/hongwiislaughter.com\/es\/wp-json\/wp\/v2\/product\/416","targetHints":{"allow":["GET"]}}],"collection":[{"href":"https:\/\/hongwiislaughter.com\/es\/wp-json\/wp\/v2\/product"}],"about":[{"href":"https:\/\/hongwiislaughter.com\/es\/wp-json\/wp\/v2\/types\/product"}],"wp:featuredmedia":[{"embeddable":true,"href":"https:\/\/hongwiislaughter.com\/es\/wp-json\/wp\/v2\/media\/417"}],"wp:attachment":[{"href":"https:\/\/hongwiislaughter.com\/es\/wp-json\/wp\/v2\/media?parent=416"}],"wp:term":[{"taxonomy":"product_brand","embeddable":true,"href":"https:\/\/hongwiislaughter.com\/es\/wp-json\/wp\/v2\/product_brand?post=416"},{"taxonomy":"product_cat","embeddable":true,"href":"https:\/\/hongwiislaughter.com\/es\/wp-json\/wp\/v2\/product_cat?post=416"},{"taxonomy":"product_tag","embeddable":true,"href":"https:\/\/hongwiislaughter.com\/es\/wp-json\/wp\/v2\/product_tag?post=416"}],"curies":[{"name":"wp","href":"https:\/\/api.w.org\/{rel}","templated":true}]}}