{"id":406,"date":"2024-11-16T14:19:40","date_gmt":"2024-11-16T14:19:40","guid":{"rendered":"https:\/\/hongwiislaughter.com\/?post_type=product&#038;p=406"},"modified":"2024-11-16T14:19:40","modified_gmt":"2024-11-16T14:19:40","slug":"unhooking-and-entering-rail-device","status":"publish","type":"product","link":"https:\/\/hongwiislaughter.com\/es\/product\/unhooking-and-entering-rail-device\/","title":{"rendered":"Desenganche y entrada del dispositivo de carril"},"content":{"rendered":"","protected":false},"excerpt":{"rendered":"<p>Este dispositivo se instala en el transportador de escaldado suspendido, que puede retirar la cadena de escaldado de tipo ra\u00edl tubular descargada del gancho grande de la cadena del transportador y deslizarla de vuelta al elevador de tipo ra\u00edl tubular (el punto de activaci\u00f3n inicial) a lo largo de la v\u00eda de retorno para permitir su reciclaje.<\/p>\n<p>Instrucciones:<br \/>\nThere is an aerial protection net under the device to prevent the bleeding chain from accidentally falling off and injuring<\/p>","protected":false},"featured_media":408,"template":"","meta":[],"product_brand":[],"product_cat":[17],"product_tag":[],"class_list":{"0":"post-406","1":"product","2":"type-product","3":"status-publish","4":"has-post-thumbnail","6":"product_cat-pig-slaughterhouse","8":"first","9":"instock","10":"shipping-taxable","11":"product-type-simple"},"yoast_head":"<!-- This site is optimized with the Yoast SEO plugin v24.5 - https:\/\/yoast.com\/wordpress\/plugins\/seo\/ -->\n<title>Unhooking and entering rail device - HongWii Machine<\/title>\n<meta name=\"robots\" content=\"index, follow, max-snippet:-1, max-image-preview:large, max-video-preview:-1\" \/>\n<link rel=\"canonical\" href=\"https:\/\/hongwiislaughter.com\/es\/product\/unhooking-and-entering-rail-device\/\" \/>\n<meta property=\"og:locale\" content=\"es_ES\" \/>\n<meta property=\"og:type\" content=\"article\" \/>\n<meta property=\"og:title\" content=\"Unhooking and entering rail device - HongWii Machine\" \/>\n<meta property=\"og:description\" content=\"This device is installed on the suspended scalding conveyor, which can remove the unloaded pipe rail type bleeding chain from the large hook of the conveyor chain and slide it back to the pipe rail type hoist (the initial activation point) along the return track to allow it to be recycled.  Instructions: There is an aerial protection net under the device to prevent the bleeding chain from accidentally falling off and injuring\" \/>\n<meta property=\"og:url\" content=\"https:\/\/hongwiislaughter.com\/es\/product\/unhooking-and-entering-rail-device\/\" \/>\n<meta property=\"og:site_name\" content=\"HongWii Machine\" \/>\n<meta property=\"og:image\" content=\"https:\/\/hongwiislaughter.com\/wp-content\/uploads\/2024\/11\/Unhooking-and-entering-rail-device-2.jpeg\" \/>\n\t<meta property=\"og:image:width\" content=\"1492\" \/>\n\t<meta property=\"og:image:height\" content=\"1492\" \/>\n\t<meta property=\"og:image:type\" content=\"image\/jpeg\" \/>\n<meta name=\"twitter:card\" content=\"summary_large_image\" \/>\n<meta name=\"twitter:label1\" content=\"Tiempo de lectura\" \/>\n\t<meta name=\"twitter:data1\" content=\"1 minuto\" \/>\n<script type=\"application\/ld+json\" class=\"yoast-schema-graph\">{\"@context\":\"https:\/\/schema.org\",\"@graph\":[{\"@type\":\"WebPage\",\"@id\":\"https:\/\/hongwiislaughter.com\/product\/unhooking-and-entering-rail-device\/\",\"url\":\"https:\/\/hongwiislaughter.com\/product\/unhooking-and-entering-rail-device\/\",\"name\":\"Unhooking and entering rail device - HongWii Machine\",\"isPartOf\":{\"@id\":\"https:\/\/hongwiislaughter.com\/#website\"},\"primaryImageOfPage\":{\"@id\":\"https:\/\/hongwiislaughter.com\/product\/unhooking-and-entering-rail-device\/#primaryimage\"},\"image\":{\"@id\":\"https:\/\/hongwiislaughter.com\/product\/unhooking-and-entering-rail-device\/#primaryimage\"},\"thumbnailUrl\":\"https:\/\/hongwiislaughter.com\/wp-content\/uploads\/2024\/11\/Unhooking-and-entering-rail-device-2.jpeg\",\"datePublished\":\"2024-11-16T14:19:40+00:00\",\"breadcrumb\":{\"@id\":\"https:\/\/hongwiislaughter.com\/product\/unhooking-and-entering-rail-device\/#breadcrumb\"},\"inLanguage\":\"es\",\"potentialAction\":[{\"@type\":\"ReadAction\",\"target\":[\"https:\/\/hongwiislaughter.com\/product\/unhooking-and-entering-rail-device\/\"]}]},{\"@type\":\"ImageObject\",\"inLanguage\":\"es\",\"@id\":\"https:\/\/hongwiislaughter.com\/product\/unhooking-and-entering-rail-device\/#primaryimage\",\"url\":\"https:\/\/hongwiislaughter.com\/wp-content\/uploads\/2024\/11\/Unhooking-and-entering-rail-device-2.jpeg\",\"contentUrl\":\"https:\/\/hongwiislaughter.com\/wp-content\/uploads\/2024\/11\/Unhooking-and-entering-rail-device-2.jpeg\",\"width\":1492,\"height\":1492,\"caption\":\"This device is installed on the suspended scalding conveyor, which can remove the unloaded pipe rail type bleeding chain from the large hook of the conveyor chain and slide it back to the pipe rail type hoist (the initial activation point) along the return track to allow it to be recycled.\"},{\"@type\":\"BreadcrumbList\",\"@id\":\"https:\/\/hongwiislaughter.com\/product\/unhooking-and-entering-rail-device\/#breadcrumb\",\"itemListElement\":[{\"@type\":\"ListItem\",\"position\":1,\"name\":\"Home\",\"item\":\"https:\/\/hongwiislaughter.com\/home\/\"},{\"@type\":\"ListItem\",\"position\":2,\"name\":\"Products\",\"item\":\"https:\/\/hongwiislaughter.com\/products\/\"},{\"@type\":\"ListItem\",\"position\":3,\"name\":\"Unhooking and entering rail device\"}]},{\"@type\":\"WebSite\",\"@id\":\"https:\/\/hongwiislaughter.com\/#website\",\"url\":\"https:\/\/hongwiislaughter.com\/\",\"name\":\"HongWii Machine\",\"description\":\"\",\"potentialAction\":[{\"@type\":\"SearchAction\",\"target\":{\"@type\":\"EntryPoint\",\"urlTemplate\":\"https:\/\/hongwiislaughter.com\/?s={search_term_string}\"},\"query-input\":{\"@type\":\"PropertyValueSpecification\",\"valueRequired\":true,\"valueName\":\"search_term_string\"}}],\"inLanguage\":\"es\"}]}<\/script>\n<!-- \/ Yoast SEO plugin. -->","yoast_head_json":{"title":"Unhooking and entering rail device - HongWii Machine","robots":{"index":"index","follow":"follow","max-snippet":"max-snippet:-1","max-image-preview":"max-image-preview:large","max-video-preview":"max-video-preview:-1"},"canonical":"https:\/\/hongwiislaughter.com\/es\/product\/unhooking-and-entering-rail-device\/","og_locale":"es_ES","og_type":"article","og_title":"Unhooking and entering rail device - HongWii Machine","og_description":"This device is installed on the suspended scalding conveyor, which can remove the unloaded pipe rail type bleeding chain from the large hook of the conveyor chain and slide it back to the pipe rail type hoist (the initial activation point) along the return track to allow it to be recycled.  Instructions: There is an aerial protection net under the device to prevent the bleeding chain from accidentally falling off and injuring","og_url":"https:\/\/hongwiislaughter.com\/es\/product\/unhooking-and-entering-rail-device\/","og_site_name":"HongWii Machine","og_image":[{"width":1492,"height":1492,"url":"https:\/\/hongwiislaughter.com\/wp-content\/uploads\/2024\/11\/Unhooking-and-entering-rail-device-2.jpeg","type":"image\/jpeg"}],"twitter_card":"summary_large_image","twitter_misc":{"Tiempo de lectura":"1 minuto"},"schema":{"@context":"https:\/\/schema.org","@graph":[{"@type":"WebPage","@id":"https:\/\/hongwiislaughter.com\/product\/unhooking-and-entering-rail-device\/","url":"https:\/\/hongwiislaughter.com\/product\/unhooking-and-entering-rail-device\/","name":"Unhooking and entering rail device - HongWii Machine","isPartOf":{"@id":"https:\/\/hongwiislaughter.com\/#website"},"primaryImageOfPage":{"@id":"https:\/\/hongwiislaughter.com\/product\/unhooking-and-entering-rail-device\/#primaryimage"},"image":{"@id":"https:\/\/hongwiislaughter.com\/product\/unhooking-and-entering-rail-device\/#primaryimage"},"thumbnailUrl":"https:\/\/hongwiislaughter.com\/wp-content\/uploads\/2024\/11\/Unhooking-and-entering-rail-device-2.jpeg","datePublished":"2024-11-16T14:19:40+00:00","breadcrumb":{"@id":"https:\/\/hongwiislaughter.com\/product\/unhooking-and-entering-rail-device\/#breadcrumb"},"inLanguage":"es","potentialAction":[{"@type":"ReadAction","target":["https:\/\/hongwiislaughter.com\/product\/unhooking-and-entering-rail-device\/"]}]},{"@type":"ImageObject","inLanguage":"es","@id":"https:\/\/hongwiislaughter.com\/product\/unhooking-and-entering-rail-device\/#primaryimage","url":"https:\/\/hongwiislaughter.com\/wp-content\/uploads\/2024\/11\/Unhooking-and-entering-rail-device-2.jpeg","contentUrl":"https:\/\/hongwiislaughter.com\/wp-content\/uploads\/2024\/11\/Unhooking-and-entering-rail-device-2.jpeg","width":1492,"height":1492,"caption":"This device is installed on the suspended scalding conveyor, which can remove the unloaded pipe rail type bleeding chain from the large hook of the conveyor chain and slide it back to the pipe rail type hoist (the initial activation point) along the return track to allow it to be recycled."},{"@type":"BreadcrumbList","@id":"https:\/\/hongwiislaughter.com\/product\/unhooking-and-entering-rail-device\/#breadcrumb","itemListElement":[{"@type":"ListItem","position":1,"name":"Home","item":"https:\/\/hongwiislaughter.com\/home\/"},{"@type":"ListItem","position":2,"name":"Products","item":"https:\/\/hongwiislaughter.com\/products\/"},{"@type":"ListItem","position":3,"name":"Unhooking and entering rail device"}]},{"@type":"WebSite","@id":"https:\/\/hongwiislaughter.com\/#website","url":"https:\/\/hongwiislaughter.com\/","name":"M\u00e1quina HongWii","description":"","potentialAction":[{"@type":"SearchAction","target":{"@type":"EntryPoint","urlTemplate":"https:\/\/hongwiislaughter.com\/?s={search_term_string}"},"query-input":{"@type":"PropertyValueSpecification","valueRequired":true,"valueName":"search_term_string"}}],"inLanguage":"es"}]}},"_links":{"self":[{"href":"https:\/\/hongwiislaughter.com\/es\/wp-json\/wp\/v2\/product\/406","targetHints":{"allow":["GET"]}}],"collection":[{"href":"https:\/\/hongwiislaughter.com\/es\/wp-json\/wp\/v2\/product"}],"about":[{"href":"https:\/\/hongwiislaughter.com\/es\/wp-json\/wp\/v2\/types\/product"}],"wp:featuredmedia":[{"embeddable":true,"href":"https:\/\/hongwiislaughter.com\/es\/wp-json\/wp\/v2\/media\/408"}],"wp:attachment":[{"href":"https:\/\/hongwiislaughter.com\/es\/wp-json\/wp\/v2\/media?parent=406"}],"wp:term":[{"taxonomy":"product_brand","embeddable":true,"href":"https:\/\/hongwiislaughter.com\/es\/wp-json\/wp\/v2\/product_brand?post=406"},{"taxonomy":"product_cat","embeddable":true,"href":"https:\/\/hongwiislaughter.com\/es\/wp-json\/wp\/v2\/product_cat?post=406"},{"taxonomy":"product_tag","embeddable":true,"href":"https:\/\/hongwiislaughter.com\/es\/wp-json\/wp\/v2\/product_tag?post=406"}],"curies":[{"name":"wp","href":"https:\/\/api.w.org\/{rel}","templated":true}]}}