{"id":402,"date":"2024-11-16T10:47:02","date_gmt":"2024-11-16T10:47:02","guid":{"rendered":"https:\/\/hongwiislaughter.com\/?post_type=product&#038;p=402"},"modified":"2025-04-10T01:46:32","modified_gmt":"2025-04-10T01:46:32","slug":"shower-type-scalding-tunnel","status":"publish","type":"product","link":"https:\/\/hongwiislaughter.com\/es\/product\/shower-type-scalding-tunnel\/","title":{"rendered":"T\u00fanel de escaldado tipo ducha"},"content":{"rendered":"","protected":false},"excerpt":{"rendered":"<p>El t\u00fanel debe utilizarse con un transportador de escaldado colgante. La cadena transportadora arrastra las canales de cerdo que cuelgan bajo ella hasta el t\u00fanel de ducha. Las densas boquillas de agua caliente situadas a ambos lados del t\u00fanel roc\u00edan y calientan las canales de cerdo de forma tridimensional, consiguiendo as\u00ed el efecto de escaldado. Este m\u00e9todo de escaldado es un m\u00e9todo de escaldado vertical por pulverizaci\u00f3n pura, que es continuo y eficiente, con un buen efecto de escaldado, adecuado para grandes plantas de sacrificio y procesamiento.<br \/>\nDescripci\u00f3n:<br \/>\n1. The tunnel is a fully enclosed insulation structure with a hot water pool at the bottom. Steam is used to heat the pool water, and the automatic temperature control system adjusts the water temperature; a hot water convection circulation system is set; and multiple water pumps are used to supply water to achieve dense spraying.<br \/>\n2. The hot water pool in the tunnel is divided into two sections, one for pre-scalding and decontamination (which can reduce the pollution of the circulating spray water of the subsequent hair-creation machine), and the other for spray scalding.<\/p>","protected":false},"featured_media":403,"template":"","meta":[],"product_brand":[],"product_cat":[26,17],"product_tag":[],"class_list":{"0":"post-402","1":"product","2":"type-product","3":"status-publish","4":"has-post-thumbnail","6":"product_cat-pig-dehairing-equipment","7":"product_cat-pig-slaughterhouse","9":"first","10":"instock","11":"shipping-taxable","12":"product-type-simple"},"yoast_head":"<!-- This site is optimized with the Yoast SEO plugin v24.5 - https:\/\/yoast.com\/wordpress\/plugins\/seo\/ -->\n<title>Shower type scalding tunnel - HongWii Machine<\/title>\n<meta name=\"robots\" content=\"index, follow, max-snippet:-1, max-image-preview:large, max-video-preview:-1\" \/>\n<link rel=\"canonical\" href=\"https:\/\/hongwiislaughter.com\/es\/product\/shower-type-scalding-tunnel\/\" \/>\n<meta property=\"og:locale\" content=\"es_ES\" \/>\n<meta property=\"og:type\" content=\"article\" \/>\n<meta property=\"og:title\" content=\"Shower type scalding tunnel - HongWii Machine\" \/>\n<meta property=\"og:description\" content=\"The tunnel must be used with a hanging scalding conveyor. The conveyor chain drags the pig carcasses hanging below it into the shower tunnel. The dense hot water nozzles on both sides of the tunnel spray and heat the pig carcasses in a three-dimensional manner, thereby achieving the effect of scalding. This scalding method is a vertical pure spray scalding method, which is continuous and efficient, with good scalding effect, suitable for large slaughtering and processing plants. Description: 1. The tunnel is a fully enclosed insulation structure with a hot water pool at the bottom. Steam is used to heat the pool water, and the automatic temperature control system adjusts the water temperature; a hot water convection circulation system is set; and multiple water pumps are used to supply water to achieve dense spraying. 2. The hot water pool in the tunnel is divided into two sections, one for pre-scalding and decontamination (which can reduce the pollution of the circulating spray water of the subsequent hair-creation machine), and the other for spray scalding.\" \/>\n<meta property=\"og:url\" content=\"https:\/\/hongwiislaughter.com\/es\/product\/shower-type-scalding-tunnel\/\" \/>\n<meta property=\"og:site_name\" content=\"HongWii Machine\" \/>\n<meta property=\"article:modified_time\" content=\"2025-04-10T01:46:32+00:00\" \/>\n<meta property=\"og:image\" content=\"https:\/\/hongwiislaughter.com\/wp-content\/uploads\/2024\/11\/Shower-type-scalding-tunnel.jpeg\" \/>\n\t<meta property=\"og:image:width\" content=\"1452\" \/>\n\t<meta property=\"og:image:height\" content=\"1452\" \/>\n\t<meta property=\"og:image:type\" content=\"image\/jpeg\" \/>\n<meta name=\"twitter:card\" content=\"summary_large_image\" \/>\n<meta name=\"twitter:label1\" content=\"Tiempo de lectura\" \/>\n\t<meta name=\"twitter:data1\" content=\"1 minuto\" \/>\n<script type=\"application\/ld+json\" class=\"yoast-schema-graph\">{\"@context\":\"https:\/\/schema.org\",\"@graph\":[{\"@type\":\"WebPage\",\"@id\":\"https:\/\/hongwiislaughter.com\/product\/shower-type-scalding-tunnel\/\",\"url\":\"https:\/\/hongwiislaughter.com\/product\/shower-type-scalding-tunnel\/\",\"name\":\"Shower type scalding tunnel - HongWii Machine\",\"isPartOf\":{\"@id\":\"https:\/\/hongwiislaughter.com\/#website\"},\"primaryImageOfPage\":{\"@id\":\"https:\/\/hongwiislaughter.com\/product\/shower-type-scalding-tunnel\/#primaryimage\"},\"image\":{\"@id\":\"https:\/\/hongwiislaughter.com\/product\/shower-type-scalding-tunnel\/#primaryimage\"},\"thumbnailUrl\":\"https:\/\/hongwiislaughter.com\/wp-content\/uploads\/2024\/11\/Shower-type-scalding-tunnel.jpeg\",\"datePublished\":\"2024-11-16T10:47:02+00:00\",\"dateModified\":\"2025-04-10T01:46:32+00:00\",\"breadcrumb\":{\"@id\":\"https:\/\/hongwiislaughter.com\/product\/shower-type-scalding-tunnel\/#breadcrumb\"},\"inLanguage\":\"es\",\"potentialAction\":[{\"@type\":\"ReadAction\",\"target\":[\"https:\/\/hongwiislaughter.com\/product\/shower-type-scalding-tunnel\/\"]}]},{\"@type\":\"ImageObject\",\"inLanguage\":\"es\",\"@id\":\"https:\/\/hongwiislaughter.com\/product\/shower-type-scalding-tunnel\/#primaryimage\",\"url\":\"https:\/\/hongwiislaughter.com\/wp-content\/uploads\/2024\/11\/Shower-type-scalding-tunnel.jpeg\",\"contentUrl\":\"https:\/\/hongwiislaughter.com\/wp-content\/uploads\/2024\/11\/Shower-type-scalding-tunnel.jpeg\",\"width\":1452,\"height\":1452,\"caption\":\"The tunnel must be used with a hanging scalding conveyor. The conveyor chain drags the pig carcasses hanging below it into the shower tunnel. The dense hot water nozzles on both sides of the tunnel spray and heat the pig carcasses in a three-dimensional manner, thereby achieving the effect of scalding. This scalding method is a vertical pure spray scalding method, which is continuous and efficient, with good scalding effect, suitable for large slaughtering and processing plants.\"},{\"@type\":\"BreadcrumbList\",\"@id\":\"https:\/\/hongwiislaughter.com\/product\/shower-type-scalding-tunnel\/#breadcrumb\",\"itemListElement\":[{\"@type\":\"ListItem\",\"position\":1,\"name\":\"Home\",\"item\":\"https:\/\/hongwiislaughter.com\/home\/\"},{\"@type\":\"ListItem\",\"position\":2,\"name\":\"Products\",\"item\":\"https:\/\/hongwiislaughter.com\/products\/\"},{\"@type\":\"ListItem\",\"position\":3,\"name\":\"Shower type scalding tunnel\"}]},{\"@type\":\"WebSite\",\"@id\":\"https:\/\/hongwiislaughter.com\/#website\",\"url\":\"https:\/\/hongwiislaughter.com\/\",\"name\":\"HongWii Machine\",\"description\":\"\",\"potentialAction\":[{\"@type\":\"SearchAction\",\"target\":{\"@type\":\"EntryPoint\",\"urlTemplate\":\"https:\/\/hongwiislaughter.com\/?s={search_term_string}\"},\"query-input\":{\"@type\":\"PropertyValueSpecification\",\"valueRequired\":true,\"valueName\":\"search_term_string\"}}],\"inLanguage\":\"es\"}]}<\/script>\n<!-- \/ Yoast SEO plugin. -->","yoast_head_json":{"title":"Shower type scalding tunnel - HongWii Machine","robots":{"index":"index","follow":"follow","max-snippet":"max-snippet:-1","max-image-preview":"max-image-preview:large","max-video-preview":"max-video-preview:-1"},"canonical":"https:\/\/hongwiislaughter.com\/es\/product\/shower-type-scalding-tunnel\/","og_locale":"es_ES","og_type":"article","og_title":"Shower type scalding tunnel - HongWii Machine","og_description":"The tunnel must be used with a hanging scalding conveyor. The conveyor chain drags the pig carcasses hanging below it into the shower tunnel. The dense hot water nozzles on both sides of the tunnel spray and heat the pig carcasses in a three-dimensional manner, thereby achieving the effect of scalding. This scalding method is a vertical pure spray scalding method, which is continuous and efficient, with good scalding effect, suitable for large slaughtering and processing plants. Description: 1. The tunnel is a fully enclosed insulation structure with a hot water pool at the bottom. Steam is used to heat the pool water, and the automatic temperature control system adjusts the water temperature; a hot water convection circulation system is set; and multiple water pumps are used to supply water to achieve dense spraying. 2. The hot water pool in the tunnel is divided into two sections, one for pre-scalding and decontamination (which can reduce the pollution of the circulating spray water of the subsequent hair-creation machine), and the other for spray scalding.","og_url":"https:\/\/hongwiislaughter.com\/es\/product\/shower-type-scalding-tunnel\/","og_site_name":"HongWii Machine","article_modified_time":"2025-04-10T01:46:32+00:00","og_image":[{"width":1452,"height":1452,"url":"https:\/\/hongwiislaughter.com\/wp-content\/uploads\/2024\/11\/Shower-type-scalding-tunnel.jpeg","type":"image\/jpeg"}],"twitter_card":"summary_large_image","twitter_misc":{"Tiempo de lectura":"1 minuto"},"schema":{"@context":"https:\/\/schema.org","@graph":[{"@type":"WebPage","@id":"https:\/\/hongwiislaughter.com\/product\/shower-type-scalding-tunnel\/","url":"https:\/\/hongwiislaughter.com\/product\/shower-type-scalding-tunnel\/","name":"Shower type scalding tunnel - HongWii Machine","isPartOf":{"@id":"https:\/\/hongwiislaughter.com\/#website"},"primaryImageOfPage":{"@id":"https:\/\/hongwiislaughter.com\/product\/shower-type-scalding-tunnel\/#primaryimage"},"image":{"@id":"https:\/\/hongwiislaughter.com\/product\/shower-type-scalding-tunnel\/#primaryimage"},"thumbnailUrl":"https:\/\/hongwiislaughter.com\/wp-content\/uploads\/2024\/11\/Shower-type-scalding-tunnel.jpeg","datePublished":"2024-11-16T10:47:02+00:00","dateModified":"2025-04-10T01:46:32+00:00","breadcrumb":{"@id":"https:\/\/hongwiislaughter.com\/product\/shower-type-scalding-tunnel\/#breadcrumb"},"inLanguage":"es","potentialAction":[{"@type":"ReadAction","target":["https:\/\/hongwiislaughter.com\/product\/shower-type-scalding-tunnel\/"]}]},{"@type":"ImageObject","inLanguage":"es","@id":"https:\/\/hongwiislaughter.com\/product\/shower-type-scalding-tunnel\/#primaryimage","url":"https:\/\/hongwiislaughter.com\/wp-content\/uploads\/2024\/11\/Shower-type-scalding-tunnel.jpeg","contentUrl":"https:\/\/hongwiislaughter.com\/wp-content\/uploads\/2024\/11\/Shower-type-scalding-tunnel.jpeg","width":1452,"height":1452,"caption":"The tunnel must be used with a hanging scalding conveyor. The conveyor chain drags the pig carcasses hanging below it into the shower tunnel. The dense hot water nozzles on both sides of the tunnel spray and heat the pig carcasses in a three-dimensional manner, thereby achieving the effect of scalding. This scalding method is a vertical pure spray scalding method, which is continuous and efficient, with good scalding effect, suitable for large slaughtering and processing plants."},{"@type":"BreadcrumbList","@id":"https:\/\/hongwiislaughter.com\/product\/shower-type-scalding-tunnel\/#breadcrumb","itemListElement":[{"@type":"ListItem","position":1,"name":"Home","item":"https:\/\/hongwiislaughter.com\/home\/"},{"@type":"ListItem","position":2,"name":"Products","item":"https:\/\/hongwiislaughter.com\/products\/"},{"@type":"ListItem","position":3,"name":"Shower type scalding tunnel"}]},{"@type":"WebSite","@id":"https:\/\/hongwiislaughter.com\/#website","url":"https:\/\/hongwiislaughter.com\/","name":"M\u00e1quina HongWii","description":"","potentialAction":[{"@type":"SearchAction","target":{"@type":"EntryPoint","urlTemplate":"https:\/\/hongwiislaughter.com\/?s={search_term_string}"},"query-input":{"@type":"PropertyValueSpecification","valueRequired":true,"valueName":"search_term_string"}}],"inLanguage":"es"}]}},"_links":{"self":[{"href":"https:\/\/hongwiislaughter.com\/es\/wp-json\/wp\/v2\/product\/402","targetHints":{"allow":["GET"]}}],"collection":[{"href":"https:\/\/hongwiislaughter.com\/es\/wp-json\/wp\/v2\/product"}],"about":[{"href":"https:\/\/hongwiislaughter.com\/es\/wp-json\/wp\/v2\/types\/product"}],"wp:featuredmedia":[{"embeddable":true,"href":"https:\/\/hongwiislaughter.com\/es\/wp-json\/wp\/v2\/media\/403"}],"wp:attachment":[{"href":"https:\/\/hongwiislaughter.com\/es\/wp-json\/wp\/v2\/media?parent=402"}],"wp:term":[{"taxonomy":"product_brand","embeddable":true,"href":"https:\/\/hongwiislaughter.com\/es\/wp-json\/wp\/v2\/product_brand?post=402"},{"taxonomy":"product_cat","embeddable":true,"href":"https:\/\/hongwiislaughter.com\/es\/wp-json\/wp\/v2\/product_cat?post=402"},{"taxonomy":"product_tag","embeddable":true,"href":"https:\/\/hongwiislaughter.com\/es\/wp-json\/wp\/v2\/product_tag?post=402"}],"curies":[{"name":"wp","href":"https:\/\/api.w.org\/{rel}","templated":true}]}}