{"id":390,"date":"2024-11-15T16:27:08","date_gmt":"2024-11-15T16:27:08","guid":{"rendered":"https:\/\/hongwiislaughter.com\/?post_type=product&#038;p=390"},"modified":"2024-11-15T16:27:08","modified_gmt":"2024-11-15T16:27:08","slug":"pneumatic-hoisting-and-getting-into-the-pothook-device","status":"publish","type":"product","link":"https:\/\/hongwiislaughter.com\/es\/product\/pneumatic-hoisting-and-getting-into-the-pothook-device\/","title":{"rendered":"Elevaci\u00f3n neum\u00e1tica y subida al dispositivo de pothook"},"content":{"rendered":"","protected":false},"excerpt":{"rendered":"<p>El dispositivo se instala en el transportador de escaldado suspendido y se conecta a la v\u00eda de amortiguaci\u00f3n situada detr\u00e1s del transportador de sangrado suspendido. Se utiliza para elevar la canal de cerdo desde el transportador intermedio hasta el gancho grande de la cadena transportadora de forma ordenada para completar la operaci\u00f3n de escaldado posterior.<br \/>\nDescription: The device completes the lifting action by the cylinder; the contact switch is used to realize automatic control.<\/p>","protected":false},"featured_media":391,"template":"","meta":[],"product_brand":[],"product_cat":[17],"product_tag":[],"class_list":{"0":"post-390","1":"product","2":"type-product","3":"status-publish","4":"has-post-thumbnail","6":"product_cat-pig-slaughterhouse","8":"first","9":"instock","10":"shipping-taxable","11":"product-type-simple"},"yoast_head":"<!-- This site is optimized with the Yoast SEO plugin v24.5 - https:\/\/yoast.com\/wordpress\/plugins\/seo\/ -->\n<title>Pneumatic hoisting and getting into the pothook device - HongWii Machine<\/title>\n<meta name=\"robots\" content=\"index, follow, max-snippet:-1, max-image-preview:large, max-video-preview:-1\" \/>\n<link rel=\"canonical\" href=\"https:\/\/hongwiislaughter.com\/es\/product\/pneumatic-hoisting-and-getting-into-the-pothook-device\/\" \/>\n<meta property=\"og:locale\" content=\"es_ES\" \/>\n<meta property=\"og:type\" content=\"article\" \/>\n<meta property=\"og:title\" content=\"Pneumatic hoisting and getting into the pothook device - HongWii Machine\" \/>\n<meta property=\"og:description\" content=\"The device is installed on the suspended scalding conveyor and connected to the buffer track behind the suspended bleeding conveyor. It is used to lift the pig carcass from the buffer conveyor to the large hook of the conveyor chain in an orderly manner to complete the subsequent scalding operation. Description: The device completes the lifting action by the cylinder; the contact switch is used to realize automatic control.\" \/>\n<meta property=\"og:url\" content=\"https:\/\/hongwiislaughter.com\/es\/product\/pneumatic-hoisting-and-getting-into-the-pothook-device\/\" \/>\n<meta property=\"og:site_name\" content=\"HongWii Machine\" \/>\n<meta property=\"og:image\" content=\"https:\/\/hongwiislaughter.com\/wp-content\/uploads\/2024\/11\/Pneumatic-hoisting-and-getting-into-the-pothook-device.jpeg\" \/>\n\t<meta property=\"og:image:width\" content=\"1432\" \/>\n\t<meta property=\"og:image:height\" content=\"1432\" \/>\n\t<meta property=\"og:image:type\" content=\"image\/jpeg\" \/>\n<meta name=\"twitter:card\" content=\"summary_large_image\" \/>\n<meta name=\"twitter:label1\" content=\"Tiempo de lectura\" \/>\n\t<meta name=\"twitter:data1\" content=\"1 minuto\" \/>\n<script type=\"application\/ld+json\" class=\"yoast-schema-graph\">{\"@context\":\"https:\/\/schema.org\",\"@graph\":[{\"@type\":\"WebPage\",\"@id\":\"https:\/\/hongwiislaughter.com\/product\/pneumatic-hoisting-and-getting-into-the-pothook-device\/\",\"url\":\"https:\/\/hongwiislaughter.com\/product\/pneumatic-hoisting-and-getting-into-the-pothook-device\/\",\"name\":\"Pneumatic hoisting and getting into the pothook device - HongWii Machine\",\"isPartOf\":{\"@id\":\"https:\/\/hongwiislaughter.com\/#website\"},\"primaryImageOfPage\":{\"@id\":\"https:\/\/hongwiislaughter.com\/product\/pneumatic-hoisting-and-getting-into-the-pothook-device\/#primaryimage\"},\"image\":{\"@id\":\"https:\/\/hongwiislaughter.com\/product\/pneumatic-hoisting-and-getting-into-the-pothook-device\/#primaryimage\"},\"thumbnailUrl\":\"https:\/\/hongwiislaughter.com\/wp-content\/uploads\/2024\/11\/Pneumatic-hoisting-and-getting-into-the-pothook-device.jpeg\",\"datePublished\":\"2024-11-15T16:27:08+00:00\",\"breadcrumb\":{\"@id\":\"https:\/\/hongwiislaughter.com\/product\/pneumatic-hoisting-and-getting-into-the-pothook-device\/#breadcrumb\"},\"inLanguage\":\"es\",\"potentialAction\":[{\"@type\":\"ReadAction\",\"target\":[\"https:\/\/hongwiislaughter.com\/product\/pneumatic-hoisting-and-getting-into-the-pothook-device\/\"]}]},{\"@type\":\"ImageObject\",\"inLanguage\":\"es\",\"@id\":\"https:\/\/hongwiislaughter.com\/product\/pneumatic-hoisting-and-getting-into-the-pothook-device\/#primaryimage\",\"url\":\"https:\/\/hongwiislaughter.com\/wp-content\/uploads\/2024\/11\/Pneumatic-hoisting-and-getting-into-the-pothook-device.jpeg\",\"contentUrl\":\"https:\/\/hongwiislaughter.com\/wp-content\/uploads\/2024\/11\/Pneumatic-hoisting-and-getting-into-the-pothook-device.jpeg\",\"width\":1432,\"height\":1432,\"caption\":\"The device is installed on the suspended scalding conveyor and connected to the buffer track behind the suspended bleeding conveyor. It is used to lift the pig carcass from the buffer conveyor to the large hook of the conveyor chain in an orderly manner to complete the subsequent scalding operation.\"},{\"@type\":\"BreadcrumbList\",\"@id\":\"https:\/\/hongwiislaughter.com\/product\/pneumatic-hoisting-and-getting-into-the-pothook-device\/#breadcrumb\",\"itemListElement\":[{\"@type\":\"ListItem\",\"position\":1,\"name\":\"Home\",\"item\":\"https:\/\/hongwiislaughter.com\/home\/\"},{\"@type\":\"ListItem\",\"position\":2,\"name\":\"Products\",\"item\":\"https:\/\/hongwiislaughter.com\/products\/\"},{\"@type\":\"ListItem\",\"position\":3,\"name\":\"Pneumatic hoisting and getting into the pothook device\"}]},{\"@type\":\"WebSite\",\"@id\":\"https:\/\/hongwiislaughter.com\/#website\",\"url\":\"https:\/\/hongwiislaughter.com\/\",\"name\":\"HongWii Machine\",\"description\":\"\",\"potentialAction\":[{\"@type\":\"SearchAction\",\"target\":{\"@type\":\"EntryPoint\",\"urlTemplate\":\"https:\/\/hongwiislaughter.com\/?s={search_term_string}\"},\"query-input\":{\"@type\":\"PropertyValueSpecification\",\"valueRequired\":true,\"valueName\":\"search_term_string\"}}],\"inLanguage\":\"es\"}]}<\/script>\n<!-- \/ Yoast SEO plugin. -->","yoast_head_json":{"title":"Pneumatic hoisting and getting into the pothook device - HongWii Machine","robots":{"index":"index","follow":"follow","max-snippet":"max-snippet:-1","max-image-preview":"max-image-preview:large","max-video-preview":"max-video-preview:-1"},"canonical":"https:\/\/hongwiislaughter.com\/es\/product\/pneumatic-hoisting-and-getting-into-the-pothook-device\/","og_locale":"es_ES","og_type":"article","og_title":"Pneumatic hoisting and getting into the pothook device - HongWii Machine","og_description":"The device is installed on the suspended scalding conveyor and connected to the buffer track behind the suspended bleeding conveyor. It is used to lift the pig carcass from the buffer conveyor to the large hook of the conveyor chain in an orderly manner to complete the subsequent scalding operation. Description: The device completes the lifting action by the cylinder; the contact switch is used to realize automatic control.","og_url":"https:\/\/hongwiislaughter.com\/es\/product\/pneumatic-hoisting-and-getting-into-the-pothook-device\/","og_site_name":"HongWii Machine","og_image":[{"width":1432,"height":1432,"url":"https:\/\/hongwiislaughter.com\/wp-content\/uploads\/2024\/11\/Pneumatic-hoisting-and-getting-into-the-pothook-device.jpeg","type":"image\/jpeg"}],"twitter_card":"summary_large_image","twitter_misc":{"Tiempo de lectura":"1 minuto"},"schema":{"@context":"https:\/\/schema.org","@graph":[{"@type":"WebPage","@id":"https:\/\/hongwiislaughter.com\/product\/pneumatic-hoisting-and-getting-into-the-pothook-device\/","url":"https:\/\/hongwiislaughter.com\/product\/pneumatic-hoisting-and-getting-into-the-pothook-device\/","name":"Pneumatic hoisting and getting into the pothook device - HongWii Machine","isPartOf":{"@id":"https:\/\/hongwiislaughter.com\/#website"},"primaryImageOfPage":{"@id":"https:\/\/hongwiislaughter.com\/product\/pneumatic-hoisting-and-getting-into-the-pothook-device\/#primaryimage"},"image":{"@id":"https:\/\/hongwiislaughter.com\/product\/pneumatic-hoisting-and-getting-into-the-pothook-device\/#primaryimage"},"thumbnailUrl":"https:\/\/hongwiislaughter.com\/wp-content\/uploads\/2024\/11\/Pneumatic-hoisting-and-getting-into-the-pothook-device.jpeg","datePublished":"2024-11-15T16:27:08+00:00","breadcrumb":{"@id":"https:\/\/hongwiislaughter.com\/product\/pneumatic-hoisting-and-getting-into-the-pothook-device\/#breadcrumb"},"inLanguage":"es","potentialAction":[{"@type":"ReadAction","target":["https:\/\/hongwiislaughter.com\/product\/pneumatic-hoisting-and-getting-into-the-pothook-device\/"]}]},{"@type":"ImageObject","inLanguage":"es","@id":"https:\/\/hongwiislaughter.com\/product\/pneumatic-hoisting-and-getting-into-the-pothook-device\/#primaryimage","url":"https:\/\/hongwiislaughter.com\/wp-content\/uploads\/2024\/11\/Pneumatic-hoisting-and-getting-into-the-pothook-device.jpeg","contentUrl":"https:\/\/hongwiislaughter.com\/wp-content\/uploads\/2024\/11\/Pneumatic-hoisting-and-getting-into-the-pothook-device.jpeg","width":1432,"height":1432,"caption":"The device is installed on the suspended scalding conveyor and connected to the buffer track behind the suspended bleeding conveyor. It is used to lift the pig carcass from the buffer conveyor to the large hook of the conveyor chain in an orderly manner to complete the subsequent scalding operation."},{"@type":"BreadcrumbList","@id":"https:\/\/hongwiislaughter.com\/product\/pneumatic-hoisting-and-getting-into-the-pothook-device\/#breadcrumb","itemListElement":[{"@type":"ListItem","position":1,"name":"Home","item":"https:\/\/hongwiislaughter.com\/home\/"},{"@type":"ListItem","position":2,"name":"Products","item":"https:\/\/hongwiislaughter.com\/products\/"},{"@type":"ListItem","position":3,"name":"Pneumatic hoisting and getting into the pothook device"}]},{"@type":"WebSite","@id":"https:\/\/hongwiislaughter.com\/#website","url":"https:\/\/hongwiislaughter.com\/","name":"M\u00e1quina HongWii","description":"","potentialAction":[{"@type":"SearchAction","target":{"@type":"EntryPoint","urlTemplate":"https:\/\/hongwiislaughter.com\/?s={search_term_string}"},"query-input":{"@type":"PropertyValueSpecification","valueRequired":true,"valueName":"search_term_string"}}],"inLanguage":"es"}]}},"_links":{"self":[{"href":"https:\/\/hongwiislaughter.com\/es\/wp-json\/wp\/v2\/product\/390","targetHints":{"allow":["GET"]}}],"collection":[{"href":"https:\/\/hongwiislaughter.com\/es\/wp-json\/wp\/v2\/product"}],"about":[{"href":"https:\/\/hongwiislaughter.com\/es\/wp-json\/wp\/v2\/types\/product"}],"wp:featuredmedia":[{"embeddable":true,"href":"https:\/\/hongwiislaughter.com\/es\/wp-json\/wp\/v2\/media\/391"}],"wp:attachment":[{"href":"https:\/\/hongwiislaughter.com\/es\/wp-json\/wp\/v2\/media?parent=390"}],"wp:term":[{"taxonomy":"product_brand","embeddable":true,"href":"https:\/\/hongwiislaughter.com\/es\/wp-json\/wp\/v2\/product_brand?post=390"},{"taxonomy":"product_cat","embeddable":true,"href":"https:\/\/hongwiislaughter.com\/es\/wp-json\/wp\/v2\/product_cat?post=390"},{"taxonomy":"product_tag","embeddable":true,"href":"https:\/\/hongwiislaughter.com\/es\/wp-json\/wp\/v2\/product_tag?post=390"}],"curies":[{"name":"wp","href":"https:\/\/api.w.org\/{rel}","templated":true}]}}