{"id":383,"date":"2024-11-15T15:49:38","date_gmt":"2024-11-15T15:49:38","guid":{"rendered":"https:\/\/hongwiislaughter.com\/?post_type=product&#038;p=383"},"modified":"2024-11-15T15:49:38","modified_gmt":"2024-11-15T15:49:38","slug":"prewashing-machine-%e3%80%8ctraditional%e3%80%8d","status":"publish","type":"product","link":"https:\/\/hongwiislaughter.com\/es\/product\/prewashing-machine-%e3%80%8ctraditional%e3%80%8d\/","title":{"rendered":"M\u00e1quina de prelavado \u300ctradicional\u300d"},"content":{"rendered":"","protected":false},"excerpt":{"rendered":"<p>Este equipo est\u00e1 situado debajo del transportador de sangrado colgante de cerdos. Su rodillo de cepillo giratorio y el agua caliente rociada por el dispositivo de rociado pueden limpiar r\u00e1pida y autom\u00e1ticamente las manchas de sangre y la suciedad del cuerpo del cerdo que pasa por \u00e9l, lo que puede reducir eficazmente la contaminaci\u00f3n cruzada entre las canales durante el predesollado o escaldado posterior.<\/p>","protected":false},"featured_media":384,"template":"","meta":[],"product_brand":[],"product_cat":[17],"product_tag":[],"class_list":{"0":"post-383","1":"product","2":"type-product","3":"status-publish","4":"has-post-thumbnail","6":"product_cat-pig-slaughterhouse","8":"first","9":"instock","10":"shipping-taxable","11":"product-type-simple"},"yoast_head":"<!-- This site is optimized with the Yoast SEO plugin v24.5 - https:\/\/yoast.com\/wordpress\/plugins\/seo\/ -->\n<title>Prewashing machine \u300ctraditional\u300d - HongWii Machine<\/title>\n<meta name=\"robots\" content=\"index, follow, max-snippet:-1, max-image-preview:large, max-video-preview:-1\" \/>\n<link rel=\"canonical\" href=\"https:\/\/hongwiislaughter.com\/es\/product\/prewashing-machine-\u300ctraditional\u300d\/\" \/>\n<meta property=\"og:locale\" content=\"es_ES\" \/>\n<meta property=\"og:type\" content=\"article\" \/>\n<meta property=\"og:title\" content=\"Prewashing machine \u300ctraditional\u300d - HongWii Machine\" \/>\n<meta property=\"og:description\" content=\"This equipment is located below the pig hanging bleeding conveyor. Its rotating brush roller and the warm water sprayed by the spray device can quickly and automatically clean the blood stains and dirt on the pig body passing through it, which can effectively reduce the cross contamination between carcasses during subsequent pre-skinning or scalding.\" \/>\n<meta property=\"og:url\" content=\"https:\/\/hongwiislaughter.com\/es\/product\/prewashing-machine-\u300ctraditional\u300d\/\" \/>\n<meta property=\"og:site_name\" content=\"HongWii Machine\" \/>\n<meta property=\"og:image\" content=\"https:\/\/hongwiislaughter.com\/wp-content\/uploads\/2024\/11\/Prewashing-machine-\u300ctraditional\u300d.jpeg\" \/>\n\t<meta property=\"og:image:width\" content=\"2124\" \/>\n\t<meta property=\"og:image:height\" content=\"2120\" \/>\n\t<meta property=\"og:image:type\" content=\"image\/jpeg\" \/>\n<meta name=\"twitter:card\" content=\"summary_large_image\" \/>\n<script type=\"application\/ld+json\" class=\"yoast-schema-graph\">{\"@context\":\"https:\/\/schema.org\",\"@graph\":[{\"@type\":\"WebPage\",\"@id\":\"https:\/\/hongwiislaughter.com\/product\/prewashing-machine-%e3%80%8ctraditional%e3%80%8d\/\",\"url\":\"https:\/\/hongwiislaughter.com\/product\/prewashing-machine-%e3%80%8ctraditional%e3%80%8d\/\",\"name\":\"Prewashing machine \u300ctraditional\u300d - HongWii Machine\",\"isPartOf\":{\"@id\":\"https:\/\/hongwiislaughter.com\/#website\"},\"primaryImageOfPage\":{\"@id\":\"https:\/\/hongwiislaughter.com\/product\/prewashing-machine-%e3%80%8ctraditional%e3%80%8d\/#primaryimage\"},\"image\":{\"@id\":\"https:\/\/hongwiislaughter.com\/product\/prewashing-machine-%e3%80%8ctraditional%e3%80%8d\/#primaryimage\"},\"thumbnailUrl\":\"https:\/\/hongwiislaughter.com\/wp-content\/uploads\/2024\/11\/Prewashing-machine-\u300ctraditional\u300d.jpeg\",\"datePublished\":\"2024-11-15T15:49:38+00:00\",\"breadcrumb\":{\"@id\":\"https:\/\/hongwiislaughter.com\/product\/prewashing-machine-%e3%80%8ctraditional%e3%80%8d\/#breadcrumb\"},\"inLanguage\":\"es\",\"potentialAction\":[{\"@type\":\"ReadAction\",\"target\":[\"https:\/\/hongwiislaughter.com\/product\/prewashing-machine-%e3%80%8ctraditional%e3%80%8d\/\"]}]},{\"@type\":\"ImageObject\",\"inLanguage\":\"es\",\"@id\":\"https:\/\/hongwiislaughter.com\/product\/prewashing-machine-%e3%80%8ctraditional%e3%80%8d\/#primaryimage\",\"url\":\"https:\/\/hongwiislaughter.com\/wp-content\/uploads\/2024\/11\/Prewashing-machine-\u300ctraditional\u300d.jpeg\",\"contentUrl\":\"https:\/\/hongwiislaughter.com\/wp-content\/uploads\/2024\/11\/Prewashing-machine-\u300ctraditional\u300d.jpeg\",\"width\":2124,\"height\":2120,\"caption\":\"This equipment is located below the pig hanging bleeding conveyor. Its rotating brush roller and the warm water sprayed by the spray device can quickly and automatically clean the blood stains and dirt on the pig body passing through it, which can effectively reduce the cross contamination between carcasses during subsequent pre-skinning or scalding.\"},{\"@type\":\"BreadcrumbList\",\"@id\":\"https:\/\/hongwiislaughter.com\/product\/prewashing-machine-%e3%80%8ctraditional%e3%80%8d\/#breadcrumb\",\"itemListElement\":[{\"@type\":\"ListItem\",\"position\":1,\"name\":\"Home\",\"item\":\"https:\/\/hongwiislaughter.com\/home\/\"},{\"@type\":\"ListItem\",\"position\":2,\"name\":\"Products\",\"item\":\"https:\/\/hongwiislaughter.com\/products\/\"},{\"@type\":\"ListItem\",\"position\":3,\"name\":\"Prewashing machine \u300ctraditional\u300d\"}]},{\"@type\":\"WebSite\",\"@id\":\"https:\/\/hongwiislaughter.com\/#website\",\"url\":\"https:\/\/hongwiislaughter.com\/\",\"name\":\"HongWii Machine\",\"description\":\"\",\"potentialAction\":[{\"@type\":\"SearchAction\",\"target\":{\"@type\":\"EntryPoint\",\"urlTemplate\":\"https:\/\/hongwiislaughter.com\/?s={search_term_string}\"},\"query-input\":{\"@type\":\"PropertyValueSpecification\",\"valueRequired\":true,\"valueName\":\"search_term_string\"}}],\"inLanguage\":\"es\"}]}<\/script>\n<!-- \/ Yoast SEO plugin. -->","yoast_head_json":{"title":"Prewashing machine \u300ctraditional\u300d - HongWii Machine","robots":{"index":"index","follow":"follow","max-snippet":"max-snippet:-1","max-image-preview":"max-image-preview:large","max-video-preview":"max-video-preview:-1"},"canonical":"https:\/\/hongwiislaughter.com\/es\/product\/prewashing-machine-\u300ctraditional\u300d\/","og_locale":"es_ES","og_type":"article","og_title":"Prewashing machine \u300ctraditional\u300d - HongWii Machine","og_description":"This equipment is located below the pig hanging bleeding conveyor. Its rotating brush roller and the warm water sprayed by the spray device can quickly and automatically clean the blood stains and dirt on the pig body passing through it, which can effectively reduce the cross contamination between carcasses during subsequent pre-skinning or scalding.","og_url":"https:\/\/hongwiislaughter.com\/es\/product\/prewashing-machine-\u300ctraditional\u300d\/","og_site_name":"HongWii Machine","og_image":[{"width":2124,"height":2120,"url":"https:\/\/hongwiislaughter.com\/wp-content\/uploads\/2024\/11\/Prewashing-machine-\u300ctraditional\u300d.jpeg","type":"image\/jpeg"}],"twitter_card":"summary_large_image","schema":{"@context":"https:\/\/schema.org","@graph":[{"@type":"WebPage","@id":"https:\/\/hongwiislaughter.com\/product\/prewashing-machine-%e3%80%8ctraditional%e3%80%8d\/","url":"https:\/\/hongwiislaughter.com\/product\/prewashing-machine-%e3%80%8ctraditional%e3%80%8d\/","name":"Prewashing machine \u300ctraditional\u300d - HongWii Machine","isPartOf":{"@id":"https:\/\/hongwiislaughter.com\/#website"},"primaryImageOfPage":{"@id":"https:\/\/hongwiislaughter.com\/product\/prewashing-machine-%e3%80%8ctraditional%e3%80%8d\/#primaryimage"},"image":{"@id":"https:\/\/hongwiislaughter.com\/product\/prewashing-machine-%e3%80%8ctraditional%e3%80%8d\/#primaryimage"},"thumbnailUrl":"https:\/\/hongwiislaughter.com\/wp-content\/uploads\/2024\/11\/Prewashing-machine-\u300ctraditional\u300d.jpeg","datePublished":"2024-11-15T15:49:38+00:00","breadcrumb":{"@id":"https:\/\/hongwiislaughter.com\/product\/prewashing-machine-%e3%80%8ctraditional%e3%80%8d\/#breadcrumb"},"inLanguage":"es","potentialAction":[{"@type":"ReadAction","target":["https:\/\/hongwiislaughter.com\/product\/prewashing-machine-%e3%80%8ctraditional%e3%80%8d\/"]}]},{"@type":"ImageObject","inLanguage":"es","@id":"https:\/\/hongwiislaughter.com\/product\/prewashing-machine-%e3%80%8ctraditional%e3%80%8d\/#primaryimage","url":"https:\/\/hongwiislaughter.com\/wp-content\/uploads\/2024\/11\/Prewashing-machine-\u300ctraditional\u300d.jpeg","contentUrl":"https:\/\/hongwiislaughter.com\/wp-content\/uploads\/2024\/11\/Prewashing-machine-\u300ctraditional\u300d.jpeg","width":2124,"height":2120,"caption":"This equipment is located below the pig hanging bleeding conveyor. Its rotating brush roller and the warm water sprayed by the spray device can quickly and automatically clean the blood stains and dirt on the pig body passing through it, which can effectively reduce the cross contamination between carcasses during subsequent pre-skinning or scalding."},{"@type":"BreadcrumbList","@id":"https:\/\/hongwiislaughter.com\/product\/prewashing-machine-%e3%80%8ctraditional%e3%80%8d\/#breadcrumb","itemListElement":[{"@type":"ListItem","position":1,"name":"Home","item":"https:\/\/hongwiislaughter.com\/home\/"},{"@type":"ListItem","position":2,"name":"Products","item":"https:\/\/hongwiislaughter.com\/products\/"},{"@type":"ListItem","position":3,"name":"Prewashing machine \u300ctraditional\u300d"}]},{"@type":"WebSite","@id":"https:\/\/hongwiislaughter.com\/#website","url":"https:\/\/hongwiislaughter.com\/","name":"M\u00e1quina HongWii","description":"","potentialAction":[{"@type":"SearchAction","target":{"@type":"EntryPoint","urlTemplate":"https:\/\/hongwiislaughter.com\/?s={search_term_string}"},"query-input":{"@type":"PropertyValueSpecification","valueRequired":true,"valueName":"search_term_string"}}],"inLanguage":"es"}]}},"_links":{"self":[{"href":"https:\/\/hongwiislaughter.com\/es\/wp-json\/wp\/v2\/product\/383","targetHints":{"allow":["GET"]}}],"collection":[{"href":"https:\/\/hongwiislaughter.com\/es\/wp-json\/wp\/v2\/product"}],"about":[{"href":"https:\/\/hongwiislaughter.com\/es\/wp-json\/wp\/v2\/types\/product"}],"wp:featuredmedia":[{"embeddable":true,"href":"https:\/\/hongwiislaughter.com\/es\/wp-json\/wp\/v2\/media\/384"}],"wp:attachment":[{"href":"https:\/\/hongwiislaughter.com\/es\/wp-json\/wp\/v2\/media?parent=383"}],"wp:term":[{"taxonomy":"product_brand","embeddable":true,"href":"https:\/\/hongwiislaughter.com\/es\/wp-json\/wp\/v2\/product_brand?post=383"},{"taxonomy":"product_cat","embeddable":true,"href":"https:\/\/hongwiislaughter.com\/es\/wp-json\/wp\/v2\/product_cat?post=383"},{"taxonomy":"product_tag","embeddable":true,"href":"https:\/\/hongwiislaughter.com\/es\/wp-json\/wp\/v2\/product_tag?post=383"}],"curies":[{"name":"wp","href":"https:\/\/api.w.org\/{rel}","templated":true}]}}