{"id":380,"date":"2024-11-15T15:41:09","date_gmt":"2024-11-15T15:41:09","guid":{"rendered":"https:\/\/hongwiislaughter.com\/?post_type=product&#038;p=380"},"modified":"2024-11-15T15:41:15","modified_gmt":"2024-11-15T15:41:15","slug":"maquina-de-prelavado-maquina-de-presecado-%e3%80%8cnuevo%e3%80%8d","status":"publish","type":"product","link":"https:\/\/hongwiislaughter.com\/es\/product\/maquina-de-prelavado-maquina-de-presecado-%e3%80%8cnuevo%e3%80%8d\/","title":{"rendered":"Prelavadora \/ Presecadora \u300cnueva\u300d"},"content":{"rendered":"","protected":false},"excerpt":{"rendered":"<p>Este equipo se puede utilizar debajo del transportador de sangrado colgante de cerdos. Su rodillo de cepillo giratorio y el agua caliente rociada por el dispositivo autom\u00e1tico de rociado por inducci\u00f3n pueden limpiar r\u00e1pida y autom\u00e1ticamente las manchas de sangre y la suciedad de la superficie del cuerpo del cerdo que pasa por \u00e9l, lo que puede reducir eficazmente la contaminaci\u00f3n cruzada entre canales durante el predesollado o escaldado posterior. Tambi\u00e9n puede situarse debajo de la cinta transportadora de chamuscado 10 y utilizarse en el proceso de secado del agua de la superficie corporal del cerdo para mejorar el efecto de chamuscado posterior y reducir el consumo de combustible del chamuscado.<\/p>","protected":false},"featured_media":381,"template":"","meta":[],"product_brand":[],"product_cat":[17],"product_tag":[],"class_list":{"0":"post-380","1":"product","2":"type-product","3":"status-publish","4":"has-post-thumbnail","6":"product_cat-pig-slaughterhouse","8":"first","9":"instock","10":"shipping-taxable","11":"product-type-simple"},"yoast_head":"<!-- This site is optimized with the Yoast SEO plugin v24.5 - https:\/\/yoast.com\/wordpress\/plugins\/seo\/ -->\n<title>Prewashing machine \/ Predrying machine \u300cnew\u300d - HongWii Machine<\/title>\n<meta name=\"robots\" content=\"index, follow, max-snippet:-1, max-image-preview:large, max-video-preview:-1\" \/>\n<link rel=\"canonical\" href=\"https:\/\/hongwiislaughter.com\/es\/product\/maquina-de-prelavado-maquina-de-presecado-\u300cnuevo\u300d\/\" \/>\n<meta property=\"og:locale\" content=\"es_ES\" \/>\n<meta property=\"og:type\" content=\"article\" \/>\n<meta property=\"og:title\" content=\"Prewashing machine \/ Predrying machine \u300cnew\u300d - HongWii Machine\" \/>\n<meta property=\"og:description\" content=\"This equipment can be used under the pig hanging bleeding conveyor. Its rotating brush roller and the warm water sprayed by the automatic induction spray device can quickly and automatically clean the blood stains and dirt on the pig&#039;s body surface passing through it, which can effectively reduce the cross contamination between carcasses during subsequent pre-skinning or scalding. It can also be located under the singeing conveyor 10, used in the process of drying the water on the pig&#039;s body surface to improve the subsequent singeing effect and reduce the fuel consumption of singeing.\" \/>\n<meta property=\"og:url\" content=\"https:\/\/hongwiislaughter.com\/es\/product\/maquina-de-prelavado-maquina-de-presecado-\u300cnuevo\u300d\/\" \/>\n<meta property=\"og:site_name\" content=\"HongWii Machine\" \/>\n<meta property=\"article:modified_time\" content=\"2024-11-15T15:41:15+00:00\" \/>\n<meta property=\"og:image\" content=\"https:\/\/hongwiislaughter.com\/wp-content\/uploads\/2024\/11\/Prewashing-machine-Predrying-machine-\u300cnew\u300d.jpeg\" \/>\n\t<meta property=\"og:image:width\" content=\"1408\" \/>\n\t<meta property=\"og:image:height\" content=\"1408\" \/>\n\t<meta property=\"og:image:type\" content=\"image\/jpeg\" \/>\n<meta name=\"twitter:card\" content=\"summary_large_image\" \/>\n<meta name=\"twitter:label1\" content=\"Tiempo de lectura\" \/>\n\t<meta name=\"twitter:data1\" content=\"1 minuto\" \/>\n<script type=\"application\/ld+json\" class=\"yoast-schema-graph\">{\"@context\":\"https:\/\/schema.org\",\"@graph\":[{\"@type\":\"WebPage\",\"@id\":\"https:\/\/hongwiislaughter.com\/product\/prewashing-machine-predrying-machine-%e3%80%8cnew%e3%80%8d\/\",\"url\":\"https:\/\/hongwiislaughter.com\/product\/prewashing-machine-predrying-machine-%e3%80%8cnew%e3%80%8d\/\",\"name\":\"Prewashing machine \/ Predrying machine \u300cnew\u300d - HongWii Machine\",\"isPartOf\":{\"@id\":\"https:\/\/hongwiislaughter.com\/#website\"},\"primaryImageOfPage\":{\"@id\":\"https:\/\/hongwiislaughter.com\/product\/prewashing-machine-predrying-machine-%e3%80%8cnew%e3%80%8d\/#primaryimage\"},\"image\":{\"@id\":\"https:\/\/hongwiislaughter.com\/product\/prewashing-machine-predrying-machine-%e3%80%8cnew%e3%80%8d\/#primaryimage\"},\"thumbnailUrl\":\"https:\/\/hongwiislaughter.com\/wp-content\/uploads\/2024\/11\/Prewashing-machine-Predrying-machine-\u300cnew\u300d.jpeg\",\"datePublished\":\"2024-11-15T15:41:09+00:00\",\"dateModified\":\"2024-11-15T15:41:15+00:00\",\"breadcrumb\":{\"@id\":\"https:\/\/hongwiislaughter.com\/product\/prewashing-machine-predrying-machine-%e3%80%8cnew%e3%80%8d\/#breadcrumb\"},\"inLanguage\":\"es\",\"potentialAction\":[{\"@type\":\"ReadAction\",\"target\":[\"https:\/\/hongwiislaughter.com\/product\/prewashing-machine-predrying-machine-%e3%80%8cnew%e3%80%8d\/\"]}]},{\"@type\":\"ImageObject\",\"inLanguage\":\"es\",\"@id\":\"https:\/\/hongwiislaughter.com\/product\/prewashing-machine-predrying-machine-%e3%80%8cnew%e3%80%8d\/#primaryimage\",\"url\":\"https:\/\/hongwiislaughter.com\/wp-content\/uploads\/2024\/11\/Prewashing-machine-Predrying-machine-\u300cnew\u300d.jpeg\",\"contentUrl\":\"https:\/\/hongwiislaughter.com\/wp-content\/uploads\/2024\/11\/Prewashing-machine-Predrying-machine-\u300cnew\u300d.jpeg\",\"width\":1408,\"height\":1408,\"caption\":\"This equipment can be used under the pig hanging bleeding conveyor. Its rotating brush roller and the warm water sprayed by the automatic induction spray device can quickly and automatically clean the blood stains and dirt on the pig's body surface passing through it, which can effectively reduce the cross contamination between carcasses during subsequent pre-skinning or scalding. It can also be located under the singeing conveyor 10, used in the process of drying the water on the pig's body surface to improve the subsequent singeing effect and reduce the fuel consumption of singeing.\"},{\"@type\":\"BreadcrumbList\",\"@id\":\"https:\/\/hongwiislaughter.com\/product\/prewashing-machine-predrying-machine-%e3%80%8cnew%e3%80%8d\/#breadcrumb\",\"itemListElement\":[{\"@type\":\"ListItem\",\"position\":1,\"name\":\"Home\",\"item\":\"https:\/\/hongwiislaughter.com\/home\/\"},{\"@type\":\"ListItem\",\"position\":2,\"name\":\"Products\",\"item\":\"https:\/\/hongwiislaughter.com\/products\/\"},{\"@type\":\"ListItem\",\"position\":3,\"name\":\"Prewashing machine \/ Predrying machine \u300cnew\u300d\"}]},{\"@type\":\"WebSite\",\"@id\":\"https:\/\/hongwiislaughter.com\/#website\",\"url\":\"https:\/\/hongwiislaughter.com\/\",\"name\":\"HongWii Machine\",\"description\":\"\",\"potentialAction\":[{\"@type\":\"SearchAction\",\"target\":{\"@type\":\"EntryPoint\",\"urlTemplate\":\"https:\/\/hongwiislaughter.com\/?s={search_term_string}\"},\"query-input\":{\"@type\":\"PropertyValueSpecification\",\"valueRequired\":true,\"valueName\":\"search_term_string\"}}],\"inLanguage\":\"es\"}]}<\/script>\n<!-- \/ Yoast SEO plugin. -->","yoast_head_json":{"title":"Prelavadora \/ Presecadora \u300cnueva\u300d - M\u00e1quina HongWii","robots":{"index":"index","follow":"follow","max-snippet":"max-snippet:-1","max-image-preview":"max-image-preview:large","max-video-preview":"max-video-preview:-1"},"canonical":"https:\/\/hongwiislaughter.com\/es\/product\/maquina-de-prelavado-maquina-de-presecado-\u300cnuevo\u300d\/","og_locale":"es_ES","og_type":"article","og_title":"Prewashing machine \/ Predrying machine \u300cnew\u300d - HongWii Machine","og_description":"This equipment can be used under the pig hanging bleeding conveyor. Its rotating brush roller and the warm water sprayed by the automatic induction spray device can quickly and automatically clean the blood stains and dirt on the pig's body surface passing through it, which can effectively reduce the cross contamination between carcasses during subsequent pre-skinning or scalding. It can also be located under the singeing conveyor 10, used in the process of drying the water on the pig's body surface to improve the subsequent singeing effect and reduce the fuel consumption of singeing.","og_url":"https:\/\/hongwiislaughter.com\/es\/product\/maquina-de-prelavado-maquina-de-presecado-\u300cnuevo\u300d\/","og_site_name":"HongWii Machine","article_modified_time":"2024-11-15T15:41:15+00:00","og_image":[{"width":1408,"height":1408,"url":"https:\/\/hongwiislaughter.com\/wp-content\/uploads\/2024\/11\/Prewashing-machine-Predrying-machine-\u300cnew\u300d.jpeg","type":"image\/jpeg"}],"twitter_card":"summary_large_image","twitter_misc":{"Tiempo de lectura":"1 minuto"},"schema":{"@context":"https:\/\/schema.org","@graph":[{"@type":"WebPage","@id":"https:\/\/hongwiislaughter.com\/product\/prewashing-machine-predrying-machine-%e3%80%8cnew%e3%80%8d\/","url":"https:\/\/hongwiislaughter.com\/product\/prewashing-machine-predrying-machine-%e3%80%8cnew%e3%80%8d\/","name":"Prelavadora \/ Presecadora \u300cnueva\u300d - M\u00e1quina HongWii","isPartOf":{"@id":"https:\/\/hongwiislaughter.com\/#website"},"primaryImageOfPage":{"@id":"https:\/\/hongwiislaughter.com\/product\/prewashing-machine-predrying-machine-%e3%80%8cnew%e3%80%8d\/#primaryimage"},"image":{"@id":"https:\/\/hongwiislaughter.com\/product\/prewashing-machine-predrying-machine-%e3%80%8cnew%e3%80%8d\/#primaryimage"},"thumbnailUrl":"https:\/\/hongwiislaughter.com\/wp-content\/uploads\/2024\/11\/Prewashing-machine-Predrying-machine-\u300cnew\u300d.jpeg","datePublished":"2024-11-15T15:41:09+00:00","dateModified":"2024-11-15T15:41:15+00:00","breadcrumb":{"@id":"https:\/\/hongwiislaughter.com\/product\/prewashing-machine-predrying-machine-%e3%80%8cnew%e3%80%8d\/#breadcrumb"},"inLanguage":"es","potentialAction":[{"@type":"ReadAction","target":["https:\/\/hongwiislaughter.com\/product\/prewashing-machine-predrying-machine-%e3%80%8cnew%e3%80%8d\/"]}]},{"@type":"ImageObject","inLanguage":"es","@id":"https:\/\/hongwiislaughter.com\/product\/prewashing-machine-predrying-machine-%e3%80%8cnew%e3%80%8d\/#primaryimage","url":"https:\/\/hongwiislaughter.com\/wp-content\/uploads\/2024\/11\/Prewashing-machine-Predrying-machine-\u300cnew\u300d.jpeg","contentUrl":"https:\/\/hongwiislaughter.com\/wp-content\/uploads\/2024\/11\/Prewashing-machine-Predrying-machine-\u300cnew\u300d.jpeg","width":1408,"height":1408,"caption":"This equipment can be used under the pig hanging bleeding conveyor. Its rotating brush roller and the warm water sprayed by the automatic induction spray device can quickly and automatically clean the blood stains and dirt on the pig's body surface passing through it, which can effectively reduce the cross contamination between carcasses during subsequent pre-skinning or scalding. It can also be located under the singeing conveyor 10, used in the process of drying the water on the pig's body surface to improve the subsequent singeing effect and reduce the fuel consumption of singeing."},{"@type":"BreadcrumbList","@id":"https:\/\/hongwiislaughter.com\/product\/prewashing-machine-predrying-machine-%e3%80%8cnew%e3%80%8d\/#breadcrumb","itemListElement":[{"@type":"ListItem","position":1,"name":"Home","item":"https:\/\/hongwiislaughter.com\/home\/"},{"@type":"ListItem","position":2,"name":"Products","item":"https:\/\/hongwiislaughter.com\/products\/"},{"@type":"ListItem","position":3,"name":"Prewashing machine \/ Predrying machine \u300cnew\u300d"}]},{"@type":"WebSite","@id":"https:\/\/hongwiislaughter.com\/#website","url":"https:\/\/hongwiislaughter.com\/","name":"M\u00e1quina HongWii","description":"","potentialAction":[{"@type":"SearchAction","target":{"@type":"EntryPoint","urlTemplate":"https:\/\/hongwiislaughter.com\/?s={search_term_string}"},"query-input":{"@type":"PropertyValueSpecification","valueRequired":true,"valueName":"search_term_string"}}],"inLanguage":"es"}]}},"_links":{"self":[{"href":"https:\/\/hongwiislaughter.com\/es\/wp-json\/wp\/v2\/product\/380","targetHints":{"allow":["GET"]}}],"collection":[{"href":"https:\/\/hongwiislaughter.com\/es\/wp-json\/wp\/v2\/product"}],"about":[{"href":"https:\/\/hongwiislaughter.com\/es\/wp-json\/wp\/v2\/types\/product"}],"wp:featuredmedia":[{"embeddable":true,"href":"https:\/\/hongwiislaughter.com\/es\/wp-json\/wp\/v2\/media\/381"}],"wp:attachment":[{"href":"https:\/\/hongwiislaughter.com\/es\/wp-json\/wp\/v2\/media?parent=380"}],"wp:term":[{"taxonomy":"product_brand","embeddable":true,"href":"https:\/\/hongwiislaughter.com\/es\/wp-json\/wp\/v2\/product_brand?post=380"},{"taxonomy":"product_cat","embeddable":true,"href":"https:\/\/hongwiislaughter.com\/es\/wp-json\/wp\/v2\/product_cat?post=380"},{"taxonomy":"product_tag","embeddable":true,"href":"https:\/\/hongwiislaughter.com\/es\/wp-json\/wp\/v2\/product_tag?post=380"}],"curies":[{"name":"wp","href":"https:\/\/api.w.org\/{rel}","templated":true}]}}