{"id":377,"date":"2024-11-15T15:33:02","date_gmt":"2024-11-15T15:33:02","guid":{"rendered":"https:\/\/hongwiislaughter.com\/?post_type=product&#038;p=377"},"modified":"2024-11-15T15:33:02","modified_gmt":"2024-11-15T15:33:02","slug":"deposito-de-sangre-de-acero-inoxidable-2","status":"publish","type":"product","link":"https:\/\/hongwiislaughter.com\/es\/product\/deposito-de-sangre-de-acero-inoxidable-2\/","title":{"rendered":"Dep\u00f3sito de sangre de acero inoxidable"},"content":{"rendered":"","protected":false},"excerpt":{"rendered":"<p>Este dep\u00f3sito se utiliza para recoger la sangre que se escurre de los cerdos colgados despu\u00e9s de apu\u00f1alarlos. Se encuentra debajo del transportador de desangramiento de cerdos colgados.<\/p>","protected":false},"featured_media":378,"template":"","meta":[],"product_brand":[],"product_cat":[17],"product_tag":[],"class_list":{"0":"post-377","1":"product","2":"type-product","3":"status-publish","4":"has-post-thumbnail","6":"product_cat-pig-slaughterhouse","8":"first","9":"instock","10":"shipping-taxable","11":"product-type-simple"},"yoast_head":"<!-- This site is optimized with the Yoast SEO plugin v24.5 - https:\/\/yoast.com\/wordpress\/plugins\/seo\/ -->\n<title>Stainless steel blood tank - HongWii Machine<\/title>\n<meta name=\"robots\" content=\"index, follow, max-snippet:-1, max-image-preview:large, max-video-preview:-1\" \/>\n<link rel=\"canonical\" href=\"https:\/\/hongwiislaughter.com\/es\/product\/deposito-de-sangre-de-acero-inoxidable-2\/\" \/>\n<meta property=\"og:locale\" content=\"es_ES\" \/>\n<meta property=\"og:type\" content=\"article\" \/>\n<meta property=\"og:title\" content=\"Stainless steel blood tank - HongWii Machine\" \/>\n<meta property=\"og:description\" content=\"This tank is used to collect the blood that is drained from the hanging pigs after they are stabbed. It is located below the pig hanging bloodletting conveyor.\" \/>\n<meta property=\"og:url\" content=\"https:\/\/hongwiislaughter.com\/es\/product\/deposito-de-sangre-de-acero-inoxidable-2\/\" \/>\n<meta property=\"og:site_name\" content=\"HongWii Machine\" \/>\n<meta property=\"og:image\" content=\"https:\/\/hongwiislaughter.com\/wp-content\/uploads\/2024\/11\/c05e8b7d-f9ba-43e7-a485-379f15eceade.jpeg\" \/>\n\t<meta property=\"og:image:width\" content=\"213\" \/>\n\t<meta property=\"og:image:height\" content=\"213\" \/>\n\t<meta property=\"og:image:type\" content=\"image\/jpeg\" \/>\n<meta name=\"twitter:card\" content=\"summary_large_image\" \/>\n<meta name=\"twitter:label1\" content=\"Tiempo de lectura\" \/>\n\t<meta name=\"twitter:data1\" content=\"1 minuto\" \/>\n<script type=\"application\/ld+json\" class=\"yoast-schema-graph\">{\"@context\":\"https:\/\/schema.org\",\"@graph\":[{\"@type\":\"WebPage\",\"@id\":\"https:\/\/hongwiislaughter.com\/product\/stainless-steel-blood-tank-2\/\",\"url\":\"https:\/\/hongwiislaughter.com\/product\/stainless-steel-blood-tank-2\/\",\"name\":\"Stainless steel blood tank - HongWii Machine\",\"isPartOf\":{\"@id\":\"https:\/\/hongwiislaughter.com\/#website\"},\"primaryImageOfPage\":{\"@id\":\"https:\/\/hongwiislaughter.com\/product\/stainless-steel-blood-tank-2\/#primaryimage\"},\"image\":{\"@id\":\"https:\/\/hongwiislaughter.com\/product\/stainless-steel-blood-tank-2\/#primaryimage\"},\"thumbnailUrl\":\"https:\/\/hongwiislaughter.com\/wp-content\/uploads\/2024\/11\/c05e8b7d-f9ba-43e7-a485-379f15eceade.jpeg\",\"datePublished\":\"2024-11-15T15:33:02+00:00\",\"breadcrumb\":{\"@id\":\"https:\/\/hongwiislaughter.com\/product\/stainless-steel-blood-tank-2\/#breadcrumb\"},\"inLanguage\":\"es\",\"potentialAction\":[{\"@type\":\"ReadAction\",\"target\":[\"https:\/\/hongwiislaughter.com\/product\/stainless-steel-blood-tank-2\/\"]}]},{\"@type\":\"ImageObject\",\"inLanguage\":\"es\",\"@id\":\"https:\/\/hongwiislaughter.com\/product\/stainless-steel-blood-tank-2\/#primaryimage\",\"url\":\"https:\/\/hongwiislaughter.com\/wp-content\/uploads\/2024\/11\/c05e8b7d-f9ba-43e7-a485-379f15eceade.jpeg\",\"contentUrl\":\"https:\/\/hongwiislaughter.com\/wp-content\/uploads\/2024\/11\/c05e8b7d-f9ba-43e7-a485-379f15eceade.jpeg\",\"width\":213,\"height\":213,\"caption\":\"This tank is used to collect the blood that is drained from the hanging pigs after they are stabbed. It is located below the pig hanging bloodletting conveyor.\"},{\"@type\":\"BreadcrumbList\",\"@id\":\"https:\/\/hongwiislaughter.com\/product\/stainless-steel-blood-tank-2\/#breadcrumb\",\"itemListElement\":[{\"@type\":\"ListItem\",\"position\":1,\"name\":\"Home\",\"item\":\"https:\/\/hongwiislaughter.com\/home\/\"},{\"@type\":\"ListItem\",\"position\":2,\"name\":\"Products\",\"item\":\"https:\/\/hongwiislaughter.com\/products\/\"},{\"@type\":\"ListItem\",\"position\":3,\"name\":\"Stainless steel blood tank\"}]},{\"@type\":\"WebSite\",\"@id\":\"https:\/\/hongwiislaughter.com\/#website\",\"url\":\"https:\/\/hongwiislaughter.com\/\",\"name\":\"HongWii Machine\",\"description\":\"\",\"potentialAction\":[{\"@type\":\"SearchAction\",\"target\":{\"@type\":\"EntryPoint\",\"urlTemplate\":\"https:\/\/hongwiislaughter.com\/?s={search_term_string}\"},\"query-input\":{\"@type\":\"PropertyValueSpecification\",\"valueRequired\":true,\"valueName\":\"search_term_string\"}}],\"inLanguage\":\"es\"}]}<\/script>\n<!-- \/ Yoast SEO plugin. -->","yoast_head_json":{"title":"Tanque de sangre de acero inoxidable - HongWii Machine","robots":{"index":"index","follow":"follow","max-snippet":"max-snippet:-1","max-image-preview":"max-image-preview:large","max-video-preview":"max-video-preview:-1"},"canonical":"https:\/\/hongwiislaughter.com\/es\/product\/deposito-de-sangre-de-acero-inoxidable-2\/","og_locale":"es_ES","og_type":"article","og_title":"Stainless steel blood tank - HongWii Machine","og_description":"This tank is used to collect the blood that is drained from the hanging pigs after they are stabbed. It is located below the pig hanging bloodletting conveyor.","og_url":"https:\/\/hongwiislaughter.com\/es\/product\/deposito-de-sangre-de-acero-inoxidable-2\/","og_site_name":"HongWii Machine","og_image":[{"width":213,"height":213,"url":"https:\/\/hongwiislaughter.com\/wp-content\/uploads\/2024\/11\/c05e8b7d-f9ba-43e7-a485-379f15eceade.jpeg","type":"image\/jpeg"}],"twitter_card":"summary_large_image","twitter_misc":{"Tiempo de lectura":"1 minuto"},"schema":{"@context":"https:\/\/schema.org","@graph":[{"@type":"WebPage","@id":"https:\/\/hongwiislaughter.com\/product\/stainless-steel-blood-tank-2\/","url":"https:\/\/hongwiislaughter.com\/product\/stainless-steel-blood-tank-2\/","name":"Tanque de sangre de acero inoxidable - HongWii Machine","isPartOf":{"@id":"https:\/\/hongwiislaughter.com\/#website"},"primaryImageOfPage":{"@id":"https:\/\/hongwiislaughter.com\/product\/stainless-steel-blood-tank-2\/#primaryimage"},"image":{"@id":"https:\/\/hongwiislaughter.com\/product\/stainless-steel-blood-tank-2\/#primaryimage"},"thumbnailUrl":"https:\/\/hongwiislaughter.com\/wp-content\/uploads\/2024\/11\/c05e8b7d-f9ba-43e7-a485-379f15eceade.jpeg","datePublished":"2024-11-15T15:33:02+00:00","breadcrumb":{"@id":"https:\/\/hongwiislaughter.com\/product\/stainless-steel-blood-tank-2\/#breadcrumb"},"inLanguage":"es","potentialAction":[{"@type":"ReadAction","target":["https:\/\/hongwiislaughter.com\/product\/stainless-steel-blood-tank-2\/"]}]},{"@type":"ImageObject","inLanguage":"es","@id":"https:\/\/hongwiislaughter.com\/product\/stainless-steel-blood-tank-2\/#primaryimage","url":"https:\/\/hongwiislaughter.com\/wp-content\/uploads\/2024\/11\/c05e8b7d-f9ba-43e7-a485-379f15eceade.jpeg","contentUrl":"https:\/\/hongwiislaughter.com\/wp-content\/uploads\/2024\/11\/c05e8b7d-f9ba-43e7-a485-379f15eceade.jpeg","width":213,"height":213,"caption":"This tank is used to collect the blood that is drained from the hanging pigs after they are stabbed. It is located below the pig hanging bloodletting conveyor."},{"@type":"BreadcrumbList","@id":"https:\/\/hongwiislaughter.com\/product\/stainless-steel-blood-tank-2\/#breadcrumb","itemListElement":[{"@type":"ListItem","position":1,"name":"Home","item":"https:\/\/hongwiislaughter.com\/home\/"},{"@type":"ListItem","position":2,"name":"Products","item":"https:\/\/hongwiislaughter.com\/products\/"},{"@type":"ListItem","position":3,"name":"Stainless steel blood tank"}]},{"@type":"WebSite","@id":"https:\/\/hongwiislaughter.com\/#website","url":"https:\/\/hongwiislaughter.com\/","name":"M\u00e1quina HongWii","description":"","potentialAction":[{"@type":"SearchAction","target":{"@type":"EntryPoint","urlTemplate":"https:\/\/hongwiislaughter.com\/?s={search_term_string}"},"query-input":{"@type":"PropertyValueSpecification","valueRequired":true,"valueName":"search_term_string"}}],"inLanguage":"es"}]}},"_links":{"self":[{"href":"https:\/\/hongwiislaughter.com\/es\/wp-json\/wp\/v2\/product\/377","targetHints":{"allow":["GET"]}}],"collection":[{"href":"https:\/\/hongwiislaughter.com\/es\/wp-json\/wp\/v2\/product"}],"about":[{"href":"https:\/\/hongwiislaughter.com\/es\/wp-json\/wp\/v2\/types\/product"}],"wp:featuredmedia":[{"embeddable":true,"href":"https:\/\/hongwiislaughter.com\/es\/wp-json\/wp\/v2\/media\/378"}],"wp:attachment":[{"href":"https:\/\/hongwiislaughter.com\/es\/wp-json\/wp\/v2\/media?parent=377"}],"wp:term":[{"taxonomy":"product_brand","embeddable":true,"href":"https:\/\/hongwiislaughter.com\/es\/wp-json\/wp\/v2\/product_brand?post=377"},{"taxonomy":"product_cat","embeddable":true,"href":"https:\/\/hongwiislaughter.com\/es\/wp-json\/wp\/v2\/product_cat?post=377"},{"taxonomy":"product_tag","embeddable":true,"href":"https:\/\/hongwiislaughter.com\/es\/wp-json\/wp\/v2\/product_tag?post=377"}],"curies":[{"name":"wp","href":"https:\/\/api.w.org\/{rel}","templated":true}]}}