{"id":370,"date":"2024-11-15T15:19:57","date_gmt":"2024-11-15T15:19:57","guid":{"rendered":"https:\/\/hongwiislaughter.com\/?post_type=product&#038;p=370"},"modified":"2025-04-10T01:34:11","modified_gmt":"2025-04-10T01:34:11","slug":"desangrador-de-cerdos-transportador-aereo","status":"publish","type":"product","link":"https:\/\/hongwiislaughter.com\/es\/product\/desangrador-de-cerdos-transportador-aereo\/","title":{"rendered":"Transportador a\u00e9reo de desangramiento de cerdos \u300cnuevo\u300d"},"content":{"rendered":"","protected":false},"excerpt":{"rendered":"<p>Este equipo se utiliza para suspender y transportar cerdos vivos o canales de cerdo, y completar las operaciones de apu\u00f1alamiento (completado manualmente), sangrado y limpieza de la canal (con m\u00e1quina de pre-limpieza) durante el proceso de transporte, a fin de prepararse para el posterior escaldado, depilado, pre-pelado y otros procesos. Adecuado para plantas de sacrificio y procesamiento a gran escala.<br \/>\nDescripci\u00f3n:<br \/>\n1. La cadena transportadora de este equipo adopta tensi\u00f3n neum\u00e1tica, y la bolsa de aire proporciona empuje de tensi\u00f3n.<br \/>\n2. Para colgar los cerdos se utiliza la cadena de sangrado de tipo tubo-carril, y los tubos redondos se utilizan como pista de deslizamiento de los cerdos; el acero de doble canal se utiliza como pista de deslizamiento de la cadena transportadora, y debajo de la cadena transportadora se coloca un empujador.<br \/>\nEn comparaci\u00f3n con los transportadores de sangrado tradicionales, este equipo es m\u00e1s adecuado para su uso con nuevos equipos eficientes de escaldado y depilaci\u00f3n, de modo que se puede realizar el reciclaje de las cadenas de sangrado.<br \/>\n3. Seg\u00fan el lado donde se cuelga la cadena de sangrado, se divide en tipo de colgado izquierdo y tipo de colgado derecho (orientado hacia delante).<\/p>","protected":false},"featured_media":371,"template":"","meta":[],"product_brand":[],"product_cat":[25],"product_tag":[],"class_list":{"0":"post-370","1":"product","2":"type-product","3":"status-publish","4":"has-post-thumbnail","6":"product_cat-pig-bleeding-equipments","8":"first","9":"instock","10":"shipping-taxable","11":"product-type-simple"},"yoast_head":"<!-- This site is optimized with the Yoast SEO plugin v24.5 - https:\/\/yoast.com\/wordpress\/plugins\/seo\/ -->\n<title>Pig bloodletting overhead conveyor \u300cnew\u300d - HongWii Machine<\/title>\n<meta name=\"robots\" content=\"index, follow, max-snippet:-1, max-image-preview:large, max-video-preview:-1\" \/>\n<link rel=\"canonical\" href=\"https:\/\/hongwiislaughter.com\/es\/product\/desangrador-de-cerdos-transportador-aereo\/\" \/>\n<meta property=\"og:locale\" content=\"es_ES\" \/>\n<meta property=\"og:type\" content=\"article\" \/>\n<meta property=\"og:title\" content=\"Pig bloodletting overhead conveyor \u300cnew\u300d - HongWii Machine\" \/>\n<meta property=\"og:description\" content=\"This equipment is used to suspend and convey live pigs or pig carcasses, and complete the operations of stabbing (manually completed), bleeding and carcass cleaning (with pre-cleaning machine) during the conveying process, so as to prepare for the subsequent scalding, depilation, pre-skinning and other processes. Suitable for large-scale slaughtering and processing plants. Description: 1. The conveyor chain of this equipment adopts pneumatic tensioning, and the airbag provides tensioning thrust. 2. The matching pipe-track type bleeding chain is used to hang pigs, and round tubes are used as the sliding track of pigs; double-channel steel is used as the conveyor chain walking track, and a pusher is set under the conveyor chain. Compared with traditional bleeding conveyors, this equipment is more suitable for use with efficient new scalding and depilation equipment, so that the recycling of bleeding chains can be realized. 3. According to the side where the bleeding chain is hung, it is divided into left hanging type and right hanging type (facing the forward direction).\" \/>\n<meta property=\"og:url\" content=\"https:\/\/hongwiislaughter.com\/es\/product\/desangrador-de-cerdos-transportador-aereo\/\" \/>\n<meta property=\"og:site_name\" content=\"HongWii Machine\" \/>\n<meta property=\"article:modified_time\" content=\"2025-04-10T01:34:11+00:00\" \/>\n<meta property=\"og:image\" content=\"https:\/\/hongwiislaughter.com\/wp-content\/uploads\/2024\/11\/Pig-bloodletting-overhead-conveyor-\u300cnew\u300d.jpeg\" \/>\n\t<meta property=\"og:image:width\" content=\"398\" \/>\n\t<meta property=\"og:image:height\" content=\"398\" \/>\n\t<meta property=\"og:image:type\" content=\"image\/jpeg\" \/>\n<meta name=\"twitter:card\" content=\"summary_large_image\" \/>\n<meta name=\"twitter:label1\" content=\"Tiempo de lectura\" \/>\n\t<meta name=\"twitter:data1\" content=\"1 minuto\" \/>\n<script type=\"application\/ld+json\" class=\"yoast-schema-graph\">{\"@context\":\"https:\/\/schema.org\",\"@graph\":[{\"@type\":\"WebPage\",\"@id\":\"https:\/\/hongwiislaughter.com\/product\/pig-bloodletting-overhead-conveyor\/\",\"url\":\"https:\/\/hongwiislaughter.com\/product\/pig-bloodletting-overhead-conveyor\/\",\"name\":\"Pig bloodletting overhead conveyor \u300cnew\u300d - HongWii Machine\",\"isPartOf\":{\"@id\":\"https:\/\/hongwiislaughter.com\/#website\"},\"primaryImageOfPage\":{\"@id\":\"https:\/\/hongwiislaughter.com\/product\/pig-bloodletting-overhead-conveyor\/#primaryimage\"},\"image\":{\"@id\":\"https:\/\/hongwiislaughter.com\/product\/pig-bloodletting-overhead-conveyor\/#primaryimage\"},\"thumbnailUrl\":\"https:\/\/hongwiislaughter.com\/wp-content\/uploads\/2024\/11\/Pig-bloodletting-overhead-conveyor-\u300cnew\u300d.jpeg\",\"datePublished\":\"2024-11-15T15:19:57+00:00\",\"dateModified\":\"2025-04-10T01:34:11+00:00\",\"breadcrumb\":{\"@id\":\"https:\/\/hongwiislaughter.com\/product\/pig-bloodletting-overhead-conveyor\/#breadcrumb\"},\"inLanguage\":\"es\",\"potentialAction\":[{\"@type\":\"ReadAction\",\"target\":[\"https:\/\/hongwiislaughter.com\/product\/pig-bloodletting-overhead-conveyor\/\"]}]},{\"@type\":\"ImageObject\",\"inLanguage\":\"es\",\"@id\":\"https:\/\/hongwiislaughter.com\/product\/pig-bloodletting-overhead-conveyor\/#primaryimage\",\"url\":\"https:\/\/hongwiislaughter.com\/wp-content\/uploads\/2024\/11\/Pig-bloodletting-overhead-conveyor-\u300cnew\u300d.jpeg\",\"contentUrl\":\"https:\/\/hongwiislaughter.com\/wp-content\/uploads\/2024\/11\/Pig-bloodletting-overhead-conveyor-\u300cnew\u300d.jpeg\",\"width\":398,\"height\":398,\"caption\":\"This equipment is used to suspend and convey live pigs or pig carcasses, and complete the operations of stabbing (manually completed), bleeding and carcass cleaning (with pre-cleaning machine) during the conveying process, so as to prepare for the subsequent scalding, depilation, pre-skinning and other processes. Suitable for large-scale slaughtering and processing plants.\"},{\"@type\":\"BreadcrumbList\",\"@id\":\"https:\/\/hongwiislaughter.com\/product\/pig-bloodletting-overhead-conveyor\/#breadcrumb\",\"itemListElement\":[{\"@type\":\"ListItem\",\"position\":1,\"name\":\"Home\",\"item\":\"https:\/\/hongwiislaughter.com\/home\/\"},{\"@type\":\"ListItem\",\"position\":2,\"name\":\"Products\",\"item\":\"https:\/\/hongwiislaughter.com\/products\/\"},{\"@type\":\"ListItem\",\"position\":3,\"name\":\"Pig bloodletting overhead conveyor \u300cnew\u300d\"}]},{\"@type\":\"WebSite\",\"@id\":\"https:\/\/hongwiislaughter.com\/#website\",\"url\":\"https:\/\/hongwiislaughter.com\/\",\"name\":\"HongWii Machine\",\"description\":\"\",\"potentialAction\":[{\"@type\":\"SearchAction\",\"target\":{\"@type\":\"EntryPoint\",\"urlTemplate\":\"https:\/\/hongwiislaughter.com\/?s={search_term_string}\"},\"query-input\":{\"@type\":\"PropertyValueSpecification\",\"valueRequired\":true,\"valueName\":\"search_term_string\"}}],\"inLanguage\":\"es\"}]}<\/script>\n<!-- \/ Yoast SEO plugin. -->","yoast_head_json":{"title":"Transportador a\u00e9reo de desangramiento de cerdos \u300cnuevo\u300d - M\u00e1quina HongWii","robots":{"index":"index","follow":"follow","max-snippet":"max-snippet:-1","max-image-preview":"max-image-preview:large","max-video-preview":"max-video-preview:-1"},"canonical":"https:\/\/hongwiislaughter.com\/es\/product\/desangrador-de-cerdos-transportador-aereo\/","og_locale":"es_ES","og_type":"article","og_title":"Pig bloodletting overhead conveyor \u300cnew\u300d - HongWii Machine","og_description":"This equipment is used to suspend and convey live pigs or pig carcasses, and complete the operations of stabbing (manually completed), bleeding and carcass cleaning (with pre-cleaning machine) during the conveying process, so as to prepare for the subsequent scalding, depilation, pre-skinning and other processes. Suitable for large-scale slaughtering and processing plants. Description: 1. The conveyor chain of this equipment adopts pneumatic tensioning, and the airbag provides tensioning thrust. 2. The matching pipe-track type bleeding chain is used to hang pigs, and round tubes are used as the sliding track of pigs; double-channel steel is used as the conveyor chain walking track, and a pusher is set under the conveyor chain. Compared with traditional bleeding conveyors, this equipment is more suitable for use with efficient new scalding and depilation equipment, so that the recycling of bleeding chains can be realized. 3. According to the side where the bleeding chain is hung, it is divided into left hanging type and right hanging type (facing the forward direction).","og_url":"https:\/\/hongwiislaughter.com\/es\/product\/desangrador-de-cerdos-transportador-aereo\/","og_site_name":"HongWii Machine","article_modified_time":"2025-04-10T01:34:11+00:00","og_image":[{"width":398,"height":398,"url":"https:\/\/hongwiislaughter.com\/wp-content\/uploads\/2024\/11\/Pig-bloodletting-overhead-conveyor-\u300cnew\u300d.jpeg","type":"image\/jpeg"}],"twitter_card":"summary_large_image","twitter_misc":{"Tiempo de lectura":"1 minuto"},"schema":{"@context":"https:\/\/schema.org","@graph":[{"@type":"WebPage","@id":"https:\/\/hongwiislaughter.com\/product\/pig-bloodletting-overhead-conveyor\/","url":"https:\/\/hongwiislaughter.com\/product\/pig-bloodletting-overhead-conveyor\/","name":"Transportador a\u00e9reo de desangramiento de cerdos \u300cnuevo\u300d - M\u00e1quina HongWii","isPartOf":{"@id":"https:\/\/hongwiislaughter.com\/#website"},"primaryImageOfPage":{"@id":"https:\/\/hongwiislaughter.com\/product\/pig-bloodletting-overhead-conveyor\/#primaryimage"},"image":{"@id":"https:\/\/hongwiislaughter.com\/product\/pig-bloodletting-overhead-conveyor\/#primaryimage"},"thumbnailUrl":"https:\/\/hongwiislaughter.com\/wp-content\/uploads\/2024\/11\/Pig-bloodletting-overhead-conveyor-\u300cnew\u300d.jpeg","datePublished":"2024-11-15T15:19:57+00:00","dateModified":"2025-04-10T01:34:11+00:00","breadcrumb":{"@id":"https:\/\/hongwiislaughter.com\/product\/pig-bloodletting-overhead-conveyor\/#breadcrumb"},"inLanguage":"es","potentialAction":[{"@type":"ReadAction","target":["https:\/\/hongwiislaughter.com\/product\/pig-bloodletting-overhead-conveyor\/"]}]},{"@type":"ImageObject","inLanguage":"es","@id":"https:\/\/hongwiislaughter.com\/product\/pig-bloodletting-overhead-conveyor\/#primaryimage","url":"https:\/\/hongwiislaughter.com\/wp-content\/uploads\/2024\/11\/Pig-bloodletting-overhead-conveyor-\u300cnew\u300d.jpeg","contentUrl":"https:\/\/hongwiislaughter.com\/wp-content\/uploads\/2024\/11\/Pig-bloodletting-overhead-conveyor-\u300cnew\u300d.jpeg","width":398,"height":398,"caption":"This equipment is used to suspend and convey live pigs or pig carcasses, and complete the operations of stabbing (manually completed), bleeding and carcass cleaning (with pre-cleaning machine) during the conveying process, so as to prepare for the subsequent scalding, depilation, pre-skinning and other processes. Suitable for large-scale slaughtering and processing plants."},{"@type":"BreadcrumbList","@id":"https:\/\/hongwiislaughter.com\/product\/pig-bloodletting-overhead-conveyor\/#breadcrumb","itemListElement":[{"@type":"ListItem","position":1,"name":"Home","item":"https:\/\/hongwiislaughter.com\/home\/"},{"@type":"ListItem","position":2,"name":"Products","item":"https:\/\/hongwiislaughter.com\/products\/"},{"@type":"ListItem","position":3,"name":"Pig bloodletting overhead conveyor \u300cnew\u300d"}]},{"@type":"WebSite","@id":"https:\/\/hongwiislaughter.com\/#website","url":"https:\/\/hongwiislaughter.com\/","name":"M\u00e1quina HongWii","description":"","potentialAction":[{"@type":"SearchAction","target":{"@type":"EntryPoint","urlTemplate":"https:\/\/hongwiislaughter.com\/?s={search_term_string}"},"query-input":{"@type":"PropertyValueSpecification","valueRequired":true,"valueName":"search_term_string"}}],"inLanguage":"es"}]}},"_links":{"self":[{"href":"https:\/\/hongwiislaughter.com\/es\/wp-json\/wp\/v2\/product\/370","targetHints":{"allow":["GET"]}}],"collection":[{"href":"https:\/\/hongwiislaughter.com\/es\/wp-json\/wp\/v2\/product"}],"about":[{"href":"https:\/\/hongwiislaughter.com\/es\/wp-json\/wp\/v2\/types\/product"}],"wp:featuredmedia":[{"embeddable":true,"href":"https:\/\/hongwiislaughter.com\/es\/wp-json\/wp\/v2\/media\/371"}],"wp:attachment":[{"href":"https:\/\/hongwiislaughter.com\/es\/wp-json\/wp\/v2\/media?parent=370"}],"wp:term":[{"taxonomy":"product_brand","embeddable":true,"href":"https:\/\/hongwiislaughter.com\/es\/wp-json\/wp\/v2\/product_brand?post=370"},{"taxonomy":"product_cat","embeddable":true,"href":"https:\/\/hongwiislaughter.com\/es\/wp-json\/wp\/v2\/product_cat?post=370"},{"taxonomy":"product_tag","embeddable":true,"href":"https:\/\/hongwiislaughter.com\/es\/wp-json\/wp\/v2\/product_tag?post=370"}],"curies":[{"name":"wp","href":"https:\/\/api.w.org\/{rel}","templated":true}]}}