{"id":364,"date":"2024-11-09T12:48:14","date_gmt":"2024-11-09T12:48:14","guid":{"rendered":"https:\/\/hongwiislaughter.com\/?post_type=product&#038;p=364"},"modified":"2024-11-09T12:48:14","modified_gmt":"2024-11-09T12:48:14","slug":"pneumatic-hoisting-and-rail-changing-device-2","status":"publish","type":"product","link":"https:\/\/hongwiislaughter.com\/es\/product\/pneumatic-hoisting-and-rail-changing-device-2\/","title":{"rendered":"Dispositivo neum\u00e1tico de elevaci\u00f3n y cambio de carriles"},"content":{"rendered":"","protected":false},"excerpt":{"rendered":"<p>El dispositivo se instala en el ra\u00edl transportador suspendido y se conecta al ra\u00edl pulm\u00f3n situado detr\u00e1s del elevador de ra\u00edles tubulares. Se utiliza para elevar la canal de cerdo desde la superficie del ra\u00edl intermedio hasta la superficie del ra\u00edl transportador de forma ordenada para completar la operaci\u00f3n posterior.<\/p>\n<p>Descripci\u00f3n:<br \/>\nThe device completes the lifting action by the cylinder; the contact switch is used to achieve automatic control.<\/p>","protected":false},"featured_media":365,"template":"","meta":[],"product_brand":[],"product_cat":[17],"product_tag":[],"class_list":{"0":"post-364","1":"product","2":"type-product","3":"status-publish","4":"has-post-thumbnail","6":"product_cat-pig-slaughterhouse","8":"first","9":"instock","10":"shipping-taxable","11":"product-type-simple"},"yoast_head":"<!-- This site is optimized with the Yoast SEO plugin v24.5 - https:\/\/yoast.com\/wordpress\/plugins\/seo\/ -->\n<title>Pneumatic hoisting and rail-changing device - HongWii Machine<\/title>\n<meta name=\"robots\" content=\"index, follow, max-snippet:-1, max-image-preview:large, max-video-preview:-1\" \/>\n<link rel=\"canonical\" href=\"https:\/\/hongwiislaughter.com\/es\/product\/pneumatic-hoisting-and-rail-changing-device-2\/\" \/>\n<meta property=\"og:locale\" content=\"es_ES\" \/>\n<meta property=\"og:type\" content=\"article\" \/>\n<meta property=\"og:title\" content=\"Pneumatic hoisting and rail-changing device - HongWii Machine\" \/>\n<meta property=\"og:description\" content=\"The device is installed on the suspension conveyor rail and connected to the buffer rail behind the pipe rail hoist. It is used to lift the pig carcass from the buffer rail surface to the conveyor rail surface in an orderly manner to complete the subsequent operation.  Description: The device completes the lifting action by the cylinder; the contact switch is used to achieve automatic control.\" \/>\n<meta property=\"og:url\" content=\"https:\/\/hongwiislaughter.com\/es\/product\/pneumatic-hoisting-and-rail-changing-device-2\/\" \/>\n<meta property=\"og:site_name\" content=\"HongWii Machine\" \/>\n<meta property=\"og:image\" content=\"https:\/\/hongwiislaughter.com\/wp-content\/uploads\/2024\/11\/Pneumatic-hoisting-and-rail-changing-device.jpeg\" \/>\n\t<meta property=\"og:image:width\" content=\"972\" \/>\n\t<meta property=\"og:image:height\" content=\"972\" \/>\n\t<meta property=\"og:image:type\" content=\"image\/jpeg\" \/>\n<meta name=\"twitter:card\" content=\"summary_large_image\" \/>\n<meta name=\"twitter:label1\" content=\"Tiempo de lectura\" \/>\n\t<meta name=\"twitter:data1\" content=\"1 minuto\" \/>\n<script type=\"application\/ld+json\" class=\"yoast-schema-graph\">{\"@context\":\"https:\/\/schema.org\",\"@graph\":[{\"@type\":\"WebPage\",\"@id\":\"https:\/\/hongwiislaughter.com\/product\/pneumatic-hoisting-and-rail-changing-device-2\/\",\"url\":\"https:\/\/hongwiislaughter.com\/product\/pneumatic-hoisting-and-rail-changing-device-2\/\",\"name\":\"Pneumatic hoisting and rail-changing device - HongWii Machine\",\"isPartOf\":{\"@id\":\"https:\/\/hongwiislaughter.com\/#website\"},\"primaryImageOfPage\":{\"@id\":\"https:\/\/hongwiislaughter.com\/product\/pneumatic-hoisting-and-rail-changing-device-2\/#primaryimage\"},\"image\":{\"@id\":\"https:\/\/hongwiislaughter.com\/product\/pneumatic-hoisting-and-rail-changing-device-2\/#primaryimage\"},\"thumbnailUrl\":\"https:\/\/hongwiislaughter.com\/wp-content\/uploads\/2024\/11\/Pneumatic-hoisting-and-rail-changing-device.jpeg\",\"datePublished\":\"2024-11-09T12:48:14+00:00\",\"breadcrumb\":{\"@id\":\"https:\/\/hongwiislaughter.com\/product\/pneumatic-hoisting-and-rail-changing-device-2\/#breadcrumb\"},\"inLanguage\":\"es\",\"potentialAction\":[{\"@type\":\"ReadAction\",\"target\":[\"https:\/\/hongwiislaughter.com\/product\/pneumatic-hoisting-and-rail-changing-device-2\/\"]}]},{\"@type\":\"ImageObject\",\"inLanguage\":\"es\",\"@id\":\"https:\/\/hongwiislaughter.com\/product\/pneumatic-hoisting-and-rail-changing-device-2\/#primaryimage\",\"url\":\"https:\/\/hongwiislaughter.com\/wp-content\/uploads\/2024\/11\/Pneumatic-hoisting-and-rail-changing-device.jpeg\",\"contentUrl\":\"https:\/\/hongwiislaughter.com\/wp-content\/uploads\/2024\/11\/Pneumatic-hoisting-and-rail-changing-device.jpeg\",\"width\":972,\"height\":972,\"caption\":\"The device is installed on the suspension conveyor rail and connected to the buffer rail behind the pipe rail hoist. It is used to lift the pig carcass from the buffer rail surface to the conveyor rail surface in an orderly manner to complete the subsequent operation.\"},{\"@type\":\"BreadcrumbList\",\"@id\":\"https:\/\/hongwiislaughter.com\/product\/pneumatic-hoisting-and-rail-changing-device-2\/#breadcrumb\",\"itemListElement\":[{\"@type\":\"ListItem\",\"position\":1,\"name\":\"Home\",\"item\":\"https:\/\/hongwiislaughter.com\/home\/\"},{\"@type\":\"ListItem\",\"position\":2,\"name\":\"Products\",\"item\":\"https:\/\/hongwiislaughter.com\/products\/\"},{\"@type\":\"ListItem\",\"position\":3,\"name\":\"Pneumatic hoisting and rail-changing device\"}]},{\"@type\":\"WebSite\",\"@id\":\"https:\/\/hongwiislaughter.com\/#website\",\"url\":\"https:\/\/hongwiislaughter.com\/\",\"name\":\"HongWii Machine\",\"description\":\"\",\"potentialAction\":[{\"@type\":\"SearchAction\",\"target\":{\"@type\":\"EntryPoint\",\"urlTemplate\":\"https:\/\/hongwiislaughter.com\/?s={search_term_string}\"},\"query-input\":{\"@type\":\"PropertyValueSpecification\",\"valueRequired\":true,\"valueName\":\"search_term_string\"}}],\"inLanguage\":\"es\"}]}<\/script>\n<!-- \/ Yoast SEO plugin. -->","yoast_head_json":{"title":"Pneumatic hoisting and rail-changing device - HongWii Machine","robots":{"index":"index","follow":"follow","max-snippet":"max-snippet:-1","max-image-preview":"max-image-preview:large","max-video-preview":"max-video-preview:-1"},"canonical":"https:\/\/hongwiislaughter.com\/es\/product\/pneumatic-hoisting-and-rail-changing-device-2\/","og_locale":"es_ES","og_type":"article","og_title":"Pneumatic hoisting and rail-changing device - HongWii Machine","og_description":"The device is installed on the suspension conveyor rail and connected to the buffer rail behind the pipe rail hoist. It is used to lift the pig carcass from the buffer rail surface to the conveyor rail surface in an orderly manner to complete the subsequent operation.  Description: The device completes the lifting action by the cylinder; the contact switch is used to achieve automatic control.","og_url":"https:\/\/hongwiislaughter.com\/es\/product\/pneumatic-hoisting-and-rail-changing-device-2\/","og_site_name":"HongWii Machine","og_image":[{"width":972,"height":972,"url":"https:\/\/hongwiislaughter.com\/wp-content\/uploads\/2024\/11\/Pneumatic-hoisting-and-rail-changing-device.jpeg","type":"image\/jpeg"}],"twitter_card":"summary_large_image","twitter_misc":{"Tiempo de lectura":"1 minuto"},"schema":{"@context":"https:\/\/schema.org","@graph":[{"@type":"WebPage","@id":"https:\/\/hongwiislaughter.com\/product\/pneumatic-hoisting-and-rail-changing-device-2\/","url":"https:\/\/hongwiislaughter.com\/product\/pneumatic-hoisting-and-rail-changing-device-2\/","name":"Pneumatic hoisting and rail-changing device - HongWii Machine","isPartOf":{"@id":"https:\/\/hongwiislaughter.com\/#website"},"primaryImageOfPage":{"@id":"https:\/\/hongwiislaughter.com\/product\/pneumatic-hoisting-and-rail-changing-device-2\/#primaryimage"},"image":{"@id":"https:\/\/hongwiislaughter.com\/product\/pneumatic-hoisting-and-rail-changing-device-2\/#primaryimage"},"thumbnailUrl":"https:\/\/hongwiislaughter.com\/wp-content\/uploads\/2024\/11\/Pneumatic-hoisting-and-rail-changing-device.jpeg","datePublished":"2024-11-09T12:48:14+00:00","breadcrumb":{"@id":"https:\/\/hongwiislaughter.com\/product\/pneumatic-hoisting-and-rail-changing-device-2\/#breadcrumb"},"inLanguage":"es","potentialAction":[{"@type":"ReadAction","target":["https:\/\/hongwiislaughter.com\/product\/pneumatic-hoisting-and-rail-changing-device-2\/"]}]},{"@type":"ImageObject","inLanguage":"es","@id":"https:\/\/hongwiislaughter.com\/product\/pneumatic-hoisting-and-rail-changing-device-2\/#primaryimage","url":"https:\/\/hongwiislaughter.com\/wp-content\/uploads\/2024\/11\/Pneumatic-hoisting-and-rail-changing-device.jpeg","contentUrl":"https:\/\/hongwiislaughter.com\/wp-content\/uploads\/2024\/11\/Pneumatic-hoisting-and-rail-changing-device.jpeg","width":972,"height":972,"caption":"The device is installed on the suspension conveyor rail and connected to the buffer rail behind the pipe rail hoist. It is used to lift the pig carcass from the buffer rail surface to the conveyor rail surface in an orderly manner to complete the subsequent operation."},{"@type":"BreadcrumbList","@id":"https:\/\/hongwiislaughter.com\/product\/pneumatic-hoisting-and-rail-changing-device-2\/#breadcrumb","itemListElement":[{"@type":"ListItem","position":1,"name":"Home","item":"https:\/\/hongwiislaughter.com\/home\/"},{"@type":"ListItem","position":2,"name":"Products","item":"https:\/\/hongwiislaughter.com\/products\/"},{"@type":"ListItem","position":3,"name":"Pneumatic hoisting and rail-changing device"}]},{"@type":"WebSite","@id":"https:\/\/hongwiislaughter.com\/#website","url":"https:\/\/hongwiislaughter.com\/","name":"M\u00e1quina HongWii","description":"","potentialAction":[{"@type":"SearchAction","target":{"@type":"EntryPoint","urlTemplate":"https:\/\/hongwiislaughter.com\/?s={search_term_string}"},"query-input":{"@type":"PropertyValueSpecification","valueRequired":true,"valueName":"search_term_string"}}],"inLanguage":"es"}]}},"_links":{"self":[{"href":"https:\/\/hongwiislaughter.com\/es\/wp-json\/wp\/v2\/product\/364","targetHints":{"allow":["GET"]}}],"collection":[{"href":"https:\/\/hongwiislaughter.com\/es\/wp-json\/wp\/v2\/product"}],"about":[{"href":"https:\/\/hongwiislaughter.com\/es\/wp-json\/wp\/v2\/types\/product"}],"wp:featuredmedia":[{"embeddable":true,"href":"https:\/\/hongwiislaughter.com\/es\/wp-json\/wp\/v2\/media\/365"}],"wp:attachment":[{"href":"https:\/\/hongwiislaughter.com\/es\/wp-json\/wp\/v2\/media?parent=364"}],"wp:term":[{"taxonomy":"product_brand","embeddable":true,"href":"https:\/\/hongwiislaughter.com\/es\/wp-json\/wp\/v2\/product_brand?post=364"},{"taxonomy":"product_cat","embeddable":true,"href":"https:\/\/hongwiislaughter.com\/es\/wp-json\/wp\/v2\/product_cat?post=364"},{"taxonomy":"product_tag","embeddable":true,"href":"https:\/\/hongwiislaughter.com\/es\/wp-json\/wp\/v2\/product_tag?post=364"}],"curies":[{"name":"wp","href":"https:\/\/api.w.org\/{rel}","templated":true}]}}