{"id":361,"date":"2024-11-09T12:41:30","date_gmt":"2024-11-09T12:41:30","guid":{"rendered":"https:\/\/hongwiislaughter.com\/?post_type=product&#038;p=361"},"modified":"2025-04-22T06:45:16","modified_gmt":"2025-04-22T06:45:16","slug":"maquina-elevadora-de-tubos-tipo-rail-maquina-descendente","status":"publish","type":"product","link":"https:\/\/hongwiislaughter.com\/es\/product\/maquina-elevadora-de-tubos-tipo-rail-maquina-descendente\/","title":{"rendered":"M\u00e1quina de elevaci\u00f3n \/ m\u00e1quina de descenso de tipo ra\u00edl tubular"},"content":{"rendered":"","protected":false},"excerpt":{"rendered":"<p>Este equipo se utiliza para elevar cerdos (cerdos peludos, cerdos depilados, cerdos desollados o canales bisecadas) desde lugares bajos a ra\u00edles altos para completar operaciones posteriores. Cuando se utiliza como descensor, el efecto es el contrario. El colgado asistido manualmente debe estar equipado con una cadena de sangrado tipo ra\u00edl tubular o un gancho de horquilla de polea tipo ra\u00edl tubular para colgar cerdos.<br \/>\nInstrucciones:<br \/>\n1. Este equipo utiliza tubos redondos como pista de deslizamiento para los cerdos. El elevador est\u00e1 equipado con un cabezal de empuje unidireccional, y el descensor est\u00e1 equipado con un cabezal de empuje bidireccional.<br \/>\n2. De acuerdo con la posici\u00f3n de funcionamiento, se divide en el tipo de colgado del lado izquierdo y el tipo de colgado del lado derecho (mirando hacia adelante, operaci\u00f3n de derecha). Para la selecci\u00f3n, por favor refi\u00e9rase al diagrama de la disposici\u00f3n del plan del proceso de la matanza.<\/p>","protected":false},"featured_media":362,"template":"","meta":[],"product_brand":[],"product_cat":[25,17],"product_tag":[],"class_list":{"0":"post-361","1":"product","2":"type-product","3":"status-publish","4":"has-post-thumbnail","6":"product_cat-pig-bleeding-equipments","7":"product_cat-pig-slaughterhouse","9":"first","10":"instock","11":"shipping-taxable","12":"product-type-simple"},"yoast_head":"<!-- This site is optimized with the Yoast SEO plugin v24.5 - https:\/\/yoast.com\/wordpress\/plugins\/seo\/ -->\n<title>Tube-rail type hoisting machine \/ descending machine - HongWii Machine<\/title>\n<meta name=\"robots\" content=\"index, follow, max-snippet:-1, max-image-preview:large, max-video-preview:-1\" \/>\n<link rel=\"canonical\" href=\"https:\/\/hongwiislaughter.com\/es\/product\/maquina-elevadora-de-tubos-tipo-rail-maquina-descendente\/\" \/>\n<meta property=\"og:locale\" content=\"es_ES\" \/>\n<meta property=\"og:type\" content=\"article\" \/>\n<meta property=\"og:title\" content=\"Tube-rail type hoisting machine \/ descending machine - HongWii Machine\" \/>\n<meta property=\"og:description\" content=\"This equipment is used to lift pigs (hairy pigs, dehaired pigs, skinned pigs or bisected carcasses) from low places to high rails to complete subsequent operations. When used as a descender, the effect is opposite. Manually assisted hanging must be equipped with a tube-rail type bleeding chain or a tube-rail type pulley fork hook to hang pigs. Instructions: 1. This equipment uses round tubes as the sliding track for pigs. The hoist is equipped with a one-way push head, and the descender is equipped with a two-way push head. 2. According to the operating position, it is divided into left-side hanging type and right-side hanging type (facing the forward direction, forehand operation). For selection, please refer to the slaughter process plan layout diagram.\" \/>\n<meta property=\"og:url\" content=\"https:\/\/hongwiislaughter.com\/es\/product\/maquina-elevadora-de-tubos-tipo-rail-maquina-descendente\/\" \/>\n<meta property=\"og:site_name\" content=\"HongWii Machine\" \/>\n<meta property=\"article:modified_time\" content=\"2025-04-22T06:45:16+00:00\" \/>\n<meta property=\"og:image\" content=\"https:\/\/hongwiislaughter.com\/wp-content\/uploads\/2024\/11\/Tube-rail-type-hoisting-machine-descending-machine.jpeg\" \/>\n\t<meta property=\"og:image:width\" content=\"1428\" \/>\n\t<meta property=\"og:image:height\" content=\"1428\" \/>\n\t<meta property=\"og:image:type\" content=\"image\/jpeg\" \/>\n<meta name=\"twitter:card\" content=\"summary_large_image\" \/>\n<meta name=\"twitter:label1\" content=\"Tiempo de lectura\" \/>\n\t<meta name=\"twitter:data1\" content=\"1 minuto\" \/>\n<script type=\"application\/ld+json\" class=\"yoast-schema-graph\">{\"@context\":\"https:\/\/schema.org\",\"@graph\":[{\"@type\":\"WebPage\",\"@id\":\"https:\/\/hongwiislaughter.com\/product\/tube-rail-type-hoisting-machine-descending-machine\/\",\"url\":\"https:\/\/hongwiislaughter.com\/product\/tube-rail-type-hoisting-machine-descending-machine\/\",\"name\":\"Tube-rail type hoisting machine \/ descending machine - HongWii Machine\",\"isPartOf\":{\"@id\":\"https:\/\/hongwiislaughter.com\/#website\"},\"primaryImageOfPage\":{\"@id\":\"https:\/\/hongwiislaughter.com\/product\/tube-rail-type-hoisting-machine-descending-machine\/#primaryimage\"},\"image\":{\"@id\":\"https:\/\/hongwiislaughter.com\/product\/tube-rail-type-hoisting-machine-descending-machine\/#primaryimage\"},\"thumbnailUrl\":\"https:\/\/hongwiislaughter.com\/wp-content\/uploads\/2024\/11\/Tube-rail-type-hoisting-machine-descending-machine.jpeg\",\"datePublished\":\"2024-11-09T12:41:30+00:00\",\"dateModified\":\"2025-04-22T06:45:16+00:00\",\"breadcrumb\":{\"@id\":\"https:\/\/hongwiislaughter.com\/product\/tube-rail-type-hoisting-machine-descending-machine\/#breadcrumb\"},\"inLanguage\":\"es\",\"potentialAction\":[{\"@type\":\"ReadAction\",\"target\":[\"https:\/\/hongwiislaughter.com\/product\/tube-rail-type-hoisting-machine-descending-machine\/\"]}]},{\"@type\":\"ImageObject\",\"inLanguage\":\"es\",\"@id\":\"https:\/\/hongwiislaughter.com\/product\/tube-rail-type-hoisting-machine-descending-machine\/#primaryimage\",\"url\":\"https:\/\/hongwiislaughter.com\/wp-content\/uploads\/2024\/11\/Tube-rail-type-hoisting-machine-descending-machine.jpeg\",\"contentUrl\":\"https:\/\/hongwiislaughter.com\/wp-content\/uploads\/2024\/11\/Tube-rail-type-hoisting-machine-descending-machine.jpeg\",\"width\":1428,\"height\":1428,\"caption\":\"This equipment is used to lift pigs (hairy pigs, dehaired pigs, skinned pigs or bisected carcasses) from low places to high rails to complete subsequent operations. When used as a descender, the effect is opposite. Manually assisted hanging must be equipped with a tube-rail type bleeding chain or a tube-rail type pulley fork hook to hang pigs.\"},{\"@type\":\"BreadcrumbList\",\"@id\":\"https:\/\/hongwiislaughter.com\/product\/tube-rail-type-hoisting-machine-descending-machine\/#breadcrumb\",\"itemListElement\":[{\"@type\":\"ListItem\",\"position\":1,\"name\":\"Home\",\"item\":\"https:\/\/hongwiislaughter.com\/home\/\"},{\"@type\":\"ListItem\",\"position\":2,\"name\":\"Products\",\"item\":\"https:\/\/hongwiislaughter.com\/products\/\"},{\"@type\":\"ListItem\",\"position\":3,\"name\":\"Tube-rail type hoisting machine \/ descending machine\"}]},{\"@type\":\"WebSite\",\"@id\":\"https:\/\/hongwiislaughter.com\/#website\",\"url\":\"https:\/\/hongwiislaughter.com\/\",\"name\":\"HongWii Machine\",\"description\":\"\",\"potentialAction\":[{\"@type\":\"SearchAction\",\"target\":{\"@type\":\"EntryPoint\",\"urlTemplate\":\"https:\/\/hongwiislaughter.com\/?s={search_term_string}\"},\"query-input\":{\"@type\":\"PropertyValueSpecification\",\"valueRequired\":true,\"valueName\":\"search_term_string\"}}],\"inLanguage\":\"es\"}]}<\/script>\n<!-- \/ Yoast SEO plugin. -->","yoast_head_json":{"title":"Tipo de tubo-carril de elevaci\u00f3n de la m\u00e1quina \/ m\u00e1quina de descenso - HongWii M\u00e1quina","robots":{"index":"index","follow":"follow","max-snippet":"max-snippet:-1","max-image-preview":"max-image-preview:large","max-video-preview":"max-video-preview:-1"},"canonical":"https:\/\/hongwiislaughter.com\/es\/product\/maquina-elevadora-de-tubos-tipo-rail-maquina-descendente\/","og_locale":"es_ES","og_type":"article","og_title":"Tube-rail type hoisting machine \/ descending machine - HongWii Machine","og_description":"This equipment is used to lift pigs (hairy pigs, dehaired pigs, skinned pigs or bisected carcasses) from low places to high rails to complete subsequent operations. When used as a descender, the effect is opposite. Manually assisted hanging must be equipped with a tube-rail type bleeding chain or a tube-rail type pulley fork hook to hang pigs. Instructions: 1. This equipment uses round tubes as the sliding track for pigs. The hoist is equipped with a one-way push head, and the descender is equipped with a two-way push head. 2. According to the operating position, it is divided into left-side hanging type and right-side hanging type (facing the forward direction, forehand operation). For selection, please refer to the slaughter process plan layout diagram.","og_url":"https:\/\/hongwiislaughter.com\/es\/product\/maquina-elevadora-de-tubos-tipo-rail-maquina-descendente\/","og_site_name":"HongWii Machine","article_modified_time":"2025-04-22T06:45:16+00:00","og_image":[{"width":1428,"height":1428,"url":"https:\/\/hongwiislaughter.com\/wp-content\/uploads\/2024\/11\/Tube-rail-type-hoisting-machine-descending-machine.jpeg","type":"image\/jpeg"}],"twitter_card":"summary_large_image","twitter_misc":{"Tiempo de lectura":"1 minuto"},"schema":{"@context":"https:\/\/schema.org","@graph":[{"@type":"WebPage","@id":"https:\/\/hongwiislaughter.com\/product\/tube-rail-type-hoisting-machine-descending-machine\/","url":"https:\/\/hongwiislaughter.com\/product\/tube-rail-type-hoisting-machine-descending-machine\/","name":"Tipo de tubo-carril de elevaci\u00f3n de la m\u00e1quina \/ m\u00e1quina de descenso - HongWii M\u00e1quina","isPartOf":{"@id":"https:\/\/hongwiislaughter.com\/#website"},"primaryImageOfPage":{"@id":"https:\/\/hongwiislaughter.com\/product\/tube-rail-type-hoisting-machine-descending-machine\/#primaryimage"},"image":{"@id":"https:\/\/hongwiislaughter.com\/product\/tube-rail-type-hoisting-machine-descending-machine\/#primaryimage"},"thumbnailUrl":"https:\/\/hongwiislaughter.com\/wp-content\/uploads\/2024\/11\/Tube-rail-type-hoisting-machine-descending-machine.jpeg","datePublished":"2024-11-09T12:41:30+00:00","dateModified":"2025-04-22T06:45:16+00:00","breadcrumb":{"@id":"https:\/\/hongwiislaughter.com\/product\/tube-rail-type-hoisting-machine-descending-machine\/#breadcrumb"},"inLanguage":"es","potentialAction":[{"@type":"ReadAction","target":["https:\/\/hongwiislaughter.com\/product\/tube-rail-type-hoisting-machine-descending-machine\/"]}]},{"@type":"ImageObject","inLanguage":"es","@id":"https:\/\/hongwiislaughter.com\/product\/tube-rail-type-hoisting-machine-descending-machine\/#primaryimage","url":"https:\/\/hongwiislaughter.com\/wp-content\/uploads\/2024\/11\/Tube-rail-type-hoisting-machine-descending-machine.jpeg","contentUrl":"https:\/\/hongwiislaughter.com\/wp-content\/uploads\/2024\/11\/Tube-rail-type-hoisting-machine-descending-machine.jpeg","width":1428,"height":1428,"caption":"This equipment is used to lift pigs (hairy pigs, dehaired pigs, skinned pigs or bisected carcasses) from low places to high rails to complete subsequent operations. When used as a descender, the effect is opposite. Manually assisted hanging must be equipped with a tube-rail type bleeding chain or a tube-rail type pulley fork hook to hang pigs."},{"@type":"BreadcrumbList","@id":"https:\/\/hongwiislaughter.com\/product\/tube-rail-type-hoisting-machine-descending-machine\/#breadcrumb","itemListElement":[{"@type":"ListItem","position":1,"name":"Home","item":"https:\/\/hongwiislaughter.com\/home\/"},{"@type":"ListItem","position":2,"name":"Products","item":"https:\/\/hongwiislaughter.com\/products\/"},{"@type":"ListItem","position":3,"name":"Tube-rail type hoisting machine \/ descending machine"}]},{"@type":"WebSite","@id":"https:\/\/hongwiislaughter.com\/#website","url":"https:\/\/hongwiislaughter.com\/","name":"M\u00e1quina HongWii","description":"","potentialAction":[{"@type":"SearchAction","target":{"@type":"EntryPoint","urlTemplate":"https:\/\/hongwiislaughter.com\/?s={search_term_string}"},"query-input":{"@type":"PropertyValueSpecification","valueRequired":true,"valueName":"search_term_string"}}],"inLanguage":"es"}]}},"_links":{"self":[{"href":"https:\/\/hongwiislaughter.com\/es\/wp-json\/wp\/v2\/product\/361","targetHints":{"allow":["GET"]}}],"collection":[{"href":"https:\/\/hongwiislaughter.com\/es\/wp-json\/wp\/v2\/product"}],"about":[{"href":"https:\/\/hongwiislaughter.com\/es\/wp-json\/wp\/v2\/types\/product"}],"wp:featuredmedia":[{"embeddable":true,"href":"https:\/\/hongwiislaughter.com\/es\/wp-json\/wp\/v2\/media\/362"}],"wp:attachment":[{"href":"https:\/\/hongwiislaughter.com\/es\/wp-json\/wp\/v2\/media?parent=361"}],"wp:term":[{"taxonomy":"product_brand","embeddable":true,"href":"https:\/\/hongwiislaughter.com\/es\/wp-json\/wp\/v2\/product_brand?post=361"},{"taxonomy":"product_cat","embeddable":true,"href":"https:\/\/hongwiislaughter.com\/es\/wp-json\/wp\/v2\/product_cat?post=361"},{"taxonomy":"product_tag","embeddable":true,"href":"https:\/\/hongwiislaughter.com\/es\/wp-json\/wp\/v2\/product_tag?post=361"}],"curies":[{"name":"wp","href":"https:\/\/api.w.org\/{rel}","templated":true}]}}