{"id":356,"date":"2024-11-07T14:02:59","date_gmt":"2024-11-07T14:02:59","guid":{"rendered":"https:\/\/hongwiislaughter.com\/?post_type=product&#038;p=356"},"modified":"2025-04-16T14:44:41","modified_gmt":"2025-04-16T14:44:41","slug":"transportador-horizontal-de-sangria","status":"publish","type":"product","link":"https:\/\/hongwiislaughter.com\/es\/product\/transportador-horizontal-de-sangria\/","title":{"rendered":"Transportador horizontal de sangr\u00eda"},"content":{"rendered":"","protected":false},"excerpt":{"rendered":"<p>El equipo se utiliza para recibir y transportar cerdos aturdidos por descarga el\u00e9ctrica, de modo que los trabajadores puedan completar las operaciones de apu\u00f1alamiento, sangrado y colgado de los cerdos en movimiento. A menudo se utiliza con el transportador de anestesia el\u00e9ctrico autom\u00e1tico de tres puntos tipo straddle y el polipasto de ra\u00edl tubular.<br \/>\nDescripci\u00f3n:<br \/>\n1. En comparaci\u00f3n con el sangrado colgado, el sangrado horizontal acorta el intervalo de tiempo entre la descarga el\u00e9ctrica y el sangrado, reduce eficazmente la respuesta de estr\u00e9s de los cerdos causada por la lucha del colgado, lo que favorece el sangrado y mejora la calidad de la carne.<br \/>\n2. La mayor parte de la sangre del cerdo se recoge en el canal de recogida de sangre del equipo, y la sangre restante se drena despu\u00e9s de colgarlo. La artesa de recogida de sangre puede conectarse a la artesa de drenaje de sangre o a la sala de almacenamiento temporal de recogida de sangre. Equipado con un dispositivo autom\u00e1tico de limpieza de sangre.<br \/>\n3. Seg\u00fan la estaci\u00f3n de desangrado, se divide en desangrado por el lado izquierdo y desangrado por el lado derecho (hacia delante). La selecci\u00f3n puede referirse al diagrama del plan del proceso de sacrificio.<\/p>","protected":false},"featured_media":357,"template":"","meta":[],"product_brand":[],"product_cat":[29,25,17],"product_tag":[],"class_list":{"0":"post-356","1":"product","2":"type-product","3":"status-publish","4":"has-post-thumbnail","6":"product_cat-cattle-bleeding","7":"product_cat-pig-bleeding-equipments","8":"product_cat-pig-slaughterhouse","10":"first","11":"instock","12":"shipping-taxable","13":"product-type-simple"},"yoast_head":"<!-- This site is optimized with the Yoast SEO plugin v24.5 - https:\/\/yoast.com\/wordpress\/plugins\/seo\/ -->\n<title>Horizontal bloodletting conveyor - HongWii Machine<\/title>\n<meta name=\"robots\" content=\"index, follow, max-snippet:-1, max-image-preview:large, max-video-preview:-1\" \/>\n<link rel=\"canonical\" href=\"https:\/\/hongwiislaughter.com\/es\/product\/transportador-horizontal-de-sangria\/\" \/>\n<meta property=\"og:locale\" content=\"es_ES\" \/>\n<meta property=\"og:type\" content=\"article\" \/>\n<meta property=\"og:title\" content=\"Horizontal bloodletting conveyor - HongWii Machine\" \/>\n<meta property=\"og:description\" content=\"The equipment is used to receive and transport pigs stunned by electric shock, so that workers can complete the stabbing, bleeding and hanging operations on the moving pigs. It is often used with the straddle-type three-point automatic electric anesthesia conveyor and the pipe rail hoist. Description: 1. Compared with the hanging bleeding, the horizontal bleeding shortens the time interval between electric shock and bleeding, effectively reduces the stress response of the pigs caused by the struggle of hanging, which is conducive to bleeding and improving the quality of meat. 2. Most of the pig&#039;s blood is collected by the blood collecting trough of the equipment, and the remaining blood is drained after hanging. The blood collecting trough can be connected to the blood draining trough or to the blood collection temporary storage room. Equipped with an automatic blood cleaning device. 3. According to the bleeding station, it is divided into left-side bleeding type and right-side bleeding type (facing the forward direction). The selection can refer to the slaughter process plan layout diagram.\" \/>\n<meta property=\"og:url\" content=\"https:\/\/hongwiislaughter.com\/es\/product\/transportador-horizontal-de-sangria\/\" \/>\n<meta property=\"og:site_name\" content=\"HongWii Machine\" \/>\n<meta property=\"article:modified_time\" content=\"2025-04-16T14:44:41+00:00\" \/>\n<meta property=\"og:image\" content=\"https:\/\/hongwiislaughter.com\/wp-content\/uploads\/2024\/11\/Horizontal-bloodletting-conveyor.jpeg\" \/>\n\t<meta property=\"og:image:width\" content=\"1420\" \/>\n\t<meta property=\"og:image:height\" content=\"1420\" \/>\n\t<meta property=\"og:image:type\" content=\"image\/jpeg\" \/>\n<meta name=\"twitter:card\" content=\"summary_large_image\" \/>\n<meta name=\"twitter:label1\" content=\"Tiempo de lectura\" \/>\n\t<meta name=\"twitter:data1\" content=\"1 minuto\" \/>\n<script type=\"application\/ld+json\" class=\"yoast-schema-graph\">{\"@context\":\"https:\/\/schema.org\",\"@graph\":[{\"@type\":\"WebPage\",\"@id\":\"https:\/\/hongwiislaughter.com\/product\/horizontal-bloodletting-conveyor\/\",\"url\":\"https:\/\/hongwiislaughter.com\/product\/horizontal-bloodletting-conveyor\/\",\"name\":\"Horizontal bloodletting conveyor - HongWii Machine\",\"isPartOf\":{\"@id\":\"https:\/\/hongwiislaughter.com\/#website\"},\"primaryImageOfPage\":{\"@id\":\"https:\/\/hongwiislaughter.com\/product\/horizontal-bloodletting-conveyor\/#primaryimage\"},\"image\":{\"@id\":\"https:\/\/hongwiislaughter.com\/product\/horizontal-bloodletting-conveyor\/#primaryimage\"},\"thumbnailUrl\":\"https:\/\/hongwiislaughter.com\/wp-content\/uploads\/2024\/11\/Horizontal-bloodletting-conveyor.jpeg\",\"datePublished\":\"2024-11-07T14:02:59+00:00\",\"dateModified\":\"2025-04-16T14:44:41+00:00\",\"breadcrumb\":{\"@id\":\"https:\/\/hongwiislaughter.com\/product\/horizontal-bloodletting-conveyor\/#breadcrumb\"},\"inLanguage\":\"es\",\"potentialAction\":[{\"@type\":\"ReadAction\",\"target\":[\"https:\/\/hongwiislaughter.com\/product\/horizontal-bloodletting-conveyor\/\"]}]},{\"@type\":\"ImageObject\",\"inLanguage\":\"es\",\"@id\":\"https:\/\/hongwiislaughter.com\/product\/horizontal-bloodletting-conveyor\/#primaryimage\",\"url\":\"https:\/\/hongwiislaughter.com\/wp-content\/uploads\/2024\/11\/Horizontal-bloodletting-conveyor.jpeg\",\"contentUrl\":\"https:\/\/hongwiislaughter.com\/wp-content\/uploads\/2024\/11\/Horizontal-bloodletting-conveyor.jpeg\",\"width\":1420,\"height\":1420,\"caption\":\"The equipment is used to receive and transport pigs stunned by electric shock, so that workers can complete the stabbing, bleeding and hanging operations on the moving pigs. It is often used with the straddle-type three-point automatic electric anesthesia conveyor and the pipe rail hoist.\"},{\"@type\":\"BreadcrumbList\",\"@id\":\"https:\/\/hongwiislaughter.com\/product\/horizontal-bloodletting-conveyor\/#breadcrumb\",\"itemListElement\":[{\"@type\":\"ListItem\",\"position\":1,\"name\":\"Home\",\"item\":\"https:\/\/hongwiislaughter.com\/home\/\"},{\"@type\":\"ListItem\",\"position\":2,\"name\":\"Products\",\"item\":\"https:\/\/hongwiislaughter.com\/products\/\"},{\"@type\":\"ListItem\",\"position\":3,\"name\":\"Horizontal bloodletting conveyor\"}]},{\"@type\":\"WebSite\",\"@id\":\"https:\/\/hongwiislaughter.com\/#website\",\"url\":\"https:\/\/hongwiislaughter.com\/\",\"name\":\"HongWii Machine\",\"description\":\"\",\"potentialAction\":[{\"@type\":\"SearchAction\",\"target\":{\"@type\":\"EntryPoint\",\"urlTemplate\":\"https:\/\/hongwiislaughter.com\/?s={search_term_string}\"},\"query-input\":{\"@type\":\"PropertyValueSpecification\",\"valueRequired\":true,\"valueName\":\"search_term_string\"}}],\"inLanguage\":\"es\"}]}<\/script>\n<!-- \/ Yoast SEO plugin. -->","yoast_head_json":{"title":"Transportador horizontal de sangr\u00eda - HongWii Machine","robots":{"index":"index","follow":"follow","max-snippet":"max-snippet:-1","max-image-preview":"max-image-preview:large","max-video-preview":"max-video-preview:-1"},"canonical":"https:\/\/hongwiislaughter.com\/es\/product\/transportador-horizontal-de-sangria\/","og_locale":"es_ES","og_type":"article","og_title":"Horizontal bloodletting conveyor - HongWii Machine","og_description":"The equipment is used to receive and transport pigs stunned by electric shock, so that workers can complete the stabbing, bleeding and hanging operations on the moving pigs. It is often used with the straddle-type three-point automatic electric anesthesia conveyor and the pipe rail hoist. Description: 1. Compared with the hanging bleeding, the horizontal bleeding shortens the time interval between electric shock and bleeding, effectively reduces the stress response of the pigs caused by the struggle of hanging, which is conducive to bleeding and improving the quality of meat. 2. Most of the pig's blood is collected by the blood collecting trough of the equipment, and the remaining blood is drained after hanging. The blood collecting trough can be connected to the blood draining trough or to the blood collection temporary storage room. Equipped with an automatic blood cleaning device. 3. According to the bleeding station, it is divided into left-side bleeding type and right-side bleeding type (facing the forward direction). The selection can refer to the slaughter process plan layout diagram.","og_url":"https:\/\/hongwiislaughter.com\/es\/product\/transportador-horizontal-de-sangria\/","og_site_name":"HongWii Machine","article_modified_time":"2025-04-16T14:44:41+00:00","og_image":[{"width":1420,"height":1420,"url":"https:\/\/hongwiislaughter.com\/wp-content\/uploads\/2024\/11\/Horizontal-bloodletting-conveyor.jpeg","type":"image\/jpeg"}],"twitter_card":"summary_large_image","twitter_misc":{"Tiempo de lectura":"1 minuto"},"schema":{"@context":"https:\/\/schema.org","@graph":[{"@type":"WebPage","@id":"https:\/\/hongwiislaughter.com\/product\/horizontal-bloodletting-conveyor\/","url":"https:\/\/hongwiislaughter.com\/product\/horizontal-bloodletting-conveyor\/","name":"Transportador horizontal de sangr\u00eda - HongWii Machine","isPartOf":{"@id":"https:\/\/hongwiislaughter.com\/#website"},"primaryImageOfPage":{"@id":"https:\/\/hongwiislaughter.com\/product\/horizontal-bloodletting-conveyor\/#primaryimage"},"image":{"@id":"https:\/\/hongwiislaughter.com\/product\/horizontal-bloodletting-conveyor\/#primaryimage"},"thumbnailUrl":"https:\/\/hongwiislaughter.com\/wp-content\/uploads\/2024\/11\/Horizontal-bloodletting-conveyor.jpeg","datePublished":"2024-11-07T14:02:59+00:00","dateModified":"2025-04-16T14:44:41+00:00","breadcrumb":{"@id":"https:\/\/hongwiislaughter.com\/product\/horizontal-bloodletting-conveyor\/#breadcrumb"},"inLanguage":"es","potentialAction":[{"@type":"ReadAction","target":["https:\/\/hongwiislaughter.com\/product\/horizontal-bloodletting-conveyor\/"]}]},{"@type":"ImageObject","inLanguage":"es","@id":"https:\/\/hongwiislaughter.com\/product\/horizontal-bloodletting-conveyor\/#primaryimage","url":"https:\/\/hongwiislaughter.com\/wp-content\/uploads\/2024\/11\/Horizontal-bloodletting-conveyor.jpeg","contentUrl":"https:\/\/hongwiislaughter.com\/wp-content\/uploads\/2024\/11\/Horizontal-bloodletting-conveyor.jpeg","width":1420,"height":1420,"caption":"The equipment is used to receive and transport pigs stunned by electric shock, so that workers can complete the stabbing, bleeding and hanging operations on the moving pigs. It is often used with the straddle-type three-point automatic electric anesthesia conveyor and the pipe rail hoist."},{"@type":"BreadcrumbList","@id":"https:\/\/hongwiislaughter.com\/product\/horizontal-bloodletting-conveyor\/#breadcrumb","itemListElement":[{"@type":"ListItem","position":1,"name":"Home","item":"https:\/\/hongwiislaughter.com\/home\/"},{"@type":"ListItem","position":2,"name":"Products","item":"https:\/\/hongwiislaughter.com\/products\/"},{"@type":"ListItem","position":3,"name":"Horizontal bloodletting conveyor"}]},{"@type":"WebSite","@id":"https:\/\/hongwiislaughter.com\/#website","url":"https:\/\/hongwiislaughter.com\/","name":"M\u00e1quina HongWii","description":"","potentialAction":[{"@type":"SearchAction","target":{"@type":"EntryPoint","urlTemplate":"https:\/\/hongwiislaughter.com\/?s={search_term_string}"},"query-input":{"@type":"PropertyValueSpecification","valueRequired":true,"valueName":"search_term_string"}}],"inLanguage":"es"}]}},"_links":{"self":[{"href":"https:\/\/hongwiislaughter.com\/es\/wp-json\/wp\/v2\/product\/356","targetHints":{"allow":["GET"]}}],"collection":[{"href":"https:\/\/hongwiislaughter.com\/es\/wp-json\/wp\/v2\/product"}],"about":[{"href":"https:\/\/hongwiislaughter.com\/es\/wp-json\/wp\/v2\/types\/product"}],"wp:featuredmedia":[{"embeddable":true,"href":"https:\/\/hongwiislaughter.com\/es\/wp-json\/wp\/v2\/media\/357"}],"wp:attachment":[{"href":"https:\/\/hongwiislaughter.com\/es\/wp-json\/wp\/v2\/media?parent=356"}],"wp:term":[{"taxonomy":"product_brand","embeddable":true,"href":"https:\/\/hongwiislaughter.com\/es\/wp-json\/wp\/v2\/product_brand?post=356"},{"taxonomy":"product_cat","embeddable":true,"href":"https:\/\/hongwiislaughter.com\/es\/wp-json\/wp\/v2\/product_cat?post=356"},{"taxonomy":"product_tag","embeddable":true,"href":"https:\/\/hongwiislaughter.com\/es\/wp-json\/wp\/v2\/product_tag?post=356"}],"curies":[{"name":"wp","href":"https:\/\/api.w.org\/{rel}","templated":true}]}}