{"id":351,"date":"2024-11-06T14:25:59","date_gmt":"2024-11-06T14:25:59","guid":{"rendered":"https:\/\/hongwiislaughter.com\/?post_type=product&#038;p=351"},"modified":"2024-11-06T14:25:59","modified_gmt":"2024-11-06T14:25:59","slug":"automatic-three-point-electronarcosis-conveyor","status":"publish","type":"product","link":"https:\/\/hongwiislaughter.com\/es\/product\/automatic-three-point-electronarcosis-conveyor\/","title":{"rendered":"Transportador autom\u00e1tico de electronarcosis de tres puntos"},"content":{"rendered":"","protected":false},"excerpt":{"rendered":"<p>Este equipo se utiliza para el transporte y el proceso de aturdimiento autom\u00e1tico por descarga el\u00e9ctrica de cerdos vivos. Cuando los cerdos vivos son transportados a la salida, el sensor fotoel\u00e9ctrico se dispara, el dispositivo de aturdimiento autom\u00e1tico comienza a funcionar y completa el choque el\u00e9ctrico autom\u00e1tico del coraz\u00f3n y ambos lados de la cabeza (tres puntos) de los cerdos vivos durante el movimiento. El equipo es controlado autom\u00e1ticamente por el sistema PLC, sin operaci\u00f3n manual auxiliar, y puede lograr un choque el\u00e9ctrico continuo y eficiente, que es adecuado para grandes plantas de sacrificio y procesamiento. A menudo se utiliza junto con un transportador plano de sangrado horizontal, y debe configurarse una rampa de recepci\u00f3n de rodillos bajo la salida del equipo.<br \/>\nInstrucciones:<br \/>\n1. Compared with live hanging slaughter, the electric shock stunning method can effectively reduce the stress response of pigs, which is conducive to draining all the pig blood and improving the quality of meat. At the same time, it can also keep the environment quiet, reduce the labor intensity of workers, and increase the safety of operation.<br \/>\n2. The electric shock action of the equipment is driven by a cylinder; the PLC control system and low-voltage high-frequency power supply (optional) can realize automatic control of the electric shock process (adjustable electric current, voltage and electric power frequency, controllable stunning time) and the conveying system (adjustable running speed); equipped with an electric control cabinet with a touch screen to facilitate human-computer dialogue. 3. For pigs that are too large or too small, manual electric shock is recommended.<\/p>","protected":false},"featured_media":352,"template":"","meta":[],"product_brand":[],"product_cat":[17],"product_tag":[],"class_list":{"0":"post-351","1":"product","2":"type-product","3":"status-publish","4":"has-post-thumbnail","6":"product_cat-pig-slaughterhouse","8":"first","9":"instock","10":"shipping-taxable","11":"product-type-simple"},"yoast_head":"<!-- This site is optimized with the Yoast SEO plugin v24.5 - https:\/\/yoast.com\/wordpress\/plugins\/seo\/ -->\n<title>Automatic three-point electronarcosis conveyor - HongWii Machine<\/title>\n<meta name=\"robots\" content=\"index, follow, max-snippet:-1, max-image-preview:large, max-video-preview:-1\" \/>\n<link rel=\"canonical\" href=\"https:\/\/hongwiislaughter.com\/es\/product\/automatic-three-point-electronarcosis-conveyor\/\" \/>\n<meta property=\"og:locale\" content=\"es_ES\" \/>\n<meta property=\"og:type\" content=\"article\" \/>\n<meta property=\"og:title\" content=\"Automatic three-point electronarcosis conveyor - HongWii Machine\" \/>\n<meta property=\"og:description\" content=\"This equipment is used for the transportation and automatic electric shock stunning process of live pigs. When the live pigs are transported to the exit, the photoelectric sensor is triggered, the automatic stunning device starts to work and completes the automatic electric shock of the heart and both sides of the head (three points) of the live pigs during movement. The equipment is automatically controlled by the PLC system, without manual auxiliary operation, and can achieve continuous and efficient electric shock, which is suitable for large slaughtering and processing plants. It is often used in conjunction with a horizontal bleeding flat conveyor, and a roller receiving chute must be configured under the equipment outlet. Instructions: 1. Compared with live hanging slaughter, the electric shock stunning method can effectively reduce the stress response of pigs, which is conducive to draining all the pig blood and improving the quality of meat. At the same time, it can also keep the environment quiet, reduce the labor intensity of workers, and increase the safety of operation. 2. The electric shock action of the equipment is driven by a cylinder; the PLC control system and low-voltage high-frequency power supply (optional) can realize automatic control of the electric shock process (adjustable electric current, voltage and electric power frequency, controllable stunning time) and the conveying system (adjustable running speed); equipped with an electric control cabinet with a touch screen to facilitate human-computer dialogue. 3. For pigs that are too large or too small, manual electric shock is recommended.\" \/>\n<meta property=\"og:url\" content=\"https:\/\/hongwiislaughter.com\/es\/product\/automatic-three-point-electronarcosis-conveyor\/\" \/>\n<meta property=\"og:site_name\" content=\"HongWii Machine\" \/>\n<meta property=\"og:image\" content=\"https:\/\/hongwiislaughter.com\/wp-content\/uploads\/2024\/11\/Automatic-three-point-electronarcosis-conveyor.jpeg\" \/>\n\t<meta property=\"og:image:width\" content=\"2252\" \/>\n\t<meta property=\"og:image:height\" content=\"2256\" \/>\n\t<meta property=\"og:image:type\" content=\"image\/jpeg\" \/>\n<meta name=\"twitter:card\" content=\"summary_large_image\" \/>\n<meta name=\"twitter:label1\" content=\"Tiempo de lectura\" \/>\n\t<meta name=\"twitter:data1\" content=\"1 minuto\" \/>\n<script type=\"application\/ld+json\" class=\"yoast-schema-graph\">{\"@context\":\"https:\/\/schema.org\",\"@graph\":[{\"@type\":\"WebPage\",\"@id\":\"https:\/\/hongwiislaughter.com\/product\/automatic-three-point-electronarcosis-conveyor\/\",\"url\":\"https:\/\/hongwiislaughter.com\/product\/automatic-three-point-electronarcosis-conveyor\/\",\"name\":\"Automatic three-point electronarcosis conveyor - HongWii Machine\",\"isPartOf\":{\"@id\":\"https:\/\/hongwiislaughter.com\/#website\"},\"primaryImageOfPage\":{\"@id\":\"https:\/\/hongwiislaughter.com\/product\/automatic-three-point-electronarcosis-conveyor\/#primaryimage\"},\"image\":{\"@id\":\"https:\/\/hongwiislaughter.com\/product\/automatic-three-point-electronarcosis-conveyor\/#primaryimage\"},\"thumbnailUrl\":\"https:\/\/hongwiislaughter.com\/wp-content\/uploads\/2024\/11\/Automatic-three-point-electronarcosis-conveyor.jpeg\",\"datePublished\":\"2024-11-06T14:25:59+00:00\",\"breadcrumb\":{\"@id\":\"https:\/\/hongwiislaughter.com\/product\/automatic-three-point-electronarcosis-conveyor\/#breadcrumb\"},\"inLanguage\":\"es\",\"potentialAction\":[{\"@type\":\"ReadAction\",\"target\":[\"https:\/\/hongwiislaughter.com\/product\/automatic-three-point-electronarcosis-conveyor\/\"]}]},{\"@type\":\"ImageObject\",\"inLanguage\":\"es\",\"@id\":\"https:\/\/hongwiislaughter.com\/product\/automatic-three-point-electronarcosis-conveyor\/#primaryimage\",\"url\":\"https:\/\/hongwiislaughter.com\/wp-content\/uploads\/2024\/11\/Automatic-three-point-electronarcosis-conveyor.jpeg\",\"contentUrl\":\"https:\/\/hongwiislaughter.com\/wp-content\/uploads\/2024\/11\/Automatic-three-point-electronarcosis-conveyor.jpeg\",\"width\":2252,\"height\":2256,\"caption\":\"This equipment is used for the transportation and automatic electric shock stunning process of live pigs. When the live pigs are transported to the exit, the photoelectric sensor is triggered, the automatic stunning device starts to work and completes the automatic electric shock of the heart and both sides of the head (three points) of the live pigs during movement. The equipment is automatically controlled by the PLC system, without manual auxiliary operation, and can achieve continuous and efficient electric shock, which is suitable for large slaughtering and processing plants. It is often used in conjunction with a horizontal bleeding flat conveyor, and a roller receiving chute must be configured under the equipment outlet.\"},{\"@type\":\"BreadcrumbList\",\"@id\":\"https:\/\/hongwiislaughter.com\/product\/automatic-three-point-electronarcosis-conveyor\/#breadcrumb\",\"itemListElement\":[{\"@type\":\"ListItem\",\"position\":1,\"name\":\"Home\",\"item\":\"https:\/\/hongwiislaughter.com\/home\/\"},{\"@type\":\"ListItem\",\"position\":2,\"name\":\"Products\",\"item\":\"https:\/\/hongwiislaughter.com\/products\/\"},{\"@type\":\"ListItem\",\"position\":3,\"name\":\"Automatic three-point electronarcosis conveyor\"}]},{\"@type\":\"WebSite\",\"@id\":\"https:\/\/hongwiislaughter.com\/#website\",\"url\":\"https:\/\/hongwiislaughter.com\/\",\"name\":\"HongWii Machine\",\"description\":\"\",\"potentialAction\":[{\"@type\":\"SearchAction\",\"target\":{\"@type\":\"EntryPoint\",\"urlTemplate\":\"https:\/\/hongwiislaughter.com\/?s={search_term_string}\"},\"query-input\":{\"@type\":\"PropertyValueSpecification\",\"valueRequired\":true,\"valueName\":\"search_term_string\"}}],\"inLanguage\":\"es\"}]}<\/script>\n<!-- \/ Yoast SEO plugin. -->","yoast_head_json":{"title":"Automatic three-point electronarcosis conveyor - HongWii Machine","robots":{"index":"index","follow":"follow","max-snippet":"max-snippet:-1","max-image-preview":"max-image-preview:large","max-video-preview":"max-video-preview:-1"},"canonical":"https:\/\/hongwiislaughter.com\/es\/product\/automatic-three-point-electronarcosis-conveyor\/","og_locale":"es_ES","og_type":"article","og_title":"Automatic three-point electronarcosis conveyor - HongWii Machine","og_description":"This equipment is used for the transportation and automatic electric shock stunning process of live pigs. When the live pigs are transported to the exit, the photoelectric sensor is triggered, the automatic stunning device starts to work and completes the automatic electric shock of the heart and both sides of the head (three points) of the live pigs during movement. The equipment is automatically controlled by the PLC system, without manual auxiliary operation, and can achieve continuous and efficient electric shock, which is suitable for large slaughtering and processing plants. It is often used in conjunction with a horizontal bleeding flat conveyor, and a roller receiving chute must be configured under the equipment outlet. Instructions: 1. Compared with live hanging slaughter, the electric shock stunning method can effectively reduce the stress response of pigs, which is conducive to draining all the pig blood and improving the quality of meat. At the same time, it can also keep the environment quiet, reduce the labor intensity of workers, and increase the safety of operation. 2. The electric shock action of the equipment is driven by a cylinder; the PLC control system and low-voltage high-frequency power supply (optional) can realize automatic control of the electric shock process (adjustable electric current, voltage and electric power frequency, controllable stunning time) and the conveying system (adjustable running speed); equipped with an electric control cabinet with a touch screen to facilitate human-computer dialogue. 3. For pigs that are too large or too small, manual electric shock is recommended.","og_url":"https:\/\/hongwiislaughter.com\/es\/product\/automatic-three-point-electronarcosis-conveyor\/","og_site_name":"HongWii Machine","og_image":[{"width":2252,"height":2256,"url":"https:\/\/hongwiislaughter.com\/wp-content\/uploads\/2024\/11\/Automatic-three-point-electronarcosis-conveyor.jpeg","type":"image\/jpeg"}],"twitter_card":"summary_large_image","twitter_misc":{"Tiempo de lectura":"1 minuto"},"schema":{"@context":"https:\/\/schema.org","@graph":[{"@type":"WebPage","@id":"https:\/\/hongwiislaughter.com\/product\/automatic-three-point-electronarcosis-conveyor\/","url":"https:\/\/hongwiislaughter.com\/product\/automatic-three-point-electronarcosis-conveyor\/","name":"Automatic three-point electronarcosis conveyor - HongWii Machine","isPartOf":{"@id":"https:\/\/hongwiislaughter.com\/#website"},"primaryImageOfPage":{"@id":"https:\/\/hongwiislaughter.com\/product\/automatic-three-point-electronarcosis-conveyor\/#primaryimage"},"image":{"@id":"https:\/\/hongwiislaughter.com\/product\/automatic-three-point-electronarcosis-conveyor\/#primaryimage"},"thumbnailUrl":"https:\/\/hongwiislaughter.com\/wp-content\/uploads\/2024\/11\/Automatic-three-point-electronarcosis-conveyor.jpeg","datePublished":"2024-11-06T14:25:59+00:00","breadcrumb":{"@id":"https:\/\/hongwiislaughter.com\/product\/automatic-three-point-electronarcosis-conveyor\/#breadcrumb"},"inLanguage":"es","potentialAction":[{"@type":"ReadAction","target":["https:\/\/hongwiislaughter.com\/product\/automatic-three-point-electronarcosis-conveyor\/"]}]},{"@type":"ImageObject","inLanguage":"es","@id":"https:\/\/hongwiislaughter.com\/product\/automatic-three-point-electronarcosis-conveyor\/#primaryimage","url":"https:\/\/hongwiislaughter.com\/wp-content\/uploads\/2024\/11\/Automatic-three-point-electronarcosis-conveyor.jpeg","contentUrl":"https:\/\/hongwiislaughter.com\/wp-content\/uploads\/2024\/11\/Automatic-three-point-electronarcosis-conveyor.jpeg","width":2252,"height":2256,"caption":"This equipment is used for the transportation and automatic electric shock stunning process of live pigs. When the live pigs are transported to the exit, the photoelectric sensor is triggered, the automatic stunning device starts to work and completes the automatic electric shock of the heart and both sides of the head (three points) of the live pigs during movement. The equipment is automatically controlled by the PLC system, without manual auxiliary operation, and can achieve continuous and efficient electric shock, which is suitable for large slaughtering and processing plants. It is often used in conjunction with a horizontal bleeding flat conveyor, and a roller receiving chute must be configured under the equipment outlet."},{"@type":"BreadcrumbList","@id":"https:\/\/hongwiislaughter.com\/product\/automatic-three-point-electronarcosis-conveyor\/#breadcrumb","itemListElement":[{"@type":"ListItem","position":1,"name":"Home","item":"https:\/\/hongwiislaughter.com\/home\/"},{"@type":"ListItem","position":2,"name":"Products","item":"https:\/\/hongwiislaughter.com\/products\/"},{"@type":"ListItem","position":3,"name":"Automatic three-point electronarcosis conveyor"}]},{"@type":"WebSite","@id":"https:\/\/hongwiislaughter.com\/#website","url":"https:\/\/hongwiislaughter.com\/","name":"M\u00e1quina HongWii","description":"","potentialAction":[{"@type":"SearchAction","target":{"@type":"EntryPoint","urlTemplate":"https:\/\/hongwiislaughter.com\/?s={search_term_string}"},"query-input":{"@type":"PropertyValueSpecification","valueRequired":true,"valueName":"search_term_string"}}],"inLanguage":"es"}]}},"_links":{"self":[{"href":"https:\/\/hongwiislaughter.com\/es\/wp-json\/wp\/v2\/product\/351","targetHints":{"allow":["GET"]}}],"collection":[{"href":"https:\/\/hongwiislaughter.com\/es\/wp-json\/wp\/v2\/product"}],"about":[{"href":"https:\/\/hongwiislaughter.com\/es\/wp-json\/wp\/v2\/types\/product"}],"wp:featuredmedia":[{"embeddable":true,"href":"https:\/\/hongwiislaughter.com\/es\/wp-json\/wp\/v2\/media\/352"}],"wp:attachment":[{"href":"https:\/\/hongwiislaughter.com\/es\/wp-json\/wp\/v2\/media?parent=351"}],"wp:term":[{"taxonomy":"product_brand","embeddable":true,"href":"https:\/\/hongwiislaughter.com\/es\/wp-json\/wp\/v2\/product_brand?post=351"},{"taxonomy":"product_cat","embeddable":true,"href":"https:\/\/hongwiislaughter.com\/es\/wp-json\/wp\/v2\/product_cat?post=351"},{"taxonomy":"product_tag","embeddable":true,"href":"https:\/\/hongwiislaughter.com\/es\/wp-json\/wp\/v2\/product_tag?post=351"}],"curies":[{"name":"wp","href":"https:\/\/api.w.org\/{rel}","templated":true}]}}