{"id":348,"date":"2024-11-05T12:29:55","date_gmt":"2024-11-05T12:29:55","guid":{"rendered":"https:\/\/hongwiislaughter.com\/?post_type=product&#038;p=348"},"modified":"2025-04-10T01:31:29","modified_gmt":"2025-04-10T01:31:29","slug":"automatic-carbon-dioxide-stunning-machine","status":"publish","type":"product","link":"https:\/\/hongwiislaughter.com\/es\/product\/automatic-carbon-dioxide-stunning-machine\/","title":{"rendered":"Aturdidor autom\u00e1tico de di\u00f3xido de carbono"},"content":{"rendered":"","protected":false},"excerpt":{"rendered":"<p>Este equipo se utiliza en el proceso de aturdimiento autom\u00e1tico de cerdos vivos. Despu\u00e9s de que los cerdos vivos entran en la jaula de elevaci\u00f3n circulante desde la entrada del equipo, se mueven a la parte inferior del equipo junto con la cadena transportadora de la jaula. Al pasar por la parte inferior del equipo, los cerdos vivos inhalan di\u00f3xido de carbono excesivo durante un breve periodo de tiempo, y caen en asfixia y coma, y son descargados a la salida del equipo. Este m\u00e9todo de aturdimiento es coherente y eficaz, adecuado para plantas de sacrificio y procesado grandes y medianas. A menudo se utiliza junto con canales autom\u00e1ticos de conducci\u00f3n de cerdos y elevadores de ra\u00edles tubulares.<\/p>\n<p>Descripci\u00f3n:<br \/>\n1. The use of carbon dioxide stunning is more humane and meets animal welfare requirements. Compared with electric shock stunning, it can minimize the stress response of live pigs, avoid blood stasis and broken bones, and significantly reduce the incidence of PSE meat.<br \/>\n2. The use of digital control technology can monitor the carbon dioxide concentration in the machine in real time and realize automatic replenishment; the safety protection device is set to avoid excessive carbon dioxide concentration or leakage to cause harm to people.<br \/>\n3. Equipped with an electric control cabinet with a touch screen to facilitate human-computer dialogue.<br \/>\n4. The use of an automatic pig-driving channel can further reduce the stress response of pigs, thereby improving the quality of meat.<\/p>","protected":false},"featured_media":349,"template":"","meta":[],"product_brand":[],"product_cat":[17,24],"product_tag":[],"class_list":{"0":"post-348","1":"product","2":"type-product","3":"status-publish","4":"has-post-thumbnail","6":"product_cat-pig-slaughterhouse","7":"product_cat-pig-stunning-system","9":"first","10":"instock","11":"shipping-taxable","12":"product-type-simple"},"yoast_head":"<!-- This site is optimized with the Yoast SEO plugin v24.5 - https:\/\/yoast.com\/wordpress\/plugins\/seo\/ -->\n<title>Automatic carbon dioxide stunning machine - HongWii Machine<\/title>\n<meta name=\"robots\" content=\"index, follow, max-snippet:-1, max-image-preview:large, max-video-preview:-1\" \/>\n<link rel=\"canonical\" href=\"https:\/\/hongwiislaughter.com\/es\/product\/automatic-carbon-dioxide-stunning-machine\/\" \/>\n<meta property=\"og:locale\" content=\"es_ES\" \/>\n<meta property=\"og:type\" content=\"article\" \/>\n<meta property=\"og:title\" content=\"Automatic carbon dioxide stunning machine - HongWii Machine\" \/>\n<meta property=\"og:description\" content=\"This equipment is used in the automatic stunning process of live pigs. After the live pigs enter the circulating lifting cage from the entrance of the equipment, they move to the bottom of the equipment together with the cage conveyor chain. When passing through the bottom of the equipment, the live pigs inhale excessive carbon dioxide for a short time, and fall into suffocation and coma, and are unloaded at the exit of the equipment. This stunning method is coherent and efficient, suitable for large and medium-sized slaughtering and processing plants. It is often used in conjunction with automatic pig driving channels and pipe rail elevators.  Description: 1. The use of carbon dioxide stunning is more humane and meets animal welfare requirements. Compared with electric shock stunning, it can minimize the stress response of live pigs, avoid blood stasis and broken bones, and significantly reduce the incidence of PSE meat. 2. The use of digital control technology can monitor the carbon dioxide concentration in the machine in real time and realize automatic replenishment; the safety protection device is set to avoid excessive carbon dioxide concentration or leakage to cause harm to people. 3. Equipped with an electric control cabinet with a touch screen to facilitate human-computer dialogue. 4. The use of an automatic pig-driving channel can further reduce the stress response of pigs, thereby improving the quality of meat.\" \/>\n<meta property=\"og:url\" content=\"https:\/\/hongwiislaughter.com\/es\/product\/automatic-carbon-dioxide-stunning-machine\/\" \/>\n<meta property=\"og:site_name\" content=\"HongWii Machine\" \/>\n<meta property=\"article:modified_time\" content=\"2025-04-10T01:31:29+00:00\" \/>\n<meta property=\"og:image\" content=\"https:\/\/hongwiislaughter.com\/wp-content\/uploads\/2024\/11\/51003847-814a-4741-8896-4c8f65cc520b.jpeg\" \/>\n\t<meta property=\"og:image:width\" content=\"511\" \/>\n\t<meta property=\"og:image:height\" content=\"511\" \/>\n\t<meta property=\"og:image:type\" content=\"image\/jpeg\" \/>\n<meta name=\"twitter:card\" content=\"summary_large_image\" \/>\n<meta name=\"twitter:label1\" content=\"Tiempo de lectura\" \/>\n\t<meta name=\"twitter:data1\" content=\"1 minuto\" \/>\n<script type=\"application\/ld+json\" class=\"yoast-schema-graph\">{\"@context\":\"https:\/\/schema.org\",\"@graph\":[{\"@type\":\"WebPage\",\"@id\":\"https:\/\/hongwiislaughter.com\/product\/automatic-carbon-dioxide-stunning-machine\/\",\"url\":\"https:\/\/hongwiislaughter.com\/product\/automatic-carbon-dioxide-stunning-machine\/\",\"name\":\"Automatic carbon dioxide stunning machine - HongWii Machine\",\"isPartOf\":{\"@id\":\"https:\/\/hongwiislaughter.com\/#website\"},\"primaryImageOfPage\":{\"@id\":\"https:\/\/hongwiislaughter.com\/product\/automatic-carbon-dioxide-stunning-machine\/#primaryimage\"},\"image\":{\"@id\":\"https:\/\/hongwiislaughter.com\/product\/automatic-carbon-dioxide-stunning-machine\/#primaryimage\"},\"thumbnailUrl\":\"https:\/\/hongwiislaughter.com\/wp-content\/uploads\/2024\/11\/51003847-814a-4741-8896-4c8f65cc520b.jpeg\",\"datePublished\":\"2024-11-05T12:29:55+00:00\",\"dateModified\":\"2025-04-10T01:31:29+00:00\",\"breadcrumb\":{\"@id\":\"https:\/\/hongwiislaughter.com\/product\/automatic-carbon-dioxide-stunning-machine\/#breadcrumb\"},\"inLanguage\":\"es\",\"potentialAction\":[{\"@type\":\"ReadAction\",\"target\":[\"https:\/\/hongwiislaughter.com\/product\/automatic-carbon-dioxide-stunning-machine\/\"]}]},{\"@type\":\"ImageObject\",\"inLanguage\":\"es\",\"@id\":\"https:\/\/hongwiislaughter.com\/product\/automatic-carbon-dioxide-stunning-machine\/#primaryimage\",\"url\":\"https:\/\/hongwiislaughter.com\/wp-content\/uploads\/2024\/11\/51003847-814a-4741-8896-4c8f65cc520b.jpeg\",\"contentUrl\":\"https:\/\/hongwiislaughter.com\/wp-content\/uploads\/2024\/11\/51003847-814a-4741-8896-4c8f65cc520b.jpeg\",\"width\":511,\"height\":511,\"caption\":\"This equipment is used in the automatic stunning process of live pigs. After the live pigs enter the circulating lifting cage from the entrance of the equipment, they move to the bottom of the equipment together with the cage conveyor chain. When passing through the bottom of the equipment, the live pigs inhale excessive carbon dioxide for a short time, and fall into suffocation and coma, and are unloaded at the exit of the equipment. This stunning method is coherent and efficient, suitable for large and medium-sized slaughtering and processing plants. It is often used in conjunction with automatic pig driving channels and pipe rail elevators.\"},{\"@type\":\"BreadcrumbList\",\"@id\":\"https:\/\/hongwiislaughter.com\/product\/automatic-carbon-dioxide-stunning-machine\/#breadcrumb\",\"itemListElement\":[{\"@type\":\"ListItem\",\"position\":1,\"name\":\"Home\",\"item\":\"https:\/\/hongwiislaughter.com\/home\/\"},{\"@type\":\"ListItem\",\"position\":2,\"name\":\"Products\",\"item\":\"https:\/\/hongwiislaughter.com\/products\/\"},{\"@type\":\"ListItem\",\"position\":3,\"name\":\"Automatic carbon dioxide stunning machine\"}]},{\"@type\":\"WebSite\",\"@id\":\"https:\/\/hongwiislaughter.com\/#website\",\"url\":\"https:\/\/hongwiislaughter.com\/\",\"name\":\"HongWii Machine\",\"description\":\"\",\"potentialAction\":[{\"@type\":\"SearchAction\",\"target\":{\"@type\":\"EntryPoint\",\"urlTemplate\":\"https:\/\/hongwiislaughter.com\/?s={search_term_string}\"},\"query-input\":{\"@type\":\"PropertyValueSpecification\",\"valueRequired\":true,\"valueName\":\"search_term_string\"}}],\"inLanguage\":\"es\"}]}<\/script>\n<!-- \/ Yoast SEO plugin. -->","yoast_head_json":{"title":"Automatic carbon dioxide stunning machine - HongWii Machine","robots":{"index":"index","follow":"follow","max-snippet":"max-snippet:-1","max-image-preview":"max-image-preview:large","max-video-preview":"max-video-preview:-1"},"canonical":"https:\/\/hongwiislaughter.com\/es\/product\/automatic-carbon-dioxide-stunning-machine\/","og_locale":"es_ES","og_type":"article","og_title":"Automatic carbon dioxide stunning machine - HongWii Machine","og_description":"This equipment is used in the automatic stunning process of live pigs. After the live pigs enter the circulating lifting cage from the entrance of the equipment, they move to the bottom of the equipment together with the cage conveyor chain. When passing through the bottom of the equipment, the live pigs inhale excessive carbon dioxide for a short time, and fall into suffocation and coma, and are unloaded at the exit of the equipment. This stunning method is coherent and efficient, suitable for large and medium-sized slaughtering and processing plants. It is often used in conjunction with automatic pig driving channels and pipe rail elevators.  Description: 1. The use of carbon dioxide stunning is more humane and meets animal welfare requirements. Compared with electric shock stunning, it can minimize the stress response of live pigs, avoid blood stasis and broken bones, and significantly reduce the incidence of PSE meat. 2. The use of digital control technology can monitor the carbon dioxide concentration in the machine in real time and realize automatic replenishment; the safety protection device is set to avoid excessive carbon dioxide concentration or leakage to cause harm to people. 3. Equipped with an electric control cabinet with a touch screen to facilitate human-computer dialogue. 4. The use of an automatic pig-driving channel can further reduce the stress response of pigs, thereby improving the quality of meat.","og_url":"https:\/\/hongwiislaughter.com\/es\/product\/automatic-carbon-dioxide-stunning-machine\/","og_site_name":"HongWii Machine","article_modified_time":"2025-04-10T01:31:29+00:00","og_image":[{"width":511,"height":511,"url":"https:\/\/hongwiislaughter.com\/wp-content\/uploads\/2024\/11\/51003847-814a-4741-8896-4c8f65cc520b.jpeg","type":"image\/jpeg"}],"twitter_card":"summary_large_image","twitter_misc":{"Tiempo de lectura":"1 minuto"},"schema":{"@context":"https:\/\/schema.org","@graph":[{"@type":"WebPage","@id":"https:\/\/hongwiislaughter.com\/product\/automatic-carbon-dioxide-stunning-machine\/","url":"https:\/\/hongwiislaughter.com\/product\/automatic-carbon-dioxide-stunning-machine\/","name":"Automatic carbon dioxide stunning machine - HongWii Machine","isPartOf":{"@id":"https:\/\/hongwiislaughter.com\/#website"},"primaryImageOfPage":{"@id":"https:\/\/hongwiislaughter.com\/product\/automatic-carbon-dioxide-stunning-machine\/#primaryimage"},"image":{"@id":"https:\/\/hongwiislaughter.com\/product\/automatic-carbon-dioxide-stunning-machine\/#primaryimage"},"thumbnailUrl":"https:\/\/hongwiislaughter.com\/wp-content\/uploads\/2024\/11\/51003847-814a-4741-8896-4c8f65cc520b.jpeg","datePublished":"2024-11-05T12:29:55+00:00","dateModified":"2025-04-10T01:31:29+00:00","breadcrumb":{"@id":"https:\/\/hongwiislaughter.com\/product\/automatic-carbon-dioxide-stunning-machine\/#breadcrumb"},"inLanguage":"es","potentialAction":[{"@type":"ReadAction","target":["https:\/\/hongwiislaughter.com\/product\/automatic-carbon-dioxide-stunning-machine\/"]}]},{"@type":"ImageObject","inLanguage":"es","@id":"https:\/\/hongwiislaughter.com\/product\/automatic-carbon-dioxide-stunning-machine\/#primaryimage","url":"https:\/\/hongwiislaughter.com\/wp-content\/uploads\/2024\/11\/51003847-814a-4741-8896-4c8f65cc520b.jpeg","contentUrl":"https:\/\/hongwiislaughter.com\/wp-content\/uploads\/2024\/11\/51003847-814a-4741-8896-4c8f65cc520b.jpeg","width":511,"height":511,"caption":"This equipment is used in the automatic stunning process of live pigs. After the live pigs enter the circulating lifting cage from the entrance of the equipment, they move to the bottom of the equipment together with the cage conveyor chain. When passing through the bottom of the equipment, the live pigs inhale excessive carbon dioxide for a short time, and fall into suffocation and coma, and are unloaded at the exit of the equipment. This stunning method is coherent and efficient, suitable for large and medium-sized slaughtering and processing plants. It is often used in conjunction with automatic pig driving channels and pipe rail elevators."},{"@type":"BreadcrumbList","@id":"https:\/\/hongwiislaughter.com\/product\/automatic-carbon-dioxide-stunning-machine\/#breadcrumb","itemListElement":[{"@type":"ListItem","position":1,"name":"Home","item":"https:\/\/hongwiislaughter.com\/home\/"},{"@type":"ListItem","position":2,"name":"Products","item":"https:\/\/hongwiislaughter.com\/products\/"},{"@type":"ListItem","position":3,"name":"Automatic carbon dioxide stunning machine"}]},{"@type":"WebSite","@id":"https:\/\/hongwiislaughter.com\/#website","url":"https:\/\/hongwiislaughter.com\/","name":"M\u00e1quina HongWii","description":"","potentialAction":[{"@type":"SearchAction","target":{"@type":"EntryPoint","urlTemplate":"https:\/\/hongwiislaughter.com\/?s={search_term_string}"},"query-input":{"@type":"PropertyValueSpecification","valueRequired":true,"valueName":"search_term_string"}}],"inLanguage":"es"}]}},"_links":{"self":[{"href":"https:\/\/hongwiislaughter.com\/es\/wp-json\/wp\/v2\/product\/348","targetHints":{"allow":["GET"]}}],"collection":[{"href":"https:\/\/hongwiislaughter.com\/es\/wp-json\/wp\/v2\/product"}],"about":[{"href":"https:\/\/hongwiislaughter.com\/es\/wp-json\/wp\/v2\/types\/product"}],"wp:featuredmedia":[{"embeddable":true,"href":"https:\/\/hongwiislaughter.com\/es\/wp-json\/wp\/v2\/media\/349"}],"wp:attachment":[{"href":"https:\/\/hongwiislaughter.com\/es\/wp-json\/wp\/v2\/media?parent=348"}],"wp:term":[{"taxonomy":"product_brand","embeddable":true,"href":"https:\/\/hongwiislaughter.com\/es\/wp-json\/wp\/v2\/product_brand?post=348"},{"taxonomy":"product_cat","embeddable":true,"href":"https:\/\/hongwiislaughter.com\/es\/wp-json\/wp\/v2\/product_cat?post=348"},{"taxonomy":"product_tag","embeddable":true,"href":"https:\/\/hongwiislaughter.com\/es\/wp-json\/wp\/v2\/product_tag?post=348"}],"curies":[{"name":"wp","href":"https:\/\/api.w.org\/{rel}","templated":true}]}}