{"id":344,"date":"2024-10-28T11:22:38","date_gmt":"2024-10-28T11:22:38","guid":{"rendered":"https:\/\/hongwiislaughter.com\/?post_type=product&#038;p=344"},"modified":"2024-10-28T11:22:38","modified_gmt":"2024-10-28T11:22:38","slug":"straddle-type-hanging-live-pig-conveyor","status":"publish","type":"product","link":"https:\/\/hongwiislaughter.com\/es\/product\/straddle-type-hanging-live-pig-conveyor\/","title":{"rendered":"Transportador suspendido de cerdos vivos"},"content":{"rendered":"","protected":false},"excerpt":{"rendered":"<p>Este equipo se utiliza en el proceso de transporte de cerdos vivos, para que los trabajadores puedan atar la cadena de sangrado a las patas traseras de los cerdos vivos en movimiento y colgarlos en la pista de elevaci\u00f3n. Es adecuado para peque\u00f1as plantas de sacrificio y procesamiento, o como equipo complementario para plantas de sacrificio y procesamiento grandes y medianas. A menudo se utiliza junto con un polipasto de ra\u00edl tubular o un transportador de sangrado colgante tradicional, y tambi\u00e9n puede utilizarse junto con un dispositivo de anestesia el\u00e9ctrica manual.<br \/>\nInstrucciones:<br \/>\n1. According to the operating position, it is divided into left hanging type and right hanging type (facing the forward direction). Please refer to the slaughtering process layout diagram for specific selection.<br \/>\n2. For pigs that are too large, it is recommended to perform manual electric anesthesia and hang them separately.<br \/>\n\u26053. Due to the innovation of slaughtering technology, traditional pig flip box + V-shaped electric anesthesia conveyor, chest-supporting electric anesthesia conveyor + flat conveyor and other equipment are gradually being eliminated.<br \/>\nThey are not listed in this color page. If users have any needs, please call us for consultation.<\/p>","protected":false},"featured_media":345,"template":"","meta":[],"product_brand":[],"product_cat":[17],"product_tag":[],"class_list":{"0":"post-344","1":"product","2":"type-product","3":"status-publish","4":"has-post-thumbnail","6":"product_cat-pig-slaughterhouse","8":"first","9":"instock","10":"shipping-taxable","11":"product-type-simple"},"yoast_head":"<!-- This site is optimized with the Yoast SEO plugin v24.5 - https:\/\/yoast.com\/wordpress\/plugins\/seo\/ -->\n<title>Straddle type hanging live-pig conveyor - HongWii Machine<\/title>\n<meta name=\"robots\" content=\"index, follow, max-snippet:-1, max-image-preview:large, max-video-preview:-1\" \/>\n<link rel=\"canonical\" href=\"https:\/\/hongwiislaughter.com\/es\/product\/straddle-type-hanging-live-pig-conveyor\/\" \/>\n<meta property=\"og:locale\" content=\"es_ES\" \/>\n<meta property=\"og:type\" content=\"article\" \/>\n<meta property=\"og:title\" content=\"Straddle type hanging live-pig conveyor - HongWii Machine\" \/>\n<meta property=\"og:description\" content=\"This equipment is used in the conveying process of live pigs, so that workers can tie the bleeding chain to the hind legs of the moving live pigs and hang them on the lifting track. It is suitable for small slaughtering and processing plants, or as a supplementary equipment for large and medium-sized slaughtering and processing plants. It is often used in conjunction with a pipe rail hoist or a traditional hanging bleeding conveyor, and can also be used in conjunction with a hand-held electric anesthesia device. Instructions: 1. According to the operating position, it is divided into left hanging type and right hanging type (facing the forward direction). Please refer to the slaughtering process layout diagram for specific selection. 2. For pigs that are too large, it is recommended to perform manual electric anesthesia and hang them separately. \u26053. Due to the innovation of slaughtering technology, traditional pig flip box + V-shaped electric anesthesia conveyor, chest-supporting electric anesthesia conveyor + flat conveyor and other equipment are gradually being eliminated. They are not listed in this color page. If users have any needs, please call us for consultation.\" \/>\n<meta property=\"og:url\" content=\"https:\/\/hongwiislaughter.com\/es\/product\/straddle-type-hanging-live-pig-conveyor\/\" \/>\n<meta property=\"og:site_name\" content=\"HongWii Machine\" \/>\n<meta property=\"og:image\" content=\"https:\/\/hongwiislaughter.com\/wp-content\/uploads\/2024\/10\/Straddle-type-hanging-live-pig-conveyor.jpeg\" \/>\n\t<meta property=\"og:image:width\" content=\"2132\" \/>\n\t<meta property=\"og:image:height\" content=\"2132\" \/>\n\t<meta property=\"og:image:type\" content=\"image\/jpeg\" \/>\n<meta name=\"twitter:card\" content=\"summary_large_image\" \/>\n<script type=\"application\/ld+json\" class=\"yoast-schema-graph\">{\"@context\":\"https:\/\/schema.org\",\"@graph\":[{\"@type\":\"WebPage\",\"@id\":\"https:\/\/hongwiislaughter.com\/product\/straddle-type-hanging-live-pig-conveyor\/\",\"url\":\"https:\/\/hongwiislaughter.com\/product\/straddle-type-hanging-live-pig-conveyor\/\",\"name\":\"Straddle type hanging live-pig conveyor - HongWii Machine\",\"isPartOf\":{\"@id\":\"https:\/\/hongwiislaughter.com\/#website\"},\"primaryImageOfPage\":{\"@id\":\"https:\/\/hongwiislaughter.com\/product\/straddle-type-hanging-live-pig-conveyor\/#primaryimage\"},\"image\":{\"@id\":\"https:\/\/hongwiislaughter.com\/product\/straddle-type-hanging-live-pig-conveyor\/#primaryimage\"},\"thumbnailUrl\":\"https:\/\/hongwiislaughter.com\/wp-content\/uploads\/2024\/10\/Straddle-type-hanging-live-pig-conveyor.jpeg\",\"datePublished\":\"2024-10-28T11:22:38+00:00\",\"breadcrumb\":{\"@id\":\"https:\/\/hongwiislaughter.com\/product\/straddle-type-hanging-live-pig-conveyor\/#breadcrumb\"},\"inLanguage\":\"es\",\"potentialAction\":[{\"@type\":\"ReadAction\",\"target\":[\"https:\/\/hongwiislaughter.com\/product\/straddle-type-hanging-live-pig-conveyor\/\"]}]},{\"@type\":\"ImageObject\",\"inLanguage\":\"es\",\"@id\":\"https:\/\/hongwiislaughter.com\/product\/straddle-type-hanging-live-pig-conveyor\/#primaryimage\",\"url\":\"https:\/\/hongwiislaughter.com\/wp-content\/uploads\/2024\/10\/Straddle-type-hanging-live-pig-conveyor.jpeg\",\"contentUrl\":\"https:\/\/hongwiislaughter.com\/wp-content\/uploads\/2024\/10\/Straddle-type-hanging-live-pig-conveyor.jpeg\",\"width\":2132,\"height\":2132,\"caption\":\"This equipment is used in the conveying process of live pigs, so that workers can tie the bleeding chain to the hind legs of the moving live pigs and hang them on the lifting track. It is suitable for small slaughtering and processing plants, or as a supplementary equipment for large and medium-sized slaughtering and processing plants. It is often used in conjunction with a pipe rail hoist or a traditional hanging bleeding conveyor, and can also be used in conjunction with a hand-held electric anesthesia device.\"},{\"@type\":\"BreadcrumbList\",\"@id\":\"https:\/\/hongwiislaughter.com\/product\/straddle-type-hanging-live-pig-conveyor\/#breadcrumb\",\"itemListElement\":[{\"@type\":\"ListItem\",\"position\":1,\"name\":\"Home\",\"item\":\"https:\/\/hongwiislaughter.com\/home\/\"},{\"@type\":\"ListItem\",\"position\":2,\"name\":\"Products\",\"item\":\"https:\/\/hongwiislaughter.com\/products\/\"},{\"@type\":\"ListItem\",\"position\":3,\"name\":\"Straddle type hanging live-pig conveyor\"}]},{\"@type\":\"WebSite\",\"@id\":\"https:\/\/hongwiislaughter.com\/#website\",\"url\":\"https:\/\/hongwiislaughter.com\/\",\"name\":\"HongWii Machine\",\"description\":\"\",\"potentialAction\":[{\"@type\":\"SearchAction\",\"target\":{\"@type\":\"EntryPoint\",\"urlTemplate\":\"https:\/\/hongwiislaughter.com\/?s={search_term_string}\"},\"query-input\":{\"@type\":\"PropertyValueSpecification\",\"valueRequired\":true,\"valueName\":\"search_term_string\"}}],\"inLanguage\":\"es\"}]}<\/script>\n<!-- \/ Yoast SEO plugin. -->","yoast_head_json":{"title":"Straddle type hanging live-pig conveyor - HongWii Machine","robots":{"index":"index","follow":"follow","max-snippet":"max-snippet:-1","max-image-preview":"max-image-preview:large","max-video-preview":"max-video-preview:-1"},"canonical":"https:\/\/hongwiislaughter.com\/es\/product\/straddle-type-hanging-live-pig-conveyor\/","og_locale":"es_ES","og_type":"article","og_title":"Straddle type hanging live-pig conveyor - HongWii Machine","og_description":"This equipment is used in the conveying process of live pigs, so that workers can tie the bleeding chain to the hind legs of the moving live pigs and hang them on the lifting track. It is suitable for small slaughtering and processing plants, or as a supplementary equipment for large and medium-sized slaughtering and processing plants. It is often used in conjunction with a pipe rail hoist or a traditional hanging bleeding conveyor, and can also be used in conjunction with a hand-held electric anesthesia device. Instructions: 1. According to the operating position, it is divided into left hanging type and right hanging type (facing the forward direction). Please refer to the slaughtering process layout diagram for specific selection. 2. For pigs that are too large, it is recommended to perform manual electric anesthesia and hang them separately. \u26053. Due to the innovation of slaughtering technology, traditional pig flip box + V-shaped electric anesthesia conveyor, chest-supporting electric anesthesia conveyor + flat conveyor and other equipment are gradually being eliminated. They are not listed in this color page. If users have any needs, please call us for consultation.","og_url":"https:\/\/hongwiislaughter.com\/es\/product\/straddle-type-hanging-live-pig-conveyor\/","og_site_name":"HongWii Machine","og_image":[{"width":2132,"height":2132,"url":"https:\/\/hongwiislaughter.com\/wp-content\/uploads\/2024\/10\/Straddle-type-hanging-live-pig-conveyor.jpeg","type":"image\/jpeg"}],"twitter_card":"summary_large_image","schema":{"@context":"https:\/\/schema.org","@graph":[{"@type":"WebPage","@id":"https:\/\/hongwiislaughter.com\/product\/straddle-type-hanging-live-pig-conveyor\/","url":"https:\/\/hongwiislaughter.com\/product\/straddle-type-hanging-live-pig-conveyor\/","name":"Straddle type hanging live-pig conveyor - HongWii Machine","isPartOf":{"@id":"https:\/\/hongwiislaughter.com\/#website"},"primaryImageOfPage":{"@id":"https:\/\/hongwiislaughter.com\/product\/straddle-type-hanging-live-pig-conveyor\/#primaryimage"},"image":{"@id":"https:\/\/hongwiislaughter.com\/product\/straddle-type-hanging-live-pig-conveyor\/#primaryimage"},"thumbnailUrl":"https:\/\/hongwiislaughter.com\/wp-content\/uploads\/2024\/10\/Straddle-type-hanging-live-pig-conveyor.jpeg","datePublished":"2024-10-28T11:22:38+00:00","breadcrumb":{"@id":"https:\/\/hongwiislaughter.com\/product\/straddle-type-hanging-live-pig-conveyor\/#breadcrumb"},"inLanguage":"es","potentialAction":[{"@type":"ReadAction","target":["https:\/\/hongwiislaughter.com\/product\/straddle-type-hanging-live-pig-conveyor\/"]}]},{"@type":"ImageObject","inLanguage":"es","@id":"https:\/\/hongwiislaughter.com\/product\/straddle-type-hanging-live-pig-conveyor\/#primaryimage","url":"https:\/\/hongwiislaughter.com\/wp-content\/uploads\/2024\/10\/Straddle-type-hanging-live-pig-conveyor.jpeg","contentUrl":"https:\/\/hongwiislaughter.com\/wp-content\/uploads\/2024\/10\/Straddle-type-hanging-live-pig-conveyor.jpeg","width":2132,"height":2132,"caption":"This equipment is used in the conveying process of live pigs, so that workers can tie the bleeding chain to the hind legs of the moving live pigs and hang them on the lifting track. It is suitable for small slaughtering and processing plants, or as a supplementary equipment for large and medium-sized slaughtering and processing plants. It is often used in conjunction with a pipe rail hoist or a traditional hanging bleeding conveyor, and can also be used in conjunction with a hand-held electric anesthesia device."},{"@type":"BreadcrumbList","@id":"https:\/\/hongwiislaughter.com\/product\/straddle-type-hanging-live-pig-conveyor\/#breadcrumb","itemListElement":[{"@type":"ListItem","position":1,"name":"Home","item":"https:\/\/hongwiislaughter.com\/home\/"},{"@type":"ListItem","position":2,"name":"Products","item":"https:\/\/hongwiislaughter.com\/products\/"},{"@type":"ListItem","position":3,"name":"Straddle type hanging live-pig conveyor"}]},{"@type":"WebSite","@id":"https:\/\/hongwiislaughter.com\/#website","url":"https:\/\/hongwiislaughter.com\/","name":"M\u00e1quina HongWii","description":"","potentialAction":[{"@type":"SearchAction","target":{"@type":"EntryPoint","urlTemplate":"https:\/\/hongwiislaughter.com\/?s={search_term_string}"},"query-input":{"@type":"PropertyValueSpecification","valueRequired":true,"valueName":"search_term_string"}}],"inLanguage":"es"}]}},"_links":{"self":[{"href":"https:\/\/hongwiislaughter.com\/es\/wp-json\/wp\/v2\/product\/344","targetHints":{"allow":["GET"]}}],"collection":[{"href":"https:\/\/hongwiislaughter.com\/es\/wp-json\/wp\/v2\/product"}],"about":[{"href":"https:\/\/hongwiislaughter.com\/es\/wp-json\/wp\/v2\/types\/product"}],"wp:featuredmedia":[{"embeddable":true,"href":"https:\/\/hongwiislaughter.com\/es\/wp-json\/wp\/v2\/media\/345"}],"wp:attachment":[{"href":"https:\/\/hongwiislaughter.com\/es\/wp-json\/wp\/v2\/media?parent=344"}],"wp:term":[{"taxonomy":"product_brand","embeddable":true,"href":"https:\/\/hongwiislaughter.com\/es\/wp-json\/wp\/v2\/product_brand?post=344"},{"taxonomy":"product_cat","embeddable":true,"href":"https:\/\/hongwiislaughter.com\/es\/wp-json\/wp\/v2\/product_cat?post=344"},{"taxonomy":"product_tag","embeddable":true,"href":"https:\/\/hongwiislaughter.com\/es\/wp-json\/wp\/v2\/product_tag?post=344"}],"curies":[{"name":"wp","href":"https:\/\/api.w.org\/{rel}","templated":true}]}}