{"id":322,"date":"2024-10-17T02:53:19","date_gmt":"2024-10-17T02:53:19","guid":{"rendered":"https:\/\/hongwiislaughter.com\/?post_type=product&#038;p=322"},"modified":"2024-10-17T02:53:19","modified_gmt":"2024-10-17T02:53:19","slug":"tripe-washing-machine","status":"publish","type":"product","link":"https:\/\/hongwiislaughter.com\/es\/product\/tripe-washing-machine\/","title":{"rendered":"Lavadora de callos"},"content":{"rendered":"","protected":false},"excerpt":{"rendered":"<p>Este equipo se utiliza en el proceso de limpieza de callos (tripas). Despu\u00e9s de que los callos entran en el equipo, chocan continuamente con el agua en la cavidad de la bola bajo el doble efecto de la fuerza centr\u00edfuga del disco giratorio y la fuerza de volteo del dispositivo de volteo de la pared de la cavidad de la bola, consiguiendo as\u00ed el efecto de limpieza. Alimentaci\u00f3n y descarga manual. Adecuada para plantas de sacrificio y procesamiento grandes, medianas y peque\u00f1as.<br \/>\nInstrucciones:<br \/>\n1. There is a water inlet hose interface on the top of the equipment.<br \/>\n2. There is also a pneumatic opening discharge door type tripe washing machine available for purchase.<\/p>","protected":false},"featured_media":323,"template":"","meta":[],"product_brand":[],"product_cat":[16],"product_tag":[],"class_list":{"0":"post-322","1":"product","2":"type-product","3":"status-publish","4":"has-post-thumbnail","6":"product_cat-cattle-slaughterhouse","8":"first","9":"instock","10":"shipping-taxable","11":"product-type-simple"},"yoast_head":"<!-- This site is optimized with the Yoast SEO plugin v24.5 - https:\/\/yoast.com\/wordpress\/plugins\/seo\/ -->\n<title>Tripe washing machine - HongWii Machine<\/title>\n<meta name=\"robots\" content=\"index, follow, max-snippet:-1, max-image-preview:large, max-video-preview:-1\" \/>\n<link rel=\"canonical\" href=\"https:\/\/hongwiislaughter.com\/es\/product\/tripe-washing-machine\/\" \/>\n<meta property=\"og:locale\" content=\"es_ES\" \/>\n<meta property=\"og:type\" content=\"article\" \/>\n<meta property=\"og:title\" content=\"Tripe washing machine - HongWii Machine\" \/>\n<meta property=\"og:description\" content=\"This equipment is used in the cleaning process of tripe (tripe). After the tripe enters the equipment, it continuously collides with the water in the ball cavity under the dual effects of the centrifugal force of the rotating disk and the flipping force of the ball cavity wall flipping device, thereby achieving the cleaning effect. Manual feeding and discharging. Suitable for large, medium and small slaughtering and processing plants. Instructions: 1. There is a water inlet hose interface on the top of the equipment. 2. There is also a pneumatic opening discharge door type tripe washing machine available for purchase.\" \/>\n<meta property=\"og:url\" content=\"https:\/\/hongwiislaughter.com\/es\/product\/tripe-washing-machine\/\" \/>\n<meta property=\"og:site_name\" content=\"HongWii Machine\" \/>\n<meta property=\"og:image\" content=\"https:\/\/hongwiislaughter.com\/wp-content\/uploads\/2024\/10\/Tripe-washing-machine.jpeg\" \/>\n\t<meta property=\"og:image:width\" content=\"2008\" \/>\n\t<meta property=\"og:image:height\" content=\"2008\" \/>\n\t<meta property=\"og:image:type\" content=\"image\/jpeg\" \/>\n<meta name=\"twitter:card\" content=\"summary_large_image\" \/>\n<script type=\"application\/ld+json\" class=\"yoast-schema-graph\">{\"@context\":\"https:\/\/schema.org\",\"@graph\":[{\"@type\":\"WebPage\",\"@id\":\"https:\/\/hongwiislaughter.com\/product\/tripe-washing-machine\/\",\"url\":\"https:\/\/hongwiislaughter.com\/product\/tripe-washing-machine\/\",\"name\":\"Tripe washing machine - HongWii Machine\",\"isPartOf\":{\"@id\":\"https:\/\/hongwiislaughter.com\/#website\"},\"primaryImageOfPage\":{\"@id\":\"https:\/\/hongwiislaughter.com\/product\/tripe-washing-machine\/#primaryimage\"},\"image\":{\"@id\":\"https:\/\/hongwiislaughter.com\/product\/tripe-washing-machine\/#primaryimage\"},\"thumbnailUrl\":\"https:\/\/hongwiislaughter.com\/wp-content\/uploads\/2024\/10\/Tripe-washing-machine.jpeg\",\"datePublished\":\"2024-10-17T02:53:19+00:00\",\"breadcrumb\":{\"@id\":\"https:\/\/hongwiislaughter.com\/product\/tripe-washing-machine\/#breadcrumb\"},\"inLanguage\":\"es\",\"potentialAction\":[{\"@type\":\"ReadAction\",\"target\":[\"https:\/\/hongwiislaughter.com\/product\/tripe-washing-machine\/\"]}]},{\"@type\":\"ImageObject\",\"inLanguage\":\"es\",\"@id\":\"https:\/\/hongwiislaughter.com\/product\/tripe-washing-machine\/#primaryimage\",\"url\":\"https:\/\/hongwiislaughter.com\/wp-content\/uploads\/2024\/10\/Tripe-washing-machine.jpeg\",\"contentUrl\":\"https:\/\/hongwiislaughter.com\/wp-content\/uploads\/2024\/10\/Tripe-washing-machine.jpeg\",\"width\":2008,\"height\":2008,\"caption\":\"This equipment is used in the cleaning process of tripe (tripe). After the tripe enters the equipment, it continuously collides with the water in the ball cavity under the dual effects of the centrifugal force of the rotating disk and the flipping force of the ball cavity wall flipping device, thereby achieving the cleaning effect. Manual feeding and discharging. Suitable for large, medium and small slaughtering and processing plants.\"},{\"@type\":\"BreadcrumbList\",\"@id\":\"https:\/\/hongwiislaughter.com\/product\/tripe-washing-machine\/#breadcrumb\",\"itemListElement\":[{\"@type\":\"ListItem\",\"position\":1,\"name\":\"Home\",\"item\":\"https:\/\/hongwiislaughter.com\/home\/\"},{\"@type\":\"ListItem\",\"position\":2,\"name\":\"Products\",\"item\":\"https:\/\/hongwiislaughter.com\/products\/\"},{\"@type\":\"ListItem\",\"position\":3,\"name\":\"Tripe washing machine\"}]},{\"@type\":\"WebSite\",\"@id\":\"https:\/\/hongwiislaughter.com\/#website\",\"url\":\"https:\/\/hongwiislaughter.com\/\",\"name\":\"HongWii Machine\",\"description\":\"\",\"potentialAction\":[{\"@type\":\"SearchAction\",\"target\":{\"@type\":\"EntryPoint\",\"urlTemplate\":\"https:\/\/hongwiislaughter.com\/?s={search_term_string}\"},\"query-input\":{\"@type\":\"PropertyValueSpecification\",\"valueRequired\":true,\"valueName\":\"search_term_string\"}}],\"inLanguage\":\"es\"}]}<\/script>\n<!-- \/ Yoast SEO plugin. -->","yoast_head_json":{"title":"Tripe washing machine - HongWii Machine","robots":{"index":"index","follow":"follow","max-snippet":"max-snippet:-1","max-image-preview":"max-image-preview:large","max-video-preview":"max-video-preview:-1"},"canonical":"https:\/\/hongwiislaughter.com\/es\/product\/tripe-washing-machine\/","og_locale":"es_ES","og_type":"article","og_title":"Tripe washing machine - HongWii Machine","og_description":"This equipment is used in the cleaning process of tripe (tripe). After the tripe enters the equipment, it continuously collides with the water in the ball cavity under the dual effects of the centrifugal force of the rotating disk and the flipping force of the ball cavity wall flipping device, thereby achieving the cleaning effect. Manual feeding and discharging. Suitable for large, medium and small slaughtering and processing plants. Instructions: 1. There is a water inlet hose interface on the top of the equipment. 2. There is also a pneumatic opening discharge door type tripe washing machine available for purchase.","og_url":"https:\/\/hongwiislaughter.com\/es\/product\/tripe-washing-machine\/","og_site_name":"HongWii Machine","og_image":[{"width":2008,"height":2008,"url":"https:\/\/hongwiislaughter.com\/wp-content\/uploads\/2024\/10\/Tripe-washing-machine.jpeg","type":"image\/jpeg"}],"twitter_card":"summary_large_image","schema":{"@context":"https:\/\/schema.org","@graph":[{"@type":"WebPage","@id":"https:\/\/hongwiislaughter.com\/product\/tripe-washing-machine\/","url":"https:\/\/hongwiislaughter.com\/product\/tripe-washing-machine\/","name":"Tripe washing machine - HongWii Machine","isPartOf":{"@id":"https:\/\/hongwiislaughter.com\/#website"},"primaryImageOfPage":{"@id":"https:\/\/hongwiislaughter.com\/product\/tripe-washing-machine\/#primaryimage"},"image":{"@id":"https:\/\/hongwiislaughter.com\/product\/tripe-washing-machine\/#primaryimage"},"thumbnailUrl":"https:\/\/hongwiislaughter.com\/wp-content\/uploads\/2024\/10\/Tripe-washing-machine.jpeg","datePublished":"2024-10-17T02:53:19+00:00","breadcrumb":{"@id":"https:\/\/hongwiislaughter.com\/product\/tripe-washing-machine\/#breadcrumb"},"inLanguage":"es","potentialAction":[{"@type":"ReadAction","target":["https:\/\/hongwiislaughter.com\/product\/tripe-washing-machine\/"]}]},{"@type":"ImageObject","inLanguage":"es","@id":"https:\/\/hongwiislaughter.com\/product\/tripe-washing-machine\/#primaryimage","url":"https:\/\/hongwiislaughter.com\/wp-content\/uploads\/2024\/10\/Tripe-washing-machine.jpeg","contentUrl":"https:\/\/hongwiislaughter.com\/wp-content\/uploads\/2024\/10\/Tripe-washing-machine.jpeg","width":2008,"height":2008,"caption":"This equipment is used in the cleaning process of tripe (tripe). After the tripe enters the equipment, it continuously collides with the water in the ball cavity under the dual effects of the centrifugal force of the rotating disk and the flipping force of the ball cavity wall flipping device, thereby achieving the cleaning effect. Manual feeding and discharging. Suitable for large, medium and small slaughtering and processing plants."},{"@type":"BreadcrumbList","@id":"https:\/\/hongwiislaughter.com\/product\/tripe-washing-machine\/#breadcrumb","itemListElement":[{"@type":"ListItem","position":1,"name":"Home","item":"https:\/\/hongwiislaughter.com\/home\/"},{"@type":"ListItem","position":2,"name":"Products","item":"https:\/\/hongwiislaughter.com\/products\/"},{"@type":"ListItem","position":3,"name":"Tripe washing machine"}]},{"@type":"WebSite","@id":"https:\/\/hongwiislaughter.com\/#website","url":"https:\/\/hongwiislaughter.com\/","name":"M\u00e1quina HongWii","description":"","potentialAction":[{"@type":"SearchAction","target":{"@type":"EntryPoint","urlTemplate":"https:\/\/hongwiislaughter.com\/?s={search_term_string}"},"query-input":{"@type":"PropertyValueSpecification","valueRequired":true,"valueName":"search_term_string"}}],"inLanguage":"es"}]}},"_links":{"self":[{"href":"https:\/\/hongwiislaughter.com\/es\/wp-json\/wp\/v2\/product\/322","targetHints":{"allow":["GET"]}}],"collection":[{"href":"https:\/\/hongwiislaughter.com\/es\/wp-json\/wp\/v2\/product"}],"about":[{"href":"https:\/\/hongwiislaughter.com\/es\/wp-json\/wp\/v2\/types\/product"}],"wp:featuredmedia":[{"embeddable":true,"href":"https:\/\/hongwiislaughter.com\/es\/wp-json\/wp\/v2\/media\/323"}],"wp:attachment":[{"href":"https:\/\/hongwiislaughter.com\/es\/wp-json\/wp\/v2\/media?parent=322"}],"wp:term":[{"taxonomy":"product_brand","embeddable":true,"href":"https:\/\/hongwiislaughter.com\/es\/wp-json\/wp\/v2\/product_brand?post=322"},{"taxonomy":"product_cat","embeddable":true,"href":"https:\/\/hongwiislaughter.com\/es\/wp-json\/wp\/v2\/product_cat?post=322"},{"taxonomy":"product_tag","embeddable":true,"href":"https:\/\/hongwiislaughter.com\/es\/wp-json\/wp\/v2\/product_tag?post=322"}],"curies":[{"name":"wp","href":"https:\/\/api.w.org\/{rel}","templated":true}]}}