{"id":313,"date":"2024-10-16T06:07:00","date_gmt":"2024-10-16T06:07:00","guid":{"rendered":"https:\/\/hongwiislaughter.com\/?post_type=product&#038;p=313"},"modified":"2024-10-16T06:07:00","modified_gmt":"2024-10-16T06:07:00","slug":"quarter-carcass-hoisting-and-descending-machine","status":"publish","type":"product","link":"https:\/\/hongwiislaughter.com\/es\/product\/quarter-carcass-hoisting-and-descending-machine\/","title":{"rendered":"M\u00e1quina de elevaci\u00f3n y descenso de cuartos de canal"},"content":{"rendered":"","protected":false},"excerpt":{"rendered":"<p>Este equipo se utiliza en el proceso de elevaci\u00f3n y descenso del corte de la canal de dos partes en cuatro partes, para que los trabajadores puedan cortar la canal de dos partes descendente y levantar la mitad inferior cortada de la canal de dos partes (cuarto de canal). Por \u00faltimo, ambos cuartos de canal se deslizar\u00e1n hacia la l\u00ednea de empuje manual de deshuesado para entrar en el proceso de deshuesado y corte. Se cuelga manualmente y es adecuada para plantas de sacrificio y transformaci\u00f3n grandes y medianas. Debe estar equipada con un gancho de polea de ra\u00edl tubular y una sierra de corte de cuartos de canal.<br \/>\nInstrucciones:<br \/>\n1. Usually one descender and one hoist are used together, and the lifting and hanging sides of the two equipments are opposite.<br \/>\n2. The hoist and lowering machine can be equipped with a pipe rail pulley hook temporary storage line, or a pulley hook transport trolley.<\/p>","protected":false},"featured_media":314,"template":"","meta":[],"product_brand":[],"product_cat":[16],"product_tag":[],"class_list":{"0":"post-313","1":"product","2":"type-product","3":"status-publish","4":"has-post-thumbnail","6":"product_cat-cattle-slaughterhouse","8":"first","9":"instock","10":"shipping-taxable","11":"product-type-simple"},"yoast_head":"<!-- This site is optimized with the Yoast SEO plugin v24.5 - https:\/\/yoast.com\/wordpress\/plugins\/seo\/ -->\n<title>Quarter-carcass hoisting and descending machine - HongWii Machine<\/title>\n<meta name=\"robots\" content=\"index, follow, max-snippet:-1, max-image-preview:large, max-video-preview:-1\" \/>\n<link rel=\"canonical\" href=\"https:\/\/hongwiislaughter.com\/es\/product\/quarter-carcass-hoisting-and-descending-machine\/\" \/>\n<meta property=\"og:locale\" content=\"es_ES\" \/>\n<meta property=\"og:type\" content=\"article\" \/>\n<meta property=\"og:title\" content=\"Quarter-carcass hoisting and descending machine - HongWii Machine\" \/>\n<meta property=\"og:description\" content=\"This equipment is used in the lifting and descending process of cutting the two-part carcass into four parts, so that workers can cut the descending two-part carcass and lift the cut lower half of the two-part carcass (quarter carcass). Finally, both quarter carcasses will slide into the deboning hand-push line to enter the deboning and cutting process. It is manually assisted in hanging and is suitable for large and medium-sized slaughtering and processing plants. It must be equipped with a pipe rail pulley hook and a quarter-carcass cutting saw. Instructions: 1. Usually one descender and one hoist are used together, and the lifting and hanging sides of the two equipments are opposite. 2. The hoist and lowering machine can be equipped with a pipe rail pulley hook temporary storage line, or a pulley hook transport trolley.\" \/>\n<meta property=\"og:url\" content=\"https:\/\/hongwiislaughter.com\/es\/product\/quarter-carcass-hoisting-and-descending-machine\/\" \/>\n<meta property=\"og:site_name\" content=\"HongWii Machine\" \/>\n<meta property=\"og:image\" content=\"https:\/\/hongwiislaughter.com\/wp-content\/uploads\/2024\/10\/Quarter-carcass-hoisting-and-descending-machine.jpeg\" \/>\n\t<meta property=\"og:image:width\" content=\"1536\" \/>\n\t<meta property=\"og:image:height\" content=\"1536\" \/>\n\t<meta property=\"og:image:type\" content=\"image\/jpeg\" \/>\n<meta name=\"twitter:card\" content=\"summary_large_image\" \/>\n<meta name=\"twitter:label1\" content=\"Tiempo de lectura\" \/>\n\t<meta name=\"twitter:data1\" content=\"1 minuto\" \/>\n<script type=\"application\/ld+json\" class=\"yoast-schema-graph\">{\"@context\":\"https:\/\/schema.org\",\"@graph\":[{\"@type\":\"WebPage\",\"@id\":\"https:\/\/hongwiislaughter.com\/product\/quarter-carcass-hoisting-and-descending-machine\/\",\"url\":\"https:\/\/hongwiislaughter.com\/product\/quarter-carcass-hoisting-and-descending-machine\/\",\"name\":\"Quarter-carcass hoisting and descending machine - HongWii Machine\",\"isPartOf\":{\"@id\":\"https:\/\/hongwiislaughter.com\/#website\"},\"primaryImageOfPage\":{\"@id\":\"https:\/\/hongwiislaughter.com\/product\/quarter-carcass-hoisting-and-descending-machine\/#primaryimage\"},\"image\":{\"@id\":\"https:\/\/hongwiislaughter.com\/product\/quarter-carcass-hoisting-and-descending-machine\/#primaryimage\"},\"thumbnailUrl\":\"https:\/\/hongwiislaughter.com\/wp-content\/uploads\/2024\/10\/Quarter-carcass-hoisting-and-descending-machine.jpeg\",\"datePublished\":\"2024-10-16T06:07:00+00:00\",\"breadcrumb\":{\"@id\":\"https:\/\/hongwiislaughter.com\/product\/quarter-carcass-hoisting-and-descending-machine\/#breadcrumb\"},\"inLanguage\":\"es\",\"potentialAction\":[{\"@type\":\"ReadAction\",\"target\":[\"https:\/\/hongwiislaughter.com\/product\/quarter-carcass-hoisting-and-descending-machine\/\"]}]},{\"@type\":\"ImageObject\",\"inLanguage\":\"es\",\"@id\":\"https:\/\/hongwiislaughter.com\/product\/quarter-carcass-hoisting-and-descending-machine\/#primaryimage\",\"url\":\"https:\/\/hongwiislaughter.com\/wp-content\/uploads\/2024\/10\/Quarter-carcass-hoisting-and-descending-machine.jpeg\",\"contentUrl\":\"https:\/\/hongwiislaughter.com\/wp-content\/uploads\/2024\/10\/Quarter-carcass-hoisting-and-descending-machine.jpeg\",\"width\":1536,\"height\":1536,\"caption\":\"This equipment is used in the lifting and descending process of cutting the two-part carcass into four parts, so that workers can cut the descending two-part carcass and lift the cut lower half of the two-part carcass (quarter carcass). Finally, both quarter carcasses will slide into the deboning hand-push line to enter the deboning and cutting process. It is manually assisted in hanging and is suitable for large and medium-sized slaughtering and processing plants. It must be equipped with a pipe rail pulley hook and a quarter-carcass cutting saw.\"},{\"@type\":\"BreadcrumbList\",\"@id\":\"https:\/\/hongwiislaughter.com\/product\/quarter-carcass-hoisting-and-descending-machine\/#breadcrumb\",\"itemListElement\":[{\"@type\":\"ListItem\",\"position\":1,\"name\":\"Home\",\"item\":\"https:\/\/hongwiislaughter.com\/home\/\"},{\"@type\":\"ListItem\",\"position\":2,\"name\":\"Products\",\"item\":\"https:\/\/hongwiislaughter.com\/products\/\"},{\"@type\":\"ListItem\",\"position\":3,\"name\":\"Quarter-carcass hoisting and descending machine\"}]},{\"@type\":\"WebSite\",\"@id\":\"https:\/\/hongwiislaughter.com\/#website\",\"url\":\"https:\/\/hongwiislaughter.com\/\",\"name\":\"HongWii Machine\",\"description\":\"\",\"potentialAction\":[{\"@type\":\"SearchAction\",\"target\":{\"@type\":\"EntryPoint\",\"urlTemplate\":\"https:\/\/hongwiislaughter.com\/?s={search_term_string}\"},\"query-input\":{\"@type\":\"PropertyValueSpecification\",\"valueRequired\":true,\"valueName\":\"search_term_string\"}}],\"inLanguage\":\"es\"}]}<\/script>\n<!-- \/ Yoast SEO plugin. -->","yoast_head_json":{"title":"Quarter-carcass hoisting and descending machine - HongWii Machine","robots":{"index":"index","follow":"follow","max-snippet":"max-snippet:-1","max-image-preview":"max-image-preview:large","max-video-preview":"max-video-preview:-1"},"canonical":"https:\/\/hongwiislaughter.com\/es\/product\/quarter-carcass-hoisting-and-descending-machine\/","og_locale":"es_ES","og_type":"article","og_title":"Quarter-carcass hoisting and descending machine - HongWii Machine","og_description":"This equipment is used in the lifting and descending process of cutting the two-part carcass into four parts, so that workers can cut the descending two-part carcass and lift the cut lower half of the two-part carcass (quarter carcass). Finally, both quarter carcasses will slide into the deboning hand-push line to enter the deboning and cutting process. It is manually assisted in hanging and is suitable for large and medium-sized slaughtering and processing plants. It must be equipped with a pipe rail pulley hook and a quarter-carcass cutting saw. Instructions: 1. Usually one descender and one hoist are used together, and the lifting and hanging sides of the two equipments are opposite. 2. The hoist and lowering machine can be equipped with a pipe rail pulley hook temporary storage line, or a pulley hook transport trolley.","og_url":"https:\/\/hongwiislaughter.com\/es\/product\/quarter-carcass-hoisting-and-descending-machine\/","og_site_name":"HongWii Machine","og_image":[{"width":1536,"height":1536,"url":"https:\/\/hongwiislaughter.com\/wp-content\/uploads\/2024\/10\/Quarter-carcass-hoisting-and-descending-machine.jpeg","type":"image\/jpeg"}],"twitter_card":"summary_large_image","twitter_misc":{"Tiempo de lectura":"1 minuto"},"schema":{"@context":"https:\/\/schema.org","@graph":[{"@type":"WebPage","@id":"https:\/\/hongwiislaughter.com\/product\/quarter-carcass-hoisting-and-descending-machine\/","url":"https:\/\/hongwiislaughter.com\/product\/quarter-carcass-hoisting-and-descending-machine\/","name":"Quarter-carcass hoisting and descending machine - HongWii Machine","isPartOf":{"@id":"https:\/\/hongwiislaughter.com\/#website"},"primaryImageOfPage":{"@id":"https:\/\/hongwiislaughter.com\/product\/quarter-carcass-hoisting-and-descending-machine\/#primaryimage"},"image":{"@id":"https:\/\/hongwiislaughter.com\/product\/quarter-carcass-hoisting-and-descending-machine\/#primaryimage"},"thumbnailUrl":"https:\/\/hongwiislaughter.com\/wp-content\/uploads\/2024\/10\/Quarter-carcass-hoisting-and-descending-machine.jpeg","datePublished":"2024-10-16T06:07:00+00:00","breadcrumb":{"@id":"https:\/\/hongwiislaughter.com\/product\/quarter-carcass-hoisting-and-descending-machine\/#breadcrumb"},"inLanguage":"es","potentialAction":[{"@type":"ReadAction","target":["https:\/\/hongwiislaughter.com\/product\/quarter-carcass-hoisting-and-descending-machine\/"]}]},{"@type":"ImageObject","inLanguage":"es","@id":"https:\/\/hongwiislaughter.com\/product\/quarter-carcass-hoisting-and-descending-machine\/#primaryimage","url":"https:\/\/hongwiislaughter.com\/wp-content\/uploads\/2024\/10\/Quarter-carcass-hoisting-and-descending-machine.jpeg","contentUrl":"https:\/\/hongwiislaughter.com\/wp-content\/uploads\/2024\/10\/Quarter-carcass-hoisting-and-descending-machine.jpeg","width":1536,"height":1536,"caption":"This equipment is used in the lifting and descending process of cutting the two-part carcass into four parts, so that workers can cut the descending two-part carcass and lift the cut lower half of the two-part carcass (quarter carcass). Finally, both quarter carcasses will slide into the deboning hand-push line to enter the deboning and cutting process. It is manually assisted in hanging and is suitable for large and medium-sized slaughtering and processing plants. It must be equipped with a pipe rail pulley hook and a quarter-carcass cutting saw."},{"@type":"BreadcrumbList","@id":"https:\/\/hongwiislaughter.com\/product\/quarter-carcass-hoisting-and-descending-machine\/#breadcrumb","itemListElement":[{"@type":"ListItem","position":1,"name":"Home","item":"https:\/\/hongwiislaughter.com\/home\/"},{"@type":"ListItem","position":2,"name":"Products","item":"https:\/\/hongwiislaughter.com\/products\/"},{"@type":"ListItem","position":3,"name":"Quarter-carcass hoisting and descending machine"}]},{"@type":"WebSite","@id":"https:\/\/hongwiislaughter.com\/#website","url":"https:\/\/hongwiislaughter.com\/","name":"M\u00e1quina HongWii","description":"","potentialAction":[{"@type":"SearchAction","target":{"@type":"EntryPoint","urlTemplate":"https:\/\/hongwiislaughter.com\/?s={search_term_string}"},"query-input":{"@type":"PropertyValueSpecification","valueRequired":true,"valueName":"search_term_string"}}],"inLanguage":"es"}]}},"_links":{"self":[{"href":"https:\/\/hongwiislaughter.com\/es\/wp-json\/wp\/v2\/product\/313","targetHints":{"allow":["GET"]}}],"collection":[{"href":"https:\/\/hongwiislaughter.com\/es\/wp-json\/wp\/v2\/product"}],"about":[{"href":"https:\/\/hongwiislaughter.com\/es\/wp-json\/wp\/v2\/types\/product"}],"wp:featuredmedia":[{"embeddable":true,"href":"https:\/\/hongwiislaughter.com\/es\/wp-json\/wp\/v2\/media\/314"}],"wp:attachment":[{"href":"https:\/\/hongwiislaughter.com\/es\/wp-json\/wp\/v2\/media?parent=313"}],"wp:term":[{"taxonomy":"product_brand","embeddable":true,"href":"https:\/\/hongwiislaughter.com\/es\/wp-json\/wp\/v2\/product_brand?post=313"},{"taxonomy":"product_cat","embeddable":true,"href":"https:\/\/hongwiislaughter.com\/es\/wp-json\/wp\/v2\/product_cat?post=313"},{"taxonomy":"product_tag","embeddable":true,"href":"https:\/\/hongwiislaughter.com\/es\/wp-json\/wp\/v2\/product_tag?post=313"}],"curies":[{"name":"wp","href":"https:\/\/api.w.org\/{rel}","templated":true}]}}