{"id":310,"date":"2024-10-16T05:54:42","date_gmt":"2024-10-16T05:54:42","guid":{"rendered":"https:\/\/hongwiislaughter.com\/?post_type=product&#038;p=310"},"modified":"2024-10-16T05:54:42","modified_gmt":"2024-10-16T05:54:42","slug":"pneumatic-tube-rail-turnout","status":"publish","type":"product","link":"https:\/\/hongwiislaughter.com\/es\/product\/pneumatic-tube-rail-turnout\/","title":{"rendered":"Desv\u00edo neum\u00e1tico tubo-carril"},"content":{"rendered":"","protected":false},"excerpt":{"rendered":"<p>Este dispositivo se instala en la bifurcaci\u00f3n del ra\u00edl tubular redondo para cambiar la direcci\u00f3n de deslizamiento del gancho de la polea del ra\u00edl tubular colgante en la superficie del ra\u00edl.<br \/>\nDescripci\u00f3n:<br \/>\nThis device completes the reversing action by the cylinder. The direction change is controlled by manual operation.<\/p>","protected":false},"featured_media":311,"template":"","meta":[],"product_brand":[],"product_cat":[16],"product_tag":[],"class_list":{"0":"post-310","1":"product","2":"type-product","3":"status-publish","4":"has-post-thumbnail","6":"product_cat-cattle-slaughterhouse","8":"first","9":"instock","10":"shipping-taxable","11":"product-type-simple"},"yoast_head":"<!-- This site is optimized with the Yoast SEO plugin v24.5 - https:\/\/yoast.com\/wordpress\/plugins\/seo\/ -->\n<title>Pneumatic tube-rail turnout - HongWii Machine<\/title>\n<meta name=\"robots\" content=\"index, follow, max-snippet:-1, max-image-preview:large, max-video-preview:-1\" \/>\n<link rel=\"canonical\" href=\"https:\/\/hongwiislaughter.com\/es\/product\/pneumatic-tube-rail-turnout\/\" \/>\n<meta property=\"og:locale\" content=\"es_ES\" \/>\n<meta property=\"og:type\" content=\"article\" \/>\n<meta property=\"og:title\" content=\"Pneumatic tube-rail turnout - HongWii Machine\" \/>\n<meta property=\"og:description\" content=\"This device is installed at the bifurcation of the round tube rail to change the sliding direction of the cow-hanging tube rail pulley hook on the rail surface. Description: This device completes the reversing action by the cylinder. The direction change is controlled by manual operation.\" \/>\n<meta property=\"og:url\" content=\"https:\/\/hongwiislaughter.com\/es\/product\/pneumatic-tube-rail-turnout\/\" \/>\n<meta property=\"og:site_name\" content=\"HongWii Machine\" \/>\n<meta property=\"og:image\" content=\"https:\/\/hongwiislaughter.com\/wp-content\/uploads\/2024\/10\/Pneumatic-tube-rail-turnout.jpeg\" \/>\n\t<meta property=\"og:image:width\" content=\"1368\" \/>\n\t<meta property=\"og:image:height\" content=\"1368\" \/>\n\t<meta property=\"og:image:type\" content=\"image\/jpeg\" \/>\n<meta name=\"twitter:card\" content=\"summary_large_image\" \/>\n<script type=\"application\/ld+json\" class=\"yoast-schema-graph\">{\"@context\":\"https:\/\/schema.org\",\"@graph\":[{\"@type\":\"WebPage\",\"@id\":\"https:\/\/hongwiislaughter.com\/product\/pneumatic-tube-rail-turnout\/\",\"url\":\"https:\/\/hongwiislaughter.com\/product\/pneumatic-tube-rail-turnout\/\",\"name\":\"Pneumatic tube-rail turnout - HongWii Machine\",\"isPartOf\":{\"@id\":\"https:\/\/hongwiislaughter.com\/#website\"},\"primaryImageOfPage\":{\"@id\":\"https:\/\/hongwiislaughter.com\/product\/pneumatic-tube-rail-turnout\/#primaryimage\"},\"image\":{\"@id\":\"https:\/\/hongwiislaughter.com\/product\/pneumatic-tube-rail-turnout\/#primaryimage\"},\"thumbnailUrl\":\"https:\/\/hongwiislaughter.com\/wp-content\/uploads\/2024\/10\/Pneumatic-tube-rail-turnout.jpeg\",\"datePublished\":\"2024-10-16T05:54:42+00:00\",\"breadcrumb\":{\"@id\":\"https:\/\/hongwiislaughter.com\/product\/pneumatic-tube-rail-turnout\/#breadcrumb\"},\"inLanguage\":\"es\",\"potentialAction\":[{\"@type\":\"ReadAction\",\"target\":[\"https:\/\/hongwiislaughter.com\/product\/pneumatic-tube-rail-turnout\/\"]}]},{\"@type\":\"ImageObject\",\"inLanguage\":\"es\",\"@id\":\"https:\/\/hongwiislaughter.com\/product\/pneumatic-tube-rail-turnout\/#primaryimage\",\"url\":\"https:\/\/hongwiislaughter.com\/wp-content\/uploads\/2024\/10\/Pneumatic-tube-rail-turnout.jpeg\",\"contentUrl\":\"https:\/\/hongwiislaughter.com\/wp-content\/uploads\/2024\/10\/Pneumatic-tube-rail-turnout.jpeg\",\"width\":1368,\"height\":1368,\"caption\":\"This device is installed at the bifurcation of the round tube rail to change the sliding direction of the cow-hanging tube rail pulley hook on the rail surface.\"},{\"@type\":\"BreadcrumbList\",\"@id\":\"https:\/\/hongwiislaughter.com\/product\/pneumatic-tube-rail-turnout\/#breadcrumb\",\"itemListElement\":[{\"@type\":\"ListItem\",\"position\":1,\"name\":\"Home\",\"item\":\"https:\/\/hongwiislaughter.com\/home\/\"},{\"@type\":\"ListItem\",\"position\":2,\"name\":\"Products\",\"item\":\"https:\/\/hongwiislaughter.com\/products\/\"},{\"@type\":\"ListItem\",\"position\":3,\"name\":\"Pneumatic tube-rail turnout\"}]},{\"@type\":\"WebSite\",\"@id\":\"https:\/\/hongwiislaughter.com\/#website\",\"url\":\"https:\/\/hongwiislaughter.com\/\",\"name\":\"HongWii Machine\",\"description\":\"\",\"potentialAction\":[{\"@type\":\"SearchAction\",\"target\":{\"@type\":\"EntryPoint\",\"urlTemplate\":\"https:\/\/hongwiislaughter.com\/?s={search_term_string}\"},\"query-input\":{\"@type\":\"PropertyValueSpecification\",\"valueRequired\":true,\"valueName\":\"search_term_string\"}}],\"inLanguage\":\"es\"}]}<\/script>\n<!-- \/ Yoast SEO plugin. -->","yoast_head_json":{"title":"Pneumatic tube-rail turnout - HongWii Machine","robots":{"index":"index","follow":"follow","max-snippet":"max-snippet:-1","max-image-preview":"max-image-preview:large","max-video-preview":"max-video-preview:-1"},"canonical":"https:\/\/hongwiislaughter.com\/es\/product\/pneumatic-tube-rail-turnout\/","og_locale":"es_ES","og_type":"article","og_title":"Pneumatic tube-rail turnout - HongWii Machine","og_description":"This device is installed at the bifurcation of the round tube rail to change the sliding direction of the cow-hanging tube rail pulley hook on the rail surface. Description: This device completes the reversing action by the cylinder. The direction change is controlled by manual operation.","og_url":"https:\/\/hongwiislaughter.com\/es\/product\/pneumatic-tube-rail-turnout\/","og_site_name":"HongWii Machine","og_image":[{"width":1368,"height":1368,"url":"https:\/\/hongwiislaughter.com\/wp-content\/uploads\/2024\/10\/Pneumatic-tube-rail-turnout.jpeg","type":"image\/jpeg"}],"twitter_card":"summary_large_image","schema":{"@context":"https:\/\/schema.org","@graph":[{"@type":"WebPage","@id":"https:\/\/hongwiislaughter.com\/product\/pneumatic-tube-rail-turnout\/","url":"https:\/\/hongwiislaughter.com\/product\/pneumatic-tube-rail-turnout\/","name":"Pneumatic tube-rail turnout - HongWii Machine","isPartOf":{"@id":"https:\/\/hongwiislaughter.com\/#website"},"primaryImageOfPage":{"@id":"https:\/\/hongwiislaughter.com\/product\/pneumatic-tube-rail-turnout\/#primaryimage"},"image":{"@id":"https:\/\/hongwiislaughter.com\/product\/pneumatic-tube-rail-turnout\/#primaryimage"},"thumbnailUrl":"https:\/\/hongwiislaughter.com\/wp-content\/uploads\/2024\/10\/Pneumatic-tube-rail-turnout.jpeg","datePublished":"2024-10-16T05:54:42+00:00","breadcrumb":{"@id":"https:\/\/hongwiislaughter.com\/product\/pneumatic-tube-rail-turnout\/#breadcrumb"},"inLanguage":"es","potentialAction":[{"@type":"ReadAction","target":["https:\/\/hongwiislaughter.com\/product\/pneumatic-tube-rail-turnout\/"]}]},{"@type":"ImageObject","inLanguage":"es","@id":"https:\/\/hongwiislaughter.com\/product\/pneumatic-tube-rail-turnout\/#primaryimage","url":"https:\/\/hongwiislaughter.com\/wp-content\/uploads\/2024\/10\/Pneumatic-tube-rail-turnout.jpeg","contentUrl":"https:\/\/hongwiislaughter.com\/wp-content\/uploads\/2024\/10\/Pneumatic-tube-rail-turnout.jpeg","width":1368,"height":1368,"caption":"This device is installed at the bifurcation of the round tube rail to change the sliding direction of the cow-hanging tube rail pulley hook on the rail surface."},{"@type":"BreadcrumbList","@id":"https:\/\/hongwiislaughter.com\/product\/pneumatic-tube-rail-turnout\/#breadcrumb","itemListElement":[{"@type":"ListItem","position":1,"name":"Home","item":"https:\/\/hongwiislaughter.com\/home\/"},{"@type":"ListItem","position":2,"name":"Products","item":"https:\/\/hongwiislaughter.com\/products\/"},{"@type":"ListItem","position":3,"name":"Pneumatic tube-rail turnout"}]},{"@type":"WebSite","@id":"https:\/\/hongwiislaughter.com\/#website","url":"https:\/\/hongwiislaughter.com\/","name":"M\u00e1quina HongWii","description":"","potentialAction":[{"@type":"SearchAction","target":{"@type":"EntryPoint","urlTemplate":"https:\/\/hongwiislaughter.com\/?s={search_term_string}"},"query-input":{"@type":"PropertyValueSpecification","valueRequired":true,"valueName":"search_term_string"}}],"inLanguage":"es"}]}},"_links":{"self":[{"href":"https:\/\/hongwiislaughter.com\/es\/wp-json\/wp\/v2\/product\/310","targetHints":{"allow":["GET"]}}],"collection":[{"href":"https:\/\/hongwiislaughter.com\/es\/wp-json\/wp\/v2\/product"}],"about":[{"href":"https:\/\/hongwiislaughter.com\/es\/wp-json\/wp\/v2\/types\/product"}],"wp:featuredmedia":[{"embeddable":true,"href":"https:\/\/hongwiislaughter.com\/es\/wp-json\/wp\/v2\/media\/311"}],"wp:attachment":[{"href":"https:\/\/hongwiislaughter.com\/es\/wp-json\/wp\/v2\/media?parent=310"}],"wp:term":[{"taxonomy":"product_brand","embeddable":true,"href":"https:\/\/hongwiislaughter.com\/es\/wp-json\/wp\/v2\/product_brand?post=310"},{"taxonomy":"product_cat","embeddable":true,"href":"https:\/\/hongwiislaughter.com\/es\/wp-json\/wp\/v2\/product_cat?post=310"},{"taxonomy":"product_tag","embeddable":true,"href":"https:\/\/hongwiislaughter.com\/es\/wp-json\/wp\/v2\/product_tag?post=310"}],"curies":[{"name":"wp","href":"https:\/\/api.w.org\/{rel}","templated":true}]}}