{"id":303,"date":"2024-10-15T07:52:15","date_gmt":"2024-10-15T07:52:15","guid":{"rendered":"https:\/\/hongwiislaughter.com\/?post_type=product&#038;p=303"},"modified":"2025-04-16T15:11:23","modified_gmt":"2025-04-16T15:11:23","slug":"automatic-carcass-washing-machine","status":"publish","type":"product","link":"https:\/\/hongwiislaughter.com\/es\/product\/automatic-carcass-washing-machine\/","title":{"rendered":"Lavadora autom\u00e1tica de canales"},"content":{"rendered":"","protected":false},"excerpt":{"rendered":"<p>Este equipo se utiliza en el proceso de lavado autom\u00e1tico de la canal bisecada de ganado despu\u00e9s de la divisi\u00f3n. El dispositivo de rociado puede moverse con la canal y lavarla de arriba a abajo para eliminar la carne, los residuos \u00f3seos y la sangre de la superficie de la canal, de modo que la canal pueda mantenerse limpia. Al mismo tiempo, puede bajar la temperatura de la canal y reducir la incidencia de carne PSE. Debe utilizarse junto con un transportador colgante.<br \/>\nInstrucciones:<br \/>\n1. The equipment is driven by a chain driven by a reducer to drive the spraying device for bidirectional movement;<br \/>\nThe opening and closing of the spraying device is controlled by a photoelectric sensor.<br \/>\n2. A variable frequency speed control system can be added according to user requirements.<br \/>\n3. There is also an ordinary carcass spray washing device available.<\/p>","protected":false},"featured_media":305,"template":"","meta":[],"product_brand":[],"product_cat":[16,30],"product_tag":[],"class_list":{"0":"post-303","1":"product","2":"type-product","3":"status-publish","4":"has-post-thumbnail","6":"product_cat-cattle-slaughterhouse","7":"product_cat-cattle-cleaning-system","9":"first","10":"instock","11":"shipping-taxable","12":"product-type-simple"},"yoast_head":"<!-- This site is optimized with the Yoast SEO plugin v24.5 - https:\/\/yoast.com\/wordpress\/plugins\/seo\/ -->\n<title>Automatic carcass washing machine - HongWii Machine<\/title>\n<meta name=\"robots\" content=\"index, follow, max-snippet:-1, max-image-preview:large, max-video-preview:-1\" \/>\n<link rel=\"canonical\" href=\"https:\/\/hongwiislaughter.com\/es\/product\/automatic-carcass-washing-machine\/\" \/>\n<meta property=\"og:locale\" content=\"es_ES\" \/>\n<meta property=\"og:type\" content=\"article\" \/>\n<meta property=\"og:title\" content=\"Automatic carcass washing machine - HongWii Machine\" \/>\n<meta property=\"og:description\" content=\"This equipment is used in the automatic washing process of the bisected carcass of cattle after splitting. The spraying device can move with the carcass and wash it from top to bottom to wash away the meat, bone residue and blood on the surface of the carcass, so that the carcass can be kept clean. At the same time, it can lower the carcass temperature and reduce the incidence of PSE meat. It must be used in conjunction with a hanging conveyor. Instructions: 1. The equipment is driven by a chain driven by a reducer to drive the spraying device for bidirectional movement; The opening and closing of the spraying device is controlled by a photoelectric sensor. 2. A variable frequency speed control system can be added according to user requirements. 3. There is also an ordinary carcass spray washing device available.\" \/>\n<meta property=\"og:url\" content=\"https:\/\/hongwiislaughter.com\/es\/product\/automatic-carcass-washing-machine\/\" \/>\n<meta property=\"og:site_name\" content=\"HongWii Machine\" \/>\n<meta property=\"article:modified_time\" content=\"2025-04-16T15:11:23+00:00\" \/>\n<meta property=\"og:image\" content=\"https:\/\/hongwiislaughter.com\/wp-content\/uploads\/2024\/10\/Automatic-carcass-washing-machine.jpeg\" \/>\n\t<meta property=\"og:image:width\" content=\"1660\" \/>\n\t<meta property=\"og:image:height\" content=\"1660\" \/>\n\t<meta property=\"og:image:type\" content=\"image\/jpeg\" \/>\n<meta name=\"twitter:card\" content=\"summary_large_image\" \/>\n<meta name=\"twitter:label1\" content=\"Tiempo de lectura\" \/>\n\t<meta name=\"twitter:data1\" content=\"1 minuto\" \/>\n<script type=\"application\/ld+json\" class=\"yoast-schema-graph\">{\"@context\":\"https:\/\/schema.org\",\"@graph\":[{\"@type\":\"WebPage\",\"@id\":\"https:\/\/hongwiislaughter.com\/product\/automatic-carcass-washing-machine\/\",\"url\":\"https:\/\/hongwiislaughter.com\/product\/automatic-carcass-washing-machine\/\",\"name\":\"Automatic carcass washing machine - HongWii Machine\",\"isPartOf\":{\"@id\":\"https:\/\/hongwiislaughter.com\/#website\"},\"primaryImageOfPage\":{\"@id\":\"https:\/\/hongwiislaughter.com\/product\/automatic-carcass-washing-machine\/#primaryimage\"},\"image\":{\"@id\":\"https:\/\/hongwiislaughter.com\/product\/automatic-carcass-washing-machine\/#primaryimage\"},\"thumbnailUrl\":\"https:\/\/hongwiislaughter.com\/wp-content\/uploads\/2024\/10\/Automatic-carcass-washing-machine.jpeg\",\"datePublished\":\"2024-10-15T07:52:15+00:00\",\"dateModified\":\"2025-04-16T15:11:23+00:00\",\"breadcrumb\":{\"@id\":\"https:\/\/hongwiislaughter.com\/product\/automatic-carcass-washing-machine\/#breadcrumb\"},\"inLanguage\":\"es\",\"potentialAction\":[{\"@type\":\"ReadAction\",\"target\":[\"https:\/\/hongwiislaughter.com\/product\/automatic-carcass-washing-machine\/\"]}]},{\"@type\":\"ImageObject\",\"inLanguage\":\"es\",\"@id\":\"https:\/\/hongwiislaughter.com\/product\/automatic-carcass-washing-machine\/#primaryimage\",\"url\":\"https:\/\/hongwiislaughter.com\/wp-content\/uploads\/2024\/10\/Automatic-carcass-washing-machine.jpeg\",\"contentUrl\":\"https:\/\/hongwiislaughter.com\/wp-content\/uploads\/2024\/10\/Automatic-carcass-washing-machine.jpeg\",\"width\":1660,\"height\":1660,\"caption\":\"This equipment is used in the automatic washing process of the bisected carcass of cattle after splitting. The spraying device can move with the carcass and wash it from top to bottom to wash away the meat, bone residue and blood on the surface of the carcass, so that the carcass can be kept clean. At the same time, it can lower the carcass temperature and reduce the incidence of PSE meat. It must be used in conjunction with a hanging conveyor.\"},{\"@type\":\"BreadcrumbList\",\"@id\":\"https:\/\/hongwiislaughter.com\/product\/automatic-carcass-washing-machine\/#breadcrumb\",\"itemListElement\":[{\"@type\":\"ListItem\",\"position\":1,\"name\":\"Home\",\"item\":\"https:\/\/hongwiislaughter.com\/home\/\"},{\"@type\":\"ListItem\",\"position\":2,\"name\":\"Products\",\"item\":\"https:\/\/hongwiislaughter.com\/products\/\"},{\"@type\":\"ListItem\",\"position\":3,\"name\":\"Automatic carcass washing machine\"}]},{\"@type\":\"WebSite\",\"@id\":\"https:\/\/hongwiislaughter.com\/#website\",\"url\":\"https:\/\/hongwiislaughter.com\/\",\"name\":\"HongWii Machine\",\"description\":\"\",\"potentialAction\":[{\"@type\":\"SearchAction\",\"target\":{\"@type\":\"EntryPoint\",\"urlTemplate\":\"https:\/\/hongwiislaughter.com\/?s={search_term_string}\"},\"query-input\":{\"@type\":\"PropertyValueSpecification\",\"valueRequired\":true,\"valueName\":\"search_term_string\"}}],\"inLanguage\":\"es\"}]}<\/script>\n<!-- \/ Yoast SEO plugin. -->","yoast_head_json":{"title":"Automatic carcass washing machine - HongWii Machine","robots":{"index":"index","follow":"follow","max-snippet":"max-snippet:-1","max-image-preview":"max-image-preview:large","max-video-preview":"max-video-preview:-1"},"canonical":"https:\/\/hongwiislaughter.com\/es\/product\/automatic-carcass-washing-machine\/","og_locale":"es_ES","og_type":"article","og_title":"Automatic carcass washing machine - HongWii Machine","og_description":"This equipment is used in the automatic washing process of the bisected carcass of cattle after splitting. The spraying device can move with the carcass and wash it from top to bottom to wash away the meat, bone residue and blood on the surface of the carcass, so that the carcass can be kept clean. At the same time, it can lower the carcass temperature and reduce the incidence of PSE meat. It must be used in conjunction with a hanging conveyor. Instructions: 1. The equipment is driven by a chain driven by a reducer to drive the spraying device for bidirectional movement; The opening and closing of the spraying device is controlled by a photoelectric sensor. 2. A variable frequency speed control system can be added according to user requirements. 3. There is also an ordinary carcass spray washing device available.","og_url":"https:\/\/hongwiislaughter.com\/es\/product\/automatic-carcass-washing-machine\/","og_site_name":"HongWii Machine","article_modified_time":"2025-04-16T15:11:23+00:00","og_image":[{"width":1660,"height":1660,"url":"https:\/\/hongwiislaughter.com\/wp-content\/uploads\/2024\/10\/Automatic-carcass-washing-machine.jpeg","type":"image\/jpeg"}],"twitter_card":"summary_large_image","twitter_misc":{"Tiempo de lectura":"1 minuto"},"schema":{"@context":"https:\/\/schema.org","@graph":[{"@type":"WebPage","@id":"https:\/\/hongwiislaughter.com\/product\/automatic-carcass-washing-machine\/","url":"https:\/\/hongwiislaughter.com\/product\/automatic-carcass-washing-machine\/","name":"Automatic carcass washing machine - HongWii Machine","isPartOf":{"@id":"https:\/\/hongwiislaughter.com\/#website"},"primaryImageOfPage":{"@id":"https:\/\/hongwiislaughter.com\/product\/automatic-carcass-washing-machine\/#primaryimage"},"image":{"@id":"https:\/\/hongwiislaughter.com\/product\/automatic-carcass-washing-machine\/#primaryimage"},"thumbnailUrl":"https:\/\/hongwiislaughter.com\/wp-content\/uploads\/2024\/10\/Automatic-carcass-washing-machine.jpeg","datePublished":"2024-10-15T07:52:15+00:00","dateModified":"2025-04-16T15:11:23+00:00","breadcrumb":{"@id":"https:\/\/hongwiislaughter.com\/product\/automatic-carcass-washing-machine\/#breadcrumb"},"inLanguage":"es","potentialAction":[{"@type":"ReadAction","target":["https:\/\/hongwiislaughter.com\/product\/automatic-carcass-washing-machine\/"]}]},{"@type":"ImageObject","inLanguage":"es","@id":"https:\/\/hongwiislaughter.com\/product\/automatic-carcass-washing-machine\/#primaryimage","url":"https:\/\/hongwiislaughter.com\/wp-content\/uploads\/2024\/10\/Automatic-carcass-washing-machine.jpeg","contentUrl":"https:\/\/hongwiislaughter.com\/wp-content\/uploads\/2024\/10\/Automatic-carcass-washing-machine.jpeg","width":1660,"height":1660,"caption":"This equipment is used in the automatic washing process of the bisected carcass of cattle after splitting. The spraying device can move with the carcass and wash it from top to bottom to wash away the meat, bone residue and blood on the surface of the carcass, so that the carcass can be kept clean. At the same time, it can lower the carcass temperature and reduce the incidence of PSE meat. It must be used in conjunction with a hanging conveyor."},{"@type":"BreadcrumbList","@id":"https:\/\/hongwiislaughter.com\/product\/automatic-carcass-washing-machine\/#breadcrumb","itemListElement":[{"@type":"ListItem","position":1,"name":"Home","item":"https:\/\/hongwiislaughter.com\/home\/"},{"@type":"ListItem","position":2,"name":"Products","item":"https:\/\/hongwiislaughter.com\/products\/"},{"@type":"ListItem","position":3,"name":"Automatic carcass washing machine"}]},{"@type":"WebSite","@id":"https:\/\/hongwiislaughter.com\/#website","url":"https:\/\/hongwiislaughter.com\/","name":"M\u00e1quina HongWii","description":"","potentialAction":[{"@type":"SearchAction","target":{"@type":"EntryPoint","urlTemplate":"https:\/\/hongwiislaughter.com\/?s={search_term_string}"},"query-input":{"@type":"PropertyValueSpecification","valueRequired":true,"valueName":"search_term_string"}}],"inLanguage":"es"}]}},"_links":{"self":[{"href":"https:\/\/hongwiislaughter.com\/es\/wp-json\/wp\/v2\/product\/303","targetHints":{"allow":["GET"]}}],"collection":[{"href":"https:\/\/hongwiislaughter.com\/es\/wp-json\/wp\/v2\/product"}],"about":[{"href":"https:\/\/hongwiislaughter.com\/es\/wp-json\/wp\/v2\/types\/product"}],"wp:featuredmedia":[{"embeddable":true,"href":"https:\/\/hongwiislaughter.com\/es\/wp-json\/wp\/v2\/media\/305"}],"wp:attachment":[{"href":"https:\/\/hongwiislaughter.com\/es\/wp-json\/wp\/v2\/media?parent=303"}],"wp:term":[{"taxonomy":"product_brand","embeddable":true,"href":"https:\/\/hongwiislaughter.com\/es\/wp-json\/wp\/v2\/product_brand?post=303"},{"taxonomy":"product_cat","embeddable":true,"href":"https:\/\/hongwiislaughter.com\/es\/wp-json\/wp\/v2\/product_cat?post=303"},{"taxonomy":"product_tag","embeddable":true,"href":"https:\/\/hongwiislaughter.com\/es\/wp-json\/wp\/v2\/product_tag?post=303"}],"curies":[{"name":"wp","href":"https:\/\/api.w.org\/{rel}","templated":true}]}}