{"id":297,"date":"2024-10-14T06:17:57","date_gmt":"2024-10-14T06:17:57","guid":{"rendered":"https:\/\/hongwiislaughter.com\/?post_type=product&#038;p=297"},"modified":"2025-05-08T13:42:55","modified_gmt":"2025-05-08T13:42:55","slug":"sierra-de-dividir-canales","status":"publish","type":"product","link":"https:\/\/hongwiislaughter.com\/es\/product\/sierra-de-dividir-canales\/","title":{"rendered":"Sierra para dividir canales"},"content":{"rendered":"<h2>What is Carcass Splitting Saw?<\/h2>\n<p>The slaughter band saw is an automated carcass splitting device used in meat processing. It conveys carcasses via a conveyor belt to a rotating blade for efficient cutting. Constructed with hygienic stainless steel, adjustable cutting thickness, and safety shields, it significantly enhances slaughter line efficiency while reducing manual labor.<\/p>\n<h2>Types of\u00a0 Carcass Splitting Saw?<\/h2>\n<h3>Belt-Type Carcass Splitting Saw 2680<\/h3>\n<p><img loading=\"lazy\" decoding=\"async\" class=\"alignnone size-medium wp-image-652\" src=\"https:\/\/hongwiislaughter.com\/wp-content\/uploads\/2024\/10\/Belt-Type-Carcass-Splitting-Saw-2680-300x188.jpg\" alt=\"elt-Type Carcass Splitting Saw 2680\" width=\"300\" height=\"188\" srcset=\"https:\/\/hongwiislaughter.com\/wp-content\/uploads\/2024\/10\/Belt-Type-Carcass-Splitting-Saw-2680-300x188.jpg 300w, https:\/\/hongwiislaughter.com\/wp-content\/uploads\/2024\/10\/Belt-Type-Carcass-Splitting-Saw-2680-768x480.jpg 768w, https:\/\/hongwiislaughter.com\/wp-content\/uploads\/2024\/10\/Belt-Type-Carcass-Splitting-Saw-2680-705x441.jpg 705w, https:\/\/hongwiislaughter.com\/wp-content\/uploads\/2024\/10\/Belt-Type-Carcass-Splitting-Saw-2680-450x281.jpg 450w, https:\/\/hongwiislaughter.com\/wp-content\/uploads\/2024\/10\/Belt-Type-Carcass-Splitting-Saw-2680-600x375.jpg 600w, https:\/\/hongwiislaughter.com\/wp-content\/uploads\/2024\/10\/Belt-Type-Carcass-Splitting-Saw-2680.jpg 800w\" sizes=\"auto, (max-width: 300px) 100vw, 300px\" \/><\/p>\n<ul>\n<li>Equipment model: PB-2680<\/li>\n<li>Saw blade length: 2680cm, width 1.9cm, thickness 0.56cm<\/li>\n<li>Total length: 1265cm<\/li>\n<li>Main power supply: 380V, control power supply 36V<\/li>\n<li>Motor power: 1.5kw<\/li>\n<li>Total weight of the machine: 52kg<\/li>\n<li>Front wheel: 175mm, rear wheel: 245mm<\/li>\n<li>Can be accessed through a distance of 52.3cm<\/li>\n<\/ul>\n<h3>Belt-Type Carcass Splitting Saw 2880<\/h3>\n<p><img loading=\"lazy\" decoding=\"async\" class=\"alignnone size-medium wp-image-653\" src=\"https:\/\/hongwiislaughter.com\/wp-content\/uploads\/2024\/10\/Belt-Type-Carcass-Splitting-Saw-2880-300x188.jpg\" alt=\"Belt-Type Carcass Splitting Saw 2880\" width=\"300\" height=\"188\" srcset=\"https:\/\/hongwiislaughter.com\/wp-content\/uploads\/2024\/10\/Belt-Type-Carcass-Splitting-Saw-2880-300x188.jpg 300w, https:\/\/hongwiislaughter.com\/wp-content\/uploads\/2024\/10\/Belt-Type-Carcass-Splitting-Saw-2880-768x480.jpg 768w, https:\/\/hongwiislaughter.com\/wp-content\/uploads\/2024\/10\/Belt-Type-Carcass-Splitting-Saw-2880-705x441.jpg 705w, https:\/\/hongwiislaughter.com\/wp-content\/uploads\/2024\/10\/Belt-Type-Carcass-Splitting-Saw-2880-450x281.jpg 450w, https:\/\/hongwiislaughter.com\/wp-content\/uploads\/2024\/10\/Belt-Type-Carcass-Splitting-Saw-2880-600x375.jpg 600w, https:\/\/hongwiislaughter.com\/wp-content\/uploads\/2024\/10\/Belt-Type-Carcass-Splitting-Saw-2880.jpg 800w\" sizes=\"auto, (max-width: 300px) 100vw, 300px\" \/><\/p>\n<ul>\n<li>Equipment model: PB-2880<\/li>\n<li>Saw blade length: 2880cm, width 1.9cm, thickness 0.56cm<\/li>\n<li>Total length: 1340cm<\/li>\n<li>Main power supply: 380V, control power supply 36V<\/li>\n<li>Motor power: 1.5kw<\/li>\n<li>Total weight of the machine: 64kg,<\/li>\n<li>Front wheel: 245mm, rear wheel: 295mm<\/li>\n<li>Can pass through a distance of 43cm<\/li>\n<\/ul>\n<h3>Belt-Type Carcass Splitting Saw 2980<\/h3>\n<p><img loading=\"lazy\" decoding=\"async\" class=\"alignnone size-medium wp-image-654\" src=\"https:\/\/hongwiislaughter.com\/wp-content\/uploads\/2024\/10\/Belt-Type-Carcass-Splitting-Saw-2980-300x188.jpg\" alt=\"Belt-Type Carcass Splitting Saw 2980\" width=\"300\" height=\"188\" srcset=\"https:\/\/hongwiislaughter.com\/wp-content\/uploads\/2024\/10\/Belt-Type-Carcass-Splitting-Saw-2980-300x188.jpg 300w, https:\/\/hongwiislaughter.com\/wp-content\/uploads\/2024\/10\/Belt-Type-Carcass-Splitting-Saw-2980-768x480.jpg 768w, https:\/\/hongwiislaughter.com\/wp-content\/uploads\/2024\/10\/Belt-Type-Carcass-Splitting-Saw-2980-705x441.jpg 705w, https:\/\/hongwiislaughter.com\/wp-content\/uploads\/2024\/10\/Belt-Type-Carcass-Splitting-Saw-2980-450x281.jpg 450w, https:\/\/hongwiislaughter.com\/wp-content\/uploads\/2024\/10\/Belt-Type-Carcass-Splitting-Saw-2980-600x375.jpg 600w, https:\/\/hongwiislaughter.com\/wp-content\/uploads\/2024\/10\/Belt-Type-Carcass-Splitting-Saw-2980.jpg 800w\" sizes=\"auto, (max-width: 300px) 100vw, 300px\" \/><\/p>\n<ul>\n<li>Equipment model: PB-2980<\/li>\n<li>Blade length: 2980cm, width: 1.9cm, thickness: 0.56cm<\/li>\n<li>Total length: 1415cm<\/li>\n<li>Main power supply: 380v, control power supply 36v, motor 1.5kw three-phase power<\/li>\n<li>Total weight of the machine: 56kg,<\/li>\n<li>Front wheel: 175mm, rear wheel: 245mm<\/li>\n<li>Distance available: 67.3cm<\/li>\n<\/ul>\n<p><strong>Features\uff1a<\/strong><\/p>\n<ul>\n<li>Efficient automation<\/li>\n<li>Health and safety design<\/li>\n<li>Adjustable and Protective<\/li>\n<\/ul>","protected":false},"excerpt":{"rendered":"<p><strong>Split half saw<\/strong> accurately cuts livestock carcasses, reduces meat foam loss, runs smoothly without maintenance, adapts to multiple models and provides lifelong service, making it an ideal choice for efficient operations in slaughterhouses<\/p>\n<p>Esta sierra puede dividir la canal eviscerada en dos canales a lo largo de la l\u00ednea media del lomo. Se maneja con la mano. La sierra tiene una alta eficiencia en la divisi\u00f3n y baja p\u00e9rdida de hueso y carne. Es adecuada para mataderos grandes y medianos. Debe utilizarse junto con un equilibrador, un dispositivo de desinfecci\u00f3n de la sierra de media separaci\u00f3n y una plataforma de elevaci\u00f3n neum\u00e1tica.<\/p>","protected":false},"featured_media":298,"template":"","meta":[],"product_brand":[],"product_cat":[16],"product_tag":[],"class_list":{"0":"post-297","1":"product","2":"type-product","3":"status-publish","4":"has-post-thumbnail","6":"product_cat-cattle-slaughterhouse","8":"first","9":"instock","10":"shipping-taxable","11":"product-type-simple"},"yoast_head":"<!-- This site is optimized with the Yoast SEO plugin v24.5 - https:\/\/yoast.com\/wordpress\/plugins\/seo\/ -->\n<title>Carcass Splitting Saw - HongWii Machine<\/title>\n<meta name=\"robots\" content=\"index, follow, max-snippet:-1, max-image-preview:large, max-video-preview:-1\" \/>\n<link rel=\"canonical\" href=\"https:\/\/hongwiislaughter.com\/es\/product\/sierra-de-dividir-canales\/\" \/>\n<meta property=\"og:locale\" content=\"es_ES\" \/>\n<meta property=\"og:type\" content=\"article\" \/>\n<meta property=\"og:title\" content=\"Carcass Splitting Saw - HongWii Machine\" \/>\n<meta property=\"og:description\" content=\"Split half saw accurately cuts livestock carcasses, reduces meat foam loss, runs smoothly without maintenance, adapts to multiple models and provides lifelong service, making it an ideal choice for efficient operations in slaughterhouses  This saw can split the eviscerated carcass into two carcasses along the midline of the back. It is hand-held and operated. The saw has high efficiency in splitting and low bone and meat loss. It is suitable for large and medium-sized slaughterhouses. It must be used in conjunction with a balancer, a half-splitting saw disinfection device, and a pneumatic lifting platform.\" \/>\n<meta property=\"og:url\" content=\"https:\/\/hongwiislaughter.com\/es\/product\/sierra-de-dividir-canales\/\" \/>\n<meta property=\"og:site_name\" content=\"HongWii Machine\" \/>\n<meta property=\"article:modified_time\" content=\"2025-05-08T13:42:55+00:00\" \/>\n<meta property=\"og:image\" content=\"https:\/\/hongwiislaughter.com\/wp-content\/uploads\/2024\/10\/Belt-type-carcass-half-splitting-saw.jpeg\" \/>\n\t<meta property=\"og:image:width\" content=\"1892\" \/>\n\t<meta property=\"og:image:height\" content=\"1892\" \/>\n\t<meta property=\"og:image:type\" content=\"image\/jpeg\" \/>\n<meta name=\"twitter:card\" content=\"summary_large_image\" \/>\n<meta name=\"twitter:label1\" content=\"Tiempo de lectura\" \/>\n\t<meta name=\"twitter:data1\" content=\"2 minutos\" \/>\n<script type=\"application\/ld+json\" class=\"yoast-schema-graph\">{\"@context\":\"https:\/\/schema.org\",\"@graph\":[{\"@type\":\"WebPage\",\"@id\":\"https:\/\/hongwiislaughter.com\/product\/carcass-splitting-saw\/\",\"url\":\"https:\/\/hongwiislaughter.com\/product\/carcass-splitting-saw\/\",\"name\":\"Carcass Splitting Saw - HongWii Machine\",\"isPartOf\":{\"@id\":\"https:\/\/hongwiislaughter.com\/#website\"},\"primaryImageOfPage\":{\"@id\":\"https:\/\/hongwiislaughter.com\/product\/carcass-splitting-saw\/#primaryimage\"},\"image\":{\"@id\":\"https:\/\/hongwiislaughter.com\/product\/carcass-splitting-saw\/#primaryimage\"},\"thumbnailUrl\":\"https:\/\/hongwiislaughter.com\/wp-content\/uploads\/2024\/10\/Belt-type-carcass-half-splitting-saw.jpeg\",\"datePublished\":\"2024-10-14T06:17:57+00:00\",\"dateModified\":\"2025-05-08T13:42:55+00:00\",\"breadcrumb\":{\"@id\":\"https:\/\/hongwiislaughter.com\/product\/carcass-splitting-saw\/#breadcrumb\"},\"inLanguage\":\"es\",\"potentialAction\":[{\"@type\":\"ReadAction\",\"target\":[\"https:\/\/hongwiislaughter.com\/product\/carcass-splitting-saw\/\"]}]},{\"@type\":\"ImageObject\",\"inLanguage\":\"es\",\"@id\":\"https:\/\/hongwiislaughter.com\/product\/carcass-splitting-saw\/#primaryimage\",\"url\":\"https:\/\/hongwiislaughter.com\/wp-content\/uploads\/2024\/10\/Belt-type-carcass-half-splitting-saw.jpeg\",\"contentUrl\":\"https:\/\/hongwiislaughter.com\/wp-content\/uploads\/2024\/10\/Belt-type-carcass-half-splitting-saw.jpeg\",\"width\":1892,\"height\":1892,\"caption\":\"This saw can split the eviscerated carcass into two carcasses along the midline of the back. It is hand-held and operated. The saw has high efficiency in splitting and low bone and meat loss. It is suitable for large and medium-sized slaughterhouses. It must be used in conjunction with a balancer, a half-splitting saw disinfection device, and a pneumatic lifting platform.\"},{\"@type\":\"BreadcrumbList\",\"@id\":\"https:\/\/hongwiislaughter.com\/product\/carcass-splitting-saw\/#breadcrumb\",\"itemListElement\":[{\"@type\":\"ListItem\",\"position\":1,\"name\":\"Home\",\"item\":\"https:\/\/hongwiislaughter.com\/home\/\"},{\"@type\":\"ListItem\",\"position\":2,\"name\":\"Products\",\"item\":\"https:\/\/hongwiislaughter.com\/products\/\"},{\"@type\":\"ListItem\",\"position\":3,\"name\":\"Carcass Splitting Saw\"}]},{\"@type\":\"WebSite\",\"@id\":\"https:\/\/hongwiislaughter.com\/#website\",\"url\":\"https:\/\/hongwiislaughter.com\/\",\"name\":\"HongWii Machine\",\"description\":\"\",\"potentialAction\":[{\"@type\":\"SearchAction\",\"target\":{\"@type\":\"EntryPoint\",\"urlTemplate\":\"https:\/\/hongwiislaughter.com\/?s={search_term_string}\"},\"query-input\":{\"@type\":\"PropertyValueSpecification\",\"valueRequired\":true,\"valueName\":\"search_term_string\"}}],\"inLanguage\":\"es\"}]}<\/script>\n<!-- \/ Yoast SEO plugin. -->","yoast_head_json":{"title":"Carcass Splitting Saw - HongWii Machine","robots":{"index":"index","follow":"follow","max-snippet":"max-snippet:-1","max-image-preview":"max-image-preview:large","max-video-preview":"max-video-preview:-1"},"canonical":"https:\/\/hongwiislaughter.com\/es\/product\/sierra-de-dividir-canales\/","og_locale":"es_ES","og_type":"article","og_title":"Carcass Splitting Saw - HongWii Machine","og_description":"Split half saw accurately cuts livestock carcasses, reduces meat foam loss, runs smoothly without maintenance, adapts to multiple models and provides lifelong service, making it an ideal choice for efficient operations in slaughterhouses  This saw can split the eviscerated carcass into two carcasses along the midline of the back. It is hand-held and operated. The saw has high efficiency in splitting and low bone and meat loss. It is suitable for large and medium-sized slaughterhouses. It must be used in conjunction with a balancer, a half-splitting saw disinfection device, and a pneumatic lifting platform.","og_url":"https:\/\/hongwiislaughter.com\/es\/product\/sierra-de-dividir-canales\/","og_site_name":"HongWii Machine","article_modified_time":"2025-05-08T13:42:55+00:00","og_image":[{"width":1892,"height":1892,"url":"https:\/\/hongwiislaughter.com\/wp-content\/uploads\/2024\/10\/Belt-type-carcass-half-splitting-saw.jpeg","type":"image\/jpeg"}],"twitter_card":"summary_large_image","twitter_misc":{"Tiempo de lectura":"2 minutos"},"schema":{"@context":"https:\/\/schema.org","@graph":[{"@type":"WebPage","@id":"https:\/\/hongwiislaughter.com\/product\/carcass-splitting-saw\/","url":"https:\/\/hongwiislaughter.com\/product\/carcass-splitting-saw\/","name":"Carcass Splitting Saw - HongWii Machine","isPartOf":{"@id":"https:\/\/hongwiislaughter.com\/#website"},"primaryImageOfPage":{"@id":"https:\/\/hongwiislaughter.com\/product\/carcass-splitting-saw\/#primaryimage"},"image":{"@id":"https:\/\/hongwiislaughter.com\/product\/carcass-splitting-saw\/#primaryimage"},"thumbnailUrl":"https:\/\/hongwiislaughter.com\/wp-content\/uploads\/2024\/10\/Belt-type-carcass-half-splitting-saw.jpeg","datePublished":"2024-10-14T06:17:57+00:00","dateModified":"2025-05-08T13:42:55+00:00","breadcrumb":{"@id":"https:\/\/hongwiislaughter.com\/product\/carcass-splitting-saw\/#breadcrumb"},"inLanguage":"es","potentialAction":[{"@type":"ReadAction","target":["https:\/\/hongwiislaughter.com\/product\/carcass-splitting-saw\/"]}]},{"@type":"ImageObject","inLanguage":"es","@id":"https:\/\/hongwiislaughter.com\/product\/carcass-splitting-saw\/#primaryimage","url":"https:\/\/hongwiislaughter.com\/wp-content\/uploads\/2024\/10\/Belt-type-carcass-half-splitting-saw.jpeg","contentUrl":"https:\/\/hongwiislaughter.com\/wp-content\/uploads\/2024\/10\/Belt-type-carcass-half-splitting-saw.jpeg","width":1892,"height":1892,"caption":"This saw can split the eviscerated carcass into two carcasses along the midline of the back. It is hand-held and operated. The saw has high efficiency in splitting and low bone and meat loss. It is suitable for large and medium-sized slaughterhouses. It must be used in conjunction with a balancer, a half-splitting saw disinfection device, and a pneumatic lifting platform."},{"@type":"BreadcrumbList","@id":"https:\/\/hongwiislaughter.com\/product\/carcass-splitting-saw\/#breadcrumb","itemListElement":[{"@type":"ListItem","position":1,"name":"Home","item":"https:\/\/hongwiislaughter.com\/home\/"},{"@type":"ListItem","position":2,"name":"Products","item":"https:\/\/hongwiislaughter.com\/products\/"},{"@type":"ListItem","position":3,"name":"Carcass Splitting Saw"}]},{"@type":"WebSite","@id":"https:\/\/hongwiislaughter.com\/#website","url":"https:\/\/hongwiislaughter.com\/","name":"M\u00e1quina HongWii","description":"","potentialAction":[{"@type":"SearchAction","target":{"@type":"EntryPoint","urlTemplate":"https:\/\/hongwiislaughter.com\/?s={search_term_string}"},"query-input":{"@type":"PropertyValueSpecification","valueRequired":true,"valueName":"search_term_string"}}],"inLanguage":"es"}]}},"_links":{"self":[{"href":"https:\/\/hongwiislaughter.com\/es\/wp-json\/wp\/v2\/product\/297","targetHints":{"allow":["GET"]}}],"collection":[{"href":"https:\/\/hongwiislaughter.com\/es\/wp-json\/wp\/v2\/product"}],"about":[{"href":"https:\/\/hongwiislaughter.com\/es\/wp-json\/wp\/v2\/types\/product"}],"wp:featuredmedia":[{"embeddable":true,"href":"https:\/\/hongwiislaughter.com\/es\/wp-json\/wp\/v2\/media\/298"}],"wp:attachment":[{"href":"https:\/\/hongwiislaughter.com\/es\/wp-json\/wp\/v2\/media?parent=297"}],"wp:term":[{"taxonomy":"product_brand","embeddable":true,"href":"https:\/\/hongwiislaughter.com\/es\/wp-json\/wp\/v2\/product_brand?post=297"},{"taxonomy":"product_cat","embeddable":true,"href":"https:\/\/hongwiislaughter.com\/es\/wp-json\/wp\/v2\/product_cat?post=297"},{"taxonomy":"product_tag","embeddable":true,"href":"https:\/\/hongwiislaughter.com\/es\/wp-json\/wp\/v2\/product_tag?post=297"}],"curies":[{"name":"wp","href":"https:\/\/api.w.org\/{rel}","templated":true}]}}