{"id":294,"date":"2024-10-14T03:08:35","date_gmt":"2024-10-14T03:08:35","guid":{"rendered":"https:\/\/hongwiislaughter.com\/?post_type=product&#038;p=294"},"modified":"2024-10-14T03:08:35","modified_gmt":"2024-10-14T03:08:35","slug":"offals-synchronous-checking-overhead-conveyor-traditional-integrated","status":"publish","type":"product","link":"https:\/\/hongwiislaughter.com\/es\/product\/offals-synchronous-checking-overhead-conveyor-traditional-integrated\/","title":{"rendered":"Transportador a\u00e9reo de control s\u00edncrono Offals [tradicional , integrado]."},"content":{"rendered":"","protected":false},"excerpt":{"rendered":"<p>Este equipo es paralelo al transportador de procesamiento de canales paso a paso. Se utiliza para recibir y transportar las v\u00edsceras rojas y blancas del ganado, de modo que los inspectores puedan comparar e inspeccionar las v\u00edsceras rojas, las v\u00edsceras blancas y las canales en funcionamiento sincr\u00f3nico. Es adecuado para plantas de sacrificio y procesamiento grandes y medianas.<br \/>\nDescripci\u00f3n:<br \/>\n1. The conveyor chain is equipped with large and small trays (red and white viscera are packaged separately) and an automatic tray turning device is installed; the end of the equipment needs to be equipped with red and white viscera receiving chutes.<br \/>\n2. The frequency conversion speed regulation system can be added according to user requirements.<\/p>\n<p>&nbsp;<\/p>","protected":false},"featured_media":295,"template":"","meta":[],"product_brand":[],"product_cat":[16],"product_tag":[],"class_list":{"0":"post-294","1":"product","2":"type-product","3":"status-publish","4":"has-post-thumbnail","6":"product_cat-cattle-slaughterhouse","8":"first","9":"instock","10":"shipping-taxable","11":"product-type-simple"},"yoast_head":"<!-- This site is optimized with the Yoast SEO plugin v24.5 - https:\/\/yoast.com\/wordpress\/plugins\/seo\/ -->\n<title>Offals synchronous checking overhead conveyor [traditional , integrated] - HongWii Machine<\/title>\n<meta name=\"robots\" content=\"index, follow, max-snippet:-1, max-image-preview:large, max-video-preview:-1\" \/>\n<link rel=\"canonical\" href=\"https:\/\/hongwiislaughter.com\/es\/product\/offals-synchronous-checking-overhead-conveyor-traditional-integrated\/\" \/>\n<meta property=\"og:locale\" content=\"es_ES\" \/>\n<meta property=\"og:type\" content=\"article\" \/>\n<meta property=\"og:title\" content=\"Offals synchronous checking overhead conveyor [traditional , integrated] - HongWii Machine\" \/>\n<meta property=\"og:description\" content=\"This equipment is parallel to the step-by-step carcass processing conveyor. It is used to receive and convey the red and white viscera of cattle, so that the inspectors can compare and inspect the red viscera, white viscera and carcasses in synchronous operation. It is suitable for large and medium-sized slaughtering and processing plants. Description: 1. The conveyor chain is equipped with large and small trays (red and white viscera are packaged separately) and an automatic tray turning device is installed; the end of the equipment needs to be equipped with red and white viscera receiving chutes. 2. The frequency conversion speed regulation system can be added according to user requirements.  &nbsp;\" \/>\n<meta property=\"og:url\" content=\"https:\/\/hongwiislaughter.com\/es\/product\/offals-synchronous-checking-overhead-conveyor-traditional-integrated\/\" \/>\n<meta property=\"og:site_name\" content=\"HongWii Machine\" \/>\n<meta property=\"og:image\" content=\"https:\/\/hongwiislaughter.com\/wp-content\/uploads\/2024\/10\/Offals-synchronous-checking-overhead-conveyor.jpeg\" \/>\n\t<meta property=\"og:image:width\" content=\"1432\" \/>\n\t<meta property=\"og:image:height\" content=\"1432\" \/>\n\t<meta property=\"og:image:type\" content=\"image\/jpeg\" \/>\n<meta name=\"twitter:card\" content=\"summary_large_image\" \/>\n<script type=\"application\/ld+json\" class=\"yoast-schema-graph\">{\"@context\":\"https:\/\/schema.org\",\"@graph\":[{\"@type\":\"WebPage\",\"@id\":\"https:\/\/hongwiislaughter.com\/product\/offals-synchronous-checking-overhead-conveyor-traditional-integrated\/\",\"url\":\"https:\/\/hongwiislaughter.com\/product\/offals-synchronous-checking-overhead-conveyor-traditional-integrated\/\",\"name\":\"Offals synchronous checking overhead conveyor [traditional , integrated] - HongWii Machine\",\"isPartOf\":{\"@id\":\"https:\/\/hongwiislaughter.com\/#website\"},\"primaryImageOfPage\":{\"@id\":\"https:\/\/hongwiislaughter.com\/product\/offals-synchronous-checking-overhead-conveyor-traditional-integrated\/#primaryimage\"},\"image\":{\"@id\":\"https:\/\/hongwiislaughter.com\/product\/offals-synchronous-checking-overhead-conveyor-traditional-integrated\/#primaryimage\"},\"thumbnailUrl\":\"https:\/\/hongwiislaughter.com\/wp-content\/uploads\/2024\/10\/Offals-synchronous-checking-overhead-conveyor.jpeg\",\"datePublished\":\"2024-10-14T03:08:35+00:00\",\"breadcrumb\":{\"@id\":\"https:\/\/hongwiislaughter.com\/product\/offals-synchronous-checking-overhead-conveyor-traditional-integrated\/#breadcrumb\"},\"inLanguage\":\"es\",\"potentialAction\":[{\"@type\":\"ReadAction\",\"target\":[\"https:\/\/hongwiislaughter.com\/product\/offals-synchronous-checking-overhead-conveyor-traditional-integrated\/\"]}]},{\"@type\":\"ImageObject\",\"inLanguage\":\"es\",\"@id\":\"https:\/\/hongwiislaughter.com\/product\/offals-synchronous-checking-overhead-conveyor-traditional-integrated\/#primaryimage\",\"url\":\"https:\/\/hongwiislaughter.com\/wp-content\/uploads\/2024\/10\/Offals-synchronous-checking-overhead-conveyor.jpeg\",\"contentUrl\":\"https:\/\/hongwiislaughter.com\/wp-content\/uploads\/2024\/10\/Offals-synchronous-checking-overhead-conveyor.jpeg\",\"width\":1432,\"height\":1432,\"caption\":\"This equipment is parallel to the step-by-step carcass processing conveyor. It is used to receive and convey the red and white viscera of cattle, so that the inspectors can compare and inspect the red viscera, white viscera and carcasses in synchronous operation. It is suitable for large and medium-sized slaughtering and processing plants.\"},{\"@type\":\"BreadcrumbList\",\"@id\":\"https:\/\/hongwiislaughter.com\/product\/offals-synchronous-checking-overhead-conveyor-traditional-integrated\/#breadcrumb\",\"itemListElement\":[{\"@type\":\"ListItem\",\"position\":1,\"name\":\"Home\",\"item\":\"https:\/\/hongwiislaughter.com\/home\/\"},{\"@type\":\"ListItem\",\"position\":2,\"name\":\"Products\",\"item\":\"https:\/\/hongwiislaughter.com\/products\/\"},{\"@type\":\"ListItem\",\"position\":3,\"name\":\"Offals synchronous checking overhead conveyor [traditional , integrated]\"}]},{\"@type\":\"WebSite\",\"@id\":\"https:\/\/hongwiislaughter.com\/#website\",\"url\":\"https:\/\/hongwiislaughter.com\/\",\"name\":\"HongWii Machine\",\"description\":\"\",\"potentialAction\":[{\"@type\":\"SearchAction\",\"target\":{\"@type\":\"EntryPoint\",\"urlTemplate\":\"https:\/\/hongwiislaughter.com\/?s={search_term_string}\"},\"query-input\":{\"@type\":\"PropertyValueSpecification\",\"valueRequired\":true,\"valueName\":\"search_term_string\"}}],\"inLanguage\":\"es\"}]}<\/script>\n<!-- \/ Yoast SEO plugin. -->","yoast_head_json":{"title":"Offals synchronous checking overhead conveyor [traditional , integrated] - HongWii Machine","robots":{"index":"index","follow":"follow","max-snippet":"max-snippet:-1","max-image-preview":"max-image-preview:large","max-video-preview":"max-video-preview:-1"},"canonical":"https:\/\/hongwiislaughter.com\/es\/product\/offals-synchronous-checking-overhead-conveyor-traditional-integrated\/","og_locale":"es_ES","og_type":"article","og_title":"Offals synchronous checking overhead conveyor [traditional , integrated] - HongWii Machine","og_description":"This equipment is parallel to the step-by-step carcass processing conveyor. It is used to receive and convey the red and white viscera of cattle, so that the inspectors can compare and inspect the red viscera, white viscera and carcasses in synchronous operation. It is suitable for large and medium-sized slaughtering and processing plants. Description: 1. The conveyor chain is equipped with large and small trays (red and white viscera are packaged separately) and an automatic tray turning device is installed; the end of the equipment needs to be equipped with red and white viscera receiving chutes. 2. The frequency conversion speed regulation system can be added according to user requirements.  &nbsp;","og_url":"https:\/\/hongwiislaughter.com\/es\/product\/offals-synchronous-checking-overhead-conveyor-traditional-integrated\/","og_site_name":"HongWii Machine","og_image":[{"width":1432,"height":1432,"url":"https:\/\/hongwiislaughter.com\/wp-content\/uploads\/2024\/10\/Offals-synchronous-checking-overhead-conveyor.jpeg","type":"image\/jpeg"}],"twitter_card":"summary_large_image","schema":{"@context":"https:\/\/schema.org","@graph":[{"@type":"WebPage","@id":"https:\/\/hongwiislaughter.com\/product\/offals-synchronous-checking-overhead-conveyor-traditional-integrated\/","url":"https:\/\/hongwiislaughter.com\/product\/offals-synchronous-checking-overhead-conveyor-traditional-integrated\/","name":"Offals synchronous checking overhead conveyor [traditional , integrated] - HongWii Machine","isPartOf":{"@id":"https:\/\/hongwiislaughter.com\/#website"},"primaryImageOfPage":{"@id":"https:\/\/hongwiislaughter.com\/product\/offals-synchronous-checking-overhead-conveyor-traditional-integrated\/#primaryimage"},"image":{"@id":"https:\/\/hongwiislaughter.com\/product\/offals-synchronous-checking-overhead-conveyor-traditional-integrated\/#primaryimage"},"thumbnailUrl":"https:\/\/hongwiislaughter.com\/wp-content\/uploads\/2024\/10\/Offals-synchronous-checking-overhead-conveyor.jpeg","datePublished":"2024-10-14T03:08:35+00:00","breadcrumb":{"@id":"https:\/\/hongwiislaughter.com\/product\/offals-synchronous-checking-overhead-conveyor-traditional-integrated\/#breadcrumb"},"inLanguage":"es","potentialAction":[{"@type":"ReadAction","target":["https:\/\/hongwiislaughter.com\/product\/offals-synchronous-checking-overhead-conveyor-traditional-integrated\/"]}]},{"@type":"ImageObject","inLanguage":"es","@id":"https:\/\/hongwiislaughter.com\/product\/offals-synchronous-checking-overhead-conveyor-traditional-integrated\/#primaryimage","url":"https:\/\/hongwiislaughter.com\/wp-content\/uploads\/2024\/10\/Offals-synchronous-checking-overhead-conveyor.jpeg","contentUrl":"https:\/\/hongwiislaughter.com\/wp-content\/uploads\/2024\/10\/Offals-synchronous-checking-overhead-conveyor.jpeg","width":1432,"height":1432,"caption":"This equipment is parallel to the step-by-step carcass processing conveyor. It is used to receive and convey the red and white viscera of cattle, so that the inspectors can compare and inspect the red viscera, white viscera and carcasses in synchronous operation. It is suitable for large and medium-sized slaughtering and processing plants."},{"@type":"BreadcrumbList","@id":"https:\/\/hongwiislaughter.com\/product\/offals-synchronous-checking-overhead-conveyor-traditional-integrated\/#breadcrumb","itemListElement":[{"@type":"ListItem","position":1,"name":"Home","item":"https:\/\/hongwiislaughter.com\/home\/"},{"@type":"ListItem","position":2,"name":"Products","item":"https:\/\/hongwiislaughter.com\/products\/"},{"@type":"ListItem","position":3,"name":"Offals synchronous checking overhead conveyor [traditional , integrated]"}]},{"@type":"WebSite","@id":"https:\/\/hongwiislaughter.com\/#website","url":"https:\/\/hongwiislaughter.com\/","name":"M\u00e1quina HongWii","description":"","potentialAction":[{"@type":"SearchAction","target":{"@type":"EntryPoint","urlTemplate":"https:\/\/hongwiislaughter.com\/?s={search_term_string}"},"query-input":{"@type":"PropertyValueSpecification","valueRequired":true,"valueName":"search_term_string"}}],"inLanguage":"es"}]}},"_links":{"self":[{"href":"https:\/\/hongwiislaughter.com\/es\/wp-json\/wp\/v2\/product\/294","targetHints":{"allow":["GET"]}}],"collection":[{"href":"https:\/\/hongwiislaughter.com\/es\/wp-json\/wp\/v2\/product"}],"about":[{"href":"https:\/\/hongwiislaughter.com\/es\/wp-json\/wp\/v2\/types\/product"}],"wp:featuredmedia":[{"embeddable":true,"href":"https:\/\/hongwiislaughter.com\/es\/wp-json\/wp\/v2\/media\/295"}],"wp:attachment":[{"href":"https:\/\/hongwiislaughter.com\/es\/wp-json\/wp\/v2\/media?parent=294"}],"wp:term":[{"taxonomy":"product_brand","embeddable":true,"href":"https:\/\/hongwiislaughter.com\/es\/wp-json\/wp\/v2\/product_brand?post=294"},{"taxonomy":"product_cat","embeddable":true,"href":"https:\/\/hongwiislaughter.com\/es\/wp-json\/wp\/v2\/product_cat?post=294"},{"taxonomy":"product_tag","embeddable":true,"href":"https:\/\/hongwiislaughter.com\/es\/wp-json\/wp\/v2\/product_tag?post=294"}],"curies":[{"name":"wp","href":"https:\/\/api.w.org\/{rel}","templated":true}]}}