{"id":272,"date":"2024-10-05T05:12:10","date_gmt":"2024-10-05T05:12:10","guid":{"rendered":"https:\/\/hongwiislaughter.com\/?post_type=product&#038;p=272"},"modified":"2024-10-05T05:12:10","modified_gmt":"2024-10-05T05:12:10","slug":"bracing-legs-device","status":"publish","type":"product","link":"https:\/\/hongwiislaughter.com\/es\/product\/bracing-legs-device\/","title":{"rendered":"Dispositivo de patas arriostradas"},"content":{"rendered":"","protected":false},"excerpt":{"rendered":"<p>Este dispositivo se instala en la l\u00ednea de procesamiento de canales de empuje manual para separar las dos patas traseras de la vaca y facilitar la operaci\u00f3n de arrancar la piel y partirla por la mitad. Es adecuado para peque\u00f1as plantas de sacrificio y procesamiento.<\/p>","protected":false},"featured_media":273,"template":"","meta":[],"product_brand":[],"product_cat":[16],"product_tag":[],"class_list":{"0":"post-272","1":"product","2":"type-product","3":"status-publish","4":"has-post-thumbnail","6":"product_cat-cattle-slaughterhouse","8":"first","9":"instock","10":"shipping-taxable","11":"product-type-simple"},"yoast_head":"<!-- This site is optimized with the Yoast SEO plugin v24.5 - https:\/\/yoast.com\/wordpress\/plugins\/seo\/ -->\n<title>Bracing legs device - HongWii Machine<\/title>\n<meta name=\"robots\" content=\"index, follow, max-snippet:-1, max-image-preview:large, max-video-preview:-1\" \/>\n<link rel=\"canonical\" href=\"https:\/\/hongwiislaughter.com\/es\/product\/bracing-legs-device\/\" \/>\n<meta property=\"og:locale\" content=\"es_ES\" \/>\n<meta property=\"og:type\" content=\"article\" \/>\n<meta property=\"og:title\" content=\"Bracing legs device - HongWii Machine\" \/>\n<meta property=\"og:description\" content=\"This device is installed on the hand-push carcass processing line to spread the two hind legs of the cow to facilitate the operation of pulling the skin and splitting in half. It is suitable for small slaughtering and processing plants.\" \/>\n<meta property=\"og:url\" content=\"https:\/\/hongwiislaughter.com\/es\/product\/bracing-legs-device\/\" \/>\n<meta property=\"og:site_name\" content=\"HongWii Machine\" \/>\n<meta property=\"og:image\" content=\"https:\/\/hongwiislaughter.com\/wp-content\/uploads\/2024\/10\/Bracing-legs-device-scaled.jpeg\" \/>\n\t<meta property=\"og:image:width\" content=\"2560\" \/>\n\t<meta property=\"og:image:height\" content=\"2560\" \/>\n\t<meta property=\"og:image:type\" content=\"image\/jpeg\" \/>\n<meta name=\"twitter:card\" content=\"summary_large_image\" \/>\n<script type=\"application\/ld+json\" class=\"yoast-schema-graph\">{\"@context\":\"https:\/\/schema.org\",\"@graph\":[{\"@type\":\"WebPage\",\"@id\":\"https:\/\/hongwiislaughter.com\/product\/bracing-legs-device\/\",\"url\":\"https:\/\/hongwiislaughter.com\/product\/bracing-legs-device\/\",\"name\":\"Bracing legs device - HongWii Machine\",\"isPartOf\":{\"@id\":\"https:\/\/hongwiislaughter.com\/#website\"},\"primaryImageOfPage\":{\"@id\":\"https:\/\/hongwiislaughter.com\/product\/bracing-legs-device\/#primaryimage\"},\"image\":{\"@id\":\"https:\/\/hongwiislaughter.com\/product\/bracing-legs-device\/#primaryimage\"},\"thumbnailUrl\":\"https:\/\/hongwiislaughter.com\/wp-content\/uploads\/2024\/10\/Bracing-legs-device-scaled.jpeg\",\"datePublished\":\"2024-10-05T05:12:10+00:00\",\"breadcrumb\":{\"@id\":\"https:\/\/hongwiislaughter.com\/product\/bracing-legs-device\/#breadcrumb\"},\"inLanguage\":\"es\",\"potentialAction\":[{\"@type\":\"ReadAction\",\"target\":[\"https:\/\/hongwiislaughter.com\/product\/bracing-legs-device\/\"]}]},{\"@type\":\"ImageObject\",\"inLanguage\":\"es\",\"@id\":\"https:\/\/hongwiislaughter.com\/product\/bracing-legs-device\/#primaryimage\",\"url\":\"https:\/\/hongwiislaughter.com\/wp-content\/uploads\/2024\/10\/Bracing-legs-device-scaled.jpeg\",\"contentUrl\":\"https:\/\/hongwiislaughter.com\/wp-content\/uploads\/2024\/10\/Bracing-legs-device-scaled.jpeg\",\"width\":2560,\"height\":2560,\"caption\":\"This device is installed on the hand-push carcass processing line to spread the two hind legs of the cow to facilitate the operation of pulling the skin and splitting in half. It is suitable for small slaughtering and processing plants.\"},{\"@type\":\"BreadcrumbList\",\"@id\":\"https:\/\/hongwiislaughter.com\/product\/bracing-legs-device\/#breadcrumb\",\"itemListElement\":[{\"@type\":\"ListItem\",\"position\":1,\"name\":\"Home\",\"item\":\"https:\/\/hongwiislaughter.com\/home\/\"},{\"@type\":\"ListItem\",\"position\":2,\"name\":\"Products\",\"item\":\"https:\/\/hongwiislaughter.com\/products\/\"},{\"@type\":\"ListItem\",\"position\":3,\"name\":\"Bracing legs device\"}]},{\"@type\":\"WebSite\",\"@id\":\"https:\/\/hongwiislaughter.com\/#website\",\"url\":\"https:\/\/hongwiislaughter.com\/\",\"name\":\"HongWii Machine\",\"description\":\"\",\"potentialAction\":[{\"@type\":\"SearchAction\",\"target\":{\"@type\":\"EntryPoint\",\"urlTemplate\":\"https:\/\/hongwiislaughter.com\/?s={search_term_string}\"},\"query-input\":{\"@type\":\"PropertyValueSpecification\",\"valueRequired\":true,\"valueName\":\"search_term_string\"}}],\"inLanguage\":\"es\"}]}<\/script>\n<!-- \/ Yoast SEO plugin. -->","yoast_head_json":{"title":"Bracing legs device - HongWii Machine","robots":{"index":"index","follow":"follow","max-snippet":"max-snippet:-1","max-image-preview":"max-image-preview:large","max-video-preview":"max-video-preview:-1"},"canonical":"https:\/\/hongwiislaughter.com\/es\/product\/bracing-legs-device\/","og_locale":"es_ES","og_type":"article","og_title":"Bracing legs device - HongWii Machine","og_description":"This device is installed on the hand-push carcass processing line to spread the two hind legs of the cow to facilitate the operation of pulling the skin and splitting in half. It is suitable for small slaughtering and processing plants.","og_url":"https:\/\/hongwiislaughter.com\/es\/product\/bracing-legs-device\/","og_site_name":"HongWii Machine","og_image":[{"width":2560,"height":2560,"url":"https:\/\/hongwiislaughter.com\/wp-content\/uploads\/2024\/10\/Bracing-legs-device-scaled.jpeg","type":"image\/jpeg"}],"twitter_card":"summary_large_image","schema":{"@context":"https:\/\/schema.org","@graph":[{"@type":"WebPage","@id":"https:\/\/hongwiislaughter.com\/product\/bracing-legs-device\/","url":"https:\/\/hongwiislaughter.com\/product\/bracing-legs-device\/","name":"Bracing legs device - HongWii Machine","isPartOf":{"@id":"https:\/\/hongwiislaughter.com\/#website"},"primaryImageOfPage":{"@id":"https:\/\/hongwiislaughter.com\/product\/bracing-legs-device\/#primaryimage"},"image":{"@id":"https:\/\/hongwiislaughter.com\/product\/bracing-legs-device\/#primaryimage"},"thumbnailUrl":"https:\/\/hongwiislaughter.com\/wp-content\/uploads\/2024\/10\/Bracing-legs-device-scaled.jpeg","datePublished":"2024-10-05T05:12:10+00:00","breadcrumb":{"@id":"https:\/\/hongwiislaughter.com\/product\/bracing-legs-device\/#breadcrumb"},"inLanguage":"es","potentialAction":[{"@type":"ReadAction","target":["https:\/\/hongwiislaughter.com\/product\/bracing-legs-device\/"]}]},{"@type":"ImageObject","inLanguage":"es","@id":"https:\/\/hongwiislaughter.com\/product\/bracing-legs-device\/#primaryimage","url":"https:\/\/hongwiislaughter.com\/wp-content\/uploads\/2024\/10\/Bracing-legs-device-scaled.jpeg","contentUrl":"https:\/\/hongwiislaughter.com\/wp-content\/uploads\/2024\/10\/Bracing-legs-device-scaled.jpeg","width":2560,"height":2560,"caption":"This device is installed on the hand-push carcass processing line to spread the two hind legs of the cow to facilitate the operation of pulling the skin and splitting in half. It is suitable for small slaughtering and processing plants."},{"@type":"BreadcrumbList","@id":"https:\/\/hongwiislaughter.com\/product\/bracing-legs-device\/#breadcrumb","itemListElement":[{"@type":"ListItem","position":1,"name":"Home","item":"https:\/\/hongwiislaughter.com\/home\/"},{"@type":"ListItem","position":2,"name":"Products","item":"https:\/\/hongwiislaughter.com\/products\/"},{"@type":"ListItem","position":3,"name":"Bracing legs device"}]},{"@type":"WebSite","@id":"https:\/\/hongwiislaughter.com\/#website","url":"https:\/\/hongwiislaughter.com\/","name":"M\u00e1quina HongWii","description":"","potentialAction":[{"@type":"SearchAction","target":{"@type":"EntryPoint","urlTemplate":"https:\/\/hongwiislaughter.com\/?s={search_term_string}"},"query-input":{"@type":"PropertyValueSpecification","valueRequired":true,"valueName":"search_term_string"}}],"inLanguage":"es"}]}},"_links":{"self":[{"href":"https:\/\/hongwiislaughter.com\/es\/wp-json\/wp\/v2\/product\/272","targetHints":{"allow":["GET"]}}],"collection":[{"href":"https:\/\/hongwiislaughter.com\/es\/wp-json\/wp\/v2\/product"}],"about":[{"href":"https:\/\/hongwiislaughter.com\/es\/wp-json\/wp\/v2\/types\/product"}],"wp:featuredmedia":[{"embeddable":true,"href":"https:\/\/hongwiislaughter.com\/es\/wp-json\/wp\/v2\/media\/273"}],"wp:attachment":[{"href":"https:\/\/hongwiislaughter.com\/es\/wp-json\/wp\/v2\/media?parent=272"}],"wp:term":[{"taxonomy":"product_brand","embeddable":true,"href":"https:\/\/hongwiislaughter.com\/es\/wp-json\/wp\/v2\/product_brand?post=272"},{"taxonomy":"product_cat","embeddable":true,"href":"https:\/\/hongwiislaughter.com\/es\/wp-json\/wp\/v2\/product_cat?post=272"},{"taxonomy":"product_tag","embeddable":true,"href":"https:\/\/hongwiislaughter.com\/es\/wp-json\/wp\/v2\/product_tag?post=272"}],"curies":[{"name":"wp","href":"https:\/\/api.w.org\/{rel}","templated":true}]}}