{"id":269,"date":"2024-10-04T14:04:16","date_gmt":"2024-10-04T14:04:16","guid":{"rendered":"https:\/\/hongwiislaughter.com\/?post_type=product&#038;p=269"},"modified":"2024-10-04T14:04:16","modified_gmt":"2024-10-04T14:04:16","slug":"single-post-type-hydraulic-dehider","status":"publish","type":"product","link":"https:\/\/hongwiislaughter.com\/es\/product\/single-post-type-hydraulic-dehider\/","title":{"rendered":"Dehider hidr\u00e1ulico de un solo poste"},"content":{"rendered":"","protected":false},"excerpt":{"rendered":"<p>Este equipo est\u00e1 situado junto a la cinta transportadora de procesamiento de canales paso a paso y se utiliza en el proceso de desollado de canales de vacuno. Utiliza una cadena circular (fijada en el rodillo de desollado) para atar los dos lados de las patas traseras del ganado para el predesollado. La cadena se tensa mediante la rotaci\u00f3n del rodillo, y \u00e9ste es empujado de arriba abajo por el cilindro hidr\u00e1ulico para lograr el efecto de desollado. Se controla y coordina manualmente, y es adecuada para plantas de sacrificio y procesamiento grandes y medianas.<br \/>\nDescripci\u00f3n:<br \/>\n1. The up and down movement of the dehiding roller of this equipment is driven by a hydraulic cylinder, and the rotation movement is driven by a hydraulic motor or a reduction motor. A hydraulic station is set to provide power for the hydraulic cylinder and hydraulic motor: the dehiding roller is guided by a sliding sleeve.<br \/>\n2. Both sides of the equipment must be equipped with pneumatic lifting platforms [to cooperate with the operation of tying cowhide, assisting in peeling cowhide (with ordinary skinning knife, pneumatic skinning knife)], and a cow leg tying frame must be set in the front (to ensure smooth dehiding), and a cowhide blower is set under the dehiding roller (see below).<br \/>\n3. A chain disinfection device is also available.<\/p>","protected":false},"featured_media":270,"template":"","meta":[],"product_brand":[],"product_cat":[16],"product_tag":[],"class_list":{"0":"post-269","1":"product","2":"type-product","3":"status-publish","4":"has-post-thumbnail","6":"product_cat-cattle-slaughterhouse","8":"first","9":"instock","10":"shipping-taxable","11":"product-type-simple"},"yoast_head":"<!-- This site is optimized with the Yoast SEO plugin v24.5 - https:\/\/yoast.com\/wordpress\/plugins\/seo\/ -->\n<title>Single post type hydraulic dehider - HongWii Machine<\/title>\n<meta name=\"robots\" content=\"index, follow, max-snippet:-1, max-image-preview:large, max-video-preview:-1\" \/>\n<link rel=\"canonical\" href=\"https:\/\/hongwiislaughter.com\/es\/product\/single-post-type-hydraulic-dehider\/\" \/>\n<meta property=\"og:locale\" content=\"es_ES\" \/>\n<meta property=\"og:type\" content=\"article\" \/>\n<meta property=\"og:title\" content=\"Single post type hydraulic dehider - HongWii Machine\" \/>\n<meta property=\"og:description\" content=\"This equipment is located next to the step-by-step carcass processing conveyor and is used in the dehiding process of cattle carcasses. It uses a circular chain (fixed on the dehiding roller) to tie the two sides of the cattle hind legs for pre-skinning. The chain is tightened by the rotation of the roller, and the dehiding roller is pushed from top to bottom by the hydraulic cylinder to achieve the dehiding effect. It is manually assisted in control and coordinated operation, and is suitable for large and medium-sized slaughtering and processing plants. Description: 1. The up and down movement of the dehiding roller of this equipment is driven by a hydraulic cylinder, and the rotation movement is driven by a hydraulic motor or a reduction motor. A hydraulic station is set to provide power for the hydraulic cylinder and hydraulic motor: the dehiding roller is guided by a sliding sleeve. 2. Both sides of the equipment must be equipped with pneumatic lifting platforms [to cooperate with the operation of tying cowhide, assisting in peeling cowhide (with ordinary skinning knife, pneumatic skinning knife)], and a cow leg tying frame must be set in the front (to ensure smooth dehiding), and a cowhide blower is set under the dehiding roller (see below). 3. A chain disinfection device is also available.\" \/>\n<meta property=\"og:url\" content=\"https:\/\/hongwiislaughter.com\/es\/product\/single-post-type-hydraulic-dehider\/\" \/>\n<meta property=\"og:site_name\" content=\"HongWii Machine\" \/>\n<meta property=\"og:image\" content=\"https:\/\/hongwiislaughter.com\/wp-content\/uploads\/2024\/10\/Single-post-type-hydraulic-dehider-scaled.jpeg\" \/>\n\t<meta property=\"og:image:width\" content=\"2560\" \/>\n\t<meta property=\"og:image:height\" content=\"2560\" \/>\n\t<meta property=\"og:image:type\" content=\"image\/jpeg\" \/>\n<meta name=\"twitter:card\" content=\"summary_large_image\" \/>\n<meta name=\"twitter:label1\" content=\"Tiempo de lectura\" \/>\n\t<meta name=\"twitter:data1\" content=\"1 minuto\" \/>\n<script type=\"application\/ld+json\" class=\"yoast-schema-graph\">{\"@context\":\"https:\/\/schema.org\",\"@graph\":[{\"@type\":\"WebPage\",\"@id\":\"https:\/\/hongwiislaughter.com\/product\/single-post-type-hydraulic-dehider\/\",\"url\":\"https:\/\/hongwiislaughter.com\/product\/single-post-type-hydraulic-dehider\/\",\"name\":\"Single post type hydraulic dehider - HongWii Machine\",\"isPartOf\":{\"@id\":\"https:\/\/hongwiislaughter.com\/#website\"},\"primaryImageOfPage\":{\"@id\":\"https:\/\/hongwiislaughter.com\/product\/single-post-type-hydraulic-dehider\/#primaryimage\"},\"image\":{\"@id\":\"https:\/\/hongwiislaughter.com\/product\/single-post-type-hydraulic-dehider\/#primaryimage\"},\"thumbnailUrl\":\"https:\/\/hongwiislaughter.com\/wp-content\/uploads\/2024\/10\/Single-post-type-hydraulic-dehider-scaled.jpeg\",\"datePublished\":\"2024-10-04T14:04:16+00:00\",\"breadcrumb\":{\"@id\":\"https:\/\/hongwiislaughter.com\/product\/single-post-type-hydraulic-dehider\/#breadcrumb\"},\"inLanguage\":\"es\",\"potentialAction\":[{\"@type\":\"ReadAction\",\"target\":[\"https:\/\/hongwiislaughter.com\/product\/single-post-type-hydraulic-dehider\/\"]}]},{\"@type\":\"ImageObject\",\"inLanguage\":\"es\",\"@id\":\"https:\/\/hongwiislaughter.com\/product\/single-post-type-hydraulic-dehider\/#primaryimage\",\"url\":\"https:\/\/hongwiislaughter.com\/wp-content\/uploads\/2024\/10\/Single-post-type-hydraulic-dehider-scaled.jpeg\",\"contentUrl\":\"https:\/\/hongwiislaughter.com\/wp-content\/uploads\/2024\/10\/Single-post-type-hydraulic-dehider-scaled.jpeg\",\"width\":2560,\"height\":2560,\"caption\":\"This equipment is located next to the step-by-step carcass processing conveyor and is used in the dehiding process of cattle carcasses. It uses a circular chain (fixed on the dehiding roller) to tie the two sides of the cattle hind legs for pre-skinning. The chain is tightened by the rotation of the roller, and the dehiding roller is pushed from top to bottom by the hydraulic cylinder to achieve the dehiding effect. It is manually assisted in control and coordinated operation, and is suitable for large and medium-sized slaughtering and processing plants.\"},{\"@type\":\"BreadcrumbList\",\"@id\":\"https:\/\/hongwiislaughter.com\/product\/single-post-type-hydraulic-dehider\/#breadcrumb\",\"itemListElement\":[{\"@type\":\"ListItem\",\"position\":1,\"name\":\"Home\",\"item\":\"https:\/\/hongwiislaughter.com\/home\/\"},{\"@type\":\"ListItem\",\"position\":2,\"name\":\"Products\",\"item\":\"https:\/\/hongwiislaughter.com\/products\/\"},{\"@type\":\"ListItem\",\"position\":3,\"name\":\"Single post type hydraulic dehider\"}]},{\"@type\":\"WebSite\",\"@id\":\"https:\/\/hongwiislaughter.com\/#website\",\"url\":\"https:\/\/hongwiislaughter.com\/\",\"name\":\"HongWii Machine\",\"description\":\"\",\"potentialAction\":[{\"@type\":\"SearchAction\",\"target\":{\"@type\":\"EntryPoint\",\"urlTemplate\":\"https:\/\/hongwiislaughter.com\/?s={search_term_string}\"},\"query-input\":{\"@type\":\"PropertyValueSpecification\",\"valueRequired\":true,\"valueName\":\"search_term_string\"}}],\"inLanguage\":\"es\"}]}<\/script>\n<!-- \/ Yoast SEO plugin. -->","yoast_head_json":{"title":"Single post type hydraulic dehider - HongWii Machine","robots":{"index":"index","follow":"follow","max-snippet":"max-snippet:-1","max-image-preview":"max-image-preview:large","max-video-preview":"max-video-preview:-1"},"canonical":"https:\/\/hongwiislaughter.com\/es\/product\/single-post-type-hydraulic-dehider\/","og_locale":"es_ES","og_type":"article","og_title":"Single post type hydraulic dehider - HongWii Machine","og_description":"This equipment is located next to the step-by-step carcass processing conveyor and is used in the dehiding process of cattle carcasses. It uses a circular chain (fixed on the dehiding roller) to tie the two sides of the cattle hind legs for pre-skinning. The chain is tightened by the rotation of the roller, and the dehiding roller is pushed from top to bottom by the hydraulic cylinder to achieve the dehiding effect. It is manually assisted in control and coordinated operation, and is suitable for large and medium-sized slaughtering and processing plants. Description: 1. The up and down movement of the dehiding roller of this equipment is driven by a hydraulic cylinder, and the rotation movement is driven by a hydraulic motor or a reduction motor. A hydraulic station is set to provide power for the hydraulic cylinder and hydraulic motor: the dehiding roller is guided by a sliding sleeve. 2. Both sides of the equipment must be equipped with pneumatic lifting platforms [to cooperate with the operation of tying cowhide, assisting in peeling cowhide (with ordinary skinning knife, pneumatic skinning knife)], and a cow leg tying frame must be set in the front (to ensure smooth dehiding), and a cowhide blower is set under the dehiding roller (see below). 3. A chain disinfection device is also available.","og_url":"https:\/\/hongwiislaughter.com\/es\/product\/single-post-type-hydraulic-dehider\/","og_site_name":"HongWii Machine","og_image":[{"width":2560,"height":2560,"url":"https:\/\/hongwiislaughter.com\/wp-content\/uploads\/2024\/10\/Single-post-type-hydraulic-dehider-scaled.jpeg","type":"image\/jpeg"}],"twitter_card":"summary_large_image","twitter_misc":{"Tiempo de lectura":"1 minuto"},"schema":{"@context":"https:\/\/schema.org","@graph":[{"@type":"WebPage","@id":"https:\/\/hongwiislaughter.com\/product\/single-post-type-hydraulic-dehider\/","url":"https:\/\/hongwiislaughter.com\/product\/single-post-type-hydraulic-dehider\/","name":"Single post type hydraulic dehider - HongWii Machine","isPartOf":{"@id":"https:\/\/hongwiislaughter.com\/#website"},"primaryImageOfPage":{"@id":"https:\/\/hongwiislaughter.com\/product\/single-post-type-hydraulic-dehider\/#primaryimage"},"image":{"@id":"https:\/\/hongwiislaughter.com\/product\/single-post-type-hydraulic-dehider\/#primaryimage"},"thumbnailUrl":"https:\/\/hongwiislaughter.com\/wp-content\/uploads\/2024\/10\/Single-post-type-hydraulic-dehider-scaled.jpeg","datePublished":"2024-10-04T14:04:16+00:00","breadcrumb":{"@id":"https:\/\/hongwiislaughter.com\/product\/single-post-type-hydraulic-dehider\/#breadcrumb"},"inLanguage":"es","potentialAction":[{"@type":"ReadAction","target":["https:\/\/hongwiislaughter.com\/product\/single-post-type-hydraulic-dehider\/"]}]},{"@type":"ImageObject","inLanguage":"es","@id":"https:\/\/hongwiislaughter.com\/product\/single-post-type-hydraulic-dehider\/#primaryimage","url":"https:\/\/hongwiislaughter.com\/wp-content\/uploads\/2024\/10\/Single-post-type-hydraulic-dehider-scaled.jpeg","contentUrl":"https:\/\/hongwiislaughter.com\/wp-content\/uploads\/2024\/10\/Single-post-type-hydraulic-dehider-scaled.jpeg","width":2560,"height":2560,"caption":"This equipment is located next to the step-by-step carcass processing conveyor and is used in the dehiding process of cattle carcasses. It uses a circular chain (fixed on the dehiding roller) to tie the two sides of the cattle hind legs for pre-skinning. The chain is tightened by the rotation of the roller, and the dehiding roller is pushed from top to bottom by the hydraulic cylinder to achieve the dehiding effect. It is manually assisted in control and coordinated operation, and is suitable for large and medium-sized slaughtering and processing plants."},{"@type":"BreadcrumbList","@id":"https:\/\/hongwiislaughter.com\/product\/single-post-type-hydraulic-dehider\/#breadcrumb","itemListElement":[{"@type":"ListItem","position":1,"name":"Home","item":"https:\/\/hongwiislaughter.com\/home\/"},{"@type":"ListItem","position":2,"name":"Products","item":"https:\/\/hongwiislaughter.com\/products\/"},{"@type":"ListItem","position":3,"name":"Single post type hydraulic dehider"}]},{"@type":"WebSite","@id":"https:\/\/hongwiislaughter.com\/#website","url":"https:\/\/hongwiislaughter.com\/","name":"M\u00e1quina HongWii","description":"","potentialAction":[{"@type":"SearchAction","target":{"@type":"EntryPoint","urlTemplate":"https:\/\/hongwiislaughter.com\/?s={search_term_string}"},"query-input":{"@type":"PropertyValueSpecification","valueRequired":true,"valueName":"search_term_string"}}],"inLanguage":"es"}]}},"_links":{"self":[{"href":"https:\/\/hongwiislaughter.com\/es\/wp-json\/wp\/v2\/product\/269","targetHints":{"allow":["GET"]}}],"collection":[{"href":"https:\/\/hongwiislaughter.com\/es\/wp-json\/wp\/v2\/product"}],"about":[{"href":"https:\/\/hongwiislaughter.com\/es\/wp-json\/wp\/v2\/types\/product"}],"wp:featuredmedia":[{"embeddable":true,"href":"https:\/\/hongwiislaughter.com\/es\/wp-json\/wp\/v2\/media\/270"}],"wp:attachment":[{"href":"https:\/\/hongwiislaughter.com\/es\/wp-json\/wp\/v2\/media?parent=269"}],"wp:term":[{"taxonomy":"product_brand","embeddable":true,"href":"https:\/\/hongwiislaughter.com\/es\/wp-json\/wp\/v2\/product_brand?post=269"},{"taxonomy":"product_cat","embeddable":true,"href":"https:\/\/hongwiislaughter.com\/es\/wp-json\/wp\/v2\/product_cat?post=269"},{"taxonomy":"product_tag","embeddable":true,"href":"https:\/\/hongwiislaughter.com\/es\/wp-json\/wp\/v2\/product_tag?post=269"}],"curies":[{"name":"wp","href":"https:\/\/api.w.org\/{rel}","templated":true}]}}