{"id":244,"date":"2024-09-21T10:34:54","date_gmt":"2024-09-21T10:34:54","guid":{"rendered":"https:\/\/hongwiislaughter.com\/?post_type=product&#038;p=244"},"modified":"2024-09-21T10:34:54","modified_gmt":"2024-09-21T10:34:54","slug":"automatic-electrical-stimulating-machine","status":"publish","type":"product","link":"https:\/\/hongwiislaughter.com\/es\/product\/automatic-electrical-stimulating-machine\/","title":{"rendered":"M\u00e1quina autom\u00e1tica de estimulaci\u00f3n el\u00e9ctrica"},"content":{"rendered":"","protected":false},"excerpt":{"rendered":"<div class=\"n4sEPd\">\n<div class=\"QFw9Te BLojaf\">\n<div data-grammarly-part=\"button\">\n<div>\n<div>\n<div class=\"amkYk\">\n<div>\n<div class=\"ptGJG\"><\/div>\n<\/div>\n<\/div>\n<\/div>\n<\/div>\n<\/div>\n<\/div>\n<\/div>\n<div class=\"QcsUad BDJ8fb BLojaf sMVRZe hCXDsb wneUed\">\n<div class=\"usGWQd\">\n<div class=\"KkbLmb\">\n<div class=\"lRu31\" dir=\"ltr\"><span class=\"HwtZe\" lang=\"en\"><span class=\"jCAhz ChMk0b\"><span class=\"ryNqvb\">This equipment is used in the process of bleeding cattle. It automatically applies appropriate current stimulation to the carcass to quickly reduce the pH value of the muscle, thereby preventing muscle cold contraction, promoting the drainage of residual blood from the carcass, and at the same time refining the muscle fibers and improving the flavor of the meat.<\/span><\/span> <span class=\"jCAhz ChMk0b\"><span class=\"ryNqvb\">No manual operation is required, and it is suitable for large and medium-sized slaughtering and processing plants.<\/span><\/span><\/span><\/div>\n<\/div>\n<\/div>\n<\/div>","protected":false},"featured_media":245,"template":"","meta":[],"product_brand":[],"product_cat":[16],"product_tag":[],"class_list":{"0":"post-244","1":"product","2":"type-product","3":"status-publish","4":"has-post-thumbnail","6":"product_cat-cattle-slaughterhouse","8":"first","9":"instock","10":"shipping-taxable","11":"product-type-simple"},"yoast_head":"<!-- This site is optimized with the Yoast SEO plugin v24.5 - https:\/\/yoast.com\/wordpress\/plugins\/seo\/ -->\n<title>Automatic electrical-stimulating machine - HongWii Machine<\/title>\n<meta name=\"robots\" content=\"index, follow, max-snippet:-1, max-image-preview:large, max-video-preview:-1\" \/>\n<link rel=\"canonical\" href=\"https:\/\/hongwiislaughter.com\/es\/product\/automatic-electrical-stimulating-machine\/\" \/>\n<meta property=\"og:locale\" content=\"es_ES\" \/>\n<meta property=\"og:type\" content=\"article\" \/>\n<meta property=\"og:title\" content=\"Automatic electrical-stimulating machine - HongWii Machine\" \/>\n<meta property=\"og:description\" content=\"This equipment is used in the process of bleeding cattle. It automatically applies appropriate current stimulation to the carcass to quickly reduce the pH value of the muscle, thereby preventing muscle cold contraction, promoting the drainage of residual blood from the carcass, and at the same time refining the muscle fibers and improving the flavor of the meat. No manual operation is required, and it is suitable for large and medium-sized slaughtering and processing plants.\" \/>\n<meta property=\"og:url\" content=\"https:\/\/hongwiislaughter.com\/es\/product\/automatic-electrical-stimulating-machine\/\" \/>\n<meta property=\"og:site_name\" content=\"HongWii Machine\" \/>\n<meta property=\"og:image\" content=\"https:\/\/hongwiislaughter.com\/wp-content\/uploads\/2024\/09\/Automatic-electrical-stimulating-machine.jpeg\" \/>\n\t<meta property=\"og:image:width\" content=\"1568\" \/>\n\t<meta property=\"og:image:height\" content=\"1568\" \/>\n\t<meta property=\"og:image:type\" content=\"image\/jpeg\" \/>\n<meta name=\"twitter:card\" content=\"summary_large_image\" \/>\n<meta name=\"twitter:label1\" content=\"Tiempo de lectura\" \/>\n\t<meta name=\"twitter:data1\" content=\"1 minuto\" \/>\n<script type=\"application\/ld+json\" class=\"yoast-schema-graph\">{\"@context\":\"https:\/\/schema.org\",\"@graph\":[{\"@type\":\"WebPage\",\"@id\":\"https:\/\/hongwiislaughter.com\/product\/automatic-electrical-stimulating-machine\/\",\"url\":\"https:\/\/hongwiislaughter.com\/product\/automatic-electrical-stimulating-machine\/\",\"name\":\"Automatic electrical-stimulating machine - HongWii Machine\",\"isPartOf\":{\"@id\":\"https:\/\/hongwiislaughter.com\/#website\"},\"primaryImageOfPage\":{\"@id\":\"https:\/\/hongwiislaughter.com\/product\/automatic-electrical-stimulating-machine\/#primaryimage\"},\"image\":{\"@id\":\"https:\/\/hongwiislaughter.com\/product\/automatic-electrical-stimulating-machine\/#primaryimage\"},\"thumbnailUrl\":\"https:\/\/hongwiislaughter.com\/wp-content\/uploads\/2024\/09\/Automatic-electrical-stimulating-machine.jpeg\",\"datePublished\":\"2024-09-21T10:34:54+00:00\",\"breadcrumb\":{\"@id\":\"https:\/\/hongwiislaughter.com\/product\/automatic-electrical-stimulating-machine\/#breadcrumb\"},\"inLanguage\":\"es\",\"potentialAction\":[{\"@type\":\"ReadAction\",\"target\":[\"https:\/\/hongwiislaughter.com\/product\/automatic-electrical-stimulating-machine\/\"]}]},{\"@type\":\"ImageObject\",\"inLanguage\":\"es\",\"@id\":\"https:\/\/hongwiislaughter.com\/product\/automatic-electrical-stimulating-machine\/#primaryimage\",\"url\":\"https:\/\/hongwiislaughter.com\/wp-content\/uploads\/2024\/09\/Automatic-electrical-stimulating-machine.jpeg\",\"contentUrl\":\"https:\/\/hongwiislaughter.com\/wp-content\/uploads\/2024\/09\/Automatic-electrical-stimulating-machine.jpeg\",\"width\":1568,\"height\":1568,\"caption\":\"This equipment is used in the process of bleeding cattle. It automatically applies appropriate current stimulation to the carcass to quickly reduce the pH value of the muscle, thereby preventing muscle cold contraction, promoting the drainage of residual blood from the carcass, and at the same time refining the muscle fibers and improving the flavor of the meat. No manual operation is required, and it is suitable for large and medium-sized slaughtering and processing plants.\"},{\"@type\":\"BreadcrumbList\",\"@id\":\"https:\/\/hongwiislaughter.com\/product\/automatic-electrical-stimulating-machine\/#breadcrumb\",\"itemListElement\":[{\"@type\":\"ListItem\",\"position\":1,\"name\":\"Home\",\"item\":\"https:\/\/hongwiislaughter.com\/home\/\"},{\"@type\":\"ListItem\",\"position\":2,\"name\":\"Products\",\"item\":\"https:\/\/hongwiislaughter.com\/products\/\"},{\"@type\":\"ListItem\",\"position\":3,\"name\":\"Automatic electrical-stimulating machine\"}]},{\"@type\":\"WebSite\",\"@id\":\"https:\/\/hongwiislaughter.com\/#website\",\"url\":\"https:\/\/hongwiislaughter.com\/\",\"name\":\"HongWii Machine\",\"description\":\"\",\"potentialAction\":[{\"@type\":\"SearchAction\",\"target\":{\"@type\":\"EntryPoint\",\"urlTemplate\":\"https:\/\/hongwiislaughter.com\/?s={search_term_string}\"},\"query-input\":{\"@type\":\"PropertyValueSpecification\",\"valueRequired\":true,\"valueName\":\"search_term_string\"}}],\"inLanguage\":\"es\"}]}<\/script>\n<!-- \/ Yoast SEO plugin. -->","yoast_head_json":{"title":"Automatic electrical-stimulating machine - HongWii Machine","robots":{"index":"index","follow":"follow","max-snippet":"max-snippet:-1","max-image-preview":"max-image-preview:large","max-video-preview":"max-video-preview:-1"},"canonical":"https:\/\/hongwiislaughter.com\/es\/product\/automatic-electrical-stimulating-machine\/","og_locale":"es_ES","og_type":"article","og_title":"Automatic electrical-stimulating machine - HongWii Machine","og_description":"This equipment is used in the process of bleeding cattle. It automatically applies appropriate current stimulation to the carcass to quickly reduce the pH value of the muscle, thereby preventing muscle cold contraction, promoting the drainage of residual blood from the carcass, and at the same time refining the muscle fibers and improving the flavor of the meat. No manual operation is required, and it is suitable for large and medium-sized slaughtering and processing plants.","og_url":"https:\/\/hongwiislaughter.com\/es\/product\/automatic-electrical-stimulating-machine\/","og_site_name":"HongWii Machine","og_image":[{"width":1568,"height":1568,"url":"https:\/\/hongwiislaughter.com\/wp-content\/uploads\/2024\/09\/Automatic-electrical-stimulating-machine.jpeg","type":"image\/jpeg"}],"twitter_card":"summary_large_image","twitter_misc":{"Tiempo de lectura":"1 minuto"},"schema":{"@context":"https:\/\/schema.org","@graph":[{"@type":"WebPage","@id":"https:\/\/hongwiislaughter.com\/product\/automatic-electrical-stimulating-machine\/","url":"https:\/\/hongwiislaughter.com\/product\/automatic-electrical-stimulating-machine\/","name":"Automatic electrical-stimulating machine - HongWii Machine","isPartOf":{"@id":"https:\/\/hongwiislaughter.com\/#website"},"primaryImageOfPage":{"@id":"https:\/\/hongwiislaughter.com\/product\/automatic-electrical-stimulating-machine\/#primaryimage"},"image":{"@id":"https:\/\/hongwiislaughter.com\/product\/automatic-electrical-stimulating-machine\/#primaryimage"},"thumbnailUrl":"https:\/\/hongwiislaughter.com\/wp-content\/uploads\/2024\/09\/Automatic-electrical-stimulating-machine.jpeg","datePublished":"2024-09-21T10:34:54+00:00","breadcrumb":{"@id":"https:\/\/hongwiislaughter.com\/product\/automatic-electrical-stimulating-machine\/#breadcrumb"},"inLanguage":"es","potentialAction":[{"@type":"ReadAction","target":["https:\/\/hongwiislaughter.com\/product\/automatic-electrical-stimulating-machine\/"]}]},{"@type":"ImageObject","inLanguage":"es","@id":"https:\/\/hongwiislaughter.com\/product\/automatic-electrical-stimulating-machine\/#primaryimage","url":"https:\/\/hongwiislaughter.com\/wp-content\/uploads\/2024\/09\/Automatic-electrical-stimulating-machine.jpeg","contentUrl":"https:\/\/hongwiislaughter.com\/wp-content\/uploads\/2024\/09\/Automatic-electrical-stimulating-machine.jpeg","width":1568,"height":1568,"caption":"This equipment is used in the process of bleeding cattle. It automatically applies appropriate current stimulation to the carcass to quickly reduce the pH value of the muscle, thereby preventing muscle cold contraction, promoting the drainage of residual blood from the carcass, and at the same time refining the muscle fibers and improving the flavor of the meat. No manual operation is required, and it is suitable for large and medium-sized slaughtering and processing plants."},{"@type":"BreadcrumbList","@id":"https:\/\/hongwiislaughter.com\/product\/automatic-electrical-stimulating-machine\/#breadcrumb","itemListElement":[{"@type":"ListItem","position":1,"name":"Home","item":"https:\/\/hongwiislaughter.com\/home\/"},{"@type":"ListItem","position":2,"name":"Products","item":"https:\/\/hongwiislaughter.com\/products\/"},{"@type":"ListItem","position":3,"name":"Automatic electrical-stimulating machine"}]},{"@type":"WebSite","@id":"https:\/\/hongwiislaughter.com\/#website","url":"https:\/\/hongwiislaughter.com\/","name":"M\u00e1quina HongWii","description":"","potentialAction":[{"@type":"SearchAction","target":{"@type":"EntryPoint","urlTemplate":"https:\/\/hongwiislaughter.com\/?s={search_term_string}"},"query-input":{"@type":"PropertyValueSpecification","valueRequired":true,"valueName":"search_term_string"}}],"inLanguage":"es"}]}},"_links":{"self":[{"href":"https:\/\/hongwiislaughter.com\/es\/wp-json\/wp\/v2\/product\/244","targetHints":{"allow":["GET"]}}],"collection":[{"href":"https:\/\/hongwiislaughter.com\/es\/wp-json\/wp\/v2\/product"}],"about":[{"href":"https:\/\/hongwiislaughter.com\/es\/wp-json\/wp\/v2\/types\/product"}],"wp:featuredmedia":[{"embeddable":true,"href":"https:\/\/hongwiislaughter.com\/es\/wp-json\/wp\/v2\/media\/245"}],"wp:attachment":[{"href":"https:\/\/hongwiislaughter.com\/es\/wp-json\/wp\/v2\/media?parent=244"}],"wp:term":[{"taxonomy":"product_brand","embeddable":true,"href":"https:\/\/hongwiislaughter.com\/es\/wp-json\/wp\/v2\/product_brand?post=244"},{"taxonomy":"product_cat","embeddable":true,"href":"https:\/\/hongwiislaughter.com\/es\/wp-json\/wp\/v2\/product_cat?post=244"},{"taxonomy":"product_tag","embeddable":true,"href":"https:\/\/hongwiislaughter.com\/es\/wp-json\/wp\/v2\/product_tag?post=244"}],"curies":[{"name":"wp","href":"https:\/\/api.w.org\/{rel}","templated":true}]}}