{"id":782,"date":"2025-05-11T13:11:32","date_gmt":"2025-05-11T13:11:32","guid":{"rendered":"https:\/\/hongwiislaughter.com\/?page_id=782"},"modified":"2025-05-11T13:11:32","modified_gmt":"2025-05-11T13:11:32","slug":"equipo-de-aturdimiento-de-cerdos","status":"publish","type":"page","link":"https:\/\/hongwiislaughter.com\/es\/equipo-de-aturdimiento-de-cerdos\/","title":{"rendered":"Equipo de aturdimiento de cerdos"},"content":{"rendered":"<div id='av_section_1'  class='avia-section main_color avia-section-default avia-no-border-styling  avia-bg-style-scroll  avia-builder-el-0  el_before_av_section  avia-builder-el-first   container_wrap sidebar_right' style='background-color: #d6d6d6;  '  ><div class='container' ><main  role=\"main\" itemprop=\"mainContentOfPage\"  class='template-page content  av-content-small alpha units'><div class='post-entry post-entry-type-page post-entry-782'><div class='entry-content-wrapper clearfix'>\n<div  style='padding-bottom:10px; ' class='av-special-heading av-special-heading-h1  blockquote modern-quote modern-centered  avia-builder-el-1  avia-builder-el-no-sibling'><h1 class='av-special-heading-tag'  itemprop=\"headline\"  >Equipo de aturdimiento de cerdos<\/h1><div class='special-heading-border'><div class='special-heading-inner-border' ><\/div><\/div><\/div>\n\n<\/div><\/div><\/main><!-- close content main element --><\/div><\/div><div id='av_section_2'  class='avia-section main_color avia-section-default avia-no-border-styling  avia-bg-style-scroll  avia-builder-el-2  el_after_av_section  avia-builder-el-last   container_wrap sidebar_right' style=' '  ><div class='container' ><div class='template-page content  av-content-small alpha units'><div class='post-entry post-entry-type-page post-entry-782'><div class='entry-content-wrapper clearfix'>\n<div class=\"flex_column av_two_third  flex_column_div av-zero-column-padding first  avia-builder-el-3  el_before_av_one_third  avia-builder-el-first\" style='border-radius:0px; '><section class=\"av_textblock_section\"  itemscope=\"itemscope\" itemtype=\"https:\/\/schema.org\/CreativeWork\" ><div class='avia_textblock'   itemprop=\"text\" ><p><strong>Equipo de aturdimiento de cerdos<\/strong> es un dispositivo clave en el proceso moderno de sacrificio de cerdos, cuyo objetivo principal es hacer que los cerdos pierdan r\u00e1pidamente el conocimiento de forma humanitaria, reduciendo as\u00ed el dolor de los animales, mejorando la eficacia del sacrificio y garantizando la calidad de la carne.<\/p>\n<p>Equipos de aturdimiento porcino de alta calidad y f\u00e1cil manejo destinados a mejorar la eficacia y el bienestar de los animales. Nuestros fiables equipos de aturdimiento garantizan el cumplimiento de las normas del sector para un manejo seguro y \u00e9tico. Utilice tecnolog\u00eda avanzada para mejorar la productividad: \u00a1obtenga un presupuesto ahora!<\/p>\n<p>No importa qu\u00e9 tipo de dispositivo de aturdimiento de cerdos desee, HongWii puede satisfacer sus necesidades. HongWii es un proveedor de confianza de equipos de sacrificio y su mejor opci\u00f3n para la compra de m\u00e1quinas de sacrificio.<\/p>\n<p><strong>Nuestro equipo de aturdimiento de cerdos incluye:<\/strong><\/p>\n<ul>\n<li>Equipos de descarga el\u00e9ctrica<\/li>\n<li>Equipo para mareos inducidos por CO2<\/li>\n<li>Equipo de aturdimiento mec\u00e1nico<\/li>\n<\/ul>\n<p><strong>Ventajas:<\/strong><\/p>\n<ul>\n<li>Reducir el sufrimiento de los animales<\/li>\n<li>Cumplir la legislaci\u00f3n local<\/li>\n<li>Mejorar el bienestar animal<\/li>\n<\/ul>\n<h3><a href=\"https:\/\/hongwiislaughter.com\/es\/product\/hand-held-electrical-stunner\/\">Equipos de descarga el\u00e9ctrica<\/a><\/h3>\n<p>La aplicaci\u00f3n de una corriente de voltaje espec\u00edfica en la cabeza o la zona del coraz\u00f3n del cerdo a trav\u00e9s de electrodos puede provocar un bloqueo de la conducci\u00f3n nerviosa o un paro card\u00edaco transitorio. Por ejemplo, la m\u00e1quina de mareo con soporte tor\u00e1cico de tres puntos puede lograr un mareo eficaz en 1-2 segundos actuando simult\u00e1neamente en ambos lados de la cabeza y en la zona del coraz\u00f3n.<\/p>\n<p>El voltaje debe controlarse con precisi\u00f3n entre 70-90V, la frecuencia de la corriente entre 50-60Hz, y la duraci\u00f3n de la acci\u00f3n no debe superar los 3 segundos para evitar una hemorragia muscular excesiva o da\u00f1os viscerales.<\/p>\n<p><strong>Equipamiento:<\/strong><\/p>\n<ul>\n<li>Aparatos manuales para el c\u00e1\u00f1amo (aptos para peque\u00f1os mataderos)<\/li>\n<li>Motor de c\u00e1\u00f1amo con autocontrol optoelectr\u00f3nico (cadena de montaje automatizada)<\/li>\n<li>Motor cardiovascular y cerebrovascular de tres puntos totalmente autom\u00e1tico (opci\u00f3n principal para grandes y medianas empresas de sacrificio).<\/li>\n<\/ul>\n<p><strong>Detalle<\/strong><\/p>\n<ul>\n<li>Tama\u00f1o: 160x255x308mm<\/li>\n<li>Peso: 14 kg<\/li>\n<\/ul>\n<h3><a href=\"https:\/\/hongwiislaughter.com\/es\/product\/co%e2%82%82-maquinas-de-anestesia-para-cerdos\/\"> Equipo para mareos inducidos por CO2<\/a><\/h3>\n<p>Principio t\u00e9cnico: Utilizaci\u00f3n de di\u00f3xido de carbono de alta concentraci\u00f3n (superior a 95%) para inducir la inconsciencia de los cerdos por hipoxia en un espacio cerrado.<\/p>\n<p>Ventajas: Sin da\u00f1os mec\u00e1nicos, color normal de los \u00f3rganos internos, en l\u00ednea con las normas de sacrificio halal; Pero es necesario controlar estrictamente el gradiente de concentraci\u00f3n de di\u00f3xido de carbono (para evitar la asfixia y la muerte) y el sellado del equipo.<\/p>\n<p><strong>Escenarios aplicables:<\/strong> Empresas de procesamiento de carne de alta gama o l\u00edneas de sacrificio con requisitos estrictos de calidad visceral.<\/p>\n<h3>Equipo de aturdimiento mec\u00e1nico<\/h3>\n<p>Al utilizar un dispositivo de impacto de alta velocidad (como un perno met\u00e1lico accionado por aire comprimido) para actuar directamente sobre la zona de la frente del cerdo, se desencadena una conmoci\u00f3n cerebral instant\u00e1nea.<\/p>\n<p>Caracter\u00edsticas: El tiempo de operaci\u00f3n es extremadamente corto (normalmente menos de 1 segundo), pero se requiere un sistema de posicionamiento de alta precisi\u00f3n para evitar fracturas de cr\u00e1neo; En la actualidad, se utiliza principalmente para necesidades especiales de sacrificio o escenarios experimentales.<\/p>\n<\/div><\/section><\/div><div class=\"flex_column av_one_third  flex_column_div av-zero-column-padding   avia-builder-el-5  el_after_av_two_third  avia-builder-el-last\" style='border-radius:0px; '><p><div  class='avia-image-container  av-styling-  noHover  av-overlay-hover-deactivate   avia-builder-el-6  el_before_av_image  avia-builder-el-first  avia-align-center'  itemprop=\"image\" itemscope=\"itemscope\" itemtype=\"https:\/\/schema.org\/ImageObject\"  ><div class='avia-image-container-inner'><div class='avia-image-overlay-wrap'><div class='av-image-caption-overlay'><div class='av-caption-image-overlay-bg' style='opacity:0.4; background-color:#000000; '><\/div><div class='av-image-caption-overlay-position'><div class='av-image-caption-overlay-center' style='color:#ffffff; '><p>Aturdidor el\u00e9ctrico manual<\/p>\n<\/div><\/div><\/div><img decoding=\"async\" class='wp-image-187 avia-img-lazy-loading-not-187 avia_image' src=\"https:\/\/hongwiislaughter.com\/wp-content\/uploads\/2024\/08\/1-1-300x296.jpeg\" alt='' title='1' height=\"296\" width=\"300\"  itemprop=\"thumbnailUrl\" srcset=\"https:\/\/hongwiislaughter.com\/wp-content\/uploads\/2024\/08\/1-1-300x296.jpeg 300w, https:\/\/hongwiislaughter.com\/wp-content\/uploads\/2024\/08\/1-1-80x80.jpeg 80w, https:\/\/hongwiislaughter.com\/wp-content\/uploads\/2024\/08\/1-1-768x757.jpeg 768w, https:\/\/hongwiislaughter.com\/wp-content\/uploads\/2024\/08\/1-1-36x36.jpeg 36w, https:\/\/hongwiislaughter.com\/wp-content\/uploads\/2024\/08\/1-1-705x695.jpeg 705w, https:\/\/hongwiislaughter.com\/wp-content\/uploads\/2024\/08\/1-1-450x443.jpeg 450w, https:\/\/hongwiislaughter.com\/wp-content\/uploads\/2024\/08\/1-1-600x591.jpeg 600w, https:\/\/hongwiislaughter.com\/wp-content\/uploads\/2024\/08\/1-1-100x100.jpeg 100w, https:\/\/hongwiislaughter.com\/wp-content\/uploads\/2024\/08\/1-1.jpeg 812w\" sizes=\"(max-width: 300px) 100vw, 300px\" \/><\/div><\/div><\/div><br \/>\n<div  class='avia-image-container  av-styling-  noHover  av-overlay-hover-deactivate   avia-builder-el-7  el_after_av_image  avia-builder-el-last  avia-align-center'  itemprop=\"image\" itemscope=\"itemscope\" itemtype=\"https:\/\/schema.org\/ImageObject\"  ><div class='avia-image-container-inner'><div class='avia-image-overlay-wrap'><div class='av-image-caption-overlay'><div class='av-caption-image-overlay-bg' style='opacity:0.4; background-color:#000000; '><\/div><div class='av-image-caption-overlay-position'><div class='av-image-caption-overlay-center' style='color:#ffffff; '><p>CO\u2082 M\u00e1quinas de anestesia<\/p>\n<\/div><\/div><\/div><img decoding=\"async\" class='wp-image-676 avia-img-lazy-loading-not-676 avia_image' src=\"https:\/\/hongwiislaughter.com\/wp-content\/uploads\/2025\/04\/Carbon-Dioxide-CO\u2082-Anesthesia-Machines-300x262.jpg\" alt='' title='M\u00e1quinas de anestesia de di\u00f3xido de carbono (CO\u2082)' height=\"262\" width=\"300\"  itemprop=\"thumbnailUrl\" srcset=\"https:\/\/hongwiislaughter.com\/wp-content\/uploads\/2025\/04\/Carbon-Dioxide-CO\u2082-Anesthesia-Machines-300x262.jpg 300w, https:\/\/hongwiislaughter.com\/wp-content\/uploads\/2025\/04\/Carbon-Dioxide-CO\u2082-Anesthesia-Machines-768x670.jpg 768w, https:\/\/hongwiislaughter.com\/wp-content\/uploads\/2025\/04\/Carbon-Dioxide-CO\u2082-Anesthesia-Machines-705x615.jpg 705w, https:\/\/hongwiislaughter.com\/wp-content\/uploads\/2025\/04\/Carbon-Dioxide-CO\u2082-Anesthesia-Machines-450x392.jpg 450w, https:\/\/hongwiislaughter.com\/wp-content\/uploads\/2025\/04\/Carbon-Dioxide-CO\u2082-Anesthesia-Machines-600x523.jpg 600w, https:\/\/hongwiislaughter.com\/wp-content\/uploads\/2025\/04\/Carbon-Dioxide-CO\u2082-Anesthesia-Machines.jpg 772w\" sizes=\"(max-width: 300px) 100vw, 300px\" \/><\/div><\/div><\/div><\/p><\/div><\/div><\/div><\/div><!-- close content main div --><\/div><\/div><div id='after_section_2'  class='main_color av_default_container_wrap container_wrap sidebar_right' style=' '  ><div class='container' ><div class='template-page content  av-content-small alpha units'><div class='post-entry post-entry-type-page post-entry-782'><div class='entry-content-wrapper clearfix'>","protected":false},"excerpt":{"rendered":"","protected":false},"author":1,"featured_media":0,"parent":0,"menu_order":0,"comment_status":"closed","ping_status":"closed","template":"","meta":{"footnotes":""},"class_list":["post-782","page","type-page","status-publish","hentry"],"yoast_head":"<!-- This site is optimized with the Yoast SEO plugin v24.5 - https:\/\/yoast.com\/wordpress\/plugins\/seo\/ -->\n<title>Pig Stunning Equipment<\/title>\n<meta name=\"description\" content=\"High-quality, humane pig stunning equipment designed for efficiency and animal welfare. Our reliable stunners ensure compliance with industry standards for safe and ethical processing. Boost productivity with advanced technology\u2014request a quote today!\" \/>\n<meta name=\"robots\" content=\"index, follow, max-snippet:-1, max-image-preview:large, max-video-preview:-1\" \/>\n<link rel=\"canonical\" href=\"https:\/\/hongwiislaughter.com\/es\/equipo-de-aturdimiento-de-cerdos\/\" \/>\n<meta property=\"og:locale\" content=\"es_ES\" \/>\n<meta property=\"og:type\" content=\"article\" \/>\n<meta property=\"og:title\" content=\"Pig Stunning Equipment\" \/>\n<meta property=\"og:description\" content=\"High-quality, humane pig stunning equipment designed for efficiency and animal welfare. Our reliable stunners ensure compliance with industry standards for safe and ethical processing. Boost productivity with advanced technology\u2014request a quote today!\" \/>\n<meta property=\"og:url\" content=\"https:\/\/hongwiislaughter.com\/es\/equipo-de-aturdimiento-de-cerdos\/\" \/>\n<meta property=\"og:site_name\" content=\"HongWii Machine\" \/>\n<meta name=\"twitter:card\" content=\"summary_large_image\" \/>\n<meta name=\"twitter:label1\" content=\"Tiempo de lectura\" \/>\n\t<meta name=\"twitter:data1\" content=\"3 minutos\" \/>\n<script type=\"application\/ld+json\" class=\"yoast-schema-graph\">{\"@context\":\"https:\/\/schema.org\",\"@graph\":[{\"@type\":\"WebPage\",\"@id\":\"https:\/\/hongwiislaughter.com\/pig-stunning-equipment\/\",\"url\":\"https:\/\/hongwiislaughter.com\/pig-stunning-equipment\/\",\"name\":\"Pig Stunning Equipment\",\"isPartOf\":{\"@id\":\"https:\/\/hongwiislaughter.com\/#website\"},\"datePublished\":\"2025-05-11T13:11:32+00:00\",\"description\":\"High-quality, humane pig stunning equipment designed for efficiency and animal welfare. Our reliable stunners ensure compliance with industry standards for safe and ethical processing. Boost productivity with advanced technology\u2014request a quote today!\",\"breadcrumb\":{\"@id\":\"https:\/\/hongwiislaughter.com\/pig-stunning-equipment\/#breadcrumb\"},\"inLanguage\":\"es\",\"potentialAction\":[{\"@type\":\"ReadAction\",\"target\":[\"https:\/\/hongwiislaughter.com\/pig-stunning-equipment\/\"]}]},{\"@type\":\"BreadcrumbList\",\"@id\":\"https:\/\/hongwiislaughter.com\/pig-stunning-equipment\/#breadcrumb\",\"itemListElement\":[{\"@type\":\"ListItem\",\"position\":1,\"name\":\"Home\",\"item\":\"https:\/\/hongwiislaughter.com\/home\/\"},{\"@type\":\"ListItem\",\"position\":2,\"name\":\"Pig Stunning Equipment\"}]},{\"@type\":\"WebSite\",\"@id\":\"https:\/\/hongwiislaughter.com\/#website\",\"url\":\"https:\/\/hongwiislaughter.com\/\",\"name\":\"HongWii Machine\",\"description\":\"\",\"potentialAction\":[{\"@type\":\"SearchAction\",\"target\":{\"@type\":\"EntryPoint\",\"urlTemplate\":\"https:\/\/hongwiislaughter.com\/?s={search_term_string}\"},\"query-input\":{\"@type\":\"PropertyValueSpecification\",\"valueRequired\":true,\"valueName\":\"search_term_string\"}}],\"inLanguage\":\"es\"}]}<\/script>\n<!-- \/ Yoast SEO plugin. -->","yoast_head_json":{"title":"Equipo de aturdimiento de cerdos","description":"Equipos de aturdimiento porcino de alta calidad dise\u00f1ados para garantizar la eficacia y el bienestar de los animales. Nuestros aturdidores fiables garantizan el cumplimiento de las normas del sector para un procesamiento seguro y \u00e9tico. Aumente la productividad con tecnolog\u00eda avanzada: \u00a1solicite un presupuesto hoy mismo!","robots":{"index":"index","follow":"follow","max-snippet":"max-snippet:-1","max-image-preview":"max-image-preview:large","max-video-preview":"max-video-preview:-1"},"canonical":"https:\/\/hongwiislaughter.com\/es\/equipo-de-aturdimiento-de-cerdos\/","og_locale":"es_ES","og_type":"article","og_title":"Pig Stunning Equipment","og_description":"High-quality, humane pig stunning equipment designed for efficiency and animal welfare. Our reliable stunners ensure compliance with industry standards for safe and ethical processing. Boost productivity with advanced technology\u2014request a quote today!","og_url":"https:\/\/hongwiislaughter.com\/es\/equipo-de-aturdimiento-de-cerdos\/","og_site_name":"HongWii Machine","twitter_card":"summary_large_image","twitter_misc":{"Tiempo de lectura":"3 minutos"},"schema":{"@context":"https:\/\/schema.org","@graph":[{"@type":"WebPage","@id":"https:\/\/hongwiislaughter.com\/pig-stunning-equipment\/","url":"https:\/\/hongwiislaughter.com\/pig-stunning-equipment\/","name":"Equipo de aturdimiento de cerdos","isPartOf":{"@id":"https:\/\/hongwiislaughter.com\/#website"},"datePublished":"2025-05-11T13:11:32+00:00","description":"Equipos de aturdimiento porcino de alta calidad dise\u00f1ados para garantizar la eficacia y el bienestar de los animales. Nuestros aturdidores fiables garantizan el cumplimiento de las normas del sector para un procesamiento seguro y \u00e9tico. Aumente la productividad con tecnolog\u00eda avanzada: \u00a1solicite un presupuesto hoy mismo!","breadcrumb":{"@id":"https:\/\/hongwiislaughter.com\/pig-stunning-equipment\/#breadcrumb"},"inLanguage":"es","potentialAction":[{"@type":"ReadAction","target":["https:\/\/hongwiislaughter.com\/pig-stunning-equipment\/"]}]},{"@type":"BreadcrumbList","@id":"https:\/\/hongwiislaughter.com\/pig-stunning-equipment\/#breadcrumb","itemListElement":[{"@type":"ListItem","position":1,"name":"Home","item":"https:\/\/hongwiislaughter.com\/home\/"},{"@type":"ListItem","position":2,"name":"Pig Stunning Equipment"}]},{"@type":"WebSite","@id":"https:\/\/hongwiislaughter.com\/#website","url":"https:\/\/hongwiislaughter.com\/","name":"M\u00e1quina HongWii","description":"","potentialAction":[{"@type":"SearchAction","target":{"@type":"EntryPoint","urlTemplate":"https:\/\/hongwiislaughter.com\/?s={search_term_string}"},"query-input":{"@type":"PropertyValueSpecification","valueRequired":true,"valueName":"search_term_string"}}],"inLanguage":"es"}]}},"_links":{"self":[{"href":"https:\/\/hongwiislaughter.com\/es\/wp-json\/wp\/v2\/pages\/782","targetHints":{"allow":["GET"]}}],"collection":[{"href":"https:\/\/hongwiislaughter.com\/es\/wp-json\/wp\/v2\/pages"}],"about":[{"href":"https:\/\/hongwiislaughter.com\/es\/wp-json\/wp\/v2\/types\/page"}],"author":[{"embeddable":true,"href":"https:\/\/hongwiislaughter.com\/es\/wp-json\/wp\/v2\/users\/1"}],"replies":[{"embeddable":true,"href":"https:\/\/hongwiislaughter.com\/es\/wp-json\/wp\/v2\/comments?post=782"}],"version-history":[{"count":4,"href":"https:\/\/hongwiislaughter.com\/es\/wp-json\/wp\/v2\/pages\/782\/revisions"}],"predecessor-version":[{"id":787,"href":"https:\/\/hongwiislaughter.com\/es\/wp-json\/wp\/v2\/pages\/782\/revisions\/787"}],"wp:attachment":[{"href":"https:\/\/hongwiislaughter.com\/es\/wp-json\/wp\/v2\/media?parent=782"}],"curies":[{"name":"wp","href":"https:\/\/api.w.org\/{rel}","templated":true}]}}