{"id":765,"date":"2025-05-08T04:24:18","date_gmt":"2025-05-08T04:24:18","guid":{"rendered":"https:\/\/hongwiislaughter.com\/?page_id=765"},"modified":"2025-05-08T04:24:56","modified_gmt":"2025-05-08T04:24:56","slug":"descortezadora","status":"publish","type":"page","link":"https:\/\/hongwiislaughter.com\/es\/descortezadora\/","title":{"rendered":"M\u00e1quina descortezadora"},"content":{"rendered":"<div id='av_section_1'  class='avia-section main_color avia-section-default avia-no-border-styling  avia-bg-style-scroll  avia-builder-el-0  el_before_av_section  avia-builder-el-first   container_wrap sidebar_right' style='background-color: #d6d6d6;  '  ><div class='container' ><main  role=\"main\" itemprop=\"mainContentOfPage\"  class='template-page content  av-content-small alpha units'><div class='post-entry post-entry-type-page post-entry-765'><div class='entry-content-wrapper clearfix'>\n<div  style='padding-bottom:10px; ' class='av-special-heading av-special-heading-h1  blockquote modern-quote modern-centered  avia-builder-el-1  avia-builder-el-no-sibling'><h1 class='av-special-heading-tag'  itemprop=\"headline\"  >M\u00e1quina descortezadora<\/h1><div class='special-heading-border'><div class='special-heading-inner-border' ><\/div><\/div><\/div>\n\n<\/div><\/div><\/main><!-- close content main element --><\/div><\/div><div id='av_section_2'  class='avia-section main_color avia-section-default avia-no-border-styling  avia-bg-style-scroll  avia-builder-el-2  el_after_av_section  avia-builder-el-last   container_wrap sidebar_right' style=' '  ><div class='container' ><div class='template-page content  av-content-small alpha units'><div class='post-entry post-entry-type-page post-entry-765'><div class='entry-content-wrapper clearfix'>\n<div class=\"flex_column av_two_third  flex_column_div av-zero-column-padding first  avia-builder-el-3  el_before_av_one_third  avia-builder-el-first\" style='border-radius:0px; '><section class=\"av_textblock_section\"  itemscope=\"itemscope\" itemtype=\"https:\/\/schema.org\/CreativeWork\" ><div class='avia_textblock'   itemprop=\"text\" ><p>El sistema de desollado de los equipos de sacrificio es un componente crucial en las operaciones de sacrificio modernas, especialmente en el procesamiento de aves de corral y ganado. La funci\u00f3n principal del sistema de desollado es retirar eficazmente las pieles o cueros de los animales, garantizando la calidad del producto y los est\u00e1ndares de higiene.<\/p>\n<ul>\n<li><strong>Sistema transportador<\/strong>: Se utiliza para transportar los animales sacrificados a la estaci\u00f3n de desollado. El sistema transportador est\u00e1 dise\u00f1ado para garantizar un movimiento estable de los animales, lo que permite a los operarios manipular cada uno de ellos con facilidad.<\/li>\n<li><strong>Herramientas de desollado<\/strong>: El sistema utiliza diversas herramientas y tecnolog\u00edas, como cuchillas giratorias, herramientas neum\u00e1ticas o corte hidr\u00e1ulico. Estas herramientas se ajustan en funci\u00f3n del tipo y el tama\u00f1o del animal para garantizar un desuello eficaz y preciso.<\/li>\n<li><strong>Sistema de control automatizado<\/strong>: Los modernos sistemas de desuello est\u00e1n integrados con controles automatizados que regulan la velocidad y la presi\u00f3n de las cuchillas para adaptarse a distintos tama\u00f1os y tipos de animales. La automatizaci\u00f3n mejora la productividad y reduce los errores humanos.<\/li>\n<li><strong>Caracter\u00edsticas de seguridad<\/strong>: Los sistemas de desollado se construyen para cumplir estrictas normas de seguridad, incluidas cubiertas protectoras, botones de parada de emergencia y sensores de seguridad para proteger a los operarios de lesiones accidentales.<\/li>\n<\/ul>\n<p><strong>Ventajas de nuestros productos<\/strong><\/p>\n<ul>\n<li>Materiales duraderos con una larga vida \u00fatil<\/li>\n<li>Disponible en varias especificaciones<\/li>\n<li>Dise\u00f1o que ahorra trabajo<\/li>\n<\/ul>\n<p><strong>Ofrecemos los siguientes productos<\/strong><\/p>\n<ul>\n<li><a href=\"https:\/\/hongwiislaughter.com\/es\/colecciones\/matadero-de-cerdos\/equipo-de-depilacion-de-cerdos\/\">Peladoras de cerdos<\/a><\/li>\n<li><a href=\"https:\/\/hongwiislaughter.com\/es\/colecciones\/matadero-de-ganado\/sistema-de-desolladura-de-ganado\/\">Peladoras de vacuno<\/a><\/li>\n<li><a href=\"https:\/\/hongwiislaughter.com\/es\/colecciones\/matadero-de-ovejas\/sistema-de-desollado-de-ovejas\/\">Peladoras de ovejas<\/a><\/li>\n<\/ul>\n<\/div><\/section><\/div><div class=\"flex_column av_one_third  flex_column_div av-zero-column-padding   avia-builder-el-5  el_after_av_two_third  avia-builder-el-last\" style='border-radius:0px; '><p><div  class='avia-image-container  av-styling-  noHover  av-overlay-hover-deactivate   avia-builder-el-6  el_before_av_image  avia-builder-el-first  avia-align-center'  itemprop=\"image\" itemscope=\"itemscope\" itemtype=\"https:\/\/schema.org\/ImageObject\"  ><div class='avia-image-container-inner'><div class='avia-image-overlay-wrap'><div class='av-image-caption-overlay'><div class='av-caption-image-overlay-bg' style='opacity:0.4; background-color:#000000; '><\/div><div class='av-image-caption-overlay-position'><div class='av-image-caption-overlay-center' style='color:#ffffff; '><p>Desveladora<\/p>\n<\/div><\/div><\/div><img decoding=\"async\" class='wp-image-767 avia-img-lazy-loading-not-767 avia_image' src=\"https:\/\/hongwiislaughter.com\/wp-content\/uploads\/2025\/05\/Dehiding-Machine-2-300x300.jpg\" alt='M\u00e1quina descortezadora' title='M\u00e1quina Deshollinadora-2' height=\"300\" width=\"300\"  itemprop=\"thumbnailUrl\" srcset=\"https:\/\/hongwiislaughter.com\/wp-content\/uploads\/2025\/05\/Dehiding-Machine-2-300x300.jpg 300w, https:\/\/hongwiislaughter.com\/wp-content\/uploads\/2025\/05\/Dehiding-Machine-2-80x80.jpg 80w, https:\/\/hongwiislaughter.com\/wp-content\/uploads\/2025\/05\/Dehiding-Machine-2-768x768.jpg 768w, https:\/\/hongwiislaughter.com\/wp-content\/uploads\/2025\/05\/Dehiding-Machine-2-36x36.jpg 36w, https:\/\/hongwiislaughter.com\/wp-content\/uploads\/2025\/05\/Dehiding-Machine-2-180x180.jpg 180w, https:\/\/hongwiislaughter.com\/wp-content\/uploads\/2025\/05\/Dehiding-Machine-2-705x705.jpg 705w, https:\/\/hongwiislaughter.com\/wp-content\/uploads\/2025\/05\/Dehiding-Machine-2-120x120.jpg 120w, https:\/\/hongwiislaughter.com\/wp-content\/uploads\/2025\/05\/Dehiding-Machine-2-450x450.jpg 450w, https:\/\/hongwiislaughter.com\/wp-content\/uploads\/2025\/05\/Dehiding-Machine-2-600x600.jpg 600w, https:\/\/hongwiislaughter.com\/wp-content\/uploads\/2025\/05\/Dehiding-Machine-2-100x100.jpg 100w, https:\/\/hongwiislaughter.com\/wp-content\/uploads\/2025\/05\/Dehiding-Machine-2.jpg 800w\" sizes=\"(max-width: 300px) 100vw, 300px\" \/><\/div><\/div><\/div><br \/>\n<div  class='avia-image-container  av-styling-  noHover  av-overlay-hover-deactivate   avia-builder-el-7  el_after_av_image  avia-builder-el-last  avia-align-center'  itemprop=\"image\" itemscope=\"itemscope\" itemtype=\"https:\/\/schema.org\/ImageObject\"  ><div class='avia-image-container-inner'><div class='avia-image-overlay-wrap'><div class='av-image-caption-overlay'><div class='av-caption-image-overlay-bg' style='opacity:0.4; background-color:#000000; '><\/div><div class='av-image-caption-overlay-position'><div class='av-image-caption-overlay-center' style='color:#ffffff; '><p>Desveladora<\/p>\n<\/div><\/div><\/div><img decoding=\"async\" class='wp-image-766 avia-img-lazy-loading-not-766 avia_image' src=\"https:\/\/hongwiislaughter.com\/wp-content\/uploads\/2025\/05\/Dehiding-Machine-300x300.jpg\" alt='M\u00e1quina descortezadora' title='M\u00e1quina descortezadora' height=\"300\" width=\"300\"  itemprop=\"thumbnailUrl\" srcset=\"https:\/\/hongwiislaughter.com\/wp-content\/uploads\/2025\/05\/Dehiding-Machine-300x300.jpg 300w, https:\/\/hongwiislaughter.com\/wp-content\/uploads\/2025\/05\/Dehiding-Machine-80x80.jpg 80w, https:\/\/hongwiislaughter.com\/wp-content\/uploads\/2025\/05\/Dehiding-Machine-768x766.jpg 768w, https:\/\/hongwiislaughter.com\/wp-content\/uploads\/2025\/05\/Dehiding-Machine-36x36.jpg 36w, https:\/\/hongwiislaughter.com\/wp-content\/uploads\/2025\/05\/Dehiding-Machine-180x180.jpg 180w, https:\/\/hongwiislaughter.com\/wp-content\/uploads\/2025\/05\/Dehiding-Machine-705x703.jpg 705w, https:\/\/hongwiislaughter.com\/wp-content\/uploads\/2025\/05\/Dehiding-Machine-120x120.jpg 120w, https:\/\/hongwiislaughter.com\/wp-content\/uploads\/2025\/05\/Dehiding-Machine-450x449.jpg 450w, https:\/\/hongwiislaughter.com\/wp-content\/uploads\/2025\/05\/Dehiding-Machine-600x599.jpg 600w, https:\/\/hongwiislaughter.com\/wp-content\/uploads\/2025\/05\/Dehiding-Machine-100x100.jpg 100w, https:\/\/hongwiislaughter.com\/wp-content\/uploads\/2025\/05\/Dehiding-Machine.jpg 800w\" sizes=\"(max-width: 300px) 100vw, 300px\" \/><\/div><\/div><\/div><\/p><\/div>\n<\/div><\/div><\/div><!-- close content main div --><\/div><\/div><div id='after_section_2'  class='main_color av_default_container_wrap container_wrap sidebar_right' style=' '  ><div class='container' ><div class='template-page content  av-content-small alpha units'><div class='post-entry post-entry-type-page post-entry-765'><div class='entry-content-wrapper clearfix'>","protected":false},"excerpt":{"rendered":"","protected":false},"author":1,"featured_media":0,"parent":0,"menu_order":0,"comment_status":"closed","ping_status":"closed","template":"","meta":{"footnotes":""},"class_list":["post-765","page","type-page","status-publish","hentry"],"yoast_head":"<!-- This site is optimized with the Yoast SEO plugin v24.5 - https:\/\/yoast.com\/wordpress\/plugins\/seo\/ -->\n<title>Dehiding Machine - HongWii Machine<\/title>\n<meta name=\"description\" content=\"Discover high-efficiency dehiding machines for pigs, cattle, and sheep. Built with durable materials, our automated systems ensure precise skin removal, improved hygiene, and reduced labor costs.\" \/>\n<meta name=\"robots\" content=\"index, follow, max-snippet:-1, max-image-preview:large, max-video-preview:-1\" \/>\n<link rel=\"canonical\" href=\"https:\/\/hongwiislaughter.com\/es\/descortezadora\/\" \/>\n<meta property=\"og:locale\" content=\"es_ES\" \/>\n<meta property=\"og:type\" content=\"article\" \/>\n<meta property=\"og:title\" content=\"Dehiding Machine - HongWii Machine\" \/>\n<meta property=\"og:description\" content=\"Discover high-efficiency dehiding machines for pigs, cattle, and sheep. Built with durable materials, our automated systems ensure precise skin removal, improved hygiene, and reduced labor costs.\" \/>\n<meta property=\"og:url\" content=\"https:\/\/hongwiislaughter.com\/es\/descortezadora\/\" \/>\n<meta property=\"og:site_name\" content=\"HongWii Machine\" \/>\n<meta property=\"article:modified_time\" content=\"2025-05-08T04:24:56+00:00\" \/>\n<meta name=\"twitter:card\" content=\"summary_large_image\" \/>\n<meta name=\"twitter:label1\" content=\"Tiempo de lectura\" \/>\n\t<meta name=\"twitter:data1\" content=\"3 minutos\" \/>\n<script type=\"application\/ld+json\" class=\"yoast-schema-graph\">{\"@context\":\"https:\/\/schema.org\",\"@graph\":[{\"@type\":\"WebPage\",\"@id\":\"https:\/\/hongwiislaughter.com\/dehiding-machine\/\",\"url\":\"https:\/\/hongwiislaughter.com\/dehiding-machine\/\",\"name\":\"Dehiding Machine - HongWii Machine\",\"isPartOf\":{\"@id\":\"https:\/\/hongwiislaughter.com\/#website\"},\"datePublished\":\"2025-05-08T04:24:18+00:00\",\"dateModified\":\"2025-05-08T04:24:56+00:00\",\"description\":\"Discover high-efficiency dehiding machines for pigs, cattle, and sheep. Built with durable materials, our automated systems ensure precise skin removal, improved hygiene, and reduced labor costs.\",\"breadcrumb\":{\"@id\":\"https:\/\/hongwiislaughter.com\/dehiding-machine\/#breadcrumb\"},\"inLanguage\":\"es\",\"potentialAction\":[{\"@type\":\"ReadAction\",\"target\":[\"https:\/\/hongwiislaughter.com\/dehiding-machine\/\"]}]},{\"@type\":\"BreadcrumbList\",\"@id\":\"https:\/\/hongwiislaughter.com\/dehiding-machine\/#breadcrumb\",\"itemListElement\":[{\"@type\":\"ListItem\",\"position\":1,\"name\":\"Home\",\"item\":\"https:\/\/hongwiislaughter.com\/home\/\"},{\"@type\":\"ListItem\",\"position\":2,\"name\":\"Dehiding Machine\"}]},{\"@type\":\"WebSite\",\"@id\":\"https:\/\/hongwiislaughter.com\/#website\",\"url\":\"https:\/\/hongwiislaughter.com\/\",\"name\":\"HongWii Machine\",\"description\":\"\",\"potentialAction\":[{\"@type\":\"SearchAction\",\"target\":{\"@type\":\"EntryPoint\",\"urlTemplate\":\"https:\/\/hongwiislaughter.com\/?s={search_term_string}\"},\"query-input\":{\"@type\":\"PropertyValueSpecification\",\"valueRequired\":true,\"valueName\":\"search_term_string\"}}],\"inLanguage\":\"es\"}]}<\/script>\n<!-- \/ Yoast SEO plugin. -->","yoast_head_json":{"title":"M\u00e1quina de descortezado - M\u00e1quina HongWii","description":"Descubra las m\u00e1quinas desolladoras de alta eficacia para porcino, vacuno y ovino. Construidos con materiales duraderos, nuestros sistemas automatizados garantizan una eliminaci\u00f3n precisa de la piel, una mejora de la higiene y una reducci\u00f3n de los costes de mano de obra.","robots":{"index":"index","follow":"follow","max-snippet":"max-snippet:-1","max-image-preview":"max-image-preview:large","max-video-preview":"max-video-preview:-1"},"canonical":"https:\/\/hongwiislaughter.com\/es\/descortezadora\/","og_locale":"es_ES","og_type":"article","og_title":"Dehiding Machine - HongWii Machine","og_description":"Discover high-efficiency dehiding machines for pigs, cattle, and sheep. Built with durable materials, our automated systems ensure precise skin removal, improved hygiene, and reduced labor costs.","og_url":"https:\/\/hongwiislaughter.com\/es\/descortezadora\/","og_site_name":"HongWii Machine","article_modified_time":"2025-05-08T04:24:56+00:00","twitter_card":"summary_large_image","twitter_misc":{"Tiempo de lectura":"3 minutos"},"schema":{"@context":"https:\/\/schema.org","@graph":[{"@type":"WebPage","@id":"https:\/\/hongwiislaughter.com\/dehiding-machine\/","url":"https:\/\/hongwiislaughter.com\/dehiding-machine\/","name":"M\u00e1quina de descortezado - M\u00e1quina HongWii","isPartOf":{"@id":"https:\/\/hongwiislaughter.com\/#website"},"datePublished":"2025-05-08T04:24:18+00:00","dateModified":"2025-05-08T04:24:56+00:00","description":"Descubra las m\u00e1quinas desolladoras de alta eficacia para porcino, vacuno y ovino. Construidos con materiales duraderos, nuestros sistemas automatizados garantizan una eliminaci\u00f3n precisa de la piel, una mejora de la higiene y una reducci\u00f3n de los costes de mano de obra.","breadcrumb":{"@id":"https:\/\/hongwiislaughter.com\/dehiding-machine\/#breadcrumb"},"inLanguage":"es","potentialAction":[{"@type":"ReadAction","target":["https:\/\/hongwiislaughter.com\/dehiding-machine\/"]}]},{"@type":"BreadcrumbList","@id":"https:\/\/hongwiislaughter.com\/dehiding-machine\/#breadcrumb","itemListElement":[{"@type":"ListItem","position":1,"name":"Home","item":"https:\/\/hongwiislaughter.com\/home\/"},{"@type":"ListItem","position":2,"name":"Dehiding Machine"}]},{"@type":"WebSite","@id":"https:\/\/hongwiislaughter.com\/#website","url":"https:\/\/hongwiislaughter.com\/","name":"M\u00e1quina HongWii","description":"","potentialAction":[{"@type":"SearchAction","target":{"@type":"EntryPoint","urlTemplate":"https:\/\/hongwiislaughter.com\/?s={search_term_string}"},"query-input":{"@type":"PropertyValueSpecification","valueRequired":true,"valueName":"search_term_string"}}],"inLanguage":"es"}]}},"_links":{"self":[{"href":"https:\/\/hongwiislaughter.com\/es\/wp-json\/wp\/v2\/pages\/765","targetHints":{"allow":["GET"]}}],"collection":[{"href":"https:\/\/hongwiislaughter.com\/es\/wp-json\/wp\/v2\/pages"}],"about":[{"href":"https:\/\/hongwiislaughter.com\/es\/wp-json\/wp\/v2\/types\/page"}],"author":[{"embeddable":true,"href":"https:\/\/hongwiislaughter.com\/es\/wp-json\/wp\/v2\/users\/1"}],"replies":[{"embeddable":true,"href":"https:\/\/hongwiislaughter.com\/es\/wp-json\/wp\/v2\/comments?post=765"}],"version-history":[{"count":4,"href":"https:\/\/hongwiislaughter.com\/es\/wp-json\/wp\/v2\/pages\/765\/revisions"}],"predecessor-version":[{"id":783,"href":"https:\/\/hongwiislaughter.com\/es\/wp-json\/wp\/v2\/pages\/765\/revisions\/783"}],"wp:attachment":[{"href":"https:\/\/hongwiislaughter.com\/es\/wp-json\/wp\/v2\/media?parent=765"}],"curies":[{"name":"wp","href":"https:\/\/api.w.org\/{rel}","templated":true}]}}