{"id":14,"date":"2024-07-22T13:31:11","date_gmt":"2024-07-22T13:31:11","guid":{"rendered":"https:\/\/hongwiislaughter.com\/?page_id=14"},"modified":"2024-07-29T06:53:04","modified_gmt":"2024-07-29T06:53:04","slug":"acerca-de-nosotros","status":"publish","type":"page","link":"https:\/\/hongwiislaughter.com\/es\/acerca-de-nosotros\/","title":{"rendered":"Qui\u00e9nes somos"},"content":{"rendered":"<p>Fundada en 1996, Nanjing Hongwii Slaughtering Machinery Manufacturer Co., Ltd. se ha consolidado como una empresa destacada en el mercado mundial de equipos de sacrificio, despiece y equipos complementarios para ganado y aves de corral. Con sede en la vibrante ciudad de Nanjing (China), nuestra empresa cuenta con unas modernas instalaciones de producci\u00f3n de 30.000 metros cuadrados, testimonio de nuestro compromiso con la innovaci\u00f3n y la excelencia.<\/p>\n<p>Especializados en la fabricaci\u00f3n de sistemas de sacrificio completos y equipos de apoyo para cerdos, vacas, ovejas, aves de corral y otros animales, los productos de Hongwii est\u00e1n dise\u00f1ados para cumplir las normas m\u00e1s estrictas de eficacia, seguridad y responsabilidad medioambiental. Con m\u00e1s de dos d\u00e9cadas de experiencia en el sector, hemos perfeccionado nuestra cartera de productos para satisfacer las diversas necesidades de clientes de todo el mundo.<\/p>\n<p>Nuestro equipo de m\u00e1s de 200 profesionales, entre los que se encuentran veteranos del sector, ingenieros cualificados y t\u00e9cnicos experimentados, trabaja incansablemente para superar los l\u00edmites del avance tecnol\u00f3gico. Guiados por una incesante b\u00fasqueda de la perfecci\u00f3n, garantizan que cada equipo que sale de nuestra f\u00e1brica sea de la m\u00e1xima calidad y cumpla las normas internacionales.<\/p>\n<p>Con una red de ventas mundial, Nanjing Hongwii Slaughtering Machinery Manufacturer Co., Ltd. se ha ganado la reputaci\u00f3n de ofrecer productos excepcionales y un servicio de atenci\u00f3n al cliente inigualable. Empresas de procesamiento de carne de todo el mundo conf\u00edan en nuestros equipos, que mejoran su eficacia operativa y salvaguardan las normas de seguridad alimentaria.<\/p>\n<p>De cara al futuro, Nanjing Hongwii se mantiene firme en su compromiso con la integridad, la innovaci\u00f3n y la colaboraci\u00f3n. Nos dedicamos a explorar nuevas fronteras en la tecnolog\u00eda de maquinaria de sacrificio, ofreciendo a nuestros clientes soluciones de vanguardia que impulsan el crecimiento sostenible de la industria de procesamiento de ganado y aves de corral.<\/p>","protected":false},"excerpt":{"rendered":"<p>Founded in 1996, Nanjing Hongwii Slaughtering Machinery Manufacturer Co., Ltd. has established itself as a prominent player in the global market for livestock and poultry slaughtering, cutting, and complementary equipment. Headquartered in the vibrant city of Nanjing, China, our company boasts a state-of-the-art production facility spanning 30,000 square meters, a testament to our commitment to [&hellip;]<\/p>","protected":false},"author":1,"featured_media":0,"parent":0,"menu_order":0,"comment_status":"closed","ping_status":"closed","template":"","meta":{"footnotes":""},"class_list":["post-14","page","type-page","status-publish","hentry"],"yoast_head":"<!-- This site is optimized with the Yoast SEO plugin v24.5 - https:\/\/yoast.com\/wordpress\/plugins\/seo\/ -->\n<title>About Us - HongWii Machine<\/title>\n<meta name=\"robots\" content=\"index, follow, max-snippet:-1, max-image-preview:large, max-video-preview:-1\" \/>\n<link rel=\"canonical\" href=\"https:\/\/hongwiislaughter.com\/es\/acerca-de-nosotros\/\" \/>\n<meta property=\"og:locale\" content=\"es_ES\" \/>\n<meta property=\"og:type\" content=\"article\" \/>\n<meta property=\"og:title\" content=\"About Us - HongWii Machine\" \/>\n<meta property=\"og:description\" content=\"Founded in 1996, Nanjing Hongwii Slaughtering Machinery Manufacturer Co., Ltd. has established itself as a prominent player in the global market for livestock and poultry slaughtering, cutting, and complementary equipment. Headquartered in the vibrant city of Nanjing, China, our company boasts a state-of-the-art production facility spanning 30,000 square meters, a testament to our commitment to [&hellip;]\" \/>\n<meta property=\"og:url\" content=\"https:\/\/hongwiislaughter.com\/es\/acerca-de-nosotros\/\" \/>\n<meta property=\"og:site_name\" content=\"HongWii Machine\" \/>\n<meta property=\"article:modified_time\" content=\"2024-07-29T06:53:04+00:00\" \/>\n<meta name=\"twitter:card\" content=\"summary_large_image\" \/>\n<script type=\"application\/ld+json\" class=\"yoast-schema-graph\">{\"@context\":\"https:\/\/schema.org\",\"@graph\":[{\"@type\":\"WebPage\",\"@id\":\"https:\/\/hongwiislaughter.com\/about-us\/\",\"url\":\"https:\/\/hongwiislaughter.com\/about-us\/\",\"name\":\"About Us - HongWii Machine\",\"isPartOf\":{\"@id\":\"https:\/\/hongwiislaughter.com\/#website\"},\"datePublished\":\"2024-07-22T13:31:11+00:00\",\"dateModified\":\"2024-07-29T06:53:04+00:00\",\"breadcrumb\":{\"@id\":\"https:\/\/hongwiislaughter.com\/about-us\/#breadcrumb\"},\"inLanguage\":\"es\",\"potentialAction\":[{\"@type\":\"ReadAction\",\"target\":[\"https:\/\/hongwiislaughter.com\/about-us\/\"]}]},{\"@type\":\"BreadcrumbList\",\"@id\":\"https:\/\/hongwiislaughter.com\/about-us\/#breadcrumb\",\"itemListElement\":[{\"@type\":\"ListItem\",\"position\":1,\"name\":\"Home\",\"item\":\"https:\/\/hongwiislaughter.com\/home\/\"},{\"@type\":\"ListItem\",\"position\":2,\"name\":\"About Us\"}]},{\"@type\":\"WebSite\",\"@id\":\"https:\/\/hongwiislaughter.com\/#website\",\"url\":\"https:\/\/hongwiislaughter.com\/\",\"name\":\"HongWii Machine\",\"description\":\"\",\"potentialAction\":[{\"@type\":\"SearchAction\",\"target\":{\"@type\":\"EntryPoint\",\"urlTemplate\":\"https:\/\/hongwiislaughter.com\/?s={search_term_string}\"},\"query-input\":{\"@type\":\"PropertyValueSpecification\",\"valueRequired\":true,\"valueName\":\"search_term_string\"}}],\"inLanguage\":\"es\"}]}<\/script>\n<!-- \/ Yoast SEO plugin. -->","yoast_head_json":{"title":"Sobre nosotros - HongWii Machine","robots":{"index":"index","follow":"follow","max-snippet":"max-snippet:-1","max-image-preview":"max-image-preview:large","max-video-preview":"max-video-preview:-1"},"canonical":"https:\/\/hongwiislaughter.com\/es\/acerca-de-nosotros\/","og_locale":"es_ES","og_type":"article","og_title":"About Us - HongWii Machine","og_description":"Founded in 1996, Nanjing Hongwii Slaughtering Machinery Manufacturer Co., Ltd. has established itself as a prominent player in the global market for livestock and poultry slaughtering, cutting, and complementary equipment. Headquartered in the vibrant city of Nanjing, China, our company boasts a state-of-the-art production facility spanning 30,000 square meters, a testament to our commitment to [&hellip;]","og_url":"https:\/\/hongwiislaughter.com\/es\/acerca-de-nosotros\/","og_site_name":"HongWii Machine","article_modified_time":"2024-07-29T06:53:04+00:00","twitter_card":"summary_large_image","schema":{"@context":"https:\/\/schema.org","@graph":[{"@type":"WebPage","@id":"https:\/\/hongwiislaughter.com\/about-us\/","url":"https:\/\/hongwiislaughter.com\/about-us\/","name":"Sobre nosotros - HongWii Machine","isPartOf":{"@id":"https:\/\/hongwiislaughter.com\/#website"},"datePublished":"2024-07-22T13:31:11+00:00","dateModified":"2024-07-29T06:53:04+00:00","breadcrumb":{"@id":"https:\/\/hongwiislaughter.com\/about-us\/#breadcrumb"},"inLanguage":"es","potentialAction":[{"@type":"ReadAction","target":["https:\/\/hongwiislaughter.com\/about-us\/"]}]},{"@type":"BreadcrumbList","@id":"https:\/\/hongwiislaughter.com\/about-us\/#breadcrumb","itemListElement":[{"@type":"ListItem","position":1,"name":"Home","item":"https:\/\/hongwiislaughter.com\/home\/"},{"@type":"ListItem","position":2,"name":"About Us"}]},{"@type":"WebSite","@id":"https:\/\/hongwiislaughter.com\/#website","url":"https:\/\/hongwiislaughter.com\/","name":"M\u00e1quina HongWii","description":"","potentialAction":[{"@type":"SearchAction","target":{"@type":"EntryPoint","urlTemplate":"https:\/\/hongwiislaughter.com\/?s={search_term_string}"},"query-input":{"@type":"PropertyValueSpecification","valueRequired":true,"valueName":"search_term_string"}}],"inLanguage":"es"}]}},"_links":{"self":[{"href":"https:\/\/hongwiislaughter.com\/es\/wp-json\/wp\/v2\/pages\/14","targetHints":{"allow":["GET"]}}],"collection":[{"href":"https:\/\/hongwiislaughter.com\/es\/wp-json\/wp\/v2\/pages"}],"about":[{"href":"https:\/\/hongwiislaughter.com\/es\/wp-json\/wp\/v2\/types\/page"}],"author":[{"embeddable":true,"href":"https:\/\/hongwiislaughter.com\/es\/wp-json\/wp\/v2\/users\/1"}],"replies":[{"embeddable":true,"href":"https:\/\/hongwiislaughter.com\/es\/wp-json\/wp\/v2\/comments?post=14"}],"version-history":[{"count":3,"href":"https:\/\/hongwiislaughter.com\/es\/wp-json\/wp\/v2\/pages\/14\/revisions"}],"predecessor-version":[{"id":845,"href":"https:\/\/hongwiislaughter.com\/es\/wp-json\/wp\/v2\/pages\/14\/revisions\/845"}],"wp:attachment":[{"href":"https:\/\/hongwiislaughter.com\/es\/wp-json\/wp\/v2\/media?parent=14"}],"curies":[{"name":"wp","href":"https:\/\/api.w.org\/{rel}","templated":true}]}}